{"id":46865,"date":"2024-01-11T17:18:47","date_gmt":"2024-01-11T14:18:47","guid":{"rendered":"https:\/\/minimax.md\/product\/46865.html"},"modified":"2024-03-13T01:04:13","modified_gmt":"2024-03-12T22:04:13","slug":"ru_ru-ganteli-razbornye-20-kg-2-sht-po-10-kg-trim-ro_ro-set-gantere-20-kg-2-buc-x-10-kg","status":"publish","type":"product","link":"https:\/\/minimax.md\/ru\/product\/46865.html","title":{"rendered":"\u0413\u0430\u043d\u0442\u0435\u043b\u0438 \u0440\u0430\u0437\u0431\u043e\u0440\u043d\u044b\u0435 20 \u043a\u0433 (2 \u0448\u0442. \u043f\u043e 10 \u043a\u0433)"},"content":{"rendered":"<p>[:ru_RU]\u0413\u0430\u043d\u0442\u0435\u043b\u0438 \u0440\u0430\u0437\u0431\u043e\u0440\u043d\u044b\u0435 \u043e\u0442\u043b\u0438\u0447\u043d\u043e \u043f\u043e\u0434\u0445\u043e\u0434\u044f\u0442 \u0434\u043b\u044f \u043c\u043d\u043e\u0433\u043e\u0444\u0443\u043d\u043a\u0446\u0438\u043e\u043d\u0430\u043b\u044c\u043d\u043e\u0439 \u0442\u0440\u0435\u043d\u0438\u0440\u043e\u0432\u043a\u0438 \u0432 \u0434\u043e\u043c\u0430\u0448\u043d\u0438\u0445 \u0443\u0441\u043b\u043e\u0432\u0438\u044f\u0445, \u043f\u043e\u0434\u043e\u0439\u0434\u0443\u0442 \u0438 \u043d\u043e\u0432\u0438\u0447\u043a\u0430\u043c, \u043a\u043e\u0442\u043e\u0440\u044b\u0435 \u0434\u0435\u043b\u0430\u044e\u0442 \u043f\u0435\u0440\u0432\u044b\u0435 \u0448\u0430\u0433\u0438 \u0432 \u043c\u0438\u0440\u0435 \u0444\u0438\u0442\u043d\u0435\u0441\u0430, \u0438 \u043e\u043f\u044b\u0442\u043d\u044b\u043c \u043a\u0443\u043b\u044c\u0442\u0443\u0440\u0438\u0441\u0442\u0430\u043c.<\/p>\n<p>\u042d\u0442\u043e\u0442 \u043d\u0430\u0431\u043e\u0440 \u0441\u043e\u0441\u0442\u043e\u0438\u0442 \u0438\u0437 2-\u0445 \u0433\u0430\u043d\u0442\u0435\u043b\u0435\u0439 \u043f\u043e 10 \u043a\u0433 \u043a\u0430\u0436\u0434\u0430\u044f.<\/p>\n<p>\u0423\u043d\u0438\u0432\u0435\u0440\u0441\u0430\u043b\u044c\u043d\u044b\u0439 \u0441\u043f\u043e\u0440\u0442\u0438\u0432\u043d\u044b\u0439 \u0441\u043d\u0430\u0440\u044f\u0434 \u0432\u044b\u043f\u043e\u043b\u043d\u0435\u043d \u0432 \u043a\u043b\u0430\u0441\u0441\u0438\u0447\u0435\u0441\u043a\u043e\u043c \u0434\u0438\u0437\u0430\u0439\u043d\u0435. \u0413\u0430\u043d\u0442\u0435\u043b\u044c\u043d\u044b\u0439 \u0433\u0440\u0438\u0444 \u043e\u0442\u043b\u0438\u0447\u043d\u043e \u043f\u043e\u0434\u0445\u043e\u0434\u0438\u0442 \u0434\u043b\u044f \u0432\u044b\u043f\u043e\u043b\u043d\u0435\u043d\u0438\u044f \u0436\u0438\u043c\u0430 \u0441\u0438\u0434\u044f, \u0441\u0433\u0438\u0431\u0430\u043d\u0438\u044f \u0440\u0443\u043a \u0432 \u043b\u043e\u043a\u0442\u044f\u0445, \u0442\u044f\u0433\u0438 \u043a \u043f\u043e\u044f\u0441\u0443, \u043f\u0443\u043b\u043e\u0432\u0435\u0440\u0430 \u0438 \u0434\u0440\u0443\u0433\u0438\u0445 \u043a\u043b\u0430\u0441\u0441\u0438\u0447\u0435\u0441\u043a\u0438\u0445 \u0443\u043f\u0440\u0430\u0436\u043d\u0435\u043d\u0438\u0439. \u0414\u0438\u0441\u043a \u043c\u043e\u0436\u043d\u043e \u0438\u0441\u043f\u043e\u043b\u044c\u0437\u043e\u0432\u0430\u0442\u044c \u043a\u0430\u043a \u0441\u0430\u043c\u043e\u0441\u0442\u043e\u044f\u0442\u0435\u043b\u044c\u043d\u044b\u0439 \u0430\u0442\u0440\u0438\u0431\u0443\u0442 \u0432 \u0441\u043f\u043e\u0440\u0442\u0438\u0432\u043d\u044b\u0445 \u0442\u0440\u0435\u043d\u0438\u0440\u043e\u0432\u043a\u0430\u0445. \u0413\u0430\u043d\u0442\u0435\u043b\u0438 \u0443\u0434\u043e\u0431\u043d\u044b \u043f\u0440\u0438 \u0432\u044b\u043f\u043e\u043b\u043d\u0435\u043d\u0438\u0438 \u0443\u043f\u0440\u0430\u0436\u043d\u0435\u043d\u0438\u0439 \u0438 \u0438\u043c\u0435\u044e\u0442 \u0441\u0442\u0438\u043b\u044c\u043d\u044b\u0439 \u0434\u0438\u0437\u0430\u0439\u043d. \u042d\u0442\u043e \u043e\u0442\u043b\u0438\u0447\u043d\u043e\u0435 \u043f\u0440\u0438\u043e\u0431\u0440\u0435\u0442\u0435\u043d\u0438\u0435 \u0434\u043b\u044f \u0447\u0435\u043b\u043e\u0432\u0435\u043a\u0430, \u043a\u043e\u0442\u043e\u0440\u044b\u0439 \u0441\u0442\u0440\u0435\u043c\u0438\u0442\u044c\u0441\u044f \u0438\u0437\u043c\u0435\u043d\u0438\u0442\u044c \u0441\u0432\u043e\u0435 \u0442\u0435\u043b\u043e \u043a \u043b\u0443\u0447\u0448\u0435\u043c\u0443 \u0438 \u043f\u043e\u0434\u0434\u0435\u0440\u0436\u0438\u0432\u0430\u0442\u044c \u0441\u0435\u0431\u044f \u0432 \u0444\u043e\u0440\u043c\u0435.[trim][:ro_RO]<span lang=\"RO\">Antrenamentul cu greut\u0103\u021bi, cu \u00eenc\u0103rc\u0103tur\u0103 interschimbabil\u0103 este esen\u021bial pentru orice sal\u0103 de fitness sau antrenamente acas\u0103. Exerci\u021biile cu gantere ajut\u0103 la antrenarea bicep\u0219ilor, tricep\u0219ilor, precum \u0219i a mu\u0219chilor pectorali \u0219i deltoizi.<\/span><\/p>\n<p><span lang=\"RO\">Acest set este compus din 2 gantere de 10 kg fiecare. <\/span><span lang=\"RO\">Siguran\u021bele si diametrul perfect al orificiului discului faciliteaz\u0103 o schimbare rapid\u0103 a greut\u0103\u021bii. Siguran\u021bele sunt filetate, astfel \u00eenc\u00e2t discurile s\u0103 nu se deplaseze \u00een niciun fel \u00een timpul exerci\u021biului.<\/span><\/p>\n","protected":false},"excerpt":{"rendered":"<p>[:ru_RU]\u0413\u0430\u043d\u0442\u0435\u043b\u0438 \u0440\u0430\u0437\u0431\u043e\u0440\u043d\u044b\u0435 \u043e\u0442\u043b\u0438\u0447\u043d\u043e \u043f\u043e\u0434\u0445\u043e\u0434\u044f\u0442 \u0434\u043b\u044f \u043c\u043d\u043e\u0433\u043e\u0444\u0443\u043d\u043a\u0446\u0438\u043e\u043d\u0430\u043b\u044c\u043d\u043e\u0439 \u0442\u0440\u0435\u043d\u0438\u0440\u043e\u0432\u043a\u0438 \u0432 \u0434\u043e\u043c\u0430\u0448\u043d\u0438\u0445 \u0443\u0441\u043b\u043e\u0432\u0438\u044f\u0445, \u043f\u043e\u0434\u043e\u0439\u0434\u0443\u0442 \u0438 \u043d\u043e\u0432\u0438\u0447\u043a\u0430\u043c, \u043a\u043e\u0442\u043e\u0440\u044b\u0435 \u0434\u0435\u043b\u0430\u044e\u0442 \u043f\u0435\u0440\u0432\u044b\u0435 \u0448\u0430\u0433\u0438 \u0432 \u043c\u0438\u0440\u0435 \u0444\u0438\u0442\u043d\u0435\u0441\u0430, \u0438 \u043e\u043f\u044b\u0442\u043d\u044b\u043c \u043a\u0443\u043b\u044c\u0442\u0443\u0440\u0438\u0441\u0442\u0430\u043c. \u042d\u0442\u043e\u0442 \u043d\u0430\u0431\u043e\u0440 \u0441\u043e\u0441\u0442\u043e\u0438\u0442 \u0438\u0437 2-\u0445 \u0433\u0430\u043d\u0442\u0435\u043b\u0435\u0439 \u043f\u043e 10 \u043a\u0433 \u043a\u0430\u0436\u0434\u0430\u044f. \u0423\u043d\u0438\u0432\u0435\u0440\u0441\u0430\u043b\u044c\u043d\u044b\u0439 \u0441\u043f\u043e\u0440\u0442\u0438\u0432\u043d\u044b\u0439 \u0441\u043d\u0430\u0440\u044f\u0434 \u0432\u044b\u043f\u043e\u043b\u043d\u0435\u043d \u0432 \u043a\u043b\u0430\u0441\u0441\u0438\u0447\u0435\u0441\u043a\u043e\u043c \u0434\u0438\u0437\u0430\u0439\u043d\u0435. \u0413\u0430\u043d\u0442\u0435\u043b\u044c\u043d\u044b\u0439 \u0433\u0440\u0438\u0444 \u043e\u0442\u043b\u0438\u0447\u043d\u043e \u043f\u043e\u0434\u0445\u043e\u0434\u0438\u0442 \u0434\u043b\u044f \u0432\u044b\u043f\u043e\u043b\u043d\u0435\u043d\u0438\u044f \u0436\u0438\u043c\u0430 \u0441\u0438\u0434\u044f, \u0441\u0433\u0438\u0431\u0430\u043d\u0438\u044f \u0440\u0443\u043a \u0432 \u043b\u043e\u043a\u0442\u044f\u0445, \u0442\u044f\u0433\u0438 \u043a \u043f\u043e\u044f\u0441\u0443, [&hellip;]<\/p>\n","protected":false},"featured_media":46864,"comment_status":"open","ping_status":"closed","template":"","meta":{"_acf_changed":false},"product_brand":[],"product_cat":[6701],"product_tag":[],"class_list":{"0":"post-46865","1":"product","2":"type-product","3":"status-publish","4":"has-post-thumbnail","6":"product_cat-ru_ru-sportivnyj-inventar-t","8":"first","9":"instock","10":"shipping-taxable","11":"purchasable","12":"product-type-simple"},"acf":[],"_links":{"self":[{"href":"https:\/\/minimax.md\/ru\/wp-json\/wp\/v2\/product\/46865","targetHints":{"allow":["GET"]}}],"collection":[{"href":"https:\/\/minimax.md\/ru\/wp-json\/wp\/v2\/product"}],"about":[{"href":"https:\/\/minimax.md\/ru\/wp-json\/wp\/v2\/types\/product"}],"replies":[{"embeddable":true,"href":"https:\/\/minimax.md\/ru\/wp-json\/wp\/v2\/comments?post=46865"}],"version-history":[{"count":0,"href":"https:\/\/minimax.md\/ru\/wp-json\/wp\/v2\/product\/46865\/revisions"}],"wp:featuredmedia":[{"embeddable":true,"href":"https:\/\/minimax.md\/ru\/wp-json\/wp\/v2\/media\/46864"}],"wp:attachment":[{"href":"https:\/\/minimax.md\/ru\/wp-json\/wp\/v2\/media?parent=46865"}],"wp:term":[{"taxonomy":"product_brand","embeddable":true,"href":"https:\/\/minimax.md\/ru\/wp-json\/wp\/v2\/product_brand?post=46865"},{"taxonomy":"product_cat","embeddable":true,"href":"https:\/\/minimax.md\/ru\/wp-json\/wp\/v2\/product_cat?post=46865"},{"taxonomy":"product_tag","embeddable":true,"href":"https:\/\/minimax.md\/ru\/wp-json\/wp\/v2\/product_tag?post=46865"}],"curies":[{"name":"wp","href":"https:\/\/api.w.org\/{rel}","templated":true}]}}