{"id":46935,"date":"2024-01-11T17:18:55","date_gmt":"2024-01-11T14:18:55","guid":{"rendered":"https:\/\/minimax.md\/product\/46935.html"},"modified":"2024-03-13T01:04:13","modified_gmt":"2024-03-12T22:04:13","slug":"ru_ru-gantel-1-sht-po-2-kg-trim-ro_ro-ganter-fitness-2-kg","status":"publish","type":"product","link":"https:\/\/minimax.md\/ru\/product\/46935.html","title":{"rendered":"\u0413\u0430\u043d\u0442\u0435\u043b\u044c, 1 \u0448\u0442. \u043f\u043e 2 \u043a\u0433"},"content":{"rendered":"<p>[:ru_RU]\u0413\u0430\u043d\u0442\u0435\u043b\u0438 &#8211; \u044d\u0442\u043e \u0441\u043d\u0430\u0440\u044f\u0434 \u0434\u043b\u044f \u0432\u044b\u043f\u043e\u043b\u043d\u0435\u043d\u0438\u044f \u0444\u0438\u0437\u0438\u0447\u0435\u0441\u043a\u0438\u0445 \u0443\u043f\u0440\u0430\u0436\u043d\u0435\u043d\u0438\u0439, \u043d\u0430\u043f\u0440\u0430\u0432\u043b\u0435\u043d\u043d\u044b\u0445 \u043d\u0430 \u0440\u0430\u0437\u0432\u0438\u0442\u0438\u0435 \u0438 \u0443\u043a\u0440\u0435\u043f\u043b\u0435\u043d\u0438\u0435 \u043c\u044b\u0448\u0446. \u041f\u043e\u043a\u0440\u044b\u0442\u0438\u0435 \u0438\u0437 \u043d\u0435\u043e\u043f\u0440\u0435\u043d\u0430 \u0438\u0437\u0431\u0430\u0432\u0438\u0442 \u0432\u0430\u0448 \u043f\u043e\u043b \u043e\u0442 \u0446\u0430\u0440\u0430\u043f\u0438\u043d, \u0432\u044b \u0431\u0443\u0434\u0435\u0442\u0435 \u0437\u0430\u043d\u0438\u043c\u0430\u0442\u044c\u0441\u044f \u043b\u044e\u0431\u0438\u043c\u044b\u043c \u0434\u0435\u043b\u043e\u043c \u0431\u0435\u0437 \u0443\u0449\u0435\u0440\u0431\u0430 \u0434\u043b\u044f \u043e\u043a\u0440\u0443\u0436\u0430\u044e\u0449\u0435\u0439 \u043c\u0435\u0431\u0435\u043b\u0438. \u041d\u0435\u0441\u043e\u043c\u043d\u0435\u043d\u043d\u044b\u043c \u043f\u0440\u0435\u0438\u043c\u0443\u0449\u0435\u0441\u0442\u0432\u043e\u043c \u0433\u0430\u043d\u0442\u0435\u043b\u0438 \u044f\u0432\u043b\u044f\u0435\u0442\u0441\u044f \u0442\u043e, \u0447\u0442\u043e \u043e\u043d\u0430 \u043d\u0435 \u0441\u043a\u043e\u043b\u044c\u0437\u0438\u0442 \u0432 \u0440\u0443\u043a\u0430\u0445, \u0447\u0442\u043e \u043f\u043e\u043c\u043e\u0436\u0435\u0442 \u0438\u0437\u0431\u0435\u0436\u0430\u0442\u044c \u0442\u0440\u0430\u0432\u043c. \u0426\u0435\u043b\u044c\u043d\u0430\u044f \u043a\u043e\u043d\u0441\u0442\u0440\u0443\u043a\u0446\u0438\u044f \u0433\u0430\u043d\u0442\u0435\u043b\u0438 \u043e\u0431\u0435\u0441\u043f\u0435\u0447\u0438\u0432\u0430\u0435\u0442 \u0435\u0451 \u0434\u043e\u043b\u0433\u043e\u0441\u0440\u043e\u0447\u043d\u043e\u0441\u0442\u044c.[trim][:ro_RO]\u00cent\u0103re\u0219te-\u021bi \u0219i tonific\u0103-\u021bi bra\u021bele \u0219i mu\u0219chii de baz\u0103 cu aceast\u0103 ganter\u0103 de greut\u0103\u021bi pentru m\u00e2ini. Dispun\u00e2nd de un exterior din neopren acoperit, aceast\u0103 ganter\u0103 ofer\u0103 o prindere confortabil\u0103, ergonomic\u0103, care absoarbe, de asemenea, umezeala, f\u0103c\u00e2ndu-i o potrivire perfect\u0103 pentru o varietate de exerci\u021bii at\u00e2t \u00een \u200b\u200binterior, c\u00e2t \u0219i \u00een aer liber. Avantajul incontestabil al ganterei este c\u0103 nu alunec\u0103 \u00een m\u00e2ini, ceea ce va ajuta la evitarea r\u0103nirilor. Construc\u021bia dintr-o singur\u0103 pies\u0103 a ganterei \u00eei asigur\u0103 durabilitatea.<\/p>\n","protected":false},"excerpt":{"rendered":"<p>[:ru_RU]\u0413\u0430\u043d\u0442\u0435\u043b\u0438 &#8211; \u044d\u0442\u043e \u0441\u043d\u0430\u0440\u044f\u0434 \u0434\u043b\u044f \u0432\u044b\u043f\u043e\u043b\u043d\u0435\u043d\u0438\u044f \u0444\u0438\u0437\u0438\u0447\u0435\u0441\u043a\u0438\u0445 \u0443\u043f\u0440\u0430\u0436\u043d\u0435\u043d\u0438\u0439, \u043d\u0430\u043f\u0440\u0430\u0432\u043b\u0435\u043d\u043d\u044b\u0445 \u043d\u0430 \u0440\u0430\u0437\u0432\u0438\u0442\u0438\u0435 \u0438 \u0443\u043a\u0440\u0435\u043f\u043b\u0435\u043d\u0438\u0435 \u043c\u044b\u0448\u0446. \u041f\u043e\u043a\u0440\u044b\u0442\u0438\u0435 \u0438\u0437 \u043d\u0435\u043e\u043f\u0440\u0435\u043d\u0430 \u0438\u0437\u0431\u0430\u0432\u0438\u0442 \u0432\u0430\u0448 \u043f\u043e\u043b \u043e\u0442 \u0446\u0430\u0440\u0430\u043f\u0438\u043d, \u0432\u044b \u0431\u0443\u0434\u0435\u0442\u0435 \u0437\u0430\u043d\u0438\u043c\u0430\u0442\u044c\u0441\u044f \u043b\u044e\u0431\u0438\u043c\u044b\u043c \u0434\u0435\u043b\u043e\u043c \u0431\u0435\u0437 \u0443\u0449\u0435\u0440\u0431\u0430 \u0434\u043b\u044f \u043e\u043a\u0440\u0443\u0436\u0430\u044e\u0449\u0435\u0439 \u043c\u0435\u0431\u0435\u043b\u0438. \u041d\u0435\u0441\u043e\u043c\u043d\u0435\u043d\u043d\u044b\u043c \u043f\u0440\u0435\u0438\u043c\u0443\u0449\u0435\u0441\u0442\u0432\u043e\u043c \u0433\u0430\u043d\u0442\u0435\u043b\u0438 \u044f\u0432\u043b\u044f\u0435\u0442\u0441\u044f \u0442\u043e, \u0447\u0442\u043e \u043e\u043d\u0430 \u043d\u0435 \u0441\u043a\u043e\u043b\u044c\u0437\u0438\u0442 \u0432 \u0440\u0443\u043a\u0430\u0445, \u0447\u0442\u043e \u043f\u043e\u043c\u043e\u0436\u0435\u0442 \u0438\u0437\u0431\u0435\u0436\u0430\u0442\u044c \u0442\u0440\u0430\u0432\u043c. \u0426\u0435\u043b\u044c\u043d\u0430\u044f \u043a\u043e\u043d\u0441\u0442\u0440\u0443\u043a\u0446\u0438\u044f \u0433\u0430\u043d\u0442\u0435\u043b\u0438 \u043e\u0431\u0435\u0441\u043f\u0435\u0447\u0438\u0432\u0430\u0435\u0442 \u0435\u0451 \u0434\u043e\u043b\u0433\u043e\u0441\u0440\u043e\u0447\u043d\u043e\u0441\u0442\u044c.[trim][:ro_RO]\u00cent\u0103re\u0219te-\u021bi \u0219i tonific\u0103-\u021bi [&hellip;]<\/p>\n","protected":false},"featured_media":46934,"comment_status":"open","ping_status":"closed","template":"","meta":{"_acf_changed":false},"product_brand":[],"product_cat":[6701],"product_tag":[],"class_list":{"0":"post-46935","1":"product","2":"type-product","3":"status-publish","4":"has-post-thumbnail","6":"product_cat-ru_ru-sportivnyj-inventar-t","8":"first","9":"instock","10":"shipping-taxable","11":"purchasable","12":"product-type-simple"},"acf":[],"_links":{"self":[{"href":"https:\/\/minimax.md\/ru\/wp-json\/wp\/v2\/product\/46935","targetHints":{"allow":["GET"]}}],"collection":[{"href":"https:\/\/minimax.md\/ru\/wp-json\/wp\/v2\/product"}],"about":[{"href":"https:\/\/minimax.md\/ru\/wp-json\/wp\/v2\/types\/product"}],"replies":[{"embeddable":true,"href":"https:\/\/minimax.md\/ru\/wp-json\/wp\/v2\/comments?post=46935"}],"version-history":[{"count":0,"href":"https:\/\/minimax.md\/ru\/wp-json\/wp\/v2\/product\/46935\/revisions"}],"wp:featuredmedia":[{"embeddable":true,"href":"https:\/\/minimax.md\/ru\/wp-json\/wp\/v2\/media\/46934"}],"wp:attachment":[{"href":"https:\/\/minimax.md\/ru\/wp-json\/wp\/v2\/media?parent=46935"}],"wp:term":[{"taxonomy":"product_brand","embeddable":true,"href":"https:\/\/minimax.md\/ru\/wp-json\/wp\/v2\/product_brand?post=46935"},{"taxonomy":"product_cat","embeddable":true,"href":"https:\/\/minimax.md\/ru\/wp-json\/wp\/v2\/product_cat?post=46935"},{"taxonomy":"product_tag","embeddable":true,"href":"https:\/\/minimax.md\/ru\/wp-json\/wp\/v2\/product_tag?post=46935"}],"curies":[{"name":"wp","href":"https:\/\/api.w.org\/{rel}","templated":true}]}}