{"id":47048,"date":"2024-01-11T17:19:10","date_gmt":"2024-01-11T14:19:10","guid":{"rendered":"https:\/\/minimax.md\/product\/47048.html"},"modified":"2024-03-13T01:04:13","modified_gmt":"2024-03-12T22:04:13","slug":"ru_ru-ganteli-razbornye-s-grifom-nabor-10-kg-2-sht-po-5-kg-trim-ro_ro-set-gantere-i-halter-reglabile-10-kg-total-2-x-5-kg","status":"publish","type":"product","link":"https:\/\/minimax.md\/ru\/product\/47048.html","title":{"rendered":"\u0413\u0430\u043d\u0442\u0435\u043b\u0438 \u0440\u0430\u0437\u0431\u043e\u0440\u043d\u044b\u0435 \u0441 \u0433\u0440\u0438\u0444\u043e\u043c, \u043d\u0430\u0431\u043e\u0440 10 \u043a\u0433, 2 \u0448\u0442. \u043f\u043e 5 \u043a\u0433"},"content":{"rendered":"<p>[:ru_RU]\u041a\u043e\u043c\u043f\u0430\u043a\u0442\u043d\u0430\u044f \u0440\u0430\u0437\u0431\u043e\u0440\u043d\u0430\u044f \u0433\u0430\u043d\u0442\u0435\u043b\u044c \u0441\u043f\u043e\u0441\u043e\u0431\u043d\u0430 \u0437\u0430\u043c\u0435\u043d\u0438\u0442\u044c \u043d\u0435\u0431\u043e\u043b\u044c\u0448\u043e\u0439 \u0442\u0440\u0435\u043d\u0430\u0436\u0435\u0440\u043d\u044b\u0439 \u0437\u0430\u043b! \u0423\u043f\u0440\u0430\u0436\u043d\u0435\u043d\u0438\u044f \u0441 \u0433\u0430\u043d\u0442\u0435\u043b\u044f\u043c\u0438 \u043f\u043e\u043c\u043e\u0433\u0430\u044e\u0442 \u043f\u0440\u043e\u0440\u0430\u0431\u043e\u0442\u0430\u0442\u044c \u0431\u0438\u0446\u0435\u043f\u0441\u044b, \u0442\u0440\u0438\u0446\u0435\u043f\u0441\u044b, \u0430 \u0442\u0430\u043a\u0436\u0435 \u0433\u0440\u0443\u0434\u043d\u044b\u0435 \u0438 \u0434\u0435\u043b\u044c\u0442\u043e\u0432\u0438\u0434\u043d\u044b\u0435 \u043c\u044b\u0448\u0446\u044b. \u0423\u0434\u043e\u0431\u043d\u0430\u044f \u0440\u0430\u0437\u0431\u043e\u0440\u043d\u0430\u044f \u043a\u043e\u043d\u0441\u0442\u0440\u0443\u043a\u0446\u0438\u044f \u0433\u0430\u043d\u0442\u0435\u043b\u0438 \u043f\u043e\u0437\u0432\u043e\u043b\u044f\u0435\u0442 \u043a\u043e\u043d\u0442\u0440\u043e\u043b\u0438\u0440\u043e\u0432\u0430\u0442\u044c \u043d\u0430\u0433\u0440\u0443\u0437\u043a\u0443 \u0438 \u0438\u0437\u043c\u0435\u043d\u044f\u0442\u044c \u0435\u0435 \u0432 \u0441\u043e\u043e\u0442\u0432\u0435\u0442\u0441\u0442\u0432\u0438\u0438 \u0441 \u0432\u0430\u0448\u0438\u043c\u0438 \u0446\u0435\u043b\u044f\u043c\u0438 \u0438 \u0443\u0440\u043e\u0432\u043d\u0435\u043c \u0444\u0438\u0437\u0438\u0447\u0435\u0441\u043a\u043e\u0439 \u043f\u043e\u0434\u0433\u043e\u0442\u043e\u0432\u043a\u0438.<\/p>\n<p>\u0421 \u043f\u043e\u043c\u043e\u0449\u044c\u044e \u0434\u043e\u043f\u043e\u043b\u043d\u0438\u0442\u0435\u043b\u044c\u043d\u043e\u0433\u043e \u0433\u0440\u0438\u0444\u0430 \u0433\u0430\u043d\u0442\u0435\u043b\u0438 \u043f\u0440\u0435\u0432\u0440\u0430\u0449\u0430\u044e\u0442\u0441\u044f \u0432 \u0448\u0442\u0430\u043d\u0433\u0443.<\/p>\n<p>\u0423\u043d\u0438\u0432\u0435\u0440\u0441\u0430\u043b\u044c\u043d\u044b\u0439 \u0432\u0430\u0440\u0438\u0430\u043d\u0442 \u0434\u043b\u044f \u0434\u043e\u043c\u0430\u0448\u043d\u0438\u0445 \u0442\u0440\u0435\u043d\u0438\u0440\u043e\u0432\u043e\u043a. \u0420\u0430\u0437\u0431\u043e\u0440\u043d\u0430\u044f \u043a\u043e\u043d\u0441\u0442\u0440\u0443\u043a\u0446\u0438\u044f \u043f\u043e\u0437\u0432\u043e\u043b\u044f\u0435\u0442 \u0443\u043c\u0435\u043d\u044c\u0448\u0430\u0442\u044c \u0438 \u0443\u0432\u0435\u043b\u0438\u0447\u0438\u0432\u0430\u0442\u044c \u043d\u0430\u0433\u0440\u0443\u0437\u043a\u0443 \u043f\u043e \u043c\u0435\u0440\u0435 \u043d\u0435\u043e\u0431\u0445\u043e\u0434\u0438\u043c\u043e\u0441\u0442\u0438. \u0421 \u043f\u043e\u043c\u043e\u0449\u044c\u044e \u0441\u043f\u0435\u0446\u0438\u0430\u043b\u044c\u043d\u043e\u0433\u043e \u0433\u0440\u0438\u0444\u0430 \u0433\u0430\u043d\u0442\u0435\u043b\u0438 \u043c\u043e\u0436\u043d\u043e \u0440\u0430\u0437\u043e\u0431\u0440\u0430\u0442\u044c \u0438 \u0441\u043e\u0435\u0434\u0438\u043d\u0438\u0442\u044c \u043c\u0435\u0436\u0434\u0443 \u0441\u043e\u0431\u043e\u0439 \u0438\u043b\u0438 \u0432 \u0448\u0442\u0430\u043d\u0433\u0443. \u0413\u0430\u0439\u043a\u0430 \u0441 \u0444\u0438\u043a\u0441\u0430\u0442\u043e\u0440\u043e\u043c, \u0438\u0441\u043a\u043b\u044e\u0447\u0430\u0435\u0442 \u0440\u0430\u0437\u0431\u0430\u043b\u0442\u044b\u0432\u0430\u043d\u0438\u0435 \u0434\u0438\u0441\u043a\u043e\u0432 \u0432\u043e \u0432\u0440\u0435\u043c\u044f \u0442\u0440\u0435\u043d\u0438\u0440\u043e\u0432\u043a\u0438.[trim][:ro_RO]<span lang=\"RO\">Antrenamentul cu greut\u0103\u021bi, cu \u00eenc\u0103rc\u0103tur\u0103 interschimbabil\u0103 este esen\u021bial pentru orice sal\u0103 de fitness sau antrenamente acas\u0103. Exerci\u021biile cu gantere ajut\u0103 la antrenarea bicep\u0219ilor, tricep\u0219ilor, precum \u0219i a mu\u0219chilor pectorali \u0219i deltoizi. <\/span><\/p>\n<p><span lang=\"RO\">Acest set este compus din 2 gantere, care se pot uni astfel \u00eenc\u00e2t sa formeze o halter\u0103. Aceasta solu\u021bie inovatoare extinde semnificativ gama de posibilit\u0103\u021bi de antrenament. Ob\u021binem o halter\u0103, cu care putem face exerci\u021bii imposibil sau incomod de realizat cu ganterele. Aleg\u00e2nd un produs, ob\u021bine\u021bi 2 modalit\u0103\u021bi de utilizare. <\/span><span lang=\"RO\">Siguran\u021bele si diametrul perfect al orificiului discului faciliteaz\u0103 o schimbare rapid\u0103 a greut\u0103\u021bii. Siguran\u021bele sunt filetate, astfel \u00eenc\u00e2t discurile s\u0103 nu se deplaseze \u00een niciun fel \u00een timpul exerci\u021biului.<\/span><\/p>\n","protected":false},"excerpt":{"rendered":"<p>[:ru_RU]\u041a\u043e\u043c\u043f\u0430\u043a\u0442\u043d\u0430\u044f \u0440\u0430\u0437\u0431\u043e\u0440\u043d\u0430\u044f \u0433\u0430\u043d\u0442\u0435\u043b\u044c \u0441\u043f\u043e\u0441\u043e\u0431\u043d\u0430 \u0437\u0430\u043c\u0435\u043d\u0438\u0442\u044c \u043d\u0435\u0431\u043e\u043b\u044c\u0448\u043e\u0439 \u0442\u0440\u0435\u043d\u0430\u0436\u0435\u0440\u043d\u044b\u0439 \u0437\u0430\u043b! \u0423\u043f\u0440\u0430\u0436\u043d\u0435\u043d\u0438\u044f \u0441 \u0433\u0430\u043d\u0442\u0435\u043b\u044f\u043c\u0438 \u043f\u043e\u043c\u043e\u0433\u0430\u044e\u0442 \u043f\u0440\u043e\u0440\u0430\u0431\u043e\u0442\u0430\u0442\u044c \u0431\u0438\u0446\u0435\u043f\u0441\u044b, \u0442\u0440\u0438\u0446\u0435\u043f\u0441\u044b, \u0430 \u0442\u0430\u043a\u0436\u0435 \u0433\u0440\u0443\u0434\u043d\u044b\u0435 \u0438 \u0434\u0435\u043b\u044c\u0442\u043e\u0432\u0438\u0434\u043d\u044b\u0435 \u043c\u044b\u0448\u0446\u044b. \u0423\u0434\u043e\u0431\u043d\u0430\u044f \u0440\u0430\u0437\u0431\u043e\u0440\u043d\u0430\u044f \u043a\u043e\u043d\u0441\u0442\u0440\u0443\u043a\u0446\u0438\u044f \u0433\u0430\u043d\u0442\u0435\u043b\u0438 \u043f\u043e\u0437\u0432\u043e\u043b\u044f\u0435\u0442 \u043a\u043e\u043d\u0442\u0440\u043e\u043b\u0438\u0440\u043e\u0432\u0430\u0442\u044c \u043d\u0430\u0433\u0440\u0443\u0437\u043a\u0443 \u0438 \u0438\u0437\u043c\u0435\u043d\u044f\u0442\u044c \u0435\u0435 \u0432 \u0441\u043e\u043e\u0442\u0432\u0435\u0442\u0441\u0442\u0432\u0438\u0438 \u0441 \u0432\u0430\u0448\u0438\u043c\u0438 \u0446\u0435\u043b\u044f\u043c\u0438 \u0438 \u0443\u0440\u043e\u0432\u043d\u0435\u043c \u0444\u0438\u0437\u0438\u0447\u0435\u0441\u043a\u043e\u0439 \u043f\u043e\u0434\u0433\u043e\u0442\u043e\u0432\u043a\u0438. \u0421 \u043f\u043e\u043c\u043e\u0449\u044c\u044e \u0434\u043e\u043f\u043e\u043b\u043d\u0438\u0442\u0435\u043b\u044c\u043d\u043e\u0433\u043e \u0433\u0440\u0438\u0444\u0430 \u0433\u0430\u043d\u0442\u0435\u043b\u0438 \u043f\u0440\u0435\u0432\u0440\u0430\u0449\u0430\u044e\u0442\u0441\u044f \u0432 \u0448\u0442\u0430\u043d\u0433\u0443. \u0423\u043d\u0438\u0432\u0435\u0440\u0441\u0430\u043b\u044c\u043d\u044b\u0439 \u0432\u0430\u0440\u0438\u0430\u043d\u0442 \u0434\u043b\u044f \u0434\u043e\u043c\u0430\u0448\u043d\u0438\u0445 \u0442\u0440\u0435\u043d\u0438\u0440\u043e\u0432\u043e\u043a. \u0420\u0430\u0437\u0431\u043e\u0440\u043d\u0430\u044f \u043a\u043e\u043d\u0441\u0442\u0440\u0443\u043a\u0446\u0438\u044f [&hellip;]<\/p>\n","protected":false},"featured_media":47047,"comment_status":"open","ping_status":"closed","template":"","meta":{"_acf_changed":false},"product_brand":[],"product_cat":[6701],"product_tag":[],"class_list":{"0":"post-47048","1":"product","2":"type-product","3":"status-publish","4":"has-post-thumbnail","6":"product_cat-ru_ru-sportivnyj-inventar-t","8":"first","9":"instock","10":"shipping-taxable","11":"purchasable","12":"product-type-simple"},"acf":[],"_links":{"self":[{"href":"https:\/\/minimax.md\/ru\/wp-json\/wp\/v2\/product\/47048","targetHints":{"allow":["GET"]}}],"collection":[{"href":"https:\/\/minimax.md\/ru\/wp-json\/wp\/v2\/product"}],"about":[{"href":"https:\/\/minimax.md\/ru\/wp-json\/wp\/v2\/types\/product"}],"replies":[{"embeddable":true,"href":"https:\/\/minimax.md\/ru\/wp-json\/wp\/v2\/comments?post=47048"}],"version-history":[{"count":0,"href":"https:\/\/minimax.md\/ru\/wp-json\/wp\/v2\/product\/47048\/revisions"}],"wp:featuredmedia":[{"embeddable":true,"href":"https:\/\/minimax.md\/ru\/wp-json\/wp\/v2\/media\/47047"}],"wp:attachment":[{"href":"https:\/\/minimax.md\/ru\/wp-json\/wp\/v2\/media?parent=47048"}],"wp:term":[{"taxonomy":"product_brand","embeddable":true,"href":"https:\/\/minimax.md\/ru\/wp-json\/wp\/v2\/product_brand?post=47048"},{"taxonomy":"product_cat","embeddable":true,"href":"https:\/\/minimax.md\/ru\/wp-json\/wp\/v2\/product_cat?post=47048"},{"taxonomy":"product_tag","embeddable":true,"href":"https:\/\/minimax.md\/ru\/wp-json\/wp\/v2\/product_tag?post=47048"}],"curies":[{"name":"wp","href":"https:\/\/api.w.org\/{rel}","templated":true}]}}