{"id":47083,"date":"2024-01-11T17:19:17","date_gmt":"2024-01-11T14:19:17","guid":{"rendered":"https:\/\/minimax.md\/product\/47083.html"},"modified":"2024-03-13T01:03:55","modified_gmt":"2024-03-12T22:03:55","slug":"ru_ru-vrashhajushhijsja-fitnes-disk-s-jespanderami-28-sm-trim-ro_ro-disc-rotativ-pentru-fitness-cu-expandoare-28-cm","status":"publish","type":"product","link":"https:\/\/minimax.md\/ru\/product\/47083.html","title":{"rendered":"\u0412\u0440\u0430\u0449\u0430\u044e\u0449\u0438\u0439\u0441\u044f \u0444\u0438\u0442\u043d\u0435\u0441-\u0434\u0438\u0441\u043a \u0441 \u044d\u0441\u043f\u0430\u043d\u0434\u0435\u0440\u0430\u043c\u0438, 28 \u0441\u043c"},"content":{"rendered":"<p>[:ru_RU]\u0414\u0438\u0441\u043a \u043c\u0430\u0441\u0441\u0430\u0436\u043d\u044b\u0439 \u00a0\u2013 \u044d\u0442\u043e \u043e\u0447\u0435\u043d\u044c \u043f\u0440\u043e\u0441\u0442\u043e\u0439 \u0438 \u043d\u0435 \u0442\u0440\u0435\u0431\u0443\u044e\u0449\u0438\u0439 \u043e\u0441\u043e\u0431\u0435\u043d\u043d\u044b\u0445 \u0437\u0430\u0442\u0440\u0430\u0442 \u0434\u043e\u043c\u0430\u0448\u043d\u0438\u0439 \u0442\u0440\u0435\u043d\u0430\u0436\u0451\u0440, \u0438\u0441\u043f\u043e\u043b\u044c\u0437\u0443\u0435\u0442\u0441\u044f \u0434\u043b\u044f \u0443\u043a\u0440\u0435\u043f\u043b\u0435\u043d\u0438\u044f \u043c\u044b\u0448\u0446 \u043f\u0440\u0435\u0441\u0441\u0430 \u0438 \u0431\u0451\u0434\u0435\u0440. \u0421 \u0435\u0433\u043e \u043f\u043e\u043c\u043e\u0449\u044c\u044e \u043c\u043e\u0436\u043d\u043e \u043d\u0435 \u0442\u043e\u043b\u044c\u043a\u043e \u0441\u0436\u0435\u0447\u044c \u043d\u0435\u0441\u043a\u043e\u043b\u044c\u043a\u043e \u043b\u0438\u0448\u043d\u0438\u0445 \u043a\u0438\u043b\u043e\u0433\u0440\u0430\u043c\u043c, \u043d\u043e \u0442\u0430\u043a\u0436\u0435 \u0443\u043b\u0443\u0447\u0448\u0438\u0442\u044c \u043e\u0431\u0449\u0438\u0439 \u0442\u043e\u043d\u0443\u0441 \u043c\u044b\u0448\u0446, \u043f\u0440\u043e\u0440\u0430\u0431\u043e\u0442\u0430\u0442\u044c \u043f\u0440\u043e\u0431\u043b\u0435\u043c\u043d\u044b\u0435 \u0437\u043e\u043d\u044b \u0438 \u0438\u0437\u043c\u0435\u043d\u0438\u0442\u044c \u043b\u0438\u043d\u0438\u044e \u0442\u0430\u043b\u0438\u0438 \u043d\u0430 \u0431\u043e\u043b\u0435\u0435 \u0438\u0437\u044f\u0449\u043d\u0443\u044e. \u0414\u0438\u0441\u043a \u0442\u0440\u0435\u043d\u0430\u0436\u0451\u0440 \u0434\u043b\u044f \u043f\u043e\u0445\u0443\u0434\u0435\u043d\u0438\u044f \u0445\u043e\u0440\u043e\u0448\u043e \u0442\u0440\u0430\u043d\u0441\u043f\u043e\u0440\u0442\u0438\u0440\u0443\u0435\u0442\u0441\u044f, \u043d\u0430 \u043d\u0451\u043c \u043c\u043e\u0436\u043d\u043e \u0437\u0430\u043d\u0438\u043c\u0430\u0442\u044c\u0441\u044f \u0434\u043e\u043c\u0430 \u0438\u043b\u0438 \u0432 \u043e\u0444\u0438\u0441\u0435.<\/p>\n<p>\u041f\u0440\u0435\u0438\u043c\u0443\u0449\u0435\u0441\u0442\u0432\u0430 \u0440\u0430\u0431\u043e\u0442\u044b \u0441 \u0434\u0438\u0441\u043a\u043e\u043c \u0437\u0434\u043e\u0440\u043e\u0432\u044c\u044f\u00a0<\/p>\n<p> \t\u0423\u043b\u0443\u0447\u0448\u0430\u0435\u0442\u0441\u044f \u043d\u0430\u0441\u0442\u0440\u043e\u0435\u043d\u0438\u0435 \u0438 \u0443\u0445\u043e\u0434\u0438\u0442 \u043d\u0430\u043f\u0440\u044f\u0436\u0435\u043d\u0438\u0435 \u043c\u044b\u0448\u0446, \u043f\u0440\u043e\u0438\u0441\u0445\u043e\u0434\u0438\u0442 \u0440\u0430\u0437\u0433\u0440\u0443\u0437\u043a\u0430 \u0438 \u043f\u0435\u0440\u0435\u043a\u043b\u044e\u0447\u0435\u043d\u0438\u0435 \u2014 \u0432\u043e\u0442 \u043f\u043e\u0447\u0435\u043c\u0443 \u0434\u0438\u0441\u043a \u0437\u0434\u043e\u0440\u043e\u0432\u044c\u044f \u0445\u043e\u0440\u043e\u0448\u043e \u0438\u0441\u043f\u043e\u043b\u044c\u0437\u043e\u0432\u0430\u0442\u044c \u0432 \u043f\u0435\u0440\u0435\u0440\u044b\u0432\u0430\u0445 \u043c\u0435\u0436\u0434\u0443 \u0441\u0438\u0434\u044f\u0447\u0435\u0439 \u0440\u0430\u0431\u043e\u0442\u043e\u0439 \u0437\u0430 \u043a\u043e\u043c\u043f\u044c\u044e\u0442\u0435\u0440\u043e\u043c.<br \/>\n \t\u0422\u0440\u0435\u043d\u0438\u0440\u0443\u0435\u0442\u0441\u044f \u0432\u0435\u0441\u0442\u0438\u0431\u0443\u043b\u044f\u0440\u043d\u044b\u0439 \u0430\u043f\u043f\u0430\u0440\u0430\u0442, \u043f\u0440\u043e\u0438\u0441\u0445\u043e\u0434\u0438\u0442 \u0440\u0430\u0431\u043e\u0442\u0430 \u043d\u0430\u0434 \u0443\u043b\u0443\u0447\u0448\u0435\u043d\u0438\u0435\u043c \u043a\u043e\u043e\u0440\u0434\u0438\u043d\u0430\u0446\u0438\u0438 \u0442\u0435\u043b\u0430 \u0432 \u043f\u0440\u043e\u0441\u0442\u0440\u0430\u043d\u0441\u0442\u0432\u0435.\u2022 \u0422\u0435\u043b\u043e \u0441\u0442\u0430\u043d\u043e\u0432\u0438\u0442\u0441\u044f \u0433\u0438\u0431\u0447\u0435, \u0440\u0430\u0437\u0432\u0438\u0432\u0430\u0435\u0442\u0441\u044f \u043f\u043b\u0430\u0441\u0442\u0438\u043a\u0430, \u0441\u043e\u0445\u0440\u0430\u043d\u044f\u0435\u0442\u0441\u044f \u044d\u043b\u0430\u0441\u0442\u0438\u0447\u043d\u043e\u0441\u0442\u044c \u0441\u0443\u0441\u0442\u0430\u0432\u043e\u0432, \u043f\u043e\u0434\u0432\u0438\u0436\u043d\u043e\u0441\u0442\u044c \u043f\u043e\u0437\u0432\u043e\u043d\u043e\u0447\u043d\u0438\u043a\u0430.<br \/>\n \t\u00a0\u041f\u043e\u0434\u043a\u0430\u0447\u0438\u0432\u0430\u044e\u0442\u0441\u044f \u043c\u044b\u0448\u0446\u044b \u0436\u0438\u0432\u043e\u0442\u0430, \u0431\u0451\u0434\u0435\u0440, \u044f\u0433\u043e\u0434\u0438\u0446, \u0444\u043e\u0440\u043c\u0438\u0440\u0443\u0435\u0442\u0441\u044f \u0442\u0430\u043b\u0438\u044f.<br \/>\n \t\u0414\u0430\u0451\u0442\u0441\u044f \u043e\u043f\u0442\u0438\u043c\u0430\u043b\u044c\u043d\u0430\u044f \u043d\u0430\u0433\u0440\u0443\u0437\u043a\u0430 \u043d\u0430 \u0441\u0435\u0440\u0434\u0446\u0435 \u0438 \u0441\u043e\u0441\u0443\u0434\u044b, \u043f\u043e \u0441\u0443\u0442\u0438 \u0437\u0430\u0440\u044f\u0434\u043a\u0430 \u043d\u0430 \u0434\u0438\u0441\u043a\u0435 \u2014 \u044d\u0442\u043e \u043e\u0431\u043b\u0435\u0433\u0447\u0451\u043d\u043d\u044b\u0439 \u0432\u0430\u0440\u0438\u0430\u043d\u0442 \u043a\u0430\u0440\u0434\u0438\u043e-\u0442\u0440\u0435\u043d\u0438\u0440\u043e\u0432\u043a\u0438[trim][:ro_RO]<strong>Discul rotativ este folosit pentru a \u00eent\u0103ri mu\u0219chii abdominali \u0219i coapselor.<\/strong><\/p>\n<p>Cu ajutorul lui, nu numai c\u0103 po\u021bi arde c\u00e2teva kilograme \u00een plus, ci \u0219i s\u0103 \u00eembun\u0103t\u0103\u021be\u0219ti tonusul muscular general, s\u0103 lucrezi pe zonele cu probleme. Discul pentru pierderea \u00een greutate este u\u0219or de transportat, pute\u021bi face exerci\u021bii pe el acas\u0103 sau la birou.<\/p>\n<p><strong>Beneficiile lucrului cu un disc de s\u0103n\u0103tate<\/strong><\/p>\n<ul>\n<li>Starea de spirit se \u00eembun\u0103t\u0103\u021be\u0219te \u0219i tensiunea muscular\u0103 dispare, au loc desc\u0103rcarea \u0219i schimbarea &#8211; de aceea discul de s\u0103n\u0103tate este bine de folosit \u00een pauzele dintre munca sedentaric\u0103 la computer.<\/li>\n<li>Se antreneaz\u0103 aparatul vestibular, se lucreaz\u0103 pentru \u00eembun\u0103t\u0103\u021birea coordon\u0103rii \u00een spa\u021biu<\/li>\n<li>Corpul devine mai flexibil, se dezvolt\u0103 plasticitatea, se men\u021bine elasticitatea articula\u021biilor \u0219i mobilitatea coloanei vertebrale.<\/li>\n<li>Mu\u0219chii abdomenului, \u0219oldurilor, feselor sunt pompa\u021bi \u0219i se formeaz\u0103 talia.<\/li>\n<li>Ofer\u0103 o sarcin\u0103 optim\u0103 asupra inimii \u0219i vaselor<br \/>\n","protected":false},"excerpt":{"rendered":"<p>[:ru_RU]\u0414\u0438\u0441\u043a \u043c\u0430\u0441\u0441\u0430\u0436\u043d\u044b\u0439 \u00a0\u2013 \u044d\u0442\u043e \u043e\u0447\u0435\u043d\u044c \u043f\u0440\u043e\u0441\u0442\u043e\u0439 \u0438 \u043d\u0435 \u0442\u0440\u0435\u0431\u0443\u044e\u0449\u0438\u0439 \u043e\u0441\u043e\u0431\u0435\u043d\u043d\u044b\u0445 \u0437\u0430\u0442\u0440\u0430\u0442 \u0434\u043e\u043c\u0430\u0448\u043d\u0438\u0439 \u0442\u0440\u0435\u043d\u0430\u0436\u0451\u0440, \u0438\u0441\u043f\u043e\u043b\u044c\u0437\u0443\u0435\u0442\u0441\u044f \u0434\u043b\u044f \u0443\u043a\u0440\u0435\u043f\u043b\u0435\u043d\u0438\u044f \u043c\u044b\u0448\u0446 \u043f\u0440\u0435\u0441\u0441\u0430 \u0438 \u0431\u0451\u0434\u0435\u0440. \u0421 \u0435\u0433\u043e \u043f\u043e\u043c\u043e\u0449\u044c\u044e \u043c\u043e\u0436\u043d\u043e \u043d\u0435 \u0442\u043e\u043b\u044c\u043a\u043e \u0441\u0436\u0435\u0447\u044c \u043d\u0435\u0441\u043a\u043e\u043b\u044c\u043a\u043e \u043b\u0438\u0448\u043d\u0438\u0445 \u043a\u0438\u043b\u043e\u0433\u0440\u0430\u043c\u043c, \u043d\u043e \u0442\u0430\u043a\u0436\u0435 \u0443\u043b\u0443\u0447\u0448\u0438\u0442\u044c \u043e\u0431\u0449\u0438\u0439 \u0442\u043e\u043d\u0443\u0441 \u043c\u044b\u0448\u0446, \u043f\u0440\u043e\u0440\u0430\u0431\u043e\u0442\u0430\u0442\u044c \u043f\u0440\u043e\u0431\u043b\u0435\u043c\u043d\u044b\u0435 \u0437\u043e\u043d\u044b \u0438 \u0438\u0437\u043c\u0435\u043d\u0438\u0442\u044c \u043b\u0438\u043d\u0438\u044e \u0442\u0430\u043b\u0438\u0438 \u043d\u0430 \u0431\u043e\u043b\u0435\u0435 \u0438\u0437\u044f\u0449\u043d\u0443\u044e. \u0414\u0438\u0441\u043a \u0442\u0440\u0435\u043d\u0430\u0436\u0451\u0440 \u0434\u043b\u044f \u043f\u043e\u0445\u0443\u0434\u0435\u043d\u0438\u044f \u0445\u043e\u0440\u043e\u0448\u043e \u0442\u0440\u0430\u043d\u0441\u043f\u043e\u0440\u0442\u0438\u0440\u0443\u0435\u0442\u0441\u044f, \u043d\u0430 \u043d\u0451\u043c \u043c\u043e\u0436\u043d\u043e [&hellip;]<\/p>\n","protected":false},"featured_media":47080,"comment_status":"open","ping_status":"closed","template":"","meta":{"_acf_changed":false},"product_brand":[],"product_cat":[6701],"product_tag":[],"class_list":{"0":"post-47083","1":"product","2":"type-product","3":"status-publish","4":"has-post-thumbnail","6":"product_cat-ru_ru-sportivnyj-inventar-t","8":"first","9":"instock","10":"shipping-taxable","11":"purchasable","12":"product-type-simple"},"acf":[],"_links":{"self":[{"href":"https:\/\/minimax.md\/ru\/wp-json\/wp\/v2\/product\/47083","targetHints":{"allow":["GET"]}}],"collection":[{"href":"https:\/\/minimax.md\/ru\/wp-json\/wp\/v2\/product"}],"about":[{"href":"https:\/\/minimax.md\/ru\/wp-json\/wp\/v2\/types\/product"}],"replies":[{"embeddable":true,"href":"https:\/\/minimax.md\/ru\/wp-json\/wp\/v2\/comments?post=47083"}],"version-history":[{"count":0,"href":"https:\/\/minimax.md\/ru\/wp-json\/wp\/v2\/product\/47083\/revisions"}],"wp:featuredmedia":[{"embeddable":true,"href":"https:\/\/minimax.md\/ru\/wp-json\/wp\/v2\/media\/47080"}],"wp:attachment":[{"href":"https:\/\/minimax.md\/ru\/wp-json\/wp\/v2\/media?parent=47083"}],"wp:term":[{"taxonomy":"product_brand","embeddable":true,"href":"https:\/\/minimax.md\/ru\/wp-json\/wp\/v2\/product_brand?post=47083"},{"taxonomy":"product_cat","embeddable":true,"href":"https:\/\/minimax.md\/ru\/wp-json\/wp\/v2\/product_cat?post=47083"},{"taxonomy":"product_tag","embeddable":true,"href":"https:\/\/minimax.md\/ru\/wp-json\/wp\/v2\/product_tag?post=47083"}],"curies":[{"name":"wp","href":"https:\/\/api.w.org\/{rel}","templated":true}]}}