{"id":47114,"date":"2024-01-11T17:19:20","date_gmt":"2024-01-11T14:19:20","guid":{"rendered":"https:\/\/minimax.md\/product\/47114.html"},"modified":"2024-03-13T01:04:36","modified_gmt":"2024-03-12T22:04:36","slug":"ru_ru-3d-pazl-piratskij-korabl-mest-korolevy-anny-so-svetodiodnoj-podsvetkoj-293-jelementa-trim-ro_ro-3d-puzzle-corabie-de-pirati-r-zbunarea-reginei-anne-cu-iluminare-led-293-elemente","status":"publish","type":"product","link":"https:\/\/minimax.md\/ru\/product\/47114.html","title":{"rendered":"3D \u043f\u0430\u0437\u043b \u041f\u0438\u0440\u0430\u0442\u0441\u043a\u0438\u0439 \u043a\u043e\u0440\u0430\u0431\u043b\u044c \u201c\u041c\u0435\u0441\u0442\u044c \u043a\u043e\u0440\u043e\u043b\u0435\u0432\u044b \u0410\u043d\u043d\u044b\u201d \u0441\u043e \u0441\u0432\u0435\u0442\u043e\u0434\u0438\u043e\u0434\u043d\u043e\u0439 \u043f\u043e\u0434\u0441\u0432\u0435\u0442\u043a\u043e\u0439, 293 \u044d\u043b\u0435\u043c\u0435\u043d\u0442\u0430"},"content":{"rendered":"<p>[:ru_RU]3D \u043f\u0430\u0437\u043b \u041f\u0438\u0440\u0430\u0442\u0441\u043a\u0438\u0439 \u043a\u043e\u0440\u0430\u0431\u043b\u044c \u201c\u041c\u0435\u0441\u0442\u044c \u043a\u043e\u0440\u043e\u043b\u0435\u0432\u044b \u0410\u043d\u043d\u044b\u201d \u0441\u043e \u0441\u0432\u0435\u0442\u043e\u0434\u0438\u043e\u0434\u043d\u043e\u0439 \u043f\u043e\u0434\u0441\u0432\u0435\u0442\u043a\u043e\u0439 \u043e\u0442\u00a0 CubicFun \u043e\u0447\u0435\u043d\u044c \u0438\u043d\u0442\u0435\u0440\u0435\u0441\u043d\u0430\u044f \u0433\u043e\u043b\u043e\u0432\u043e\u043b\u043e\u043c\u043a\u0430 \u0434\u043b\u044f \u0432\u0441\u0435\u0439 \u0441\u0435\u043c\u044c\u0438.\u00a0<\/p>\n<p>\u0412\u043c\u0435\u0441\u0442\u0435 \u0441\u043e\u0431\u0438\u0440\u0430\u044f 3D \u043f\u0430\u0437\u043b \u0441\u043e \u0441\u0432\u043e\u0438\u043c\u0438 \u0434\u0435\u0442\u044c\u043c\u0438, \u0432\u044b\u00a0 \u043c\u043e\u0436\u0435\u0442\u0435 \u0438\u043c \u0440\u0430\u0441\u0441\u043a\u0430\u0437\u0430\u0442\u044c \u043e \u0442\u043e\u043c \u0447\u0442\u043e \u044d\u0442\u043e\u0442 \u043a\u043e\u0440\u0430\u0431\u043b\u044c \u0431\u044b\u043b \u043f\u043e\u0441\u0442\u0440\u043e\u0435\u043d \u0432 1710 \u0433\u043e\u0434\u0443, \u0438 \u0438\u043c\u0435\u043b \u043a\u0440\u0430\u0441\u0438\u0432\u043e\u0435 \u043d\u0430\u0437\u0432\u0430\u043d\u0438\u0435 &#8220;\u041a\u043e\u043d\u043a\u043e\u0440\u0434&#8221;. \u0421\u043f\u0435\u0440\u0432\u0430 \u043d\u0430 \u043d\u0435\u043c \u043f\u043b\u0430\u0432\u0430\u043b\u0438 \u0438\u0441\u043f\u0430\u043d\u0446\u044b, \u043f\u043e\u0442\u043e\u043c \u0441\u0443\u0434\u043d\u043e \u0431\u044b\u043b\u043e \u043a\u0443\u043f\u043b\u0435\u043d\u043e \u0424\u0440\u0430\u043d\u0446\u0438\u0435\u0439, \u043d\u0443 \u0430 \u043f\u043e\u0441\u043b\u0435\u0434\u043d\u0438\u043c \u0445\u043e\u0437\u044f\u0438\u043d\u043e\u043c, \u043a\u043e\u0442\u043e\u0440\u044b\u0439 \u0441\u0434\u0435\u043b\u0430\u043b &#8220;\u041a\u043e\u043d\u043a\u043e\u0440\u0434&#8221; \u043d\u0430\u0441\u0442\u043e\u044f\u0449\u0435\u0439 \u043b\u0435\u0433\u0435\u043d\u0434\u043e\u0439, \u0441\u0442\u0430\u043b \u0432\u0435\u043b\u0438\u043a\u0438\u0439 \u0438 \u0437\u043d\u0430\u043c\u0435\u043d\u0438\u0442\u044b\u0439 \u043f\u0438\u0440\u0430\u0442 \u0427\u0435\u0440\u043d\u0430\u044f \u0411\u043e\u0440\u043e\u0434\u0430 (\u042d\u0434\u0432\u0430\u0440\u0434 \u0422\u0438\u0447). \u0421\u043b\u0443\u0447\u0438\u043b\u043e\u0441\u044c \u044d\u0442\u043e \u0432 1717 \u0433\u043e\u0434\u0443, &#8220;\u041a\u043e\u043d\u043a\u043e\u0440\u0434&#8221; \u0442\u043e\u0433\u0434\u0430 \u043f\u043b\u044b\u043b \u0441\u0432\u043e\u0438\u043c \u043e\u0431\u044b\u0447\u043d\u044b\u043c \u043c\u0430\u0440\u0448\u0440\u0443\u0442\u043e\u043c \u043f\u043e\u0434 \u043a\u043e\u043c\u0430\u043d\u0434\u043e\u0432\u0430\u043d\u0438\u0435\u043c \u0444\u0440\u0430\u043d\u0446\u0443\u0437\u0441\u043a\u0438\u0445 \u0440\u0430\u0431\u043e\u0442\u043e\u0440\u0433\u043e\u0432\u0446\u0435\u0432 (\u0438\u043c\u0435\u043d\u043d\u043e \u0434\u043b\u044f \u044d\u0442\u0438\u0445 \u0446\u0435\u043b\u0435\u0439 \u043a\u043e\u0440\u0430\u0431\u043b\u044c \u0438 \u0441\u043b\u0443\u0436\u0438\u043b), \u043a\u0430\u043a \u043d\u0438 \u0441 \u0442\u043e\u0433\u043e \u043d\u0438 \u0441 \u0441\u0435\u0433\u043e \u043d\u0430 \u0433\u043e\u0440\u0438\u0437\u043e\u043d\u0442\u0435 \u043f\u043e\u044f\u0432\u0438\u043b\u0438\u0441\u044c \u0434\u0432\u0430 \u043b\u0451\u0433\u043a\u0438\u0445 \u0448\u043b\u044e\u043f\u0430 \u043f\u043e\u0434 \u0437\u0430\u0432\u044f\u0437\u043a\u0443 \u043d\u0430\u0431\u0438\u0442\u044b\u0445 \u043f\u0438\u0440\u0430\u0442\u0430\u043c\u0438. \u0415\u0441\u0442\u044c \u043c\u043d\u0435\u043d\u0438\u0435, \u0447\u0442\u043e \u0444\u0440\u0430\u043d\u0446\u0443\u0437\u044b \u043c\u043e\u0433\u043b\u0438 \u0431\u044b \u043b\u0435\u0433\u043a\u043e \u0440\u0430\u0437\u043d\u0435\u0441\u0442\u0438 \u043e\u0431\u0430 \u043f\u0438\u0440\u0430\u0442\u0441\u043a\u0438\u0445 \u0441\u0443\u0434\u043d\u0430 \u0432 \u043f\u0443\u0445 \u0438 \u0432 \u043f\u0440\u0430\u0445, \u043e\u0434\u043d\u0430\u043a\u043e \u0432\u0441\u0435 \u0443\u0436\u0435 \u0431\u044b\u043b\u0438 \u043d\u0430\u0441\u043b\u044b\u0448\u0430\u043d\u044b \u043e \u0427\u0435\u0440\u043d\u043e\u0439 \u0411\u043e\u0440\u043e\u0434\u0435 \u0438 \u0435\u0433\u043e \u0440\u0430\u0441\u043f\u0440\u0430\u0432\u0430\u0445, \u043f\u043e\u044d\u0442\u043e\u043c\u0443 \u043c\u043e\u0440\u044f\u043a\u0438 \u0431\u044b\u043b\u0438 \u0441\u0438\u043b\u044c\u043d\u043e \u0437\u0430\u043f\u0443\u0433\u0430\u043d\u044b. \u041f\u043e \u043f\u0435\u0440\u0432\u043e\u043c\u0443 \u043f\u0440\u0438\u043a\u0430\u0437\u0443 \u043f\u0438\u0440\u0430\u0442\u043e\u0432 \u043a\u043e\u043c\u0430\u043d\u0434\u0430 &#8220;\u041a\u043e\u043d\u043a\u043e\u0440\u0434\u0430&#8221; \u0441\u043b\u043e\u0436\u0438\u043b \u043e\u0440\u0443\u0436\u0438\u0435.<\/p>\n<p>3D \u043f\u0430\u0437\u043b\u044b \u0443\u0434\u0438\u0432\u0438\u0442\u0435\u043b\u044c\u043d\u043e\u0435 \u0445\u043e\u0431\u0431\u0438 \u043a\u043e\u0442\u043e\u0440\u043e\u0435 \u0440\u0430[trim][:ro_RO]<strong>Puzzle 3D Corabie de pirati\u201eR\u0103zbunarea Reginei Anne\u201d cu iluminare LED, de la CubicFun este un joc de puzzle foarte interesant pentru \u00eentreaga familie.<\/strong><\/p>\n<p>\u00cen timul jocului cu \u00a0puzzle 3D \u00eempreun\u0103 cu copiii t\u0103i, le po\u021bi povesti c\u0103 aceast\u0103 nav\u0103 a fost construit\u0103 \u00een 1710, \u0219i avea frumosul nume \u201eConcorde\u201d. Mai \u00eent\u00e2i, spaniolii au navigat pe el, apoi nava a fost cump\u0103rat\u0103 de Fran\u021ba, iar ultimul proprietar, care a f\u0103cut din Concorde o adev\u0103rat\u0103 legend\u0103, a fost marele \u0219i faimosul pirat Blackbeard (Edward Teach). S-a \u00eent\u00e2mplat \u00een 1717, Concorde naviga pe traseul obi\u0219nuit sub comanda comercian\u021bilor francezi de sclavi (\u00een aceste scopuri a servit nava), ca \u0219i c\u00e2nd f\u0103r\u0103 niciun motiv, dou\u0103 corabii u\u0219oare pline de pira\u021bi au ap\u0103rut la orizont. Se crede c\u0103 francezii ar fi putut distruge cu u\u0219urin\u021b\u0103 ambele nave de pira\u021bi, dar toat\u0103 lumea auzise deja despre Barba Neagr\u0103 \u0219i represaliile lui, a\u0219a c\u0103 marinarii au fost foarte intimida\u021bi. La primul ordin al pira\u021bilor, echipajul Concordului \u0219i-a depus armele.<\/p>\n<p>&lt;stro<\/p>\n","protected":false},"excerpt":{"rendered":"<p>[:ru_RU]3D \u043f\u0430\u0437\u043b \u041f\u0438\u0440\u0430\u0442\u0441\u043a\u0438\u0439 \u043a\u043e\u0440\u0430\u0431\u043b\u044c \u201c\u041c\u0435\u0441\u0442\u044c \u043a\u043e\u0440\u043e\u043b\u0435\u0432\u044b \u0410\u043d\u043d\u044b\u201d \u0441\u043e \u0441\u0432\u0435\u0442\u043e\u0434\u0438\u043e\u0434\u043d\u043e\u0439 \u043f\u043e\u0434\u0441\u0432\u0435\u0442\u043a\u043e\u0439 \u043e\u0442\u00a0 CubicFun \u043e\u0447\u0435\u043d\u044c \u0438\u043d\u0442\u0435\u0440\u0435\u0441\u043d\u0430\u044f \u0433\u043e\u043b\u043e\u0432\u043e\u043b\u043e\u043c\u043a\u0430 \u0434\u043b\u044f \u0432\u0441\u0435\u0439 \u0441\u0435\u043c\u044c\u0438.\u00a0 \u0412\u043c\u0435\u0441\u0442\u0435 \u0441\u043e\u0431\u0438\u0440\u0430\u044f 3D \u043f\u0430\u0437\u043b \u0441\u043e \u0441\u0432\u043e\u0438\u043c\u0438 \u0434\u0435\u0442\u044c\u043c\u0438, \u0432\u044b\u00a0 \u043c\u043e\u0436\u0435\u0442\u0435 \u0438\u043c \u0440\u0430\u0441\u0441\u043a\u0430\u0437\u0430\u0442\u044c \u043e \u0442\u043e\u043c \u0447\u0442\u043e \u044d\u0442\u043e\u0442 \u043a\u043e\u0440\u0430\u0431\u043b\u044c \u0431\u044b\u043b \u043f\u043e\u0441\u0442\u0440\u043e\u0435\u043d \u0432 1710 \u0433\u043e\u0434\u0443, \u0438 \u0438\u043c\u0435\u043b \u043a\u0440\u0430\u0441\u0438\u0432\u043e\u0435 \u043d\u0430\u0437\u0432\u0430\u043d\u0438\u0435 &#8220;\u041a\u043e\u043d\u043a\u043e\u0440\u0434&#8221;. \u0421\u043f\u0435\u0440\u0432\u0430 \u043d\u0430 \u043d\u0435\u043c \u043f\u043b\u0430\u0432\u0430\u043b\u0438 \u0438\u0441\u043f\u0430\u043d\u0446\u044b, \u043f\u043e\u0442\u043e\u043c \u0441\u0443\u0434\u043d\u043e \u0431\u044b\u043b\u043e \u043a\u0443\u043f\u043b\u0435\u043d\u043e \u0424\u0440\u0430\u043d\u0446\u0438\u0435\u0439, \u043d\u0443 [&hellip;]<\/p>\n","protected":false},"featured_media":47110,"comment_status":"open","ping_status":"closed","template":"","meta":{"_acf_changed":false},"product_brand":[],"product_cat":[6713],"product_tag":[],"class_list":{"0":"post-47114","1":"product","2":"type-product","3":"status-publish","4":"has-post-thumbnail","6":"product_cat-ru_ru-pazly-i-mozaiki-trim","8":"first","9":"instock","10":"shipping-taxable","11":"purchasable","12":"product-type-simple"},"acf":[],"_links":{"self":[{"href":"https:\/\/minimax.md\/ru\/wp-json\/wp\/v2\/product\/47114","targetHints":{"allow":["GET"]}}],"collection":[{"href":"https:\/\/minimax.md\/ru\/wp-json\/wp\/v2\/product"}],"about":[{"href":"https:\/\/minimax.md\/ru\/wp-json\/wp\/v2\/types\/product"}],"replies":[{"embeddable":true,"href":"https:\/\/minimax.md\/ru\/wp-json\/wp\/v2\/comments?post=47114"}],"version-history":[{"count":0,"href":"https:\/\/minimax.md\/ru\/wp-json\/wp\/v2\/product\/47114\/revisions"}],"wp:featuredmedia":[{"embeddable":true,"href":"https:\/\/minimax.md\/ru\/wp-json\/wp\/v2\/media\/47110"}],"wp:attachment":[{"href":"https:\/\/minimax.md\/ru\/wp-json\/wp\/v2\/media?parent=47114"}],"wp:term":[{"taxonomy":"product_brand","embeddable":true,"href":"https:\/\/minimax.md\/ru\/wp-json\/wp\/v2\/product_brand?post=47114"},{"taxonomy":"product_cat","embeddable":true,"href":"https:\/\/minimax.md\/ru\/wp-json\/wp\/v2\/product_cat?post=47114"},{"taxonomy":"product_tag","embeddable":true,"href":"https:\/\/minimax.md\/ru\/wp-json\/wp\/v2\/product_tag?post=47114"}],"curies":[{"name":"wp","href":"https:\/\/api.w.org\/{rel}","templated":true}]}}