{"id":47225,"date":"2024-01-11T17:19:35","date_gmt":"2024-01-11T14:19:35","guid":{"rendered":"https:\/\/minimax.md\/product\/47225.html"},"modified":"2024-03-13T00:32:01","modified_gmt":"2024-03-12T21:32:01","slug":"ru_ru-darts-s-2-strelami-lipuchki-trim-ro_ro-joc-darts-i-2-s-ge-i-cu-scai","status":"publish","type":"product","link":"https:\/\/minimax.md\/ru\/product\/47225.html","title":{"rendered":"\u0414\u0430\u0440\u0442\u0441 \u0441 2 \u0441\u0442\u0440\u0435\u043b\u0430\u043c\u0438, \u043b\u0438\u043f\u0443\u0447\u043a\u0438"},"content":{"rendered":"<p>[:ru_RU]\u0414\u0435\u0442\u0441\u043a\u0438\u0439 \u0434\u0430\u0440\u0442\u0441, \u0434\u0438\u0430\u043c\u0435\u0442\u0440\u043e\u043c 18 \u0441\u043c, \u043d\u0430 \u043b\u0438\u043f\u0443\u0447\u043a\u0430\u0445 &#8211; \u0432\u0435\u0441\u0435\u043b\u0430\u044f \u0438 \u0443\u0432\u043b\u0435\u043a\u0430\u0442\u0435\u043b\u044c\u043d\u0430\u044f \u0438\u0433\u0440\u0430. \u0412 \u043d\u0435\u0433\u043e \u043c\u043e\u0436\u043d\u043e \u0438\u0433\u0440\u0430\u0442\u044c \u0432\u0441\u0435\u0439 \u0441\u0435\u043c\u044c\u0435\u0439.\u00a0 \u041c\u043e\u0436\u043d\u043e \u043f\u043e\u0434\u043e\u0433\u0440\u0435\u0442\u044c \u0438\u043d\u0442\u0435\u0440\u0435\u0441, \u043d\u0430\u0437\u043d\u0430\u0447\u0438\u0432 \u043a\u0430\u043a\u043e\u0439-\u0442\u043e \u043f\u0440\u0438\u0437 \u043f\u043e\u0431\u0435\u0434\u0438\u0442\u0435\u043b\u044e. \u042d\u0442\u043e \u0432\u044b\u0437\u043e\u0432\u0435\u0442 \u0435\u0449\u0435 \u0431\u043e\u043b\u044c\u0448\u0438\u0439 \u0430\u0437\u0430\u0440\u0442 \u0438 \u0436\u0435\u043b\u0430\u043d\u0438\u0435 \u0432\u044b\u0438\u0433\u0440\u0430\u0442\u044c. \u0412 \u0438\u0433\u0440\u0435 \u0440\u0430\u0437\u0432\u0438\u0432\u0430\u0435\u0442\u0441\u044f \u043a\u043e\u043e\u0440\u0434\u0438\u043d\u0430\u0446\u0438\u044f \u0434\u0432\u0438\u0436\u0435\u043d\u0438\u0439, \u0433\u043b\u0430\u0437\u043e\u043c\u0435\u0440, \u0447\u0443\u0432\u0441\u0442\u0432\u043e \u0434\u0438\u0441\u0442\u0430\u043d\u0446\u0438\u0438. \u041c\u043e\u0442\u043e\u0440\u0438\u043a\u0430 \u0440\u0443\u043a, \u0437\u0430\u0434\u0435\u0439\u0441\u0442\u0432\u043e\u0432\u0430\u043d\u043d\u0430\u044f \u0432 \u044d\u0442\u043e\u043c \u043f\u0440\u043e\u0446\u0435\u0441\u0441\u0435, \u0431\u043b\u0430\u0433\u043e\u043f\u0440\u0438\u044f\u0442\u043d\u043e \u0432\u043e\u0437\u0434\u0435\u0439\u0441\u0442\u0432\u0443\u0435\u0442 \u043d\u0430 \u043e\u0431\u0449\u0435\u0435 \u0440\u0430\u0437\u0432\u0438\u0442\u0438\u0435. \u041e\u0442\u0442\u0430\u0447\u0438\u0432\u0430\u0435\u0442\u0441\u044f \u0442\u043e\u0447\u043d\u043e\u0441\u0442\u044c \u0431\u0440\u043e\u0441\u043a\u0430.<\/p>\n<p>\u0412 \u043d\u0435\u0435 \u043c\u043e\u0436\u043d\u043e \u0438\u0433\u0440\u0430\u0442\u044c \u043a\u0430\u043a \u0432 \u043e\u0434\u0438\u043d\u043e\u0447\u043a\u0443, \u0442\u0430\u043a \u0438 \u0446\u0435\u043b\u043e\u0439 \u043a\u043e\u043c\u043f\u0430\u043d\u0438\u0435\u0439. \u041f\u043e\u043c\u0438\u043c\u043e \u0442\u043e\u0433\u043e, \u0447\u0442\u043e \u0434\u0435\u0442\u0441\u043a\u0438\u0439 \u0434\u0430\u0440\u0442\u0441 \u0441 \u043c\u044f\u0447\u0438\u043a\u0430\u043c\u0438 \u0445\u043e\u0440\u043e\u0448\u043e \u0442\u0440\u0435\u043d\u0438\u0440\u0443\u0435\u0442 \u043a\u043e\u043e\u0440\u0434\u0438\u043d\u0430\u0446\u0438\u044e \u0438 \u043f\u043e\u0441\u043b\u0435\u0434\u043e\u0432\u0430\u0442\u0435\u043b\u044c\u043d\u043e\u0441\u0442\u044c \u0434\u0432\u0438\u0436\u0435\u043d\u0438\u0439, \u043e\u043d \u0440\u0430\u0441\u0441\u043b\u0430\u0431\u043b\u044f\u0435\u0442 \u043c\u044b\u0448\u0446\u044b, \u0441\u043d\u0438\u043c\u0430\u0435\u0442 \u0441\u0442\u0440\u0435\u0441\u0441, \u0443\u0447\u0438\u0442 \u043a\u043e\u043d\u0446\u0435\u043d\u0442\u0440\u0430\u0446\u0438\u0438 \u0432\u043d\u0438\u043c\u0430\u043d\u0438\u044f. \u041f\u0440\u043e\u0441\u0442\u043e \u043f\u043e\u0432\u0435\u0441\u044c\u0442\u0435 \u043c\u0438\u0448\u0435\u043d\u044c \u043d\u0430 \u0441\u0442\u0435\u043d\u0443, \u043e\u0442\u043e\u0439\u0434\u0438\u0442\u0435 \u043d\u0430 \u043f\u0440\u0438\u043b\u0438\u0447\u043d\u043e\u0435 \u0440\u0430\u0441\u0441\u0442\u043e\u044f\u043d\u0438\u0435, \u043f\u0440\u0438\u0446\u0435\u043b\u044c\u0442\u0435\u0441\u044c, \u043a\u0438\u043d\u044c\u0442\u0435 \u0448\u0430\u0440\u0438\u043a, \u0441\u0442\u0430\u0440\u0430\u044f\u0441\u044c \u043f\u043e\u043f\u0430\u0441\u0442\u044c \u0432 \u0446\u0435\u043d\u0442\u0440 \u043c\u0438\u0448\u0435\u043d\u0438.<\/p>\n<p>\u041f\u043e\u0434\u0445\u043e\u0434\u0438\u0442 \u0434\u043b\u044f \u0432\u0435\u0441\u0451\u043b\u044b\u0445 \u0441\u043e\u0440\u0435\u0432\u043d\u043e\u0432\u0430\u043d\u0438\u0439 \u0441 \u0434\u0440\u0443\u0437\u044c\u044f\u043c\u0438 \u0438\u043b\u0438 \u0441\u0430\u043c\u043e\u0441\u0442\u043e\u044f\u0442\u0435\u043b\u044c\u043d\u044b\u0445 \u0442\u0440\u0435\u043d\u0438\u0440\u043e\u0432\u043e\u043a! \u0412 \u043a\u043e\u043c\u043f\u043b\u0435\u043a\u0442 \u0432\u0445\u043e\u0434\u044f\u0442 \u0448\u0430\u0440\u0438\u043a \u0441 \u043b\u0438\u043f\u0443\u0447\u043a\u043e\u0439 \u0438 \u043c\u0438\u0448\u0435\u043d\u044c.[trim][:ro_RO]<strong>Jocul Darts pentru copii are<\/strong> 18 cm \u00een diametru este un joc distractiv \u0219i captivant care poate fi jucat de \u00eentreaga familie. A\u021bi putea chiar juca \u0219i la un premiu, astfel jocul, va deveni \u0219i mai captivant \u0219i va cre\u0219te dorin\u021b\u0103 de a c\u00e2\u0219tiga. Jocul dezvolt\u0103 coordonarea, exactitatea mi\u0219c\u0103rilor. Abilit\u0103\u021bile motorii ale m\u00e2inilor implicate \u00een acest proces au un efect pozitiv asupra dezvolt\u0103rii generale. Precizia arunc\u0103rii se va perfec\u0163iona.<\/p>\n<p><strong>Dartsul moale pentru copii cu scai<\/strong> este un joc distractiv \u0219i captivant. Poate fi jucat de unul singur sau cu prietenii. Pe l\u00e2ng\u0103 faptul c\u0103 jocul pentru copii cu mingi antreneaz\u0103 bine coordonarea \u0219i succesiunea mi\u0219c\u0103rilor, el relaxeaz\u0103 mu\u0219chii, amelioreaz\u0103 stresul \u0219i antreneaz\u0103 concentrarea. Doar at\u00e2rn\u0103 \u021binta de perete, deplaseaz\u0103-te la o distan\u021b\u0103 bun\u0103, \u021binte\u0219te, arunc\u0103 mingea, \u00eencerc\u00e2nd s\u0103 love\u0219ti centrul \u021bintei. Potrivit pentru competi\u021bii distractive cu prietenii sau autoinstruire! Setul include 2 s\u0103ge\u021bi cu scai \u0219i un c\u00e2rlig pentru ag\u0103\u021barea Dar<\/p>\n","protected":false},"excerpt":{"rendered":"<p>[:ru_RU]\u0414\u0435\u0442\u0441\u043a\u0438\u0439 \u0434\u0430\u0440\u0442\u0441, \u0434\u0438\u0430\u043c\u0435\u0442\u0440\u043e\u043c 18 \u0441\u043c, \u043d\u0430 \u043b\u0438\u043f\u0443\u0447\u043a\u0430\u0445 &#8211; \u0432\u0435\u0441\u0435\u043b\u0430\u044f \u0438 \u0443\u0432\u043b\u0435\u043a\u0430\u0442\u0435\u043b\u044c\u043d\u0430\u044f \u0438\u0433\u0440\u0430. \u0412 \u043d\u0435\u0433\u043e \u043c\u043e\u0436\u043d\u043e \u0438\u0433\u0440\u0430\u0442\u044c \u0432\u0441\u0435\u0439 \u0441\u0435\u043c\u044c\u0435\u0439.\u00a0 \u041c\u043e\u0436\u043d\u043e \u043f\u043e\u0434\u043e\u0433\u0440\u0435\u0442\u044c \u0438\u043d\u0442\u0435\u0440\u0435\u0441, \u043d\u0430\u0437\u043d\u0430\u0447\u0438\u0432 \u043a\u0430\u043a\u043e\u0439-\u0442\u043e \u043f\u0440\u0438\u0437 \u043f\u043e\u0431\u0435\u0434\u0438\u0442\u0435\u043b\u044e. \u042d\u0442\u043e \u0432\u044b\u0437\u043e\u0432\u0435\u0442 \u0435\u0449\u0435 \u0431\u043e\u043b\u044c\u0448\u0438\u0439 \u0430\u0437\u0430\u0440\u0442 \u0438 \u0436\u0435\u043b\u0430\u043d\u0438\u0435 \u0432\u044b\u0438\u0433\u0440\u0430\u0442\u044c. \u0412 \u0438\u0433\u0440\u0435 \u0440\u0430\u0437\u0432\u0438\u0432\u0430\u0435\u0442\u0441\u044f \u043a\u043e\u043e\u0440\u0434\u0438\u043d\u0430\u0446\u0438\u044f \u0434\u0432\u0438\u0436\u0435\u043d\u0438\u0439, \u0433\u043b\u0430\u0437\u043e\u043c\u0435\u0440, \u0447\u0443\u0432\u0441\u0442\u0432\u043e \u0434\u0438\u0441\u0442\u0430\u043d\u0446\u0438\u0438. \u041c\u043e\u0442\u043e\u0440\u0438\u043a\u0430 \u0440\u0443\u043a, \u0437\u0430\u0434\u0435\u0439\u0441\u0442\u0432\u043e\u0432\u0430\u043d\u043d\u0430\u044f \u0432 \u044d\u0442\u043e\u043c \u043f\u0440\u043e\u0446\u0435\u0441\u0441\u0435, \u0431\u043b\u0430\u0433\u043e\u043f\u0440\u0438\u044f\u0442\u043d\u043e \u0432\u043e\u0437\u0434\u0435\u0439\u0441\u0442\u0432\u0443\u0435\u0442 \u043d\u0430 \u043e\u0431\u0449\u0435\u0435 \u0440\u0430\u0437\u0432\u0438\u0442\u0438\u0435. \u041e\u0442\u0442\u0430\u0447\u0438\u0432\u0430\u0435\u0442\u0441\u044f \u0442\u043e\u0447\u043d\u043e\u0441\u0442\u044c \u0431\u0440\u043e\u0441\u043a\u0430. [&hellip;]<\/p>\n","protected":false},"featured_media":47222,"comment_status":"open","ping_status":"closed","template":"","meta":{"_acf_changed":false},"product_brand":[],"product_cat":[6709],"product_tag":[],"class_list":{"0":"post-47225","1":"product","2":"type-product","3":"status-publish","4":"has-post-thumbnail","6":"product_cat-ru_ru-interaktivnye-igrushk","8":"first","9":"instock","10":"shipping-taxable","11":"purchasable","12":"product-type-simple"},"acf":[],"_links":{"self":[{"href":"https:\/\/minimax.md\/ru\/wp-json\/wp\/v2\/product\/47225","targetHints":{"allow":["GET"]}}],"collection":[{"href":"https:\/\/minimax.md\/ru\/wp-json\/wp\/v2\/product"}],"about":[{"href":"https:\/\/minimax.md\/ru\/wp-json\/wp\/v2\/types\/product"}],"replies":[{"embeddable":true,"href":"https:\/\/minimax.md\/ru\/wp-json\/wp\/v2\/comments?post=47225"}],"version-history":[{"count":0,"href":"https:\/\/minimax.md\/ru\/wp-json\/wp\/v2\/product\/47225\/revisions"}],"wp:featuredmedia":[{"embeddable":true,"href":"https:\/\/minimax.md\/ru\/wp-json\/wp\/v2\/media\/47222"}],"wp:attachment":[{"href":"https:\/\/minimax.md\/ru\/wp-json\/wp\/v2\/media?parent=47225"}],"wp:term":[{"taxonomy":"product_brand","embeddable":true,"href":"https:\/\/minimax.md\/ru\/wp-json\/wp\/v2\/product_brand?post=47225"},{"taxonomy":"product_cat","embeddable":true,"href":"https:\/\/minimax.md\/ru\/wp-json\/wp\/v2\/product_cat?post=47225"},{"taxonomy":"product_tag","embeddable":true,"href":"https:\/\/minimax.md\/ru\/wp-json\/wp\/v2\/product_tag?post=47225"}],"curies":[{"name":"wp","href":"https:\/\/api.w.org\/{rel}","templated":true}]}}