{"id":47263,"date":"2024-01-11T17:19:39","date_gmt":"2024-01-11T14:19:39","guid":{"rendered":"https:\/\/minimax.md\/product\/47263.html"},"modified":"2024-03-13T00:32:01","modified_gmt":"2024-03-12T21:32:01","slug":"ru_ru-detskaja-katalochka-na-verevochke-igrivyj-kotenok-trim-ro_ro-jucarie-de-tras-pisicuta-jucausa","status":"publish","type":"product","link":"https:\/\/minimax.md\/ru\/product\/47263.html","title":{"rendered":"\u0414\u0435\u0442\u0441\u043a\u0430\u044f \u043a\u0430\u0442\u0430\u043b\u043e\u0447\u043a\u0430 \u043d\u0430 \u0432\u0435\u0440\u0435\u0432\u043e\u0447\u043a\u0435 \"\u0418\u0433\u0440\u0438\u0432\u044b\u0439 \u041a\u043e\u0442\u0435\u043d\u043e\u043a\""},"content":{"rendered":"<p>[:ru_RU]\u041d\u0430\u0433\u043b\u044f\u0434\u043d\u0430\u044f \u0434\u0435\u043c\u043e\u043d\u0441\u0442\u0440\u0430\u0446\u0438\u044f \u0436\u0438\u0437\u043d\u0435\u043d\u043d\u043e\u0433\u043e \u0446\u0438\u043a\u043b\u0430 \u043b\u044f\u0433\u0443\u0448\u043a\u0438 * \u0435\u0441\u043b\u0438 \u043f\u043e\u0442\u044f\u043d\u0443\u0442\u044c \u0437\u0430 \u0432\u0435\u0440\u0435\u0432\u043e\u0447\u043a\u0443, \u0440\u043e\u0442 \u043b\u044f\u0433\u0443\u0448\u043a\u0438-\u043c\u0430\u043c\u044b \u043e\u0442\u043a\u0440\u044b\u0432\u0430\u0435\u0442\u0441\u044f \u0438 \u0437\u0430\u043a\u0440\u044b\u0432\u0430\u0435\u0442\u0441\u044f * \u043a\u043e\u043b\u0435\u0441\u0430 \u0441 \u0440\u0435\u0437\u0438\u043d\u043e\u0432\u044b\u043c\u0438 \u043e\u0431\u043e\u0434\u0430\u043c\u0438 \u043d\u0435 \u0446\u0430\u0440\u0430\u043f\u0430\u044e\u0442 \u043f\u043e\u043b[trim][:ro_RO]Acest pisoi minunat nu vrea s\u0103 se opreasc\u0103 niciodat\u0103 din joac\u0103 cu ghemul s\u0103u de l\u00e2n\u0103! Trage\u021bi-i pe podea pe snur pentru a-i vedea d\u00e2nd din coad\u0103 \u0219i r\u0103sucind zdr\u0103nitoarea de l\u00e2n\u0103 \u00een labe! Incurajati copiii sa traga pisicuta. Cand pot merge pe jos, o pot duce in aventuri. Design atractiv, colorat si atragator. Rotile robuste permit tragerea usoara.<\/p>\n<p>Jucariile sunt realizate din lemn, folosind materiale ecologice, vopsite in culori atragatoare cu vopsele nontoxice, care depasesc cele mai inalte si stricte standarde internationale de siguranta si calitate, precum EN71, ISO9001, ASTM F963 si altele.<\/p>\n<p>De multi ani, Hape a creat jucarii fantastice, de inalta calitate, folosind materiale ecologice si durabile, fiecare produs fiind atent proiectat pentru a stimula abilitatile senzoriale, fizice si emotionale.<\/p>\n","protected":false},"excerpt":{"rendered":"<p>[:ru_RU]\u041d\u0430\u0433\u043b\u044f\u0434\u043d\u0430\u044f \u0434\u0435\u043c\u043e\u043d\u0441\u0442\u0440\u0430\u0446\u0438\u044f \u0436\u0438\u0437\u043d\u0435\u043d\u043d\u043e\u0433\u043e \u0446\u0438\u043a\u043b\u0430 \u043b\u044f\u0433\u0443\u0448\u043a\u0438 * \u0435\u0441\u043b\u0438 \u043f\u043e\u0442\u044f\u043d\u0443\u0442\u044c \u0437\u0430 \u0432\u0435\u0440\u0435\u0432\u043e\u0447\u043a\u0443, \u0440\u043e\u0442 \u043b\u044f\u0433\u0443\u0448\u043a\u0438-\u043c\u0430\u043c\u044b \u043e\u0442\u043a\u0440\u044b\u0432\u0430\u0435\u0442\u0441\u044f \u0438 \u0437\u0430\u043a\u0440\u044b\u0432\u0430\u0435\u0442\u0441\u044f * \u043a\u043e\u043b\u0435\u0441\u0430 \u0441 \u0440\u0435\u0437\u0438\u043d\u043e\u0432\u044b\u043c\u0438 \u043e\u0431\u043e\u0434\u0430\u043c\u0438 \u043d\u0435 \u0446\u0430\u0440\u0430\u043f\u0430\u044e\u0442 \u043f\u043e\u043b[trim][:ro_RO]Acest pisoi minunat nu vrea s\u0103 se opreasc\u0103 niciodat\u0103 din joac\u0103 cu ghemul s\u0103u de l\u00e2n\u0103! Trage\u021bi-i pe podea pe snur pentru a-i vedea d\u00e2nd din coad\u0103 \u0219i r\u0103sucind zdr\u0103nitoarea de l\u00e2n\u0103 \u00een [&hellip;]<\/p>\n","protected":false},"featured_media":47258,"comment_status":"open","ping_status":"closed","template":"","meta":{"_acf_changed":false},"product_brand":[],"product_cat":[6730],"product_tag":[],"class_list":{"0":"post-47263","1":"product","2":"type-product","3":"status-publish","4":"has-post-thumbnail","6":"product_cat-ru_ru-razvivashki-trim-ro_r","8":"first","9":"instock","10":"shipping-taxable","11":"purchasable","12":"product-type-simple"},"acf":[],"_links":{"self":[{"href":"https:\/\/minimax.md\/ru\/wp-json\/wp\/v2\/product\/47263","targetHints":{"allow":["GET"]}}],"collection":[{"href":"https:\/\/minimax.md\/ru\/wp-json\/wp\/v2\/product"}],"about":[{"href":"https:\/\/minimax.md\/ru\/wp-json\/wp\/v2\/types\/product"}],"replies":[{"embeddable":true,"href":"https:\/\/minimax.md\/ru\/wp-json\/wp\/v2\/comments?post=47263"}],"version-history":[{"count":0,"href":"https:\/\/minimax.md\/ru\/wp-json\/wp\/v2\/product\/47263\/revisions"}],"wp:featuredmedia":[{"embeddable":true,"href":"https:\/\/minimax.md\/ru\/wp-json\/wp\/v2\/media\/47258"}],"wp:attachment":[{"href":"https:\/\/minimax.md\/ru\/wp-json\/wp\/v2\/media?parent=47263"}],"wp:term":[{"taxonomy":"product_brand","embeddable":true,"href":"https:\/\/minimax.md\/ru\/wp-json\/wp\/v2\/product_brand?post=47263"},{"taxonomy":"product_cat","embeddable":true,"href":"https:\/\/minimax.md\/ru\/wp-json\/wp\/v2\/product_cat?post=47263"},{"taxonomy":"product_tag","embeddable":true,"href":"https:\/\/minimax.md\/ru\/wp-json\/wp\/v2\/product_tag?post=47263"}],"curies":[{"name":"wp","href":"https:\/\/api.w.org\/{rel}","templated":true}]}}