{"id":47312,"date":"2024-01-11T17:20:13","date_gmt":"2024-01-11T14:20:13","guid":{"rendered":"https:\/\/minimax.md\/product\/47312.html"},"modified":"2024-02-21T09:04:01","modified_gmt":"2024-02-21T06:04:01","slug":"ru_ru-dvuhurovnevyj-trek-strojka-trim-ro_ro-pista-pe-doua-niveluri-constructie","status":"publish","type":"product","link":"https:\/\/minimax.md\/ru\/product\/47312.html","title":{"rendered":"\u0414\u0432\u0443\u0445\u0443\u0440\u043e\u0432\u043d\u0435\u0432\u044b\u0439 \u0442\u0440\u0435\u043a \u0421\u0442\u0440\u043e\u0439\u043a\u0430"},"content":{"rendered":"<p>[:ru_RU]\u0414\u0432\u0443\u0445\u0443\u0440\u043e\u0432\u043d\u0435\u0432\u044b\u0439 \u0442\u0440\u0435\u043a &#8220;\u0421\u0442\u0440\u043e\u0439\u043a\u0430&#8221; \u043f\u043e\u043d\u0440\u0430\u0432\u0438\u0442\u0441\u044f \u0432\u0441\u0435\u043c \u044e\u043d\u044b\u043c \u043b\u044e\u0431\u0438\u0442\u0435\u043b\u044f\u043c \u043c\u0430\u0448\u0438\u043d\u043e\u043a \u0438 \u043a\u0440\u0430\u043d\u043e\u0432. \u042d\u0442\u043e \u043e\u0434\u043d\u043e\u0432\u0440\u0435\u043c\u0435\u043d\u043d\u043e \u0433\u043e\u043d\u043e\u0447\u043d\u044b\u0439 \u0442\u0440\u0435\u043a \u0438 \u0441\u0442\u0440\u043e\u0439\u043a\u0430. \u0412\u044b\u0441\u043e\u043a\u0438\u0439 \u043a\u0440\u0430\u043d \u0437\u0430\u0433\u0440\u0443\u0436\u0430\u0435\u0442 \u0449\u0435\u0431\u0435\u043d\u043a\u0443 \u043d\u0430 \u0441\u0430\u043c\u043e\u0441\u0432\u0430\u043b\u044b, \u0438 \u043e\u043d\u0438 \u0432\u0435\u0437\u0443\u0442 \u0441\u0432\u043e\u0439 \u0433\u0440\u0443\u0437 \u0434\u0430\u043b\u044c\u0448\u0435. \u0411\u043b\u0430\u0433\u043e\u0434\u0430\u0440\u044f \u043f\u043e\u0434\u044a\u0435\u043c\u043d\u0438\u043a\u0443, \u0433\u0440\u0443\u0437\u043e\u0432\u0438\u043a\u0438 \u043f\u0435\u0440\u0435\u043c\u0435\u0449\u0430\u044e\u0442\u0441\u044f \u0441 \u0443\u0440\u043e\u0432\u043d\u044f \u043d\u0430 \u0443\u0440\u043e\u0432\u0435\u043d\u044c \u0438 \u0434\u0432\u0438\u0433\u0430\u044e\u0442\u0441\u044f \u043f\u043e \u0438\u0437\u043e\u0433\u043d\u0443\u0442\u043e\u0439 \u0442\u0440\u0430\u0441\u0441\u0435. \u0422\u0440\u0435\u043a Wheel Garage \u043f\u043e\u043c\u0435\u0449\u0430\u0435\u0442\u0441\u044f \u0432 \u0440\u0430\u0441\u043a\u043b\u0430\u0434\u043d\u043e\u0439 \u043a\u043e\u043c\u043f\u0430\u043a\u0442\u043d\u044b\u0439 \u0447\u0435\u043c\u043e\u0434\u0430\u043d\u0447\u0438\u043a \u0432 \u0432\u0438\u0434\u0435 \u043a\u043e\u043b\u0435\u0441\u0430, \u043a\u043e\u0442\u043e\u0440\u044b\u0439 \u0442\u0430\u043a\u0436\u0435 \u044f\u0432\u043b\u044f\u0435\u0442\u0441\u044f \u0435\u0433\u043e \u043e\u0441\u043d\u043e\u0432\u0430\u043d\u0438\u0435\u043c.[trim][:ro_RO]Pista pe dou\u0103 niveluri \u201eConstruc\u021bie\u201d va atrage to\u021bi iubitorii tineri de ma\u0219ini \u0219i macarale. Este at\u00e2t o pist\u0103 de curse, c\u00e2t \u0219i un \u0219antier. O macara \u00eenalt\u0103 \u00eencarc\u0103 pietri\u0219 pe camioane basculante \u0219i \u00ee\u0219i duc sarcina mai departe. Datorit\u0103 ascensorului, camioanele se deplaseaz\u0103 de la nivel la nivel \u0219i se deplaseaz\u0103 de-a lungul unei piste curbate.<\/p>\n","protected":false},"excerpt":{"rendered":"<p>[:ru_RU]\u0414\u0432\u0443\u0445\u0443\u0440\u043e\u0432\u043d\u0435\u0432\u044b\u0439 \u0442\u0440\u0435\u043a &#8220;\u0421\u0442\u0440\u043e\u0439\u043a\u0430&#8221; \u043f\u043e\u043d\u0440\u0430\u0432\u0438\u0442\u0441\u044f \u0432\u0441\u0435\u043c \u044e\u043d\u044b\u043c \u043b\u044e\u0431\u0438\u0442\u0435\u043b\u044f\u043c \u043c\u0430\u0448\u0438\u043d\u043e\u043a \u0438 \u043a\u0440\u0430\u043d\u043e\u0432. \u042d\u0442\u043e \u043e\u0434\u043d\u043e\u0432\u0440\u0435\u043c\u0435\u043d\u043d\u043e \u0433\u043e\u043d\u043e\u0447\u043d\u044b\u0439 \u0442\u0440\u0435\u043a \u0438 \u0441\u0442\u0440\u043e\u0439\u043a\u0430. \u0412\u044b\u0441\u043e\u043a\u0438\u0439 \u043a\u0440\u0430\u043d \u0437\u0430\u0433\u0440\u0443\u0436\u0430\u0435\u0442 \u0449\u0435\u0431\u0435\u043d\u043a\u0443 \u043d\u0430 \u0441\u0430\u043c\u043e\u0441\u0432\u0430\u043b\u044b, \u0438 \u043e\u043d\u0438 \u0432\u0435\u0437\u0443\u0442 \u0441\u0432\u043e\u0439 \u0433\u0440\u0443\u0437 \u0434\u0430\u043b\u044c\u0448\u0435. \u0411\u043b\u0430\u0433\u043e\u0434\u0430\u0440\u044f \u043f\u043e\u0434\u044a\u0435\u043c\u043d\u0438\u043a\u0443, \u0433\u0440\u0443\u0437\u043e\u0432\u0438\u043a\u0438 \u043f\u0435\u0440\u0435\u043c\u0435\u0449\u0430\u044e\u0442\u0441\u044f \u0441 \u0443\u0440\u043e\u0432\u043d\u044f \u043d\u0430 \u0443\u0440\u043e\u0432\u0435\u043d\u044c \u0438 \u0434\u0432\u0438\u0433\u0430\u044e\u0442\u0441\u044f \u043f\u043e \u0438\u0437\u043e\u0433\u043d\u0443\u0442\u043e\u0439 \u0442\u0440\u0430\u0441\u0441\u0435. \u0422\u0440\u0435\u043a Wheel Garage \u043f\u043e\u043c\u0435\u0449\u0430\u0435\u0442\u0441\u044f \u0432 \u0440\u0430\u0441\u043a\u043b\u0430\u0434\u043d\u043e\u0439 \u043a\u043e\u043c\u043f\u0430\u043a\u0442\u043d\u044b\u0439 \u0447\u0435\u043c\u043e\u0434\u0430\u043d\u0447\u0438\u043a \u0432 \u0432\u0438\u0434\u0435 \u043a\u043e\u043b\u0435\u0441\u0430, \u043a\u043e\u0442\u043e\u0440\u044b\u0439 \u0442\u0430\u043a\u0436\u0435 \u044f\u0432\u043b\u044f\u0435\u0442\u0441\u044f [&hellip;]<\/p>\n","protected":false},"featured_media":47311,"comment_status":"open","ping_status":"closed","template":"","meta":{"_acf_changed":false},"product_brand":[],"product_cat":[6718],"product_tag":[],"class_list":{"0":"post-47312","1":"product","2":"type-product","3":"status-publish","4":"has-post-thumbnail","6":"product_cat-ru_ru-igrushki-dlja-malchik","8":"first","9":"instock","10":"shipping-taxable","11":"purchasable","12":"product-type-simple"},"acf":[],"_links":{"self":[{"href":"https:\/\/minimax.md\/ru\/wp-json\/wp\/v2\/product\/47312","targetHints":{"allow":["GET"]}}],"collection":[{"href":"https:\/\/minimax.md\/ru\/wp-json\/wp\/v2\/product"}],"about":[{"href":"https:\/\/minimax.md\/ru\/wp-json\/wp\/v2\/types\/product"}],"replies":[{"embeddable":true,"href":"https:\/\/minimax.md\/ru\/wp-json\/wp\/v2\/comments?post=47312"}],"version-history":[{"count":0,"href":"https:\/\/minimax.md\/ru\/wp-json\/wp\/v2\/product\/47312\/revisions"}],"wp:featuredmedia":[{"embeddable":true,"href":"https:\/\/minimax.md\/ru\/wp-json\/wp\/v2\/media\/47311"}],"wp:attachment":[{"href":"https:\/\/minimax.md\/ru\/wp-json\/wp\/v2\/media?parent=47312"}],"wp:term":[{"taxonomy":"product_brand","embeddable":true,"href":"https:\/\/minimax.md\/ru\/wp-json\/wp\/v2\/product_brand?post=47312"},{"taxonomy":"product_cat","embeddable":true,"href":"https:\/\/minimax.md\/ru\/wp-json\/wp\/v2\/product_cat?post=47312"},{"taxonomy":"product_tag","embeddable":true,"href":"https:\/\/minimax.md\/ru\/wp-json\/wp\/v2\/product_tag?post=47312"}],"curies":[{"name":"wp","href":"https:\/\/api.w.org\/{rel}","templated":true}]}}