{"id":47428,"date":"2024-01-11T17:20:38","date_gmt":"2024-01-11T14:20:38","guid":{"rendered":"https:\/\/minimax.md\/product\/47428.html"},"modified":"2024-03-13T00:32:02","modified_gmt":"2024-03-12T21:32:02","slug":"ru_ru-konstruktor-tank-4-modeli-kotorye-sobiraetsja-v-1-trim-ro_ro-set-de-construc-ie-tanc-4-modele-care-se-asambleaz-n-1","status":"publish","type":"product","link":"https:\/\/minimax.md\/ru\/product\/47428.html","title":{"rendered":"\u041a\u043e\u043d\u0441\u0442\u0440\u0443\u043a\u0442\u043e\u0440 \u201c\u0422\u0430\u043d\u043a\u201d, 4 \u043c\u043e\u0434\u0435\u043b\u0438 \u043a\u043e\u0442\u043e\u0440\u044b\u0435 \u0441\u043e\u0431\u0438\u0440\u0430\u0435\u0442\u0441\u044f \u0432 1"},"content":{"rendered":"<p>[:ru_RU]\u041d\u0435\u043e\u0431\u044b\u0447\u043d\u044b\u0439 \u043a\u043e\u043d\u0441\u0442\u0440\u0443\u043a\u0442\u043e\u0440 Sluban Army \u201c\u0422\u0430\u043d\u043a\u201d, \u043f\u0440\u0435\u0434\u0441\u0442\u0430\u0432\u043b\u0435\u043d \u0432 \u0430\u0441\u0441\u043e\u0440\u0442\u0438\u043c\u0435\u043d\u0442\u0435. \u041a\u0430\u0436\u0434\u044b\u0439 \u043d\u0430\u0431\u043e\u0440 \u0438\u0437 4 \u043f\u0440\u0435\u0434\u0441\u0442\u0430\u0432\u043b\u044f\u0435\u0442 \u0441\u043e\u0431\u043e\u0439 \u0438\u043d\u0442\u0435\u0440\u0435\u0441\u043d\u0443\u044e \u0438 \u0443\u043d\u0438\u043a\u0430\u043b\u044c\u043d\u0443\u044e \u043c\u043e\u0434\u0435\u043b\u044c \u0432\u043e\u0435\u043d\u043d\u043e\u0439 \u0442\u0435\u0445\u043d\u0438\u043a\u0438 \u0434\u043b\u044f \u0441\u0431\u043e\u0440\u043a\u0438, \u0441\u043e\u0431\u0440\u0430\u0432 \u0432\u0441\u0435 \u043c\u043e\u0434\u0435\u043b\u0438 \u0432\u044b \u0441\u043c\u043e\u0436\u0435\u0442\u0435 \u0438\u0445 \u0441\u043e\u0435\u0434\u0438\u043d\u0438\u0442\u044c \u0432 \u043e\u0434\u0438\u043d \u0431\u043e\u043b\u044c\u0448\u043e\u0439 \u0442\u0430\u043d\u043a. \u0422\u0430\u043a \u0436\u0435\u00a0 \u0432 \u043a\u0430\u0436\u0434\u043e\u043c \u043a\u043e\u043c\u043f\u043b\u0435\u043a\u0442\u0435 1 \u043c\u0438\u043d\u0438\u0444\u0438\u0433\u0443\u0440\u043a\u0430 \u0432\u043e\u0435\u043d\u043d\u043e\u0433\u043e.<\/p>\n<p>\u041a\u043e\u043b\u0438\u0447\u0435\u0441\u0442\u0432\u043e \u0434\u0435\u0442\u0430\u043b\u0435\u0439 \u0432\u0430\u0440\u044c\u0438\u0440\u0443\u0435\u0442\u0441\u044f \u0432 \u0437\u0430\u0432\u0438\u0441\u0438\u043c\u043e\u0441\u0442\u0438 \u043e\u0442 \u043d\u0430\u0431\u043e\u0440\u0430 (76, 104, 90, 78) . \u041e\u0431\u0449\u0435\u0435 \u043a\u043e\u043b\u0438\u0447\u0435\u0441\u0442\u0432\u043e \u044d\u043b\u0435\u043c\u0435\u043d\u0442\u043e\u0432 \u0432 \u043d\u0430\u0431\u043e\u0440\u0435 348 \u044d\u043b\u0435\u043c\u0435\u043d\u0442\u043e\u0432.<\/p>\n<p>\u041a\u043e\u043d\u0441\u0442\u0440\u0443\u043a\u0442\u043e\u0440 \u2013 \u043f\u0440\u0435\u043a\u0440\u0430\u0441\u043d\u0430\u044f \u0440\u0430\u0437\u0432\u0438\u0432\u0430\u044e\u0449\u0430\u044f \u0438\u0433\u0440\u0443\u0448\u043a\u0430. \u0425\u043e\u0440\u043e\u0448\u0438\u0439 \u0434\u0435\u0442\u0441\u043a\u0438\u0439 \u043a\u043e\u043d\u0441\u0442\u0440\u0443\u043a\u0442\u043e\u0440 \u043e\u0442\u043a\u0440\u044b\u0432\u0430\u0435\u0442 \u043f\u0440\u043e\u0441\u0442\u043e\u0440 \u0434\u043b\u044f \u0442\u0432\u043e\u0440\u0447\u0435\u0441\u0442\u0432\u0430, \u0434\u0430\u0435\u0442 \u0440\u0435\u0431\u0435\u043d\u043a\u0443 \u0432\u043e\u0437\u043c\u043e\u0436\u043d\u043e\u0441\u0442\u044c \u043f\u0440\u043e\u044f\u0432\u0438\u0442\u044c \u0441\u0432\u043e\u0438 \u0441\u043f\u043e\u0441\u043e\u0431\u043d\u043e\u0441\u0442\u0438 \u0438 \u043f\u043e\u043c\u043e\u0433\u0430\u0435\u0442 \u0440\u0430\u0437\u0432\u0438\u0432\u0430\u0442\u044c \u0438\u0445. \u0418\u0437\u0434\u0435\u043b\u0438\u0435 \u0438\u0437\u0433\u043e\u0442\u043e\u0432\u043b\u0435\u043d\u043e \u0438\u0437 \u044d\u043a\u043e\u043b\u043e\u0433\u0438\u0447\u0435\u0441\u043a\u043e\u0433\u043e \u043f\u043b\u0430\u0441\u0442\u0438\u043a\u0430, \u0441\u043e\u043e\u0442\u0432\u0435\u0442\u0441\u0442\u0432\u0443\u0435\u0442 \u0441\u0430\u043d\u0438\u0442\u0430\u0440\u043d\u043e-\u0442\u0435\u0445\u043d\u0438\u0447\u0435\u0441\u043a\u0438\u043c \u043d\u043e\u0440\u043c\u0430\u043c \u0438 \u0441\u0442\u0430\u043d\u0434\u0430\u0440\u0442\u0430\u043c \u043a\u0430\u0447\u0435\u0441\u0442\u0432\u0430.<\/p>\n<p>\u041a\u043e\u043d\u0441\u0442\u0440\u0443\u043a\u0442\u043e\u0440 Sluban \u2013 \u044d\u0442\u043e \u043f\u0440\u0435\u043a\u0440\u0430\u0441\u043d\u044b\u0439 \u043f\u043e\u0434\u0430\u0440\u043e\u043a \u0434\u043b\u044f \u0440\u0435\u0431\u0435\u043d\u043a\u0430. \u0421\u043e\u0431\u0438\u0440\u0430\u0442\u044c \u043a\u043e\u043d\u0441\u0442\u0440\u0443\u043a\u0442\u043e\u0440 \u2013 \u0443\u0432\u043b\u0435\u043a\u0430\u0442\u0435\u043b\u044c\u043d\u043e\u0435 \u0437\u0430\u043d\u044f\u0442\u0438\u0435, \u043a\u0430\u043a \u0434\u043b\u044f \u043c\u0430\u043b\u044c\u0447\u0438\u043a\u0430, \u0442\u0430\u043a \u0438 \u0434\u043b\u044f \u0434\u0435\u0432\u043e\u0447\u043a\u0438. \u0420\u0435\u0431\u0435\u043d\u043e\u043a \u043c\u043e\u0436\u0435\u0442 \u043f\u043e\u0441\u0442\u0440\u043e\u0438\u0442\u044c \u0441\u0432\u043e\u0438\u043c\u0438 \u0440\u0443\u043a\u0430\u043c\u0438 \u043c\u0430\u0448\u0438\u043d\u043a\u0443, \u0437\u0430\u043c\u043e\u043a \u0438\u043b\u0438 \u043a\u0440\u0435\u043f\u043e\u0441\u0442\u044c \u0438 \u043f\u043e\u0442\u043e\u043c \u0438\u0433\u0440\u0430\u0442\u044c \u0441 \u043d\u0438\u043c\u0438. \u041a\u043e\u043d\u0441\u0442\u0440\u0443\u043a\u0442\u043e\u0440\u044b \u043f\u0440\u043e\u0438\u0437\u0432\u043e\u0434\u0438\u0442\u0435\u043b\u044f Sluban \u0440\u0430\u0437\u0432\u0438\u0432\u0430\u044e\u0442 \u043b\u043e\u0433\u0438\u0447\u0435\u0441\u043a\u043e\u0435 \u043c\u044b\u0448\u043b\u0435\u043d\u0438\u0435 \u0438 \u043e\u0431\u044a\u0435\u043c\u043d\u043e\u0435 \u0432\u043e\u0441\u043f\u0440\u0438\u044f[trim][:ro_RO]<strong>Setul de construc\u021bie neobi\u0219nuit al Sluban Army\u00a0\u201eTancul\u201d<\/strong> este disponibil \u00een sortiment. Fiecare set din 4 este un model de tehnic\u0103 militar\u0103 \u0219i unic\u0103, de construit, iar prin colectarea tuturor modelelor le pute\u021bi combina \u00eentr-un singur tanc mare. De asemenea, fiecare se on\u021bine o minifigurin\u0103 de militar.<\/p>\n<p>Cantitatea de elemente variaza \u00een func\u021bie de set (76, 104, 90, 78) . Num\u0103rul total de elemente pentru tanc este de 348.<\/p>\n<p>Constructorul este o juc\u0103rie educa\u021bional\u0103 minunat\u0103. Un set bun de construc\u021bie pentru copii deschide spa\u021biu pentru creativitate, ofer\u0103 copilului posibilitatea de a-\u0219i ar\u0103ta abilit\u0103\u021bile \u0219i ajut\u0103 la dezvoltarea acestora. Produsul este fabricat din plastic ecologic \u0219i respect\u0103 standardele sanitare \u0219i tehnice \u0219i standardele de calitate.<\/p>\n<p><em>Setul de construc\u021bie Sluban este un cadou minunat pentru un copil. Asamblarea unui set de construc\u021bie este o activitate fascinant\u0103 at\u00e2t pentru b\u0103ie\u021bi, c\u00e2t \u0219i pentru fete. Un copil poate construi o ma\u0219in\u0103, un castel sau o fort\u0103rea\u021b\u0103 cu pro<\/p>\n","protected":false},"excerpt":{"rendered":"<p>[:ru_RU]\u041d\u0435\u043e\u0431\u044b\u0447\u043d\u044b\u0439 \u043a\u043e\u043d\u0441\u0442\u0440\u0443\u043a\u0442\u043e\u0440 Sluban Army \u201c\u0422\u0430\u043d\u043a\u201d, \u043f\u0440\u0435\u0434\u0441\u0442\u0430\u0432\u043b\u0435\u043d \u0432 \u0430\u0441\u0441\u043e\u0440\u0442\u0438\u043c\u0435\u043d\u0442\u0435. \u041a\u0430\u0436\u0434\u044b\u0439 \u043d\u0430\u0431\u043e\u0440 \u0438\u0437 4 \u043f\u0440\u0435\u0434\u0441\u0442\u0430\u0432\u043b\u044f\u0435\u0442 \u0441\u043e\u0431\u043e\u0439 \u0438\u043d\u0442\u0435\u0440\u0435\u0441\u043d\u0443\u044e \u0438 \u0443\u043d\u0438\u043a\u0430\u043b\u044c\u043d\u0443\u044e \u043c\u043e\u0434\u0435\u043b\u044c \u0432\u043e\u0435\u043d\u043d\u043e\u0439 \u0442\u0435\u0445\u043d\u0438\u043a\u0438 \u0434\u043b\u044f \u0441\u0431\u043e\u0440\u043a\u0438, \u0441\u043e\u0431\u0440\u0430\u0432 \u0432\u0441\u0435 \u043c\u043e\u0434\u0435\u043b\u0438 \u0432\u044b \u0441\u043c\u043e\u0436\u0435\u0442\u0435 \u0438\u0445 \u0441\u043e\u0435\u0434\u0438\u043d\u0438\u0442\u044c \u0432 \u043e\u0434\u0438\u043d \u0431\u043e\u043b\u044c\u0448\u043e\u0439 \u0442\u0430\u043d\u043a. \u0422\u0430\u043a \u0436\u0435\u00a0 \u0432 \u043a\u0430\u0436\u0434\u043e\u043c \u043a\u043e\u043c\u043f\u043b\u0435\u043a\u0442\u0435 1 \u043c\u0438\u043d\u0438\u0444\u0438\u0433\u0443\u0440\u043a\u0430 \u0432\u043e\u0435\u043d\u043d\u043e\u0433\u043e. \u041a\u043e\u043b\u0438\u0447\u0435\u0441\u0442\u0432\u043e \u0434\u0435\u0442\u0430\u043b\u0435\u0439 \u0432\u0430\u0440\u044c\u0438\u0440\u0443\u0435\u0442\u0441\u044f \u0432 \u0437\u0430\u0432\u0438\u0441\u0438\u043c\u043e\u0441\u0442\u0438 \u043e\u0442 \u043d\u0430\u0431\u043e\u0440\u0430 (76, 104, 90, 78) . \u041e\u0431\u0449\u0435\u0435 \u043a\u043e\u043b\u0438\u0447\u0435\u0441\u0442\u0432\u043e [&hellip;]<\/p>\n","protected":false},"featured_media":47424,"comment_status":"open","ping_status":"closed","template":"","meta":{"_acf_changed":false},"product_brand":[],"product_cat":[6711],"product_tag":[],"class_list":{"0":"post-47428","1":"product","2":"type-product","3":"status-publish","4":"has-post-thumbnail","6":"product_cat-ru_ru-konstruktory-trim-ro_","8":"first","9":"instock","10":"shipping-taxable","11":"purchasable","12":"product-type-simple"},"acf":[],"_links":{"self":[{"href":"https:\/\/minimax.md\/ru\/wp-json\/wp\/v2\/product\/47428","targetHints":{"allow":["GET"]}}],"collection":[{"href":"https:\/\/minimax.md\/ru\/wp-json\/wp\/v2\/product"}],"about":[{"href":"https:\/\/minimax.md\/ru\/wp-json\/wp\/v2\/types\/product"}],"replies":[{"embeddable":true,"href":"https:\/\/minimax.md\/ru\/wp-json\/wp\/v2\/comments?post=47428"}],"version-history":[{"count":0,"href":"https:\/\/minimax.md\/ru\/wp-json\/wp\/v2\/product\/47428\/revisions"}],"wp:featuredmedia":[{"embeddable":true,"href":"https:\/\/minimax.md\/ru\/wp-json\/wp\/v2\/media\/47424"}],"wp:attachment":[{"href":"https:\/\/minimax.md\/ru\/wp-json\/wp\/v2\/media?parent=47428"}],"wp:term":[{"taxonomy":"product_brand","embeddable":true,"href":"https:\/\/minimax.md\/ru\/wp-json\/wp\/v2\/product_brand?post=47428"},{"taxonomy":"product_cat","embeddable":true,"href":"https:\/\/minimax.md\/ru\/wp-json\/wp\/v2\/product_cat?post=47428"},{"taxonomy":"product_tag","embeddable":true,"href":"https:\/\/minimax.md\/ru\/wp-json\/wp\/v2\/product_tag?post=47428"}],"curies":[{"name":"wp","href":"https:\/\/api.w.org\/{rel}","templated":true}]}}