{"id":47456,"date":"2024-01-11T17:20:42","date_gmt":"2024-01-11T14:20:42","guid":{"rendered":"https:\/\/minimax.md\/product\/47456.html"},"modified":"2024-02-17T09:04:43","modified_gmt":"2024-02-17T06:04:43","slug":"ru_ru-kukla-malenkaja-devochka-13-sm-24-modeli-trim-ro_ro-p-pu-a-micu-a-feti-13-cm-24-modele","status":"publish","type":"product","link":"https:\/\/minimax.md\/ru\/product\/47456.html","title":{"rendered":"\u041a\u0443\u043a\u043b\u0430 \"\u041c\u0430\u043b\u0435\u043d\u044c\u043a\u0430\u044f \u0434\u0435\u0432\u043e\u0447\u043a\u0430\", 13 \u0441\u043c, 24 \u043c\u043e\u0434\u0435\u043b\u0438"},"content":{"rendered":"<p>[:ru_RU]\u041c\u0430\u043b\u0435\u043d\u044c\u043a\u0430\u044f \u043a\u0443\u043a\u043b\u0430 \u0441\u0442\u0430\u043d\u0435\u0442 \u043f\u0440\u0435\u043a\u0440\u0430\u0441\u043d\u044b\u043c \u043f\u043e\u0434\u0430\u0440\u043a\u043e\u043c \u0434\u043b\u044f \u0432\u0430\u0448\u0435\u0439 \u043f\u0440\u0438\u043d\u0446\u0435\u0441\u0441\u044b!<\/p>\n<p>\u041a\u0430\u0436\u0434\u0430\u044f \u043c\u043e\u0434\u0435\u043b\u044c \u0438\u0437 24 \u043e\u0434\u0435\u0442\u0430 \u0432 \u044f\u0440\u043a\u0443\u044e, \u043c\u043e\u0434\u043d\u0443\u044e \u043e\u0434\u0435\u0436\u0434\u0443 \u043a\u043e\u0442\u043e\u0440\u0443\u044e \u043b\u0435\u0433\u043a\u043e \u0441\u043d\u044f\u0442\u044c \u0438 \u043d\u0430\u0434\u0435\u0442\u044c. \u0423 \u043d\u0438\u0445 \u0434\u043b\u0438\u043d\u043d\u044b\u0435 \u043a\u0440\u0430\u0441\u0438\u0432\u044b\u0435 \u0432\u043e\u043b\u043e\u0441\u044b, \u043a\u043e\u0442\u043e\u0440\u044b\u0435 \u043c\u043e\u0436\u043d\u043e \u0440\u0430\u0441\u043f\u0443\u0441\u0442\u0438\u0442\u044c, \u0440\u0430\u0441\u0447\u0451\u0441\u044b\u0432\u0430\u0442\u044c \u0438 \u0443\u043a\u043b\u0430\u0434\u044b\u0432\u0430\u0442\u044c \u0432 \u0440\u0430\u0437\u043d\u044b\u0435 \u043f\u0440\u0438\u0447\u0451\u0441\u043a\u0438.<\/p>\n<p>\u0418\u0433\u0440\u0430 \u0441 \u0438\u043d\u0442\u0435\u0440\u0430\u043a\u0442\u0438\u0432\u043d\u043e\u0439 \u043a\u0443\u043a\u043b\u043e\u0439 \u0443\u0447\u0438\u0442 \u0440\u0435\u0431\u0451\u043d\u043a\u0430 \u0437\u0430\u0431\u043e\u0442\u0438\u0442\u044c\u0441\u044f \u043e\u0431 \u043e\u043a\u0440\u0443\u0436\u0430\u044e\u0449\u0438\u0445, \u0431\u044b\u0442\u044c \u043e\u0442\u0432\u0435\u0442\u0441\u0442\u0432\u0435\u043d\u043d\u044b\u043c \u0438 \u0432\u043d\u0438\u043c\u0430\u0442\u0435\u043b\u044c\u043d\u044b\u043c, \u0430 \u0442\u0430\u043a\u0436\u0435 \u0440\u0430\u0437\u0432\u0438\u0432\u0430\u0435\u0442: \u0432\u043e\u043e\u0431\u0440\u0430\u0436\u0435\u043d\u0438\u0435, \u0447\u0443\u0432\u0441\u0442\u0432\u043e \u0441\u0442\u0438\u043b\u044f \u0438 \u0441\u043e\u0446\u0438\u0430\u043b\u044c\u043d\u043e-\u043a\u043e\u043c\u043c\u0443\u043d\u0438\u043a\u0430\u0442\u0438\u0432\u043d\u044b\u0435 \u043d\u0430\u0432\u044b\u043a\u0438<\/p>\n<p>\u0420\u043e\u0441\u0442 \u043a\u0443\u043a\u043b\u044b: 13 \u0441\u043c.<br \/>\n\u041c\u0430\u0442\u0435\u0440\u0438\u0430\u043b: \u043f\u043b\u0430\u0441\u0442\u043c\u0430\u0441\u0441\u0430, \u0432\u0438\u043d\u0438\u043b, \u0442\u0435\u043a\u0441\u0442\u0438\u043b\u044c.<br \/>\n\u0420\u0435\u043a\u043e\u043c\u0435\u043d\u0434\u043e\u0432\u0430\u043d\u043e \u0434\u0435\u0442\u044f\u043c \u043e\u0442 3-\u0445 \u043b\u0435\u0442.[trim][:ro_RO]<strong>Micu\u021ba feti\u021b\u0103 va fi un cadou minunat pentru prin\u021besa ta!<\/strong><\/p>\n<p>Fiecare model din 24 este \u00eembr\u0103cat \u00een haine colorate, la mod\u0103, u\u0219or de scos \u0219i \u00eembr\u0103cat. Au un p\u0103r lung \u0219i frumos, care poate fi l\u0103sat jos, piept\u0103nat \u0219i coafat.<\/p>\n<p>Jocul cu o p\u0103pu\u0219a \u00eenva\u021b\u0103 copilul s\u0103 aib\u0103 grij\u0103 de ceilal\u021bi, s\u0103 fie responsabil \u0219i atent \u0219i, de asemenea, dezvolt\u0103: imagina\u021bia, sim\u021bul stilului \u0219i abilit\u0103\u021bile sociale \u0219i de comunicare<\/p>\n<p>Inaltime papusa: 13 cm.<br \/>\nMaterial: plastic, vinil, textil.<br \/>\nRecomandat copiilor peste 3 ani.<\/p>\n","protected":false},"excerpt":{"rendered":"<p>[:ru_RU]\u041c\u0430\u043b\u0435\u043d\u044c\u043a\u0430\u044f \u043a\u0443\u043a\u043b\u0430 \u0441\u0442\u0430\u043d\u0435\u0442 \u043f\u0440\u0435\u043a\u0440\u0430\u0441\u043d\u044b\u043c \u043f\u043e\u0434\u0430\u0440\u043a\u043e\u043c \u0434\u043b\u044f \u0432\u0430\u0448\u0435\u0439 \u043f\u0440\u0438\u043d\u0446\u0435\u0441\u0441\u044b! \u041a\u0430\u0436\u0434\u0430\u044f \u043c\u043e\u0434\u0435\u043b\u044c \u0438\u0437 24 \u043e\u0434\u0435\u0442\u0430 \u0432 \u044f\u0440\u043a\u0443\u044e, \u043c\u043e\u0434\u043d\u0443\u044e \u043e\u0434\u0435\u0436\u0434\u0443 \u043a\u043e\u0442\u043e\u0440\u0443\u044e \u043b\u0435\u0433\u043a\u043e \u0441\u043d\u044f\u0442\u044c \u0438 \u043d\u0430\u0434\u0435\u0442\u044c. \u0423 \u043d\u0438\u0445 \u0434\u043b\u0438\u043d\u043d\u044b\u0435 \u043a\u0440\u0430\u0441\u0438\u0432\u044b\u0435 \u0432\u043e\u043b\u043e\u0441\u044b, \u043a\u043e\u0442\u043e\u0440\u044b\u0435 \u043c\u043e\u0436\u043d\u043e \u0440\u0430\u0441\u043f\u0443\u0441\u0442\u0438\u0442\u044c, \u0440\u0430\u0441\u0447\u0451\u0441\u044b\u0432\u0430\u0442\u044c \u0438 \u0443\u043a\u043b\u0430\u0434\u044b\u0432\u0430\u0442\u044c \u0432 \u0440\u0430\u0437\u043d\u044b\u0435 \u043f\u0440\u0438\u0447\u0451\u0441\u043a\u0438. \u0418\u0433\u0440\u0430 \u0441 \u0438\u043d\u0442\u0435\u0440\u0430\u043a\u0442\u0438\u0432\u043d\u043e\u0439 \u043a\u0443\u043a\u043b\u043e\u0439 \u0443\u0447\u0438\u0442 \u0440\u0435\u0431\u0451\u043d\u043a\u0430 \u0437\u0430\u0431\u043e\u0442\u0438\u0442\u044c\u0441\u044f \u043e\u0431 \u043e\u043a\u0440\u0443\u0436\u0430\u044e\u0449\u0438\u0445, \u0431\u044b\u0442\u044c \u043e\u0442\u0432\u0435\u0442\u0441\u0442\u0432\u0435\u043d\u043d\u044b\u043c \u0438 \u0432\u043d\u0438\u043c\u0430\u0442\u0435\u043b\u044c\u043d\u044b\u043c, \u0430 \u0442\u0430\u043a\u0436\u0435 \u0440\u0430\u0437\u0432\u0438\u0432\u0430\u0435\u0442: \u0432\u043e\u043e\u0431\u0440\u0430\u0436\u0435\u043d\u0438\u0435, \u0447\u0443\u0432\u0441\u0442\u0432\u043e \u0441\u0442\u0438\u043b\u044f [&hellip;]<\/p>\n","protected":false},"featured_media":47455,"comment_status":"open","ping_status":"closed","template":"","meta":{"_acf_changed":false},"product_brand":[],"product_cat":[6697],"product_tag":[],"class_list":{"0":"post-47456","1":"product","2":"type-product","3":"status-publish","4":"has-post-thumbnail","6":"product_cat-ru_ru-kukly-trim-ro_ro-p-pu","8":"first","9":"instock","10":"shipping-taxable","11":"purchasable","12":"product-type-simple"},"acf":[],"_links":{"self":[{"href":"https:\/\/minimax.md\/ru\/wp-json\/wp\/v2\/product\/47456","targetHints":{"allow":["GET"]}}],"collection":[{"href":"https:\/\/minimax.md\/ru\/wp-json\/wp\/v2\/product"}],"about":[{"href":"https:\/\/minimax.md\/ru\/wp-json\/wp\/v2\/types\/product"}],"replies":[{"embeddable":true,"href":"https:\/\/minimax.md\/ru\/wp-json\/wp\/v2\/comments?post=47456"}],"version-history":[{"count":0,"href":"https:\/\/minimax.md\/ru\/wp-json\/wp\/v2\/product\/47456\/revisions"}],"wp:featuredmedia":[{"embeddable":true,"href":"https:\/\/minimax.md\/ru\/wp-json\/wp\/v2\/media\/47455"}],"wp:attachment":[{"href":"https:\/\/minimax.md\/ru\/wp-json\/wp\/v2\/media?parent=47456"}],"wp:term":[{"taxonomy":"product_brand","embeddable":true,"href":"https:\/\/minimax.md\/ru\/wp-json\/wp\/v2\/product_brand?post=47456"},{"taxonomy":"product_cat","embeddable":true,"href":"https:\/\/minimax.md\/ru\/wp-json\/wp\/v2\/product_cat?post=47456"},{"taxonomy":"product_tag","embeddable":true,"href":"https:\/\/minimax.md\/ru\/wp-json\/wp\/v2\/product_tag?post=47456"}],"curies":[{"name":"wp","href":"https:\/\/api.w.org\/{rel}","templated":true}]}}