{"id":47567,"date":"2024-01-11T17:20:56","date_gmt":"2024-01-11T14:20:56","guid":{"rendered":"https:\/\/minimax.md\/product\/47567.html"},"modified":"2024-02-21T09:04:06","modified_gmt":"2024-02-21T06:04:06","slug":"ru_ru-kukla-barbie-dreamtopia-rusalka-s-purpurnymi-volosami-trim-ro_ro-papu-a-barbie-dreamtopia-sirena-cu-p-r-violet","status":"publish","type":"product","link":"https:\/\/minimax.md\/ru\/product\/47567.html","title":{"rendered":"\u041a\u0443\u043a\u043b\u0430 Barbie Dreamtopia \"\u0420\u0443\u0441\u0430\u043b\u043a\u0430 \u0441 \u043f\u0443\u0440\u043f\u0443\u0440\u043d\u044b\u043c\u0438 \u0432\u043e\u043b\u043e\u0441\u0430\u043c\u0438\""},"content":{"rendered":"<p>[:ru_RU]\u041a\u043e\u043b\u043b\u0435\u043a\u0446\u0438\u044f \u043a\u0443\u043a\u043e\u043b-\u0440\u0443\u0441\u0430\u043b\u043e\u043a Barbie Dreamtopia, \u0441 \u044f\u0440\u043a\u0438\u043c\u0438 \u0432\u043e\u043b\u043e\u0441\u0430\u043c\u0438, \u0434\u0438\u0430\u0434\u0435\u043c\u043e\u0439 \u0438 \u0445\u0432\u043e\u0441\u0442\u0430\u043c\u0438 \u0440\u0443\u0441\u0430\u043b\u043a\u0438.<\/p>\n<p>\u041a\u0443\u043a\u043b\u044b-\u0440\u0443\u0441\u0430\u043b\u043a\u0438 \u0438\u0437 \u043a\u043e\u043b\u043b\u0435\u043a\u0446\u0438\u0438 Barbie Dreamtopia \u0441\u043e\u0437\u0434\u0430\u044e\u0442 \u044f\u0440\u043a\u0438\u0435 \u0444\u0430\u043d\u0442\u0430\u0441\u0442\u0438\u0447\u0435\u0441\u043a\u0438\u0435 \u043e\u0431\u0440\u0430\u0437\u044b \u0434\u043b\u044f \u0440\u0430\u0441\u0441\u043a\u0430\u0437\u044b\u0432\u0430\u043d\u0438\u044f \u0438\u0441\u0442\u043e\u0440\u0438\u0439!<\/p>\n<p>\u042d\u0442\u0438 \u043a\u0443\u043a\u043b\u044b-\u0440\u0443\u0441\u0430\u043b\u043a\u0438 \u0432\u0434\u043e\u0445\u043d\u043e\u0432\u043b\u044f\u044e\u0442 \u043d\u0430 \u043f\u043e\u0434\u0432\u043e\u0434\u043d\u044b\u0435 \u043f\u0440\u0438\u043a\u043b\u044e\u0447\u0435\u043d\u0438\u044f \u0431\u043b\u0430\u0433\u043e\u0434\u0430\u0440\u044f \u044f\u0440\u043a\u043e\u0439 \u0446\u0432\u0435\u0442\u043e\u0432\u043e\u0439 \u043f\u0430\u043b\u0438\u0442\u0440\u0435, \u043a\u043e\u0440\u0441\u0435\u0442\u0430\u043c\u0438 \u0432 \u0432\u0438\u0434\u0435 \u0440\u0430\u043a\u0443\u0448\u0435\u043a \u0438 \u0440\u0430\u0437\u043d\u043e\u0446\u0432\u0435\u0442\u043d\u044b\u043c \u043e\u043c\u0431\u0440\u0435 \u043d\u0430 \u0445\u0432\u043e\u0441\u0442\u0430\u0445. \u0412\u043e\u043b\u043e\u0441\u044b \u0438 \u043a\u043e\u0440\u043e\u043b\u0435\u0432\u0441\u043a\u0430\u044f \u0442\u0438\u0430\u0440\u0430 \u0432\u0434\u043e\u0445\u043d\u043e\u0432\u043b\u0435\u043d\u043d\u044b\u0435 \u043c\u043e\u0440\u0435\u043c, \u0437\u0430\u0432\u0435\u0440\u0448\u0430\u044e\u0442 \u043e\u0431\u0440\u0430\u0437 \u043a\u0430\u0436\u0434\u043e\u0439 \u043a\u0443\u043a\u043b\u044b.<\/p>\n<p>\u041a\u0443\u043a\u043b\u044b-\u0440\u0443\u0441\u0430\u043b\u043a\u0438 Barbie\u2122 Dreamtopia \u0441 \u043f\u043e\u0442\u0440\u044f\u0441\u0430\u044e\u0449\u0438\u043c \u0432\u043d\u0435\u0448\u043d\u0438\u043c \u0432\u0438\u0434\u043e\u043c \u0438 \u0444\u0430\u043d\u0442\u0430\u0441\u0442\u0438\u0447\u0435\u0441\u043a\u0438\u043c\u0438 \u0434\u0435\u0442\u0430\u043b\u044f\u043c\u0438 \u0432\u0434\u043e\u0445\u043d\u043e\u0432\u043b\u044f\u044e\u0442 \u0434\u0435\u0442\u0435\u0439\u00a0 \u0440\u0430\u0441\u0441\u043a\u0430\u0437\u044b\u0432\u0430\u0442\u044c \u0431\u0435\u0441\u043a\u043e\u043d\u0435\u0447\u043d\u044b\u0435 \u0441\u043a\u0430\u0437\u043a\u0438.<\/p>\n<p>\u041a\u0443\u043a\u043b\u044b \u0438\u0437\u0433\u0438\u0431\u0430\u044e\u0442\u0441\u044f \u0432 \u0442\u0430\u043b\u0438\u0438, \u0447\u0442\u043e\u0431\u044b \u043e\u043d\u0438 \u043c\u043e\u0433\u043b\u0438 \u00ab\u043f\u043b\u0430\u0432\u0430\u0442\u044c\u00bb \u0432 \u043c\u043e\u0440\u0435 \u0438\u043b\u0438 \u0441\u0438\u0434\u0435\u0442\u044c!<\/p>\n<p>\u0412\u0410\u0416\u041d\u041e:<\/p>\n<p>\u041a\u0430\u0436\u0434\u0430\u044f \u043a\u0443\u043a\u043b\u0430 \u043f\u0440\u043e\u0434\u0430\u0435\u0442\u0441\u044f \u043e\u0442\u0434\u0435\u043b\u044c\u043d\u043e \u0438 \u0432 \u0437\u0430\u0432\u0438\u0441\u0438\u043c\u043e\u0441\u0442\u0438 \u043e\u0442 \u043d\u0430\u043b\u0438\u0447\u0438\u044f.<\/p>\n<p> \u041a\u0443\u043a\u043b\u044b \u043d\u0435 \u043c\u043e\u0433\u0443\u0442 \u043f\u043b\u0430\u0432\u0430\u0442\u044c \u0438\u043b\u0438 \u0441\u0442\u043e\u044f\u0442\u044c. <\/p>\n<p>\u0426\u0432\u0435\u0442\u0430 \u0438 \u0443\u043a\u0440\u0430\u0448\u0435\u043d\u0438\u044f \u043c\u043e\u0433\u0443\u0442 \u043e\u0442\u043b\u0438\u0447\u0430\u0442\u044c\u0441\u044f.[trim][:ro_RO]<strong>Colec\u021bie de p\u0103pu\u0219i siren\u0103 Barbie Dreamtopia, cu p\u0103r colorat, tiara \u0219i cozi de siren\u0103.<\/strong><\/p>\n<p>P\u0103pu\u0219ile siren\u0103 Barbie Dreamtopia creeaz\u0103 imagini vii pentru copila\u0219ii care iubesc s\u0103 inventeze pove\u0219ti!<\/p>\n<p>Aceste p\u0103pu\u0219i-siren\u0103 inspir\u0103 la aventuri subacvatice, \u00eembr\u0103cate \u00eentr-o gam\u0103 de\u00a0 culori vibrante, corsete de coaj\u0103 \u0219i cozi colorate ombre. P\u0103rul inspirat de mare \u0219i o tiar\u0103 regal\u0103 completeaz\u0103 aspectul fiec\u0103rei p\u0103pu\u0219i.<\/p>\n<p>Cu un aspect uimitor \u0219i detalii fantastice, p\u0103pu\u0219ile siren\u0103 Barbie Dreamtopia \u00eei inspir\u0103 pe copii s\u0103 spun\u0103 pove\u0219ti nesf\u00e2r\u0219ite.<\/p>\n<p>P\u0103pu\u0219ile se pliaz\u0103 \u00een talie ca s\u0103 poat\u0103 \u201e\u00eenota\u201d \u00een mare sau s\u0103 stea \u00een picioare!<\/p>\n<p><strong>IMPORTANT:<\/strong><\/p>\n<p><strong>Fiecare model din colec\u021bie este v\u00e2ndut separat \u0219i \u00een func\u021bie de disponibilitate.<\/strong><\/p>\n<p><strong>P\u0103pu\u0219ile nu pot s\u0103 \u00eenoate sau s\u0103 stea \u00een picioare.<\/strong><\/p>\n<p><strong>Culorile \u0219i ornamentele pot varia.<\/strong><\/p>\n","protected":false},"excerpt":{"rendered":"<p>[:ru_RU]\u041a\u043e\u043b\u043b\u0435\u043a\u0446\u0438\u044f \u043a\u0443\u043a\u043e\u043b-\u0440\u0443\u0441\u0430\u043b\u043e\u043a Barbie Dreamtopia, \u0441 \u044f\u0440\u043a\u0438\u043c\u0438 \u0432\u043e\u043b\u043e\u0441\u0430\u043c\u0438, \u0434\u0438\u0430\u0434\u0435\u043c\u043e\u0439 \u0438 \u0445\u0432\u043e\u0441\u0442\u0430\u043c\u0438 \u0440\u0443\u0441\u0430\u043b\u043a\u0438. \u041a\u0443\u043a\u043b\u044b-\u0440\u0443\u0441\u0430\u043b\u043a\u0438 \u0438\u0437 \u043a\u043e\u043b\u043b\u0435\u043a\u0446\u0438\u0438 Barbie Dreamtopia \u0441\u043e\u0437\u0434\u0430\u044e\u0442 \u044f\u0440\u043a\u0438\u0435 \u0444\u0430\u043d\u0442\u0430\u0441\u0442\u0438\u0447\u0435\u0441\u043a\u0438\u0435 \u043e\u0431\u0440\u0430\u0437\u044b \u0434\u043b\u044f \u0440\u0430\u0441\u0441\u043a\u0430\u0437\u044b\u0432\u0430\u043d\u0438\u044f \u0438\u0441\u0442\u043e\u0440\u0438\u0439! \u042d\u0442\u0438 \u043a\u0443\u043a\u043b\u044b-\u0440\u0443\u0441\u0430\u043b\u043a\u0438 \u0432\u0434\u043e\u0445\u043d\u043e\u0432\u043b\u044f\u044e\u0442 \u043d\u0430 \u043f\u043e\u0434\u0432\u043e\u0434\u043d\u044b\u0435 \u043f\u0440\u0438\u043a\u043b\u044e\u0447\u0435\u043d\u0438\u044f \u0431\u043b\u0430\u0433\u043e\u0434\u0430\u0440\u044f \u044f\u0440\u043a\u043e\u0439 \u0446\u0432\u0435\u0442\u043e\u0432\u043e\u0439 \u043f\u0430\u043b\u0438\u0442\u0440\u0435, \u043a\u043e\u0440\u0441\u0435\u0442\u0430\u043c\u0438 \u0432 \u0432\u0438\u0434\u0435 \u0440\u0430\u043a\u0443\u0448\u0435\u043a \u0438 \u0440\u0430\u0437\u043d\u043e\u0446\u0432\u0435\u0442\u043d\u044b\u043c \u043e\u043c\u0431\u0440\u0435 \u043d\u0430 \u0445\u0432\u043e\u0441\u0442\u0430\u0445. \u0412\u043e\u043b\u043e\u0441\u044b \u0438 \u043a\u043e\u0440\u043e\u043b\u0435\u0432\u0441\u043a\u0430\u044f \u0442\u0438\u0430\u0440\u0430 \u0432\u0434\u043e\u0445\u043d\u043e\u0432\u043b\u0435\u043d\u043d\u044b\u0435 \u043c\u043e\u0440\u0435\u043c, \u0437\u0430\u0432\u0435\u0440\u0448\u0430\u044e\u0442 \u043e\u0431\u0440\u0430\u0437 \u043a\u0430\u0436\u0434\u043e\u0439 \u043a\u0443\u043a\u043b\u044b. \u041a\u0443\u043a\u043b\u044b-\u0440\u0443\u0441\u0430\u043b\u043a\u0438 Barbie\u2122 Dreamtopia [&hellip;]<\/p>\n","protected":false},"featured_media":47554,"comment_status":"open","ping_status":"closed","template":"","meta":{"_acf_changed":false},"product_brand":[],"product_cat":[6697],"product_tag":[],"class_list":{"0":"post-47567","1":"product","2":"type-product","3":"status-publish","4":"has-post-thumbnail","6":"product_cat-ru_ru-kukly-trim-ro_ro-p-pu","8":"first","9":"instock","10":"shipping-taxable","11":"purchasable","12":"product-type-simple"},"acf":[],"_links":{"self":[{"href":"https:\/\/minimax.md\/ru\/wp-json\/wp\/v2\/product\/47567","targetHints":{"allow":["GET"]}}],"collection":[{"href":"https:\/\/minimax.md\/ru\/wp-json\/wp\/v2\/product"}],"about":[{"href":"https:\/\/minimax.md\/ru\/wp-json\/wp\/v2\/types\/product"}],"replies":[{"embeddable":true,"href":"https:\/\/minimax.md\/ru\/wp-json\/wp\/v2\/comments?post=47567"}],"version-history":[{"count":0,"href":"https:\/\/minimax.md\/ru\/wp-json\/wp\/v2\/product\/47567\/revisions"}],"wp:featuredmedia":[{"embeddable":true,"href":"https:\/\/minimax.md\/ru\/wp-json\/wp\/v2\/media\/47554"}],"wp:attachment":[{"href":"https:\/\/minimax.md\/ru\/wp-json\/wp\/v2\/media?parent=47567"}],"wp:term":[{"taxonomy":"product_brand","embeddable":true,"href":"https:\/\/minimax.md\/ru\/wp-json\/wp\/v2\/product_brand?post=47567"},{"taxonomy":"product_cat","embeddable":true,"href":"https:\/\/minimax.md\/ru\/wp-json\/wp\/v2\/product_cat?post=47567"},{"taxonomy":"product_tag","embeddable":true,"href":"https:\/\/minimax.md\/ru\/wp-json\/wp\/v2\/product_tag?post=47567"}],"curies":[{"name":"wp","href":"https:\/\/api.w.org\/{rel}","templated":true}]}}