{"id":47602,"date":"2024-01-11T17:21:01","date_gmt":"2024-01-11T14:21:01","guid":{"rendered":"https:\/\/minimax.md\/product\/47602.html"},"modified":"2024-03-13T00:35:06","modified_gmt":"2024-03-12T21:35:06","slug":"ru_ru-igrushka-mehanicheskaja-begemot-mashinka-mishka-parovoz-trim-ro_ro-juc-rie-cu-sistem-mecanic-hipopotam-ma-inu-ursule-locomotiv","status":"publish","type":"product","link":"https:\/\/minimax.md\/ru\/product\/47602.html","title":{"rendered":"\u0418\u0433\u0440\u0443\u0448\u043a\u0430 \u043c\u0435\u0445\u0430\u043d\u0438\u0447\u0435\u0441\u043a\u0430\u044f (\u0431\u0435\u0433\u0435\u043c\u043e\u0442, \u043c\u0430\u0448\u0438\u043d\u043a\u0430, \u043c\u0438\u0448\u043a\u0430, \u043f\u0430\u0440\u043e\u0432\u043e\u0437)"},"content":{"rendered":"<p>[:ru_RU]\u0418\u0433\u0440\u0443\u0448\u043a\u0430 \u043f\u0440\u0438\u0432\u043e\u0434\u0438\u0442\u0441\u044f \u0432 \u0434\u0435\u0439\u0441\u0442\u0432\u0438\u0435 \u043c\u0435\u0445\u0430\u043d\u0438\u0447\u0435\u0441\u043a\u0438, \u043f\u0443\u0442\u0435\u043c \u0432\u0440\u0430\u0449\u0435\u043d\u0438\u044f \u0438 \u043f\u0440\u0438\u0432\u043b\u0435\u043a\u0430\u0435\u0442 \u0434\u0435\u0442\u0435\u0439 \u0443\u043c\u0435\u043d\u0438\u0435\u043c \u0441\u0430\u043c\u043e\u0441\u0442\u043e\u044f\u0442\u0435\u043b\u044c\u043d\u043e \u043f\u0435\u0440\u0435\u0434\u0432\u0438\u0433\u0430\u0442\u044c\u0441\u044f. \u0418\u0433\u0440\u0443\u0448\u043a\u0430 \u0438\u0437\u0433\u043e\u0442\u043e\u0432\u043b\u0435\u043d\u0430 \u200b\u200b\u0438\u0437 \u043f\u043b\u0430\u0441\u0442\u0438\u043a\u0430.<\/p>\n<p>\u0412\u043e\u0437\u0440\u0430\u0441\u0442: 3+[trim][:ro_RO]Juc\u0103ria se ac\u021bioneaz\u0103 mecanic, prin rotire, \u0219i permite \u00een acest fel s\u0103 atrag\u0103 copiii cu capacitatea de a se deplasa independent. Juc\u0103ria este realizat\u0103 din plastic.<\/p>\n<p>Varsta: 3+<\/p>\n","protected":false},"excerpt":{"rendered":"<p>[:ru_RU]\u0418\u0433\u0440\u0443\u0448\u043a\u0430 \u043f\u0440\u0438\u0432\u043e\u0434\u0438\u0442\u0441\u044f \u0432 \u0434\u0435\u0439\u0441\u0442\u0432\u0438\u0435 \u043c\u0435\u0445\u0430\u043d\u0438\u0447\u0435\u0441\u043a\u0438, \u043f\u0443\u0442\u0435\u043c \u0432\u0440\u0430\u0449\u0435\u043d\u0438\u044f \u0438 \u043f\u0440\u0438\u0432\u043b\u0435\u043a\u0430\u0435\u0442 \u0434\u0435\u0442\u0435\u0439 \u0443\u043c\u0435\u043d\u0438\u0435\u043c \u0441\u0430\u043c\u043e\u0441\u0442\u043e\u044f\u0442\u0435\u043b\u044c\u043d\u043e \u043f\u0435\u0440\u0435\u0434\u0432\u0438\u0433\u0430\u0442\u044c\u0441\u044f. \u0418\u0433\u0440\u0443\u0448\u043a\u0430 \u0438\u0437\u0433\u043e\u0442\u043e\u0432\u043b\u0435\u043d\u0430 \u200b\u200b\u0438\u0437 \u043f\u043b\u0430\u0441\u0442\u0438\u043a\u0430. \u0412\u043e\u0437\u0440\u0430\u0441\u0442: 3+[trim][:ro_RO]Juc\u0103ria se ac\u021bioneaz\u0103 mecanic, prin rotire, \u0219i permite \u00een acest fel s\u0103 atrag\u0103 copiii cu capacitatea de a se deplasa independent. Juc\u0103ria este realizat\u0103 din plastic. Varsta: 3+<\/p>\n","protected":false},"featured_media":47598,"comment_status":"open","ping_status":"closed","template":"","meta":{"_acf_changed":false},"product_brand":[],"product_cat":[6699],"product_tag":[],"class_list":{"0":"post-47602","1":"product","2":"type-product","3":"status-publish","4":"has-post-thumbnail","6":"product_cat-ru_ru-mjachi-i-shary-trim-r","8":"first","9":"instock","10":"shipping-taxable","11":"purchasable","12":"product-type-simple"},"acf":[],"_links":{"self":[{"href":"https:\/\/minimax.md\/ru\/wp-json\/wp\/v2\/product\/47602","targetHints":{"allow":["GET"]}}],"collection":[{"href":"https:\/\/minimax.md\/ru\/wp-json\/wp\/v2\/product"}],"about":[{"href":"https:\/\/minimax.md\/ru\/wp-json\/wp\/v2\/types\/product"}],"replies":[{"embeddable":true,"href":"https:\/\/minimax.md\/ru\/wp-json\/wp\/v2\/comments?post=47602"}],"version-history":[{"count":0,"href":"https:\/\/minimax.md\/ru\/wp-json\/wp\/v2\/product\/47602\/revisions"}],"wp:featuredmedia":[{"embeddable":true,"href":"https:\/\/minimax.md\/ru\/wp-json\/wp\/v2\/media\/47598"}],"wp:attachment":[{"href":"https:\/\/minimax.md\/ru\/wp-json\/wp\/v2\/media?parent=47602"}],"wp:term":[{"taxonomy":"product_brand","embeddable":true,"href":"https:\/\/minimax.md\/ru\/wp-json\/wp\/v2\/product_brand?post=47602"},{"taxonomy":"product_cat","embeddable":true,"href":"https:\/\/minimax.md\/ru\/wp-json\/wp\/v2\/product_cat?post=47602"},{"taxonomy":"product_tag","embeddable":true,"href":"https:\/\/minimax.md\/ru\/wp-json\/wp\/v2\/product_tag?post=47602"}],"curies":[{"name":"wp","href":"https:\/\/api.w.org\/{rel}","templated":true}]}}