{"id":47623,"date":"2024-01-11T17:21:04","date_gmt":"2024-01-11T14:21:04","guid":{"rendered":"https:\/\/minimax.md\/product\/47623.html"},"modified":"2024-03-13T00:32:24","modified_gmt":"2024-03-12T21:32:24","slug":"ru_ru-derevjannaja-ctiralnaja-mashina-trim-ro_ro-ma-in-de-sp-lat-din-lemn","status":"publish","type":"product","link":"https:\/\/minimax.md\/ru\/product\/47623.html","title":{"rendered":"\u0414\u0435\u0440\u0435\u0432\u044f\u043d\u043d\u0430\u044f c\u0442\u0438\u0440\u0430\u043b\u044c\u043d\u0430\u044f \u043c\u0430\u0448\u0438\u043d\u0430"},"content":{"rendered":"<p>[:ru_RU]\u041f\u0440\u043e\u0447\u043d\u0430\u044f \u0434\u0435\u0440\u0435\u0432\u044f\u043d\u043d\u0430\u044f \u0441\u0442\u0438\u0440\u0430\u043b\u044c\u043d\u0430\u044f \u043c\u0430\u0448\u0438\u043d\u0430 \u0441 \u043a\u043d\u043e\u043f\u043e\u0447\u043d\u044b\u043c\u0438 \u0434\u0438\u0441\u043a\u0430\u043c\u0438 \u0438 \u043b\u0435\u0433\u043a\u043e \u043e\u0442\u043a\u0440\u044b\u0432\u0430\u044e\u0449\u0435\u0439\u0441\u044f \u0431\u043e\u043b\u044c\u0448\u043e\u0439 \u0432\u0445\u043e\u0434\u043d\u043e\u0439 \u0434\u0432\u0435\u0440\u044c\u044e.<\/p>\n<p>\u0418\u0433\u0440\u0443\u0448\u043a\u0430 &#8211; \u0441\u0442\u0438\u0440\u0430\u043b\u044c\u043d\u0430\u044f \u043c\u0430\u0448\u0438\u043d\u0430 \u0438\u0437\u0433\u043e\u0442\u043e\u0432\u043b\u0435\u043d\u0430 \u0438\u0437 \u0432\u044b\u0441\u043e\u043a\u043e\u043a\u0430\u0447\u0435\u0441\u0442\u0432\u0435\u043d\u043d\u043e\u0433\u043e \u0434\u0435\u0440\u0435\u0432\u044f\u043d\u043d\u043e\u0433\u043e \u043c\u0430\u0442\u0435\u0440\u0438\u0430\u043b\u0430, \u043f\u0440\u043e\u0447\u043d\u0430\u044f \u0438 \u0438\u0441\u043a\u0443\u0441\u043d\u043e \u043e\u0431\u0441\u0442\u0430\u0432\u043b\u0435\u043d\u043d\u0430\u044f, \u043a\u0440\u0430\u0441\u0438\u0432\u0430\u044f \u0438 \u044f\u0440\u043a\u0430\u044f.<\/p>\n<p>\u042d\u0442\u0430 \u0438\u0433\u0440\u0443\u0448\u043a\u0430 \u043c\u043e\u0436\u0435\u0442 \u043f\u043e\u043c\u043e\u0447\u044c \u0434\u0435\u0442\u044f\u043c \u0440\u0430\u0437\u0432\u0438\u0442\u044c \u0445\u043e\u0440\u043e\u0448\u0438\u0435 \u043f\u0440\u0438\u0432\u044b\u0447\u043a\u0438 \u0438 \u043e\u0441\u0432\u043e\u0438\u0442\u044c \u0431\u0430\u0437\u043e\u0432\u044b\u0435 \u043d\u0430\u0432\u044b\u043a\u0438 \u0441\u0442\u0438\u0440\u043a\u0438 \u0431\u0435\u043b\u044c\u044f.<\/p>\n<p>\u0420\u0430\u0441\u0441\u043a\u0430\u0436\u0438\u0442\u0435 \u0434\u0435\u0442\u044f\u043c, \u043a\u0430\u043a \u043c\u044b \u0441\u0442\u0438\u0440\u0430\u0435\u043c \u043e\u0434\u0435\u0436\u0434\u0443 \u0438 \u043a\u0430\u043a\u0438\u0435 \u0446\u0432\u0435\u0442\u0430 \u043d\u0435\u043b\u044c\u0437\u044f \u0441\u043c\u0435\u0448\u0438\u0432\u0430\u0442\u044c.[trim][:ro_RO]<strong>Ma\u0219in\u0103 de sp\u0103lat din lemn, cu butoane rotunde \u0219i u\u0219\u0103 mare din fa\u021b\u0103 care deschidere u\u0219or.<\/strong><\/p>\n<p>Juc\u0103ria este realizat\u0103 din lemn de \u00eenalt\u0103 calitate, durabil, iar designul ei este modern \u0219i colorat.<\/p>\n<p>Aceast\u0103 juc\u0103rie poate ajuta copiii s\u0103-\u0219i dezvolte obiceiuri bune \u0219i s\u0103 \u00eenve\u021be despre treburile casnice.<\/p>\n<p>Spune\u021bi copiilor cum sp\u0103l\u0103m hainele \u0219i ce culori nu trebuie amestecate.<\/p>\n","protected":false},"excerpt":{"rendered":"<p>[:ru_RU]\u041f\u0440\u043e\u0447\u043d\u0430\u044f \u0434\u0435\u0440\u0435\u0432\u044f\u043d\u043d\u0430\u044f \u0441\u0442\u0438\u0440\u0430\u043b\u044c\u043d\u0430\u044f \u043c\u0430\u0448\u0438\u043d\u0430 \u0441 \u043a\u043d\u043e\u043f\u043e\u0447\u043d\u044b\u043c\u0438 \u0434\u0438\u0441\u043a\u0430\u043c\u0438 \u0438 \u043b\u0435\u0433\u043a\u043e \u043e\u0442\u043a\u0440\u044b\u0432\u0430\u044e\u0449\u0435\u0439\u0441\u044f \u0431\u043e\u043b\u044c\u0448\u043e\u0439 \u0432\u0445\u043e\u0434\u043d\u043e\u0439 \u0434\u0432\u0435\u0440\u044c\u044e. \u0418\u0433\u0440\u0443\u0448\u043a\u0430 &#8211; \u0441\u0442\u0438\u0440\u0430\u043b\u044c\u043d\u0430\u044f \u043c\u0430\u0448\u0438\u043d\u0430 \u0438\u0437\u0433\u043e\u0442\u043e\u0432\u043b\u0435\u043d\u0430 \u0438\u0437 \u0432\u044b\u0441\u043e\u043a\u043e\u043a\u0430\u0447\u0435\u0441\u0442\u0432\u0435\u043d\u043d\u043e\u0433\u043e \u0434\u0435\u0440\u0435\u0432\u044f\u043d\u043d\u043e\u0433\u043e \u043c\u0430\u0442\u0435\u0440\u0438\u0430\u043b\u0430, \u043f\u0440\u043e\u0447\u043d\u0430\u044f \u0438 \u0438\u0441\u043a\u0443\u0441\u043d\u043e \u043e\u0431\u0441\u0442\u0430\u0432\u043b\u0435\u043d\u043d\u0430\u044f, \u043a\u0440\u0430\u0441\u0438\u0432\u0430\u044f \u0438 \u044f\u0440\u043a\u0430\u044f. \u042d\u0442\u0430 \u0438\u0433\u0440\u0443\u0448\u043a\u0430 \u043c\u043e\u0436\u0435\u0442 \u043f\u043e\u043c\u043e\u0447\u044c \u0434\u0435\u0442\u044f\u043c \u0440\u0430\u0437\u0432\u0438\u0442\u044c \u0445\u043e\u0440\u043e\u0448\u0438\u0435 \u043f\u0440\u0438\u0432\u044b\u0447\u043a\u0438 \u0438 \u043e\u0441\u0432\u043e\u0438\u0442\u044c \u0431\u0430\u0437\u043e\u0432\u044b\u0435 \u043d\u0430\u0432\u044b\u043a\u0438 \u0441\u0442\u0438\u0440\u043a\u0438 \u0431\u0435\u043b\u044c\u044f. \u0420\u0430\u0441\u0441\u043a\u0430\u0436\u0438\u0442\u0435 \u0434\u0435\u0442\u044f\u043c, \u043a\u0430\u043a \u043c\u044b \u0441\u0442\u0438\u0440\u0430\u0435\u043c \u043e\u0434\u0435\u0436\u0434\u0443 \u0438 \u043a\u0430\u043a\u0438\u0435 \u0446\u0432\u0435\u0442\u0430 \u043d\u0435\u043b\u044c\u0437\u044f \u0441\u043c\u0435\u0448\u0438\u0432\u0430\u0442\u044c.[trim][:ro_RO]Ma\u0219in\u0103 de [&hellip;]<\/p>\n","protected":false},"featured_media":0,"comment_status":"open","ping_status":"closed","template":"","meta":{"_acf_changed":false},"product_brand":[],"product_cat":[6715],"product_tag":[],"class_list":{"0":"post-47623","1":"product","2":"type-product","3":"status-publish","5":"product_cat-ru_ru-malenkie-hozjajki-tri","7":"first","8":"instock","9":"shipping-taxable","10":"purchasable","11":"product-type-simple"},"acf":[],"_links":{"self":[{"href":"https:\/\/minimax.md\/ru\/wp-json\/wp\/v2\/product\/47623","targetHints":{"allow":["GET"]}}],"collection":[{"href":"https:\/\/minimax.md\/ru\/wp-json\/wp\/v2\/product"}],"about":[{"href":"https:\/\/minimax.md\/ru\/wp-json\/wp\/v2\/types\/product"}],"replies":[{"embeddable":true,"href":"https:\/\/minimax.md\/ru\/wp-json\/wp\/v2\/comments?post=47623"}],"version-history":[{"count":0,"href":"https:\/\/minimax.md\/ru\/wp-json\/wp\/v2\/product\/47623\/revisions"}],"wp:attachment":[{"href":"https:\/\/minimax.md\/ru\/wp-json\/wp\/v2\/media?parent=47623"}],"wp:term":[{"taxonomy":"product_brand","embeddable":true,"href":"https:\/\/minimax.md\/ru\/wp-json\/wp\/v2\/product_brand?post=47623"},{"taxonomy":"product_cat","embeddable":true,"href":"https:\/\/minimax.md\/ru\/wp-json\/wp\/v2\/product_cat?post=47623"},{"taxonomy":"product_tag","embeddable":true,"href":"https:\/\/minimax.md\/ru\/wp-json\/wp\/v2\/product_tag?post=47623"}],"curies":[{"name":"wp","href":"https:\/\/api.w.org\/{rel}","templated":true}]}}