{"id":47630,"date":"2024-01-11T17:21:05","date_gmt":"2024-01-11T14:21:05","guid":{"rendered":"https:\/\/minimax.md\/product\/47630.html"},"modified":"2024-03-13T00:32:54","modified_gmt":"2024-03-12T21:32:54","slug":"ru_ru-gubnaja-garmoshka-trim-ro_ro-acordeonul-de-suflat","status":"publish","type":"product","link":"https:\/\/minimax.md\/ru\/product\/47630.html","title":{"rendered":"\u0413\u0443\u0431\u043d\u0430\u044f \u0413\u0430\u0440\u043c\u043e\u0448\u043a\u0430"},"content":{"rendered":"<p>[:ru_RU]\u042d\u0442\u0430 \u0434\u0435\u0440\u0435\u0432\u044f\u043d\u043d\u0430\u044f \u0433\u0443\u0431\u043d\u0430\u044f \u0433\u0430\u0440\u043c\u043e\u0448\u043a\u0430 \u0441 10 \u043e\u0442\u0432\u0435\u0440\u0441\u0442\u0438\u044f\u043c\u0438 \u0438\u0434\u0435\u0430\u043b\u044c\u043d\u043e \u043f\u043e\u0434\u0445\u043e\u0434\u0438\u0442 \u0434\u043b\u044f \u043d\u0430\u0447\u0438\u043d\u0430\u044e\u0449\u0438\u0445. \u041b\u0435\u0433\u043a\u043e \u0443\u0447\u0438\u0442\u044c\u0441\u044f \u0438 \u0432\u0435\u0441\u0435\u043b\u043e \u0438\u0433\u0440\u0430\u0442\u044c. \u0418\u0434\u0435\u0430\u043b\u044c\u043d\u044b\u0439 \u0441\u043f\u043e\u0441\u043e\u0431 \u043f\u043e\u043b\u044e\u0431\u0438\u0442\u044c \u043c\u0443\u0437\u044b\u043a\u0443![trim][:ro_RO]Acest acordeon din lemn cu 10 g\u0103uri este ideal pentru \u00eencep\u0103tori. A c\u00e2nta la acordeonul v\u00e2ntului este simplu \u0219i distractiv.<br \/>\nModul perfect de a \u00eencepe s\u0103 iubesc muzica!<\/p>\n<p>Dimensiuni: 14,5 x 2,8 x 4,4 cm.<br \/>\nDimensiunea pachetului: 5 x 15 x 3 cm.<br \/>\nV\u00e2rsta: 3+.<\/p>\n","protected":false},"excerpt":{"rendered":"<p>[:ru_RU]\u042d\u0442\u0430 \u0434\u0435\u0440\u0435\u0432\u044f\u043d\u043d\u0430\u044f \u0433\u0443\u0431\u043d\u0430\u044f \u0433\u0430\u0440\u043c\u043e\u0448\u043a\u0430 \u0441 10 \u043e\u0442\u0432\u0435\u0440\u0441\u0442\u0438\u044f\u043c\u0438 \u0438\u0434\u0435\u0430\u043b\u044c\u043d\u043e \u043f\u043e\u0434\u0445\u043e\u0434\u0438\u0442 \u0434\u043b\u044f \u043d\u0430\u0447\u0438\u043d\u0430\u044e\u0449\u0438\u0445. \u041b\u0435\u0433\u043a\u043e \u0443\u0447\u0438\u0442\u044c\u0441\u044f \u0438 \u0432\u0435\u0441\u0435\u043b\u043e \u0438\u0433\u0440\u0430\u0442\u044c. \u0418\u0434\u0435\u0430\u043b\u044c\u043d\u044b\u0439 \u0441\u043f\u043e\u0441\u043e\u0431 \u043f\u043e\u043b\u044e\u0431\u0438\u0442\u044c \u043c\u0443\u0437\u044b\u043a\u0443![trim][:ro_RO]Acest acordeon din lemn cu 10 g\u0103uri este ideal pentru \u00eencep\u0103tori. A c\u00e2nta la acordeonul v\u00e2ntului este simplu \u0219i distractiv. Modul perfect de a \u00eencepe s\u0103 iubesc muzica! Dimensiuni: 14,5 x 2,8 x 4,4 cm. Dimensiunea [&hellip;]<\/p>\n","protected":false},"featured_media":47624,"comment_status":"open","ping_status":"closed","template":"","meta":{"_acf_changed":false},"product_brand":[],"product_cat":[6708],"product_tag":[],"class_list":{"0":"post-47630","1":"product","2":"type-product","3":"status-publish","4":"has-post-thumbnail","6":"product_cat-ru_ru-instrumenty-muzykalny","8":"first","9":"instock","10":"shipping-taxable","11":"purchasable","12":"product-type-simple"},"acf":[],"_links":{"self":[{"href":"https:\/\/minimax.md\/ru\/wp-json\/wp\/v2\/product\/47630","targetHints":{"allow":["GET"]}}],"collection":[{"href":"https:\/\/minimax.md\/ru\/wp-json\/wp\/v2\/product"}],"about":[{"href":"https:\/\/minimax.md\/ru\/wp-json\/wp\/v2\/types\/product"}],"replies":[{"embeddable":true,"href":"https:\/\/minimax.md\/ru\/wp-json\/wp\/v2\/comments?post=47630"}],"version-history":[{"count":0,"href":"https:\/\/minimax.md\/ru\/wp-json\/wp\/v2\/product\/47630\/revisions"}],"wp:featuredmedia":[{"embeddable":true,"href":"https:\/\/minimax.md\/ru\/wp-json\/wp\/v2\/media\/47624"}],"wp:attachment":[{"href":"https:\/\/minimax.md\/ru\/wp-json\/wp\/v2\/media?parent=47630"}],"wp:term":[{"taxonomy":"product_brand","embeddable":true,"href":"https:\/\/minimax.md\/ru\/wp-json\/wp\/v2\/product_brand?post=47630"},{"taxonomy":"product_cat","embeddable":true,"href":"https:\/\/minimax.md\/ru\/wp-json\/wp\/v2\/product_cat?post=47630"},{"taxonomy":"product_tag","embeddable":true,"href":"https:\/\/minimax.md\/ru\/wp-json\/wp\/v2\/product_tag?post=47630"}],"curies":[{"name":"wp","href":"https:\/\/api.w.org\/{rel}","templated":true}]}}