{"id":47734,"date":"2024-01-11T17:21:20","date_gmt":"2024-01-11T14:21:20","guid":{"rendered":"https:\/\/minimax.md\/product\/47734.html"},"modified":"2024-03-13T01:03:55","modified_gmt":"2024-03-12T22:03:55","slug":"ru_ru-girja-1-sht-6-kg-trim-ro_ro-ganter-kettlebells-1-buc-6-kg","status":"publish","type":"product","link":"https:\/\/minimax.md\/ru\/product\/47734.html","title":{"rendered":"\u0413\u0438\u0440\u044f, 1 \u0448\u0442. * 6 \u043a\u0433"},"content":{"rendered":"<p>[:ru_RU]\u0413\u0438\u0440\u044f \u0432\u0435\u0441\u043e\u043c 6 \u043a\u0433 &#8211; \u044d\u0442\u043e \u043f\u043e\u043b\u043d\u043e\u0446\u0435\u043d\u043d\u044b\u0439 \u0441\u043f\u043e\u0440\u0442\u0438\u0432\u043d\u044b\u0439 \u0438\u043d\u0432\u0435\u043d\u0442\u0430\u0440\u044c, \u043a\u043e\u0442\u043e\u0440\u044b\u0439 \u043f\u0440\u0438\u0433\u043e\u0434\u0438\u0442\u0441\u044f \u0432 \u043a\u0430\u0436\u0434\u043e\u043c \u0434\u043e\u043c\u0430\u0448\u043d\u0435\u043c \u0441\u043f\u043e\u0440\u0442\u0437\u0430\u043b\u0435. \u0411\u043b\u0430\u0433\u043e\u0434\u0430\u0440\u044f \u0433\u0438\u0440\u0435\u00a0 \u0432\u044b \u0443\u043b\u0443\u0447\u0448\u0438\u0442\u0435 \u043e\u0441\u0430\u043d\u043a\u0443, \u0443\u043c\u0435\u043d\u044c\u0448\u0438\u0442\u0435 \u0431\u043e\u043b\u044c \u0432 \u0441\u043f\u0438\u043d\u0435, \u0432\u0435\u0434\u044c \u0442\u0440\u0435\u043d\u0438\u0440\u043e\u0432\u043a\u0430 \u0441 \u0433\u0438\u0440\u044f\u043c\u0438 \u0442\u0430\u043a\u0436\u0435 \u0437\u0430\u0434\u0435\u0439\u0441\u0442\u0432\u0443\u0435\u0442 \u0433\u043b\u0443\u0431\u043e\u043a\u0438\u0435 \u043c\u044b\u0448\u0446\u044b, \u043a\u043e\u0442\u043e\u0440\u044b\u0435 \u0442\u0440\u0443\u0434\u043d\u043e \u0441\u0442\u0438\u043c\u0443\u043b\u0438\u0440\u043e\u0432\u0430\u0442\u044c \u0433\u0430\u043d\u0442\u0435\u043b\u044f\u043c\u0438 \u0438\u043b\u0438 \u0448\u0442\u0430\u043d\u0433\u043e\u0439. \u041f\u043e\u0441\u043a\u043e\u043b\u044c\u043a\u0443 \u0443\u043f\u0440\u0430\u0436\u043d\u0435\u043d\u0438\u044f \u0434\u0430\u044e\u0442 \u043a\u043e\u043c\u043f\u043b\u0435\u043a\u0441\u043d\u0443\u044e \u043d\u0430\u0433\u0440\u0443\u0437\u043a\u0443, \u0442\u0440\u0435\u043d\u0438\u0440\u043e\u0432\u043a\u0438 \u0443\u043b\u0443\u0447\u0448\u0430\u0442 \u043e\u0431\u0449\u0435\u0435 \u0441\u043e\u0441\u0442\u043e\u044f\u043d\u0438\u0435<br \/>\n\u043e\u0440\u0433\u0430\u043d\u0438\u0437\u043c\u0430, \u0430 \u0437\u043d\u0430\u0447\u0438\u0442, \u0438 \u0440\u0430\u0431\u043e\u0442\u0443 \u043a\u0440\u043e\u0432\u0435\u043d\u043e\u0441\u043d\u043e\u0439 \u0441\u0438\u0441\u0442\u0435\u043c\u044b. \u0413\u0438\u0440\u044f \u043d\u0435 \u0437\u0430\u043d\u0438\u043c\u0430\u0435\u0442 \u043c\u043d\u043e\u0433\u043e \u043c\u0435\u0441\u0442\u0430 \u0432 \u043a\u043e\u043c\u043d\u0430\u0442\u0435.<\/p>\n<p>\u041e\u0441\u043d\u043e\u0432\u043d\u044b\u0435 \u0445\u0430\u0440\u0430\u043a\u0442\u0435\u0440\u0438\u0441\u0442\u0438\u043a\u0438:<\/p>\n<p>&#8211; \u0412\u0435\u0441: 6 \u043a\u0433<br \/>\n&#8211; \u042d\u0440\u0433\u043e\u043d\u043e\u043c\u0438\u0447\u043d\u0430\u044f \u0440\u0443\u0447\u043a\u0430<br \/>\n&#8211; \u041c\u0430\u0442\u0435\u0440\u0438\u0430\u043b: \u043c\u0438\u043d\u0435\u0440\u0430\u043b\u044c\u043d\u043e\u0435 \u043a\u043e\u043c\u043f\u043e\u0437\u0438\u0442\u043d\u043e\u0435 \u043d\u0430\u043f\u043e\u043b\u043d\u0435\u043d\u0438\u0435, \u0432\u044b\u0441\u043e\u043a\u043e\u043a\u0430\u0447\u0435\u0441\u0442\u0432\u0435\u043d\u043d\u044b\u0439 \u043f\u043e\u043b\u0438\u043c\u0435\u0440\u043d\u044b\u0439 \u043c\u0430\u0442\u0435\u0440\u0438\u0430\u043b (PP)<br \/>\n&#8211; \u041e\u043a\u0440\u0443\u0436\u043d\u043e\u0441\u0442\u044c \u0440\u0443\u0447\u043a\u0438: 11 \u0441\u043c (+\/-)<br \/>\n&#8211; \u041f\u0440\u043e\u0447\u043d\u0430\u044f \u043a\u043e\u043d\u0441\u0442\u0440\u0443\u043a\u0446\u0438\u044f<br \/>\n&#8211; \u041c\u0430\u0442\u0435\u0440\u0438\u0430\u043b \u0443\u0441\u0442\u043e\u0439\u0447\u0438\u0432 \u043a \u043c\u0435\u0445\u0430\u043d\u0438\u0447\u0435\u0441\u043a\u0438\u043c \u043f\u043e\u0432\u0440\u0435\u0436\u0434\u0435\u043d\u0438\u044f\u043c<\/p>\n<p>&nbsp;[trim][:ro_RO]Un kettlebell de 6 kg este un echipament sportiv complet care va fi la util \u00een fiecare sal\u0103 de sport. Datorit\u0103 kettlebell-ului, \u00ee\u021bi vei \u00eembun\u0103t\u0103\u021bi postura \u0219i vei reduce durerile de spate, deoarece antrenamentul cu kettlebell-ul angajeaz\u0103 \u0219i mu\u0219chii profunzi greu de stimulat cu gantere sau cu mrean\u0103. Deoarece exerci\u021biile ofer\u0103 o sarcin\u0103 complex\u0103, antrenamentul vor \u00eembun\u0103t\u0103\u021bi starea general\u0103 a organismului \u0219i, prin urmare, func\u021bionarea sistemului circulator. Greutatea nu ocup\u0103 mult spa\u021biu \u00een camer\u0103.<\/p>\n<p><strong>Caracteristici principale:<\/strong><\/p>\n<p>&#8211; Greutate: 6 kg<br \/>\n&#8211; M\u00e2ner ergonomic<br \/>\n&#8211; Material: umplutur\u0103 din compozit mineral, material polimeric de \u00eenalt\u0103 calitate (PP)<br \/>\n&#8211; Circumferinta manerului: 11 cm (+\/-)<br \/>\n&#8211; Design durabil<br \/>\n&#8211; Materialul este rezistent la deterior\u0103ri mecanice<\/p>\n","protected":false},"excerpt":{"rendered":"<p>[:ru_RU]\u0413\u0438\u0440\u044f \u0432\u0435\u0441\u043e\u043c 6 \u043a\u0433 &#8211; \u044d\u0442\u043e \u043f\u043e\u043b\u043d\u043e\u0446\u0435\u043d\u043d\u044b\u0439 \u0441\u043f\u043e\u0440\u0442\u0438\u0432\u043d\u044b\u0439 \u0438\u043d\u0432\u0435\u043d\u0442\u0430\u0440\u044c, \u043a\u043e\u0442\u043e\u0440\u044b\u0439 \u043f\u0440\u0438\u0433\u043e\u0434\u0438\u0442\u0441\u044f \u0432 \u043a\u0430\u0436\u0434\u043e\u043c \u0434\u043e\u043c\u0430\u0448\u043d\u0435\u043c \u0441\u043f\u043e\u0440\u0442\u0437\u0430\u043b\u0435. \u0411\u043b\u0430\u0433\u043e\u0434\u0430\u0440\u044f \u0433\u0438\u0440\u0435\u00a0 \u0432\u044b \u0443\u043b\u0443\u0447\u0448\u0438\u0442\u0435 \u043e\u0441\u0430\u043d\u043a\u0443, \u0443\u043c\u0435\u043d\u044c\u0448\u0438\u0442\u0435 \u0431\u043e\u043b\u044c \u0432 \u0441\u043f\u0438\u043d\u0435, \u0432\u0435\u0434\u044c \u0442\u0440\u0435\u043d\u0438\u0440\u043e\u0432\u043a\u0430 \u0441 \u0433\u0438\u0440\u044f\u043c\u0438 \u0442\u0430\u043a\u0436\u0435 \u0437\u0430\u0434\u0435\u0439\u0441\u0442\u0432\u0443\u0435\u0442 \u0433\u043b\u0443\u0431\u043e\u043a\u0438\u0435 \u043c\u044b\u0448\u0446\u044b, \u043a\u043e\u0442\u043e\u0440\u044b\u0435 \u0442\u0440\u0443\u0434\u043d\u043e \u0441\u0442\u0438\u043c\u0443\u043b\u0438\u0440\u043e\u0432\u0430\u0442\u044c \u0433\u0430\u043d\u0442\u0435\u043b\u044f\u043c\u0438 \u0438\u043b\u0438 \u0448\u0442\u0430\u043d\u0433\u043e\u0439. \u041f\u043e\u0441\u043a\u043e\u043b\u044c\u043a\u0443 \u0443\u043f\u0440\u0430\u0436\u043d\u0435\u043d\u0438\u044f \u0434\u0430\u044e\u0442 \u043a\u043e\u043c\u043f\u043b\u0435\u043a\u0441\u043d\u0443\u044e \u043d\u0430\u0433\u0440\u0443\u0437\u043a\u0443, \u0442\u0440\u0435\u043d\u0438\u0440\u043e\u0432\u043a\u0438 \u0443\u043b\u0443\u0447\u0448\u0430\u0442 \u043e\u0431\u0449\u0435\u0435 \u0441\u043e\u0441\u0442\u043e\u044f\u043d\u0438\u0435 \u043e\u0440\u0433\u0430\u043d\u0438\u0437\u043c\u0430, \u0430 \u0437\u043d\u0430\u0447\u0438\u0442, \u0438 \u0440\u0430\u0431\u043e\u0442\u0443 \u043a\u0440\u043e\u0432\u0435\u043d\u043e\u0441\u043d\u043e\u0439 \u0441\u0438\u0441\u0442\u0435\u043c\u044b. \u0413\u0438\u0440\u044f [&hellip;]<\/p>\n","protected":false},"featured_media":47732,"comment_status":"open","ping_status":"closed","template":"","meta":{"_acf_changed":false},"product_brand":[],"product_cat":[6701],"product_tag":[],"class_list":{"0":"post-47734","1":"product","2":"type-product","3":"status-publish","4":"has-post-thumbnail","6":"product_cat-ru_ru-sportivnyj-inventar-t","8":"first","9":"instock","10":"shipping-taxable","11":"purchasable","12":"product-type-simple"},"acf":[],"_links":{"self":[{"href":"https:\/\/minimax.md\/ru\/wp-json\/wp\/v2\/product\/47734","targetHints":{"allow":["GET"]}}],"collection":[{"href":"https:\/\/minimax.md\/ru\/wp-json\/wp\/v2\/product"}],"about":[{"href":"https:\/\/minimax.md\/ru\/wp-json\/wp\/v2\/types\/product"}],"replies":[{"embeddable":true,"href":"https:\/\/minimax.md\/ru\/wp-json\/wp\/v2\/comments?post=47734"}],"version-history":[{"count":0,"href":"https:\/\/minimax.md\/ru\/wp-json\/wp\/v2\/product\/47734\/revisions"}],"wp:featuredmedia":[{"embeddable":true,"href":"https:\/\/minimax.md\/ru\/wp-json\/wp\/v2\/media\/47732"}],"wp:attachment":[{"href":"https:\/\/minimax.md\/ru\/wp-json\/wp\/v2\/media?parent=47734"}],"wp:term":[{"taxonomy":"product_brand","embeddable":true,"href":"https:\/\/minimax.md\/ru\/wp-json\/wp\/v2\/product_brand?post=47734"},{"taxonomy":"product_cat","embeddable":true,"href":"https:\/\/minimax.md\/ru\/wp-json\/wp\/v2\/product_cat?post=47734"},{"taxonomy":"product_tag","embeddable":true,"href":"https:\/\/minimax.md\/ru\/wp-json\/wp\/v2\/product_tag?post=47734"}],"curies":[{"name":"wp","href":"https:\/\/api.w.org\/{rel}","templated":true}]}}