{"id":47774,"date":"2024-01-11T17:21:28","date_gmt":"2024-01-11T14:21:28","guid":{"rendered":"https:\/\/minimax.md\/product\/47774.html"},"modified":"2024-03-13T00:18:13","modified_gmt":"2024-03-12T21:18:13","slug":"ru_ru-derevjannaja-zheleznaja-doroga-s-poezdom-i-aksessuarami-39-jelementov-trim-ro_ro-calea-ferata-din-lemn-cu-tren-si-accesorii-39-elem","status":"publish","type":"product","link":"https:\/\/minimax.md\/ru\/product\/47774.html","title":{"rendered":"\u0414\u0435\u0440\u0435\u0432\u044f\u043d\u043d\u0430\u044f \u0436\u0435\u043b\u0435\u0437\u043d\u0430\u044f \u0434\u043e\u0440\u043e\u0433\u0430 \u0441 \u043f\u043e\u0435\u0437\u0434\u043e\u043c \u0438 \u0430\u043a\u0441\u0435\u0441\u0441\u0443\u0430\u0440\u0430\u043c\u0438, 39 \u044d\u043b\u0435\u043c\u0435\u043d\u0442\u043e\u0432"},"content":{"rendered":"<p>[:ru_RU]\u0418\u0433\u0440\u043e\u0432\u043e\u0439 \u043d\u0430\u0431\u043e\u0440 \u0416\u0435\u043b\u0435\u0437\u043d\u0430\u044f \u0434\u043e\u0440\u043e\u0433\u0430 \u043e\u0442 Viga Toys \u2013 \u044d\u0442\u043e 39 \u0433\u043b\u0430\u0434\u043a\u043e \u043e\u0442\u0448\u043b\u0438\u0444\u043e\u0432\u0430\u043d\u043d\u044b\u0445 \u044d\u043b\u0435\u043c\u0435\u043d\u0442\u043e\u0432 \u0438\u0437 \u0434\u0435\u0440\u0435\u0432\u0430. \u0412\u043c\u0435\u0441\u0442\u0435 \u043e\u043d\u0438 \u0441\u043e\u0441\u0442\u0430\u0432\u043b\u044f\u044e\u0442 \u0430\u0440\u0445\u0438\u0442\u0435\u043a\u0442\u0443\u0440\u043d\u0443\u044e \u043a\u043e\u043c\u043f\u043e\u0437\u0438\u0446\u0438\u044e, \u0433\u0434\u0435 \u043a\u0430\u0436\u0434\u0430\u044f \u0434\u0435\u0442\u0430\u043b\u044c \u043d\u0430 \u0441\u0432\u043e\u0435\u043c \u043c\u0435\u0441\u0442\u0435.<\/p>\n<p>\u0414\u043b\u044f \u0440\u0430\u0431\u043e\u0442\u044b \u0431\u0430\u0442\u0430\u0440\u0435\u0439\u043a\u0438 \u043d\u0435 \u043d\u0443\u0436\u043d\u044b. \u0420\u0435\u0431\u0435\u043d\u043e\u043a \u0442\u043e\u043b\u043a\u0430\u0435\u0442 \u043f\u043e\u0435\u0437\u0434 \u0441\u0430\u043c\u043e\u0441\u0442\u043e\u044f\u0442\u0435\u043b\u044c\u043d\u043e.<\/p>\n<p>\u042d\u0442\u043e \u043d\u0435 \u043f\u0440\u043e\u0441\u0442\u043e \u0436\u0435\u043b\u0435\u0437\u043d\u0430\u044f \u0434\u043e\u0440\u043e\u0433\u0430, \u0430 \u0446\u0435\u043b\u0430\u044f \u0441\u0438\u0441\u0442\u0435\u043c\u0430 \u0442\u0440\u0430\u043d\u0441\u043f\u043e\u0440\u0442\u043d\u044b\u0445 \u0441\u0440\u0435\u0434\u0441\u0442\u0432. \u041f\u043e\u043c\u0438\u043c\u043e \u0440\u0435\u043b\u044c\u0441\u043e\u0432 \u0438 \u043f\u043e\u0435\u0437\u0434\u043e\u0432, \u0432 \u0438\u0433\u0440\u043e\u0432\u043e\u0439 \u043d\u0430\u0431\u043e\u0440 \u0432\u0445\u043e\u0434\u044f\u0442 \u0440\u0430\u0437\u043b\u0438\u0447\u043d\u044b\u0435 \u043c\u0438\u043d\u0438\u0430\u0442\u044e\u0440\u043d\u044b\u0435 \u0434\u0435\u043a\u043e\u0440\u0430\u0446\u0438\u0438: \u0434\u043e\u0440\u043e\u0436\u043d\u044b\u0435 \u0437\u043d\u0430\u043a\u0438, \u043c\u0430\u0448\u0438\u043d\u044b, \u0434\u0435\u0440\u0435\u0432\u044c\u044f, \u0444\u0438\u0433\u0443\u0440\u043a\u0438 \u043b\u044e\u0434\u0435\u0439 \u0438 \u0434\u0430\u0436\u0435 \u0437\u0434\u0430\u043d\u0438\u0435 \u0438\u043c\u043f\u0440\u043e\u0432\u0438\u0437\u0438\u0440\u043e\u0432\u0430\u043d\u043d\u043e\u0433\u043e \u0432\u043e\u043a\u0437\u0430\u043b\u0430.<\/p>\n<p>\u041a\u0430\u043a \u043f\u043e\u0434\u0433\u043e\u0442\u043e\u0432\u0438\u0442\u044c \u043a \u0438\u0433\u0440\u0435 \u044d\u0442\u0443 \u0440\u0430\u0437\u0432\u0438\u0432\u0430\u044e\u0449\u0443\u044e \u0438\u0433\u0440\u0443\u0448\u043a\u0443? \u0421\u043d\u0430\u0447\u0430\u043b\u0430 \u043d\u0443\u0436\u043d\u043e \u0441\u043e\u0431\u0440\u0430\u0442\u044c \u0441\u0430\u043c\u0443 \u0434\u043e\u0440\u043e\u0433\u0443, \u043a\u043e\u0442\u043e\u0440\u0430\u044f, \u043a\u0441\u0442\u0430\u0442\u0438, \u043d\u0435 \u0436\u0435\u043b\u0435\u0437\u043d\u0430\u044f, \u0430 \u0434\u0435\u0440\u0435\u0432\u044f\u043d\u043d\u0430\u044f. \u0414\u0430\u043b\u0435\u0435 \u0441\u043e\u0435\u0434\u0438\u043d\u044f\u0435\u043c \u0432\u0430\u0433\u043e\u043d\u044b \u043f\u043e\u0435\u0437\u0434\u0430 (\u043e\u043d\u0438 \u0441\u043e \u0432\u0441\u0442\u0440\u043e\u0435\u043d\u043d\u044b\u043c\u0438 \u043c\u0430\u0433\u043d\u0438\u0442\u0430\u043c\u0438), \u0441\u0442\u0430\u0432\u0438\u043c \u0438\u0445 \u043d\u0430 \u0440\u0435\u043b\u044c\u0441\u044b \u2013 \u0438 \u0432 \u043f\u0443\u0442\u044c! \u041f\u043e\u043a\u0430 \u043f\u043e\u0435\u0437\u0434 \u043d\u0430\u0431\u0438\u0440\u0430\u0435\u0442 \u0441\u043a\u043e\u0440\u043e\u0441\u0442\u044c, \u043c\u044b \u043c\u043e\u0436\u0435\u043c \u0431\u044b\u0441\u0442\u0440\u0435\u043d\u044c\u043a\u043e \u0441\u043e\u0437\u0434\u0430\u0442\u044c \u0438\u043d\u0444\u0440\u0430\u0441\u0442\u0440\u0443\u043a\u0442\u0443\u0440\u0443. \u041d\u0430\u0445\u043e\u0434\u0438\u043c \u0437\u0434\u0430\u043d\u0438\u0435 \u0432\u043e\u043a\u0437\u0430\u043b\u0430 \u0438 \u0440\u0430\u0441\u0441\u0442\u0430\u0432\u043b\u044f\u0435\u043c \u0432\u043e\u043a\u0440\u0443\u0433 \u043d\u0435\u0433\u043e \u043c\u0430\u0448\u0438\u043d\u044b, \u0434\u043e\u0440\u043e\u0436\u043d\u044b\u0435 \u0437\u043d\u0430\u043a\u0438, \u0444\u0438\u0433\u0443\u0440\u043a\u0438 \u0441\u043b\u0443\u0436\u0430\u0449\u0438\u0445. \u0418\u0442\u0430\u043a, \u0438\u0433\u0440\u0443\u0448\u043a\u0430 \u043f\u0440\u0438\u0432\u0435\u0434\u0435\u043d\u0430 \u0432 \u0438\u0433\u0440\u043e\u0432\u0443\u044e \u0433\u043e\u0442\u043e\u0432\u043d\u043e\u0441\u0442\u044c!<\/p>\n<p>\u041d\u0430\u0431\u043e\u0440 \u043e\u0442 Viga Toys \u0416\u0435\u043b\u0435\u0437\u043d\u0430\u044f \u0434\u043e\u0440\u043e\u0433\u0430 \u043f\u043e\u0437\u0432\u043e\u043b\u044f\u0435\u0442 \u043f\u0440\u0438\u0434\u0443\u043c\u0430\u0442\u044c \u043e\u0433\u0440\u043e\u043c\u043d\u043e\u0435 \u043a\u043e\u043b\u0438\u0447\u0435\u0441\u0442\u0432\u043e \u0440\u043e\u043b\u0435\u0432\u044b\u0445 \u0438\u0433\u0440. \u041f\u0440\u0438 \u0436\u0435\u043b[trim][:ro_RO]<strong>Setul de joac\u0103 de la Viga Toys<\/strong> este format din 39 de elemente din lemn \u0219lefuit fin. \u00cempreun\u0103 alc\u0103tuiesc o compozi\u021bie arhitectural\u0103, \u00een care fiecare detaliu este la locul lui.<\/p>\n<p>Nu sunt necesare baterii pentru func\u021bionare. Copilul \u00eempinge singur trenul.<\/p>\n<p>Aceasta nu este doar o cale ferat\u0103, ci un \u00eentreg sistem de vehicule. Pe l\u00e2ng\u0103 \u0219ine \u0219i trenuri, setul de joac\u0103 include diverse decora\u021biuni \u00een miniatur\u0103: indicatoare rutiere, ma\u0219ini, copaci, figuri umane \u0219i chiar o gar\u0103 improvizat\u0103.<\/p>\n<p>Cum s\u0103 preg\u0103te\u0219ti aceast\u0103 juc\u0103rie educativ\u0103 pentru joac\u0103? Mai \u00eent\u00e2i trebuie s\u0103 asambla\u021bi drumul \u00een sine, care, apropo, nu este fier, ci lemn. Apoi, conect\u0103m vagoanele de tren (au magne\u021bi \u00eencorpora\u021bi), le punem pe \u0219ine &#8211; \u0219i mergem! \u00cen timp ce trenul ia vitez\u0103, putem crea rapid infrastructur\u0103. G\u0103sim cl\u0103direa g\u0103rii \u0219i plas\u0103m ma\u0219ini, indicatoare rutiere \u0219i figuri ale angaja\u021bilor \u00een jurul ei. Deci, juc\u0103ria este gata de joac\u0103!<\/p>\n<p><em>Setul de la Viga Toys v\u0103 permite s\u0103 crea\u021bi un num\u0103r mare de jocuri de rol. Dac\u0103 dore<\/p>\n","protected":false},"excerpt":{"rendered":"<p>[:ru_RU]\u0418\u0433\u0440\u043e\u0432\u043e\u0439 \u043d\u0430\u0431\u043e\u0440 \u0416\u0435\u043b\u0435\u0437\u043d\u0430\u044f \u0434\u043e\u0440\u043e\u0433\u0430 \u043e\u0442 Viga Toys \u2013 \u044d\u0442\u043e 39 \u0433\u043b\u0430\u0434\u043a\u043e \u043e\u0442\u0448\u043b\u0438\u0444\u043e\u0432\u0430\u043d\u043d\u044b\u0445 \u044d\u043b\u0435\u043c\u0435\u043d\u0442\u043e\u0432 \u0438\u0437 \u0434\u0435\u0440\u0435\u0432\u0430. \u0412\u043c\u0435\u0441\u0442\u0435 \u043e\u043d\u0438 \u0441\u043e\u0441\u0442\u0430\u0432\u043b\u044f\u044e\u0442 \u0430\u0440\u0445\u0438\u0442\u0435\u043a\u0442\u0443\u0440\u043d\u0443\u044e \u043a\u043e\u043c\u043f\u043e\u0437\u0438\u0446\u0438\u044e, \u0433\u0434\u0435 \u043a\u0430\u0436\u0434\u0430\u044f \u0434\u0435\u0442\u0430\u043b\u044c \u043d\u0430 \u0441\u0432\u043e\u0435\u043c \u043c\u0435\u0441\u0442\u0435. \u0414\u043b\u044f \u0440\u0430\u0431\u043e\u0442\u044b \u0431\u0430\u0442\u0430\u0440\u0435\u0439\u043a\u0438 \u043d\u0435 \u043d\u0443\u0436\u043d\u044b. \u0420\u0435\u0431\u0435\u043d\u043e\u043a \u0442\u043e\u043b\u043a\u0430\u0435\u0442 \u043f\u043e\u0435\u0437\u0434 \u0441\u0430\u043c\u043e\u0441\u0442\u043e\u044f\u0442\u0435\u043b\u044c\u043d\u043e. \u042d\u0442\u043e \u043d\u0435 \u043f\u0440\u043e\u0441\u0442\u043e \u0436\u0435\u043b\u0435\u0437\u043d\u0430\u044f \u0434\u043e\u0440\u043e\u0433\u0430, \u0430 \u0446\u0435\u043b\u0430\u044f \u0441\u0438\u0441\u0442\u0435\u043c\u0430 \u0442\u0440\u0430\u043d\u0441\u043f\u043e\u0440\u0442\u043d\u044b\u0445 \u0441\u0440\u0435\u0434\u0441\u0442\u0432. \u041f\u043e\u043c\u0438\u043c\u043e \u0440\u0435\u043b\u044c\u0441\u043e\u0432 \u0438 \u043f\u043e\u0435\u0437\u0434\u043e\u0432, \u0432 \u0438\u0433\u0440\u043e\u0432\u043e\u0439 \u043d\u0430\u0431\u043e\u0440 \u0432\u0445\u043e\u0434\u044f\u0442 \u0440\u0430\u0437\u043b\u0438\u0447\u043d\u044b\u0435 \u043c\u0438\u043d\u0438\u0430\u0442\u044e\u0440\u043d\u044b\u0435 [&hellip;]<\/p>\n","protected":false},"featured_media":47768,"comment_status":"open","ping_status":"closed","template":"","meta":{"_acf_changed":false},"product_brand":[],"product_cat":[6824],"product_tag":[],"class_list":{"0":"post-47774","1":"product","2":"type-product","3":"status-publish","4":"has-post-thumbnail","6":"product_cat-ru_ru-zheleznaja-doroga-tri","8":"first","9":"instock","10":"shipping-taxable","11":"purchasable","12":"product-type-simple"},"acf":[],"_links":{"self":[{"href":"https:\/\/minimax.md\/ru\/wp-json\/wp\/v2\/product\/47774","targetHints":{"allow":["GET"]}}],"collection":[{"href":"https:\/\/minimax.md\/ru\/wp-json\/wp\/v2\/product"}],"about":[{"href":"https:\/\/minimax.md\/ru\/wp-json\/wp\/v2\/types\/product"}],"replies":[{"embeddable":true,"href":"https:\/\/minimax.md\/ru\/wp-json\/wp\/v2\/comments?post=47774"}],"version-history":[{"count":0,"href":"https:\/\/minimax.md\/ru\/wp-json\/wp\/v2\/product\/47774\/revisions"}],"wp:featuredmedia":[{"embeddable":true,"href":"https:\/\/minimax.md\/ru\/wp-json\/wp\/v2\/media\/47768"}],"wp:attachment":[{"href":"https:\/\/minimax.md\/ru\/wp-json\/wp\/v2\/media?parent=47774"}],"wp:term":[{"taxonomy":"product_brand","embeddable":true,"href":"https:\/\/minimax.md\/ru\/wp-json\/wp\/v2\/product_brand?post=47774"},{"taxonomy":"product_cat","embeddable":true,"href":"https:\/\/minimax.md\/ru\/wp-json\/wp\/v2\/product_cat?post=47774"},{"taxonomy":"product_tag","embeddable":true,"href":"https:\/\/minimax.md\/ru\/wp-json\/wp\/v2\/product_tag?post=47774"}],"curies":[{"name":"wp","href":"https:\/\/api.w.org\/{rel}","templated":true}]}}