{"id":47836,"date":"2024-01-11T17:21:35","date_gmt":"2024-01-11T14:21:35","guid":{"rendered":"https:\/\/minimax.md\/product\/47836.html"},"modified":"2024-03-13T00:35:27","modified_gmt":"2024-03-12T21:35:27","slug":"ru_ru-hot-wheels-konstruktor-trass-gonka-ralli-v-assortimente-trim-ro_ro-hot-wheels-sonstructor-de-piste-curse-de-raliu-n-asort","status":"publish","type":"product","link":"https:\/\/minimax.md\/ru\/product\/47836.html","title":{"rendered":"Hot Wheels \u043a\u043e\u043d\u0441\u0442\u0440\u0443\u043a\u0442\u043e\u0440 \u0442\u0440\u0430\u0441\u0441 \"\u0413\u043e\u043d\u043a\u0430 \u0440\u0430\u043b\u043b\u0438\" \u0432 \u0430\u0441\u0441\u043e\u0440\u0442\u0438\u043c\u0435\u043d\u0442\u0435"},"content":{"rendered":"<p>[:ru_RU]\u042d\u0442\u043e\u0442 \u0430\u0441\u0441\u043e\u0440\u0442\u0438\u043c\u0435\u043d\u0442 \u043f\u0440\u0435\u0434\u043b\u0430\u0433\u0430\u0435\u0442 \u043f\u0440\u043e\u0441\u0442\u0443\u044e \u043a\u043b\u0430\u0441\u0441\u0438\u0447\u0435\u0441\u043a\u0443\u044e \u0438\u0433\u0440\u0443 Hot Wheels \u0441 \u043a\u0443\u043b\u044c\u0442\u043e\u0432\u044b\u043c\u0438 \u0430\u0432\u0442\u043e\u043c\u043e\u0431\u0438\u043b\u044f\u043c\u0438, \u043e\u0440\u0430\u043d\u0436\u0435\u0432\u043e\u0439 \u0442\u0440\u0430\u0441\u0441\u043e\u0439 \u0438 \u043b\u0430\u0443\u043d\u0447\u0435\u0440\u043e\u043c.<\/p>\n<p>\u0414\u0435\u0442\u0438 \u043c\u043e\u0433\u0443\u0442 \u043f\u0435\u0440\u0435\u043f\u0440\u044b\u0433\u0438\u0432\u0430\u0442\u044c \u043c\u0430\u0448\u0438\u043d\u044b \u0447\u0435\u0440\u0435\u0437 \u044d\u043b\u0435\u043a\u0442\u0440\u0438\u0447\u0435\u0441\u043a\u0443\u044e \u0441\u0442\u0440\u0435\u043b\u0443 \u0441 \u043f\u043e\u043c\u043e\u0449\u044c\u044e \u044d\u043b\u0435\u043a\u0442\u0440\u0438\u0447\u0435\u0441\u043a\u043e\u0439 \u0431\u0430\u0448\u043d\u0438, \u0437\u0430\u043f\u0443\u0441\u043a\u0430\u0442\u044c, \u0447\u0442\u043e\u0431\u044b \u043f\u0435\u0440\u0435\u043f\u0440\u044b\u0433\u043d\u0443\u0442\u044c \u0447\u0435\u0440\u0435\u0437 \u043f\u043b\u0430\u043c\u044f, \u043a\u0430\u0442\u0430\u0442\u044c\u0441\u044f \u043f\u043e \u043f\u0435\u0442\u043b\u0435 \u0438\u043b\u0438 \u0441\u0430\u043b\u044c\u0442\u043e \u0441 \u0447\u0435\u0442\u044b\u0440\u044c\u043c\u044f \u0440\u0430\u0437\u043b\u0438\u0447\u043d\u044b\u043c\u0438 \u0432\u0430\u0440\u0438\u0430\u043d\u0442\u0430\u043c\u0438 \u0442\u0440\u044e\u043a\u043e\u0432. \u041a\u0430\u043a \u0432\u044b\u0441\u043e\u043a\u043e, \u043a\u0430\u043a \u0434\u0430\u043b\u0435\u043a\u043e, \u043a\u0430\u043a \u0431\u044b\u0441\u0442\u0440\u043e \u043e\u043d\u0438 \u043f\u043e\u0439\u0434\u0443\u0442?<\/p>\n<p>\u0427\u0435\u0442\u044b\u0440\u0435 \u0440\u0430\u0437\u043d\u044b\u0445 \u043d\u0430\u0431\u043e\u0440\u0430 \u0441 \u0443\u043d\u0438\u043a\u0430\u043b\u044c\u043d\u044b\u043c\u0438 \u0444\u0443\u043d\u043a\u0446\u0438\u044f\u043c\u0438 \u043f\u0440\u0435\u0434\u043b\u0430\u0433\u0430\u044e\u0442 \u0432\u043e\u043b\u043d\u0443\u044e\u0449\u0443\u044e \u0438\u0433\u0440\u0443 \u0438 \u0437\u0430\u0445\u0432\u0430\u0442\u044b\u0432\u0430\u044e\u0449\u0438\u0435 \u0434\u0435\u0439\u0441\u0442\u0432\u0438\u044f. \u041a\u0430\u0436\u0434\u044b\u0439 \u043d\u0430\u0431\u043e\u0440 \u0441\u043e\u0435\u0434\u0438\u043d\u044f\u0435\u0442\u0441\u044f \u0441 \u0434\u0440\u0443\u0433\u0438\u043c\u0438 \u043d\u0430\u0431\u043e\u0440\u0430\u043c\u0438 Hot Wheels (\u043f\u0440\u043e\u0434\u0430\u044e\u0442\u0441\u044f \u043e\u0442\u0434\u0435\u043b\u044c\u043d\u043e) \u2014 \u044d\u0442\u043e \u043e\u0442\u043b\u0438\u0447\u043d\u044b\u0439 \u0441\u043f\u043e\u0441\u043e\u0431 \u043f\u043e\u0441\u0442\u0440\u043e\u0438\u0442\u044c \u044d\u043f\u0438\u0447\u0435\u0441\u043a\u0443\u044e \u0442\u0440\u0430\u0441\u0441\u0443.<\/p>\n<p>\u041a\u0430\u0436\u0434\u044b\u0439 \u0438\u0437 \u0442\u0440\u0435\u0445 \u043d\u0430\u0431\u043e\u0440\u043e\u0432 \u0432\u043a\u043b\u044e\u0447\u0430\u0435\u0442 \u0432 \u0441\u0435\u0431\u044f \u043e\u0434\u043d\u0443 \u043c\u0430\u0448\u0438\u043d\u043a\u0443 Hot Wheels.<\/p>\n<p>\u041d\u0435 \u043f\u043e\u0434\u0445\u043e\u0434\u0438\u0442 \u0434\u043b\u044f \u0438\u0441\u043f\u043e\u043b\u044c\u0437\u043e\u0432\u0430\u043d\u0438\u044f \u0441 \u043d\u0435\u043a\u043e\u0442\u043e\u0440\u044b\u043c\u0438 \u0430\u0432\u0442\u043e\u043c\u043e\u0431\u0438\u043b\u044f\u043c\u0438 Hot Wheels.[trim][:ro_RO]<strong>Aceast\u0103 gam\u0103 ofer\u0103 un joc clasic Hot Wheels simplu, cu ma\u0219ini, o pist\u0103 portocalie \u0219i un lansator.<\/strong><\/p>\n<p>Copiii pot s\u0103ri cu ma\u0219ini peste boom-ul electric cu turnul electric, pot alerga s\u0103 sar\u0103 peste fl\u0103c\u0103ri, pot s\u0103ri \u00een jur sau s\u0103 fac\u0103 diferite de cascadorii. C\u00e2t de sus, c\u00e2t de departe, c\u00e2t de repede vor merge?<\/p>\n<p>Patru seturi diferite, cu caracteristici unice, ofer\u0103 un joc plin de entuziasm \u0219i o ac\u021biune captivant\u0103. Fiecare set se conecteaz\u0103 cu alte seturi Hot Wheels (v\u00e2ndute separat) pentru o modalitate excelent\u0103 de a construi o pies\u0103 epic\u0103.<\/p>\n<p><strong>Fiecare dintre cele trei seturi include o ma\u0219in\u0103 Hot Wheels.<\/strong><\/p>\n<p><strong>Nu este potrivit pentru utilizarea cu unele vehicule Hot Wheels.<\/strong><\/p>\n","protected":false},"excerpt":{"rendered":"<p>[:ru_RU]\u042d\u0442\u043e\u0442 \u0430\u0441\u0441\u043e\u0440\u0442\u0438\u043c\u0435\u043d\u0442 \u043f\u0440\u0435\u0434\u043b\u0430\u0433\u0430\u0435\u0442 \u043f\u0440\u043e\u0441\u0442\u0443\u044e \u043a\u043b\u0430\u0441\u0441\u0438\u0447\u0435\u0441\u043a\u0443\u044e \u0438\u0433\u0440\u0443 Hot Wheels \u0441 \u043a\u0443\u043b\u044c\u0442\u043e\u0432\u044b\u043c\u0438 \u0430\u0432\u0442\u043e\u043c\u043e\u0431\u0438\u043b\u044f\u043c\u0438, \u043e\u0440\u0430\u043d\u0436\u0435\u0432\u043e\u0439 \u0442\u0440\u0430\u0441\u0441\u043e\u0439 \u0438 \u043b\u0430\u0443\u043d\u0447\u0435\u0440\u043e\u043c. \u0414\u0435\u0442\u0438 \u043c\u043e\u0433\u0443\u0442 \u043f\u0435\u0440\u0435\u043f\u0440\u044b\u0433\u0438\u0432\u0430\u0442\u044c \u043c\u0430\u0448\u0438\u043d\u044b \u0447\u0435\u0440\u0435\u0437 \u044d\u043b\u0435\u043a\u0442\u0440\u0438\u0447\u0435\u0441\u043a\u0443\u044e \u0441\u0442\u0440\u0435\u043b\u0443 \u0441 \u043f\u043e\u043c\u043e\u0449\u044c\u044e \u044d\u043b\u0435\u043a\u0442\u0440\u0438\u0447\u0435\u0441\u043a\u043e\u0439 \u0431\u0430\u0448\u043d\u0438, \u0437\u0430\u043f\u0443\u0441\u043a\u0430\u0442\u044c, \u0447\u0442\u043e\u0431\u044b \u043f\u0435\u0440\u0435\u043f\u0440\u044b\u0433\u043d\u0443\u0442\u044c \u0447\u0435\u0440\u0435\u0437 \u043f\u043b\u0430\u043c\u044f, \u043a\u0430\u0442\u0430\u0442\u044c\u0441\u044f \u043f\u043e \u043f\u0435\u0442\u043b\u0435 \u0438\u043b\u0438 \u0441\u0430\u043b\u044c\u0442\u043e \u0441 \u0447\u0435\u0442\u044b\u0440\u044c\u043c\u044f \u0440\u0430\u0437\u043b\u0438\u0447\u043d\u044b\u043c\u0438 \u0432\u0430\u0440\u0438\u0430\u043d\u0442\u0430\u043c\u0438 \u0442\u0440\u044e\u043a\u043e\u0432. \u041a\u0430\u043a \u0432\u044b\u0441\u043e\u043a\u043e, \u043a\u0430\u043a \u0434\u0430\u043b\u0435\u043a\u043e, \u043a\u0430\u043a \u0431\u044b\u0441\u0442\u0440\u043e \u043e\u043d\u0438 \u043f\u043e\u0439\u0434\u0443\u0442? \u0427\u0435\u0442\u044b\u0440\u0435 \u0440\u0430\u0437\u043d\u044b\u0445 \u043d\u0430\u0431\u043e\u0440\u0430 \u0441 \u0443\u043d\u0438\u043a\u0430\u043b\u044c\u043d\u044b\u043c\u0438 \u0444\u0443\u043d\u043a\u0446\u0438\u044f\u043c\u0438 [&hellip;]<\/p>\n","protected":false},"featured_media":47824,"comment_status":"open","ping_status":"closed","template":"","meta":{"_acf_changed":false},"product_brand":[],"product_cat":[6711],"product_tag":[],"class_list":{"0":"post-47836","1":"product","2":"type-product","3":"status-publish","4":"has-post-thumbnail","6":"product_cat-ru_ru-konstruktory-trim-ro_","8":"first","9":"instock","10":"shipping-taxable","11":"purchasable","12":"product-type-simple"},"acf":[],"_links":{"self":[{"href":"https:\/\/minimax.md\/ru\/wp-json\/wp\/v2\/product\/47836","targetHints":{"allow":["GET"]}}],"collection":[{"href":"https:\/\/minimax.md\/ru\/wp-json\/wp\/v2\/product"}],"about":[{"href":"https:\/\/minimax.md\/ru\/wp-json\/wp\/v2\/types\/product"}],"replies":[{"embeddable":true,"href":"https:\/\/minimax.md\/ru\/wp-json\/wp\/v2\/comments?post=47836"}],"version-history":[{"count":0,"href":"https:\/\/minimax.md\/ru\/wp-json\/wp\/v2\/product\/47836\/revisions"}],"wp:featuredmedia":[{"embeddable":true,"href":"https:\/\/minimax.md\/ru\/wp-json\/wp\/v2\/media\/47824"}],"wp:attachment":[{"href":"https:\/\/minimax.md\/ru\/wp-json\/wp\/v2\/media?parent=47836"}],"wp:term":[{"taxonomy":"product_brand","embeddable":true,"href":"https:\/\/minimax.md\/ru\/wp-json\/wp\/v2\/product_brand?post=47836"},{"taxonomy":"product_cat","embeddable":true,"href":"https:\/\/minimax.md\/ru\/wp-json\/wp\/v2\/product_cat?post=47836"},{"taxonomy":"product_tag","embeddable":true,"href":"https:\/\/minimax.md\/ru\/wp-json\/wp\/v2\/product_tag?post=47836"}],"curies":[{"name":"wp","href":"https:\/\/api.w.org\/{rel}","templated":true}]}}