{"id":47851,"date":"2024-01-11T17:21:50","date_gmt":"2024-01-11T14:21:50","guid":{"rendered":"https:\/\/minimax.md\/product\/47851.html"},"modified":"2024-03-13T01:03:53","modified_gmt":"2024-03-12T22:03:53","slug":"ru_ru-3d-pazl-jejfeleva-bashnja-20-jelementov-trim-ro_ro-3d-puzzle-turnul-eiffel-20-elemente","status":"publish","type":"product","link":"https:\/\/minimax.md\/ru\/product\/47851.html","title":{"rendered":"3D \u043f\u0430\u0437\u043b \u201c\u042d\u0439\u0444\u0435\u043b\u0435\u0432\u0430 \u0431\u0430\u0448\u043d\u044f\u201d, 20 \u044d\u043b\u0435\u043c\u0435\u043d\u0442\u043e\u0432"},"content":{"rendered":"<p>[:ru_RU]3D \u043f\u0430\u0437\u043b \u201c\u042d\u0439\u0444\u0435\u043b\u0435\u0432\u0430 \u0431\u0430\u0448\u043d\u044f\u201d \u043e\u0442\u00a0 CubicFun \u043e\u0447\u0435\u043d\u044c \u0438\u043d\u0442\u0435\u0440\u0435\u0441\u043d\u0430\u044f \u0433\u043e\u043b\u043e\u0432\u043e\u043b\u043e\u043c\u043a\u0430 \u0434\u043b\u044f \u0432\u0441\u0435\u0439 \u0441\u0435\u043c\u044c\u0438.\u00a0<\/p>\n<p>\u0412\u043c\u0435\u0441\u0442\u0435 \u0441\u043e\u0431\u0438\u0440\u0430\u044f 3D \u043f\u0430\u0437\u043b \u0441\u043e \u0441\u0432\u043e\u0438\u043c\u0438 \u0434\u0435\u0442\u044c\u043c\u0438, \u0432\u044b\u00a0 \u043c\u043e\u0436\u0435\u0442\u0435 \u0438\u043c \u0440\u0430\u0441\u0441\u043a\u0430\u0437\u0430\u0442\u044c \u043e \u0442\u043e\u043c \u0431\u0430\u0448\u043d\u044e \u043f\u043e\u043a\u0440\u044b\u0432\u0430\u044e\u0442 20\u2019000 \u043b\u0430\u043c\u043f\u043e\u0447\u0435\u043a, \u043a\u043e\u0442\u043e\u0440\u044b\u0435 \u0437\u0430\u0433\u043e\u0440\u0430\u044e\u0442\u0441\u044f \u0432 \u0442\u0435\u0447\u0435\u043d\u0438\u0435 \u043f\u044f\u0442\u0438 \u043c\u0438\u043d\u0443\u0442 \u043a\u0430\u0436\u0434\u044b\u0439 \u0447\u0430\u0441 \u043d\u0430 \u0447\u0430\u0441 \u0434\u043b\u044f \u0432\u0441\u0435\u043c\u0438\u0440\u043d\u043e \u0438\u0437\u0432\u0435\u0441\u0442\u043d\u044b\u0445 \u0441\u0432\u0435\u0442\u043e\u0432\u044b\u0445 \u0448\u043e\u0443. \u041e\u0434\u043d\u0430\u043a\u043e \u0431\u043e\u043b\u044c\u0448\u0438\u043d\u0441\u0442\u0432\u043e \u0442\u0443\u0440\u0438\u0441\u0442\u043e\u0432 \u043d\u0435 \u0437\u043d\u0430\u044e\u0442, \u0447\u0442\u043e \u0435\u0441\u0442\u044c \u043e\u0434\u043d\u043e \u0441\u043f\u0435\u0446\u0438\u0430\u043b\u044c\u043d\u043e\u0435 \u0448\u043e\u0443, \u043a\u043e\u0442\u043e\u0440\u043e\u0435 \u043f\u0440\u043e\u0438\u0441\u0445\u043e\u0434\u0438\u0442 \u0442\u043e\u043b\u044c\u043a\u043e \u043e\u0434\u0438\u043d \u0440\u0430\u0437 \u0432 \u0442\u0435\u0447\u0435\u043d\u0438\u0435 \u0434\u043d\u044f. \u041f\u0440\u043e\u0435\u043a\u0442 \u0431\u0430\u0448\u043d\u0438 \u0413\u0443\u0441\u0442\u0430\u0432\u0430 \u042d\u0439\u0444\u0435\u043b\u044f \u0431\u044b\u043b \u0432\u044b\u0431\u0440\u0430\u043d \u0438\u0437 107 \u0434\u0440\u0443\u0433\u0438\u0445 \u043f\u0440\u043e\u0435\u043a\u0442\u043e\u0432 \u0434\u043b\u044f \u0412\u0441\u0435\u043c\u0438\u0440\u043d\u043e\u0439 \u0432\u044b\u0441\u0442\u0430\u0432\u043a\u0438 1889 \u0433\u043e\u0434\u0430. \u041d\u0430 \u043f\u043e\u0441\u0442\u0440\u043e\u0439\u043a\u0443 \u0432\u0441\u0435\u0439 \u0431\u0430\u0448\u043d\u0438 \u0443\u0448\u043b\u043e \u0434\u0432\u0430 \u0433\u043e\u0434\u0430, \u0434\u0432\u0430 \u043c\u0435\u0441\u044f\u0446\u0430 \u0438 \u043f\u044f\u0442\u044c \u0434\u043d\u0435\u0439. \u0418\u0437\u043d\u0430\u0447\u0430\u043b\u044c\u043d\u043e \u0431\u0430\u0448\u043d\u044f \u043d\u0438\u043a\u0430\u043a \u043d\u0435 \u043d\u0430\u0437\u044b\u0432\u0430\u043b\u0430\u0441\u044c, \u0430 \u0441\u0430\u043c \u042d\u0439\u0444\u0435\u043b\u044c \u043d\u0430\u0437\u044b\u0432\u0430\u043b \u0435\u0451 \u043f\u0440\u043e\u0441\u0442\u043e \u00ab300-\u043c\u0435\u0442\u0440\u043e\u0432\u043e\u0439 \u0431\u0430\u0448\u043d\u0435\u0439\u00bb. \u0418 \u043b\u0438\u0448\u044c \u043f\u043e\u0442\u043e\u043c \u043f\u0430\u0440\u0438\u0436\u0430\u043d\u0435 \u043d\u0430\u0437\u0432\u0430\u043b\u0438 \u0431\u0430\u0448\u043d\u044e \u0432 \u0447\u0435\u0441\u0442\u044c \u0435\u0451 \u0441\u043e\u0437\u0434\u0430\u0442\u0435\u043b\u044f. \u041a\u043e\u0433\u0434\u0430 \u0431\u0430\u0448\u043d\u044f \u0431\u044b\u043b\u0430 \u043e\u0442\u043a\u0440\u044b\u0442\u0430 \u0432 1889 \u0433\u043e\u0434\u0443, \u043e\u043d\u0430 \u043f\u0440\u0438\u043d\u044f\u043b\u0430 \u0432\u043e \u0432\u0440\u0435\u043c\u044f \u043f\u0440\u043e\u0432\u0435\u0434\u0435\u043d\u0438\u044f \u0412\u0441\u0435\u043c\u0438\u0440\u043d\u043e\u0439 \u0432\u044b\u0441\u0442\u0430\u0432\u043a\u0438 \u0434\u0432\u0430 \u043c\u0438\u043b\u043b\u0438\u043e\u043d\u0430 \u043f\u043e\u0441\u0435\u0442\u0438\u0442\u0435\u043b\u0435\u0439.<\/p>\n<p>3D \u043f\u0430\u0437\u043b\u044b \u0443\u0434\u0438\u0432\u0438\u0442\u0435\u043b\u044c\u043d\u043e\u0435 \u0445\u043e\u0431\u0431\u0438 \u043a\u043e\u0442\u043e\u0440\u043e\u0435 \u0440\u0430\u0437\u0432\u0438\u0432\u0430\u0435\u0442 \u043d\u0435 \u0442\u043e\u043b\u044c\u043a\u043e \u043b\u043e\u0433\u0438\u0447\u0435\u0441\u043a\u043e\u0433\u043e \u043c\u044b\u0448\u043b\u0435\u043d\u0438\u044f, \u043c\u0435\u043b\u043a\u0443\u044e \u043c\u043e\u0442\u043e\u0440\u0438\u043a\u0443, \u0443\u0441\u0438\u0434\u0447\u0438\u0432\u043e\u0441\u0442\u0438 \u0438 \u0430\u043a\u043a\u0443\u0440\u0430\u0442\u043d\u043e\u0441\u0442\u044c, \u043d\u043e \u0438 \u0443\u0447\u0438\u0442 \u043c\u043d\u043e\u0433\u043e\u043c\u0443 \u0438\u043d\u0442\u0435\u0440\u0435\u0441\u043d\u043e\u043c\u0443 \u043e \u043c\u0438\u0440\u0435 \u0437\u0430 \u0432\u0435\u0441\u0435\u043b\u043e \u043f\u0440\u043e\u0432\u0435\u0434\u0435\u043d\u043d\u043e\u043c \u0432\u0440\u0435\u043c\u0435\u043d\u0438 \u0432[trim][:ro_RO]<strong>Puzzle 3D \u201cTurnul Eiffel&#8221;, de la CubicFun este un joc de puzzle foarte interesant pentru \u00eentreaga familie.<\/strong><\/p>\n<p>\u00cen timul jocului cu \u00a0puzzle 3D \u00eempreun\u0103 cu copiii t\u0103i, le po\u021bi povesti c\u0103 turnul este acoperit de 20.000 de becuri care se aprind timp de cinci minute \u00een fiecare or\u0103 pentru spectacole de lumini celebre \u00een lume. Ceea ce majoritatea turi\u0219tilor nu \u0219tiu, \u00eens\u0103, este c\u0103 exist\u0103 un spectacol special care are loc o singur\u0103 dat\u0103 \u00een timpul zilei. Designul turnului Gustav Eiffel a fost selectat din alte 107 modele pentru Expozi\u021bia Mondial\u0103 din 1889. A fost nevoie de doi ani, dou\u0103 luni \u0219i cinci zile pentru a construi \u00eentregul turn. Ini\u021bial, turnul nu avea nume, iar Eiffel \u00eensu\u0219i l-a numit simplu \u201eturn de 300 de metri\u201d. \u00cens\u0103 parizienii au numit turnul \u00een onoarea creatorului s\u0103u. C\u00e2nd turnul a fost deschis \u00een 1889, a primit dou\u0103 milioane de vizitatori \u00een timpul T\u00e2rgului Mondial.<\/p>\n<p><strong>Puzzle-urile 3D<\/strong> sunt un hobby uimitor care dezvolt\u0103 nu numai g\u00e2ndirea logic\u0103, abilit\u0103\u021bile motorii fine<\/p>\n","protected":false},"excerpt":{"rendered":"<p>[:ru_RU]3D \u043f\u0430\u0437\u043b \u201c\u042d\u0439\u0444\u0435\u043b\u0435\u0432\u0430 \u0431\u0430\u0448\u043d\u044f\u201d \u043e\u0442\u00a0 CubicFun \u043e\u0447\u0435\u043d\u044c \u0438\u043d\u0442\u0435\u0440\u0435\u0441\u043d\u0430\u044f \u0433\u043e\u043b\u043e\u0432\u043e\u043b\u043e\u043c\u043a\u0430 \u0434\u043b\u044f \u0432\u0441\u0435\u0439 \u0441\u0435\u043c\u044c\u0438.\u00a0 \u0412\u043c\u0435\u0441\u0442\u0435 \u0441\u043e\u0431\u0438\u0440\u0430\u044f 3D \u043f\u0430\u0437\u043b \u0441\u043e \u0441\u0432\u043e\u0438\u043c\u0438 \u0434\u0435\u0442\u044c\u043c\u0438, \u0432\u044b\u00a0 \u043c\u043e\u0436\u0435\u0442\u0435 \u0438\u043c \u0440\u0430\u0441\u0441\u043a\u0430\u0437\u0430\u0442\u044c \u043e \u0442\u043e\u043c \u0431\u0430\u0448\u043d\u044e \u043f\u043e\u043a\u0440\u044b\u0432\u0430\u044e\u0442 20\u2019000 \u043b\u0430\u043c\u043f\u043e\u0447\u0435\u043a, \u043a\u043e\u0442\u043e\u0440\u044b\u0435 \u0437\u0430\u0433\u043e\u0440\u0430\u044e\u0442\u0441\u044f \u0432 \u0442\u0435\u0447\u0435\u043d\u0438\u0435 \u043f\u044f\u0442\u0438 \u043c\u0438\u043d\u0443\u0442 \u043a\u0430\u0436\u0434\u044b\u0439 \u0447\u0430\u0441 \u043d\u0430 \u0447\u0430\u0441 \u0434\u043b\u044f \u0432\u0441\u0435\u043c\u0438\u0440\u043d\u043e \u0438\u0437\u0432\u0435\u0441\u0442\u043d\u044b\u0445 \u0441\u0432\u0435\u0442\u043e\u0432\u044b\u0445 \u0448\u043e\u0443. \u041e\u0434\u043d\u0430\u043a\u043e \u0431\u043e\u043b\u044c\u0448\u0438\u043d\u0441\u0442\u0432\u043e \u0442\u0443\u0440\u0438\u0441\u0442\u043e\u0432 \u043d\u0435 \u0437\u043d\u0430\u044e\u0442, \u0447\u0442\u043e \u0435\u0441\u0442\u044c \u043e\u0434\u043d\u043e \u0441\u043f\u0435\u0446\u0438\u0430\u043b\u044c\u043d\u043e\u0435 \u0448\u043e\u0443, \u043a\u043e\u0442\u043e\u0440\u043e\u0435 [&hellip;]<\/p>\n","protected":false},"featured_media":47847,"comment_status":"open","ping_status":"closed","template":"","meta":{"_acf_changed":false},"product_brand":[],"product_cat":[6713],"product_tag":[],"class_list":{"0":"post-47851","1":"product","2":"type-product","3":"status-publish","4":"has-post-thumbnail","6":"product_cat-ru_ru-pazly-i-mozaiki-trim","8":"first","9":"instock","10":"shipping-taxable","11":"purchasable","12":"product-type-simple"},"acf":[],"_links":{"self":[{"href":"https:\/\/minimax.md\/ru\/wp-json\/wp\/v2\/product\/47851","targetHints":{"allow":["GET"]}}],"collection":[{"href":"https:\/\/minimax.md\/ru\/wp-json\/wp\/v2\/product"}],"about":[{"href":"https:\/\/minimax.md\/ru\/wp-json\/wp\/v2\/types\/product"}],"replies":[{"embeddable":true,"href":"https:\/\/minimax.md\/ru\/wp-json\/wp\/v2\/comments?post=47851"}],"version-history":[{"count":0,"href":"https:\/\/minimax.md\/ru\/wp-json\/wp\/v2\/product\/47851\/revisions"}],"wp:featuredmedia":[{"embeddable":true,"href":"https:\/\/minimax.md\/ru\/wp-json\/wp\/v2\/media\/47847"}],"wp:attachment":[{"href":"https:\/\/minimax.md\/ru\/wp-json\/wp\/v2\/media?parent=47851"}],"wp:term":[{"taxonomy":"product_brand","embeddable":true,"href":"https:\/\/minimax.md\/ru\/wp-json\/wp\/v2\/product_brand?post=47851"},{"taxonomy":"product_cat","embeddable":true,"href":"https:\/\/minimax.md\/ru\/wp-json\/wp\/v2\/product_cat?post=47851"},{"taxonomy":"product_tag","embeddable":true,"href":"https:\/\/minimax.md\/ru\/wp-json\/wp\/v2\/product_tag?post=47851"}],"curies":[{"name":"wp","href":"https:\/\/api.w.org\/{rel}","templated":true}]}}