{"id":47854,"date":"2024-01-11T17:21:51","date_gmt":"2024-01-11T14:21:51","guid":{"rendered":"https:\/\/minimax.md\/product\/47854.html"},"modified":"2024-03-06T09:04:17","modified_gmt":"2024-03-06T06:04:17","slug":"ru_ru-mjach-rezinovyj-zvezdy-i-mashinki-22sm-2-cveta-trim-ro_ro-minge-din-cauciuc-stele-i-ma-ini-22-cm-2-culori","status":"publish","type":"product","link":"https:\/\/minimax.md\/ru\/product\/47854.html","title":{"rendered":"\u041c\u044f\u0447 \u0440\u0435\u0437\u0438\u043d\u043e\u0432\u044b\u0439 \u0417\u0432\u0435\u0437\u0434\u044b \u0438 \u041c\u0430\u0448\u0438\u043d\u043a\u0438 (22\u0441\u043c, 2 \u0446\u0432\u0435\u0442\u0430)"},"content":{"rendered":"<p>[:ru_RU]\u041c\u044f\u0447 \u0440\u0435\u0437\u0438\u043d\u043e\u0432\u044b\u0439 &#8211; \u043e\u0442\u043b\u0438\u0447\u043d\u044b\u0439 \u0432\u044b\u0431\u043e\u0440 \u0434\u043b\u044f \u043f\u043e\u0434\u0432\u0438\u0436\u043d\u044b\u0445 \u0438\u0433\u0440, \u044d\u0442\u043e \u0443\u043d\u0438\u0432\u0435\u0440\u0441\u0430\u043b\u044c\u043d\u0430\u044f \u0438\u0433\u0440\u0443\u0448\u043a\u0430, \u0432\u044b\u0437\u044b\u0432\u0430\u044e\u0449\u0430\u044f \u0431\u0443\u0440\u044e \u044d\u043c\u043e\u0446\u0438\u0439, \u0441 \u043d\u0435\u0439 \u043c\u043e\u0436\u043d\u043e \u0438\u0433\u0440\u0430\u0442\u044c \u0432 \u043f\u043e\u043c\u0435\u0449\u0435\u043d\u0438\u0438 \u0438 \u043d\u0430 \u0443\u043b\u0438\u0446\u0435. \u0418\u0433\u0440\u0430 \u0441 \u043c\u044f\u0447\u043e\u043c \u0441\u043f\u043e\u0441\u043e\u0431\u0441\u0442\u0432\u0443\u0435\u0442 \u0440\u0430\u0437\u0432\u0438\u0442\u0438\u044e \u043a\u043e\u043e\u0440\u0434\u0438\u043d\u0430\u0446\u0438\u0438 \u0434\u0432\u0438\u0436\u0435\u043d\u0438\u0439, \u043b\u043e\u0432\u043a\u043e\u0441\u0442\u0438, \u0432\u043d\u0438\u043c\u0430\u043d\u0438\u044f, \u0430 \u0442\u0430\u043a\u0436\u0435 \u0442\u0440\u0435\u043d\u0438\u0440\u0443\u0435\u0442 \u043c\u044b\u0448\u0446\u044b \u0442\u0435\u043b\u0430.[trim][:ro_RO]Mingea de cauciuc este o alegere excelent\u0103 pentru jocurile active. Fiind o juc\u0103rie universal\u0103 care genereaz\u0103 o furtun\u0103 de emo\u021bii, este potrivit\u0103 at\u00e2t pentru interior c\u00e2t \u0219i pentru exterior. Jocul cu mingea favorizeaz\u0103 dezvoltarea coordon\u0103rii, dexterit\u0103\u021bii, aten\u021biei \u0219i antreneaz\u0103, de asemenea, mu\u0219chii corpului.<\/p>\n","protected":false},"excerpt":{"rendered":"<p>[:ru_RU]\u041c\u044f\u0447 \u0440\u0435\u0437\u0438\u043d\u043e\u0432\u044b\u0439 &#8211; \u043e\u0442\u043b\u0438\u0447\u043d\u044b\u0439 \u0432\u044b\u0431\u043e\u0440 \u0434\u043b\u044f \u043f\u043e\u0434\u0432\u0438\u0436\u043d\u044b\u0445 \u0438\u0433\u0440, \u044d\u0442\u043e \u0443\u043d\u0438\u0432\u0435\u0440\u0441\u0430\u043b\u044c\u043d\u0430\u044f \u0438\u0433\u0440\u0443\u0448\u043a\u0430, \u0432\u044b\u0437\u044b\u0432\u0430\u044e\u0449\u0430\u044f \u0431\u0443\u0440\u044e \u044d\u043c\u043e\u0446\u0438\u0439, \u0441 \u043d\u0435\u0439 \u043c\u043e\u0436\u043d\u043e \u0438\u0433\u0440\u0430\u0442\u044c \u0432 \u043f\u043e\u043c\u0435\u0449\u0435\u043d\u0438\u0438 \u0438 \u043d\u0430 \u0443\u043b\u0438\u0446\u0435. \u0418\u0433\u0440\u0430 \u0441 \u043c\u044f\u0447\u043e\u043c \u0441\u043f\u043e\u0441\u043e\u0431\u0441\u0442\u0432\u0443\u0435\u0442 \u0440\u0430\u0437\u0432\u0438\u0442\u0438\u044e \u043a\u043e\u043e\u0440\u0434\u0438\u043d\u0430\u0446\u0438\u0438 \u0434\u0432\u0438\u0436\u0435\u043d\u0438\u0439, \u043b\u043e\u0432\u043a\u043e\u0441\u0442\u0438, \u0432\u043d\u0438\u043c\u0430\u043d\u0438\u044f, \u0430 \u0442\u0430\u043a\u0436\u0435 \u0442\u0440\u0435\u043d\u0438\u0440\u0443\u0435\u0442 \u043c\u044b\u0448\u0446\u044b \u0442\u0435\u043b\u0430.[trim][:ro_RO]Mingea de cauciuc este o alegere excelent\u0103 pentru jocurile active. Fiind o juc\u0103rie universal\u0103 care genereaz\u0103 o furtun\u0103 de [&hellip;]<\/p>\n","protected":false},"featured_media":47852,"comment_status":"open","ping_status":"closed","template":"","meta":{"_acf_changed":false},"product_brand":[],"product_cat":[6699],"product_tag":[],"class_list":{"0":"post-47854","1":"product","2":"type-product","3":"status-publish","4":"has-post-thumbnail","6":"product_cat-ru_ru-mjachi-i-shary-trim-r","8":"first","9":"instock","10":"shipping-taxable","11":"purchasable","12":"product-type-simple"},"acf":[],"_links":{"self":[{"href":"https:\/\/minimax.md\/ru\/wp-json\/wp\/v2\/product\/47854","targetHints":{"allow":["GET"]}}],"collection":[{"href":"https:\/\/minimax.md\/ru\/wp-json\/wp\/v2\/product"}],"about":[{"href":"https:\/\/minimax.md\/ru\/wp-json\/wp\/v2\/types\/product"}],"replies":[{"embeddable":true,"href":"https:\/\/minimax.md\/ru\/wp-json\/wp\/v2\/comments?post=47854"}],"version-history":[{"count":0,"href":"https:\/\/minimax.md\/ru\/wp-json\/wp\/v2\/product\/47854\/revisions"}],"wp:featuredmedia":[{"embeddable":true,"href":"https:\/\/minimax.md\/ru\/wp-json\/wp\/v2\/media\/47852"}],"wp:attachment":[{"href":"https:\/\/minimax.md\/ru\/wp-json\/wp\/v2\/media?parent=47854"}],"wp:term":[{"taxonomy":"product_brand","embeddable":true,"href":"https:\/\/minimax.md\/ru\/wp-json\/wp\/v2\/product_brand?post=47854"},{"taxonomy":"product_cat","embeddable":true,"href":"https:\/\/minimax.md\/ru\/wp-json\/wp\/v2\/product_cat?post=47854"},{"taxonomy":"product_tag","embeddable":true,"href":"https:\/\/minimax.md\/ru\/wp-json\/wp\/v2\/product_tag?post=47854"}],"curies":[{"name":"wp","href":"https:\/\/api.w.org\/{rel}","templated":true}]}}