{"id":47867,"date":"2024-01-11T17:21:52","date_gmt":"2024-01-11T14:21:52","guid":{"rendered":"https:\/\/minimax.md\/product\/47867.html"},"modified":"2024-03-13T01:04:13","modified_gmt":"2024-03-12T22:04:13","slug":"ru_ru-igrovoj-nabor-iz-16-soldatikov-i-flagami-trim-ro_ro-set-de-joc-cu-16-sold-ei-i-steaguri","status":"publish","type":"product","link":"https:\/\/minimax.md\/ru\/product\/47867.html","title":{"rendered":"\u0418\u0433\u0440\u043e\u0432\u043e\u0439 \u043d\u0430\u0431\u043e\u0440 \u0438\u0437 16 \u0441\u043e\u043b\u0434\u0430\u0442\u0438\u043a\u043e\u0432 \u0438 \u0444\u043b\u0430\u0433\u0430\u043c\u0438"},"content":{"rendered":"<p>[:ru_RU]\u0418\u0433\u0440\u043e\u0432\u043e\u0439 \u043d\u0430\u0431\u043e\u0440 \u0441\u043e\u0441\u0442\u043e\u0438\u0442 \u0438\u0437 16 \u0444\u0438\u0433\u0443\u0440\u043e\u043a \u0432\u043e\u0435\u043d\u043d\u044b\u0445 \u0441 \u043e\u0440\u0443\u0436\u0438\u0435\u043c \u0434\u0432\u0443\u0445 \u0446\u0432\u0435\u0442\u043e\u0432, \u0444\u043b\u0430\u0433\u0430\u043c\u0438\u00a0 \u0434\u043b\u044f \u0441\u043e\u0437\u0434\u0430\u043d\u0438\u044f.<\/p>\n<p>\u0421 \u043d\u0430\u0431\u043e\u0440\u043e\u043c \u043b\u0435\u0433\u043a\u043e \u0438\u0433\u0440\u0430\u0442\u044c \u0438 \u0441\u043e\u0437\u0434\u0430\u0432\u0430\u0442\u044c\u00a0 \u0440\u0430\u0437\u043d\u044b\u0435 \u0441\u0446\u0435\u043d\u044b \u0431\u043e\u0435\u0432\u044b\u0445 \u0434\u0435\u0439\u0441\u0442\u0432\u0438\u0439,\u00a0 \u0441\u0446\u0435\u043d\u0430\u0440\u0438\u0438 \u0431\u0438\u0442\u0432.<\/p>\n<p>\u041c\u043e\u0436\u043d\u043e \u0438\u0433\u0440\u0430\u0442\u044c \u0432\u043c\u0435\u0441\u0442\u0435 \u0441 \u0434\u0440\u0443\u0437\u044c\u044f\u043c\u0438, \u0440\u0430\u0437\u0434\u0430\u0432 \u043a\u0430\u0436\u0434\u043e\u043c\u0443 \u0444\u0438\u0433\u0443\u0440\u043a\u0438 \u043e\u0434\u043d\u043e\u0433\u043e \u0446\u0432\u0435\u0442\u0430.<\/p>\n<p>\u0422\u0430\u043a\u0438\u043c \u043e\u0431\u0440\u0430\u0437\u043e\u043c, \u0443 \u043a\u0430\u0436\u0434\u043e\u0433\u043e \u0431\u0443\u0434\u0435\u0442 \u0441\u0432\u043e\u044f \u0430\u0440\u043c\u0438\u044f, \u043b\u0435\u0433\u043a\u043e \u0440\u0430\u0437\u043b\u0438\u0447\u0430\u0435\u043c\u0430\u044f \u043f\u043e \u0446\u0432\u0435\u0442\u0443, \u043f\u043e\u0434\u043e\u0431\u043d\u043e \u043d\u0430\u0441\u0442\u043e\u044f\u0449\u0435\u0439.[trim][:ro_RO]<strong>Setul de joc este format din 16 figuri militare cu arme steaguri.<\/strong><\/p>\n<p>Este u\u0219or s\u0103 te joci cu setul \u0219i s\u0103 creezi diferite scene de lupt\u0103, scenarii de lupt\u0103. Te po\u021bi juca cu acest set cu prietenii t\u0103i, oferindu-le fiec\u0103ruia figurine de culori diferite. Astfel, fiecare va avea propria sa armat\u0103, u\u0219or de distins prin culoare, ca una adev\u0103rat\u0103.<\/p>\n","protected":false},"excerpt":{"rendered":"<p>[:ru_RU]\u0418\u0433\u0440\u043e\u0432\u043e\u0439 \u043d\u0430\u0431\u043e\u0440 \u0441\u043e\u0441\u0442\u043e\u0438\u0442 \u0438\u0437 16 \u0444\u0438\u0433\u0443\u0440\u043e\u043a \u0432\u043e\u0435\u043d\u043d\u044b\u0445 \u0441 \u043e\u0440\u0443\u0436\u0438\u0435\u043c \u0434\u0432\u0443\u0445 \u0446\u0432\u0435\u0442\u043e\u0432, \u0444\u043b\u0430\u0433\u0430\u043c\u0438\u00a0 \u0434\u043b\u044f \u0441\u043e\u0437\u0434\u0430\u043d\u0438\u044f. \u0421 \u043d\u0430\u0431\u043e\u0440\u043e\u043c \u043b\u0435\u0433\u043a\u043e \u0438\u0433\u0440\u0430\u0442\u044c \u0438 \u0441\u043e\u0437\u0434\u0430\u0432\u0430\u0442\u044c\u00a0 \u0440\u0430\u0437\u043d\u044b\u0435 \u0441\u0446\u0435\u043d\u044b \u0431\u043e\u0435\u0432\u044b\u0445 \u0434\u0435\u0439\u0441\u0442\u0432\u0438\u0439,\u00a0 \u0441\u0446\u0435\u043d\u0430\u0440\u0438\u0438 \u0431\u0438\u0442\u0432. \u041c\u043e\u0436\u043d\u043e \u0438\u0433\u0440\u0430\u0442\u044c \u0432\u043c\u0435\u0441\u0442\u0435 \u0441 \u0434\u0440\u0443\u0437\u044c\u044f\u043c\u0438, \u0440\u0430\u0437\u0434\u0430\u0432 \u043a\u0430\u0436\u0434\u043e\u043c\u0443 \u0444\u0438\u0433\u0443\u0440\u043a\u0438 \u043e\u0434\u043d\u043e\u0433\u043e \u0446\u0432\u0435\u0442\u0430. \u0422\u0430\u043a\u0438\u043c \u043e\u0431\u0440\u0430\u0437\u043e\u043c, \u0443 \u043a\u0430\u0436\u0434\u043e\u0433\u043e \u0431\u0443\u0434\u0435\u0442 \u0441\u0432\u043e\u044f \u0430\u0440\u043c\u0438\u044f, \u043b\u0435\u0433\u043a\u043e \u0440\u0430\u0437\u043b\u0438\u0447\u0430\u0435\u043c\u0430\u044f \u043f\u043e \u0446\u0432\u0435\u0442\u0443, \u043f\u043e\u0434\u043e\u0431\u043d\u043e \u043d\u0430\u0441\u0442\u043e\u044f\u0449\u0435\u0439.[trim][:ro_RO]Setul de joc este format din 16 [&hellip;]<\/p>\n","protected":false},"featured_media":47866,"comment_status":"open","ping_status":"closed","template":"","meta":{"_acf_changed":false},"product_brand":[],"product_cat":[6701],"product_tag":[],"class_list":{"0":"post-47867","1":"product","2":"type-product","3":"status-publish","4":"has-post-thumbnail","6":"product_cat-ru_ru-sportivnyj-inventar-t","8":"first","9":"instock","10":"shipping-taxable","11":"purchasable","12":"product-type-simple"},"acf":[],"_links":{"self":[{"href":"https:\/\/minimax.md\/ru\/wp-json\/wp\/v2\/product\/47867","targetHints":{"allow":["GET"]}}],"collection":[{"href":"https:\/\/minimax.md\/ru\/wp-json\/wp\/v2\/product"}],"about":[{"href":"https:\/\/minimax.md\/ru\/wp-json\/wp\/v2\/types\/product"}],"replies":[{"embeddable":true,"href":"https:\/\/minimax.md\/ru\/wp-json\/wp\/v2\/comments?post=47867"}],"version-history":[{"count":0,"href":"https:\/\/minimax.md\/ru\/wp-json\/wp\/v2\/product\/47867\/revisions"}],"wp:featuredmedia":[{"embeddable":true,"href":"https:\/\/minimax.md\/ru\/wp-json\/wp\/v2\/media\/47866"}],"wp:attachment":[{"href":"https:\/\/minimax.md\/ru\/wp-json\/wp\/v2\/media?parent=47867"}],"wp:term":[{"taxonomy":"product_brand","embeddable":true,"href":"https:\/\/minimax.md\/ru\/wp-json\/wp\/v2\/product_brand?post=47867"},{"taxonomy":"product_cat","embeddable":true,"href":"https:\/\/minimax.md\/ru\/wp-json\/wp\/v2\/product_cat?post=47867"},{"taxonomy":"product_tag","embeddable":true,"href":"https:\/\/minimax.md\/ru\/wp-json\/wp\/v2\/product_tag?post=47867"}],"curies":[{"name":"wp","href":"https:\/\/api.w.org\/{rel}","templated":true}]}}