{"id":47884,"date":"2024-01-11T17:21:55","date_gmt":"2024-01-11T14:21:55","guid":{"rendered":"https:\/\/minimax.md\/product\/47884.html"},"modified":"2024-03-13T01:04:36","modified_gmt":"2024-03-12T22:04:36","slug":"ru_ru-3d-pazl-linejnyj-korabl-gms-pobeda-189-jelementov-trim-ro_ro-3d-puzzle-vas-de-r-zboi-hms-victory-189-elemente","status":"publish","type":"product","link":"https:\/\/minimax.md\/ru\/product\/47884.html","title":{"rendered":"3D \u043f\u0430\u0437\u043b \u041b\u0438\u043d\u0435\u0439\u043d\u044b\u0439 \u043a\u043e\u0440\u0430\u0431\u043b\u044c \u201c\u0413\u041c\u0421 \u041f\u043e\u0431\u0435\u0434\u0430\u201d, 189 \u044d\u043b\u0435\u043c\u0435\u043d\u0442\u043e\u0432"},"content":{"rendered":"<p>[:ru_RU]3D \u043f\u0430\u0437\u043b \u041b\u0438\u043d\u0435\u0439\u043d\u044b\u0439 \u043a\u043e\u0440\u0430\u0431\u043b\u044c \u201c\u0413\u041c\u0421 \u041f\u043e\u0431\u0435\u0434\u0430\u201d \u043e\u0442\u00a0 CubicFun \u043e\u0447\u0435\u043d\u044c \u0438\u043d\u0442\u0435\u0440\u0435\u0441\u043d\u0430\u044f \u0433\u043e\u043b\u043e\u0432\u043e\u043b\u043e\u043c\u043a\u0430 \u0434\u043b\u044f \u0432\u0441\u0435\u0439 \u0441\u0435\u043c\u044c\u0438.\u00a0<\/p>\n<p>\u0412\u043c\u0435\u0441\u0442\u0435 \u0441\u043e\u0431\u0438\u0440\u0430\u044f 3D \u043f\u0430\u0437\u043b \u0441\u043e \u0441\u0432\u043e\u0438\u043c\u0438 \u0434\u0435\u0442\u044c\u043c\u0438, \u0432\u044b\u00a0 \u043c\u043e\u0436\u0435\u0442\u0435 \u0438\u043c \u0440\u0430\u0441\u0441\u043a\u0430\u0437\u0430\u0442\u044c \u043e \u0442\u043e\u043c \u0447\u0442\u043e HMS Victory &#8211; \u044d\u0442\u043e \u0431\u0440\u0438\u0442\u0430\u043d\u0441\u043a\u0438\u0439 \u043a\u043e\u0440\u0430\u0431\u043b\u044c-\u043b\u0438\u043d\u0435\u0439\u043d\u044b\u0439 \u043a\u043e\u0440\u0430\u0431\u043b\u044c, \u043a\u043e\u0442\u043e\u0440\u044b\u0439 \u0431\u044b\u043b \u043f\u043e\u0441\u0442\u0440\u043e\u0435\u043d \u0432 1759 \u0433\u043e\u0434\u0443 \u0438 \u0441\u0442\u0430\u043b \u0437\u043d\u0430\u043c\u0435\u043d\u0438\u0442\u044b\u043c \u0431\u043b\u0430\u0433\u043e\u0434\u0430\u0440\u044f \u0441\u0432\u043e\u0435\u0439 \u0440\u043e\u043b\u0438 \u0432 \u0431\u0438\u0442\u0432\u0435 \u043f\u0440\u0438 \u0422\u0440\u0430\u0444\u0430\u043b\u044c\u0433\u0430\u0440\u0435 \u0432 1805 \u0433\u043e\u0434\u0443. \u041e\u043d \u0431\u044b\u043b \u043f\u043e\u0441\u0442\u0440\u043e\u0435\u043d \u0432 \u043f\u043e\u0440\u0442\u0443 \u0427\u0430\u0442\u0435\u043c \u0432 \u0425\u044d\u043c\u043f\u0448\u0438\u0440\u0435 \u0438 \u0431\u044b\u043b \u043f\u0435\u0440\u0432\u044b\u043c \u043a\u043e\u0440\u0430\u0431\u043b\u0435\u043c, \u043a\u043e\u0442\u043e\u0440\u044b\u0439 \u0431\u044b\u043b \u043e\u0441\u043d\u0430\u0449\u0435\u043d 100 \u043f\u0443\u0448\u043a\u0430\u043c\u0438. HMS Victory \u0438\u043c\u0435\u0435\u0442 \u0434\u043b\u0438\u043d\u0443 69 \u043c\u0435\u0442\u0440\u043e\u0432 \u0438 \u0448\u0438\u0440\u0438\u043d\u0443 15 \u043c\u0435\u0442\u0440\u043e\u0432. \u041e\u043d \u0438\u043c\u0435\u0435\u0442 \u0442\u0440\u0438 \u043f\u0430\u043b\u0443\u0431\u044b \u0438 \u043c\u043e\u0436\u0435\u0442 \u0440\u0430\u0437\u0432\u0438\u0432\u0430\u0442\u044c \u0441\u043a\u043e\u0440\u043e\u0441\u0442\u044c \u0434\u043e 11 \u0443\u0437\u043b\u043e\u0432. \u041a\u043e\u0440\u0430\u0431\u043b\u044c \u043e\u0441\u043d\u0430\u0449\u0435\u043d 104 \u043f\u0443\u0448\u043a\u0430\u043c\u0438, \u0432\u043a\u043b\u044e\u0447\u0430\u044f 30-\u0444\u0443\u0442\u043e\u0432\u044b\u0435 \u043f\u0443\u0448\u043a\u0438 \u043d\u0430 \u043d\u0438\u0436\u043d\u0435\u0439 \u043f\u0430\u043b\u0443\u0431\u0435 \u0438 12-\u0444\u0443\u043d\u0442\u043e\u0432\u044b\u0435 \u043f\u0443\u0448\u043a\u0438 \u043d\u0430 \u0432\u0435\u0440\u0445\u043d\u0435\u0439 \u043f\u0430\u043b\u0443\u0431\u0435. HMS Victory &#8211; \u044d\u0442\u043e \u043d\u0435 \u0442\u043e\u043b\u044c\u043a\u043e \u0438\u0441\u0442\u043e\u0440\u0438\u0447\u0435\u0441\u043a\u0438\u0439 \u043f\u0430\u043c\u044f\u0442\u043d\u0438\u043a, \u043d\u043e \u0438 \u0441\u0438\u043c\u0432\u043e\u043b \u0431\u0440\u0438\u0442\u0430\u043d\u0441\u043a\u043e\u0439 \u043c\u043e\u0440\u0441\u043a\u043e\u0439 \u043c\u043e\u0449\u0438 \u0438 \u0441\u043b\u0430\u0432\u044b. \u041e\u043d \u043f\u0440\u043e\u0434\u043e\u043b\u0436\u0430\u0435\u0442 \u043f\u0440\u0438\u0432\u043b\u0435\u043a\u0430\u0442\u044c \u0442\u0443\u0440\u0438\u0441\u0442\u043e\u0432 \u0441\u043e \u0432\u0441\u0435\u0433\u043e \u043c\u0438\u0440\u0430 \u0438 \u043e\u0441\u0442\u0430\u0432\u0430\u0442\u044c\u0441\u044f \u043e\u0434\u043d\u0438\u043c \u0438\u0437 \u0441\u0430\u043c\u044b\u0445 \u043f\u043e\u043f\u0443\u043b\u044f\u0440\u043d\u044b\u0445 \u043c\u0443\u0437\u0435\u0435\u0432 \u0412\u0435\u043b\u0438\u043a\u043e\u0431\u0440\u0438\u0442\u0430\u043d\u0438\u0438.<\/p>\n<p>3D \u043f\u0430\u0437\u043b\u044b \u0443\u0434\u0438\u0432\u0438\u0442\u0435\u043b\u044c\u043d\u043e\u0435 \u0445\u043e\u0431\u0431\u0438 \u043a\u043e\u0442\u043e\u0440\u043e\u0435 \u0440\u0430\u0437\u0432\u0438\u0432\u0430\u0435\u0442 \u043d\u0435 \u0442\u043e\u043b\u044c\u043a\u043e \u043b\u043e\u0433\u0438\u0447\u0435\u0441\u043a\u043e\u0433\u043e \u043c\u044b\u0448\u043b\u0435\u043d\u0438\u044f, \u043c\u0435\u043b\u043a\u0443\u044e \u043c\u043e\u0442\u043e\u0440\u0438\u043a\u0443, \u0443\u0441\u0438\u0434\u0447\u0438\u0432\u043e\u0441\u0442\u0438 \u0438 \u0430\u043a\u043a\u0443\u0440\u0430\u0442\u043d\u043e\u0441\u0442\u044c, \u043d\u043e \u0438 \u0443\u0447\u0438\u0442 \u043c\u043d\u043e\u0433\u043e\u043c\u0443 \u0438\u043d\u0442\u0435\u0440\u0435\u0441\u043d\u043e\u043c\u0443 \u043e[trim][:ro_RO]<strong>Puzzle 3D Vas\u0433\u0434 de r\u0103zboi \u201cHMS Victory\u201d, de la CubicFun este un joc de puzzle foarte interesant pentru \u00eentreaga familie.<\/strong><\/p>\n<p>\u00cen timul jocului cu\u00a0 puzzle 3D \u00eempreun\u0103 cu copiii t\u0103i, le po\u021bi povesti c\u0103 <strong>HMS Victory<\/strong> a fost o nav\u0103 britanic\u0103 de r\u0103zboi, construit\u0103 \u00een 1759 \u0219i f\u0103cut\u0103 celebr\u0103 prin rolul s\u0103u \u00een b\u0103t\u0103lia de la Trafalgar din 1805. A fost construit\u0103 \u00een portul Chatham din Hampshire \u0219i a fost prima nav\u0103 echipat\u0103 cu 100 de tunuri. <strong>HMS Victory<\/strong> are 69 de metri lungime \u0219i 15 metri l\u0103\u021bime. Are trei pun\u021bi \u0219i poate atinge viteze de p\u00e2n\u0103 la 11 noduri. Nava este echipat\u0103 cu 104 tunuri, inclusiv tunuri de 914 cm pe puntea inferioar\u0103 \u0219i tunuri de 12 lire pe puntea superioar\u0103. <strong>HMS Victory<\/strong> nu este doar un monument istoric, ci \u0219i un simbol al puterii \u0219i gloriei navale britanice. Continu\u0103 s\u0103 atrag\u0103 turi\u0219ti din \u00eentreaga lume \u0219i r\u0103m\u00e2ne unul dintre cele mai populare muzee din Marea Britanie.<\/p>\n<p><strong>Puzzle-urile 3D<\/strong> sunt un hobby uimitor care dezvolt\u0103<\/p>\n","protected":false},"excerpt":{"rendered":"<p>[:ru_RU]3D \u043f\u0430\u0437\u043b \u041b\u0438\u043d\u0435\u0439\u043d\u044b\u0439 \u043a\u043e\u0440\u0430\u0431\u043b\u044c \u201c\u0413\u041c\u0421 \u041f\u043e\u0431\u0435\u0434\u0430\u201d \u043e\u0442\u00a0 CubicFun \u043e\u0447\u0435\u043d\u044c \u0438\u043d\u0442\u0435\u0440\u0435\u0441\u043d\u0430\u044f \u0433\u043e\u043b\u043e\u0432\u043e\u043b\u043e\u043c\u043a\u0430 \u0434\u043b\u044f \u0432\u0441\u0435\u0439 \u0441\u0435\u043c\u044c\u0438.\u00a0 \u0412\u043c\u0435\u0441\u0442\u0435 \u0441\u043e\u0431\u0438\u0440\u0430\u044f 3D \u043f\u0430\u0437\u043b \u0441\u043e \u0441\u0432\u043e\u0438\u043c\u0438 \u0434\u0435\u0442\u044c\u043c\u0438, \u0432\u044b\u00a0 \u043c\u043e\u0436\u0435\u0442\u0435 \u0438\u043c \u0440\u0430\u0441\u0441\u043a\u0430\u0437\u0430\u0442\u044c \u043e \u0442\u043e\u043c \u0447\u0442\u043e HMS Victory &#8211; \u044d\u0442\u043e \u0431\u0440\u0438\u0442\u0430\u043d\u0441\u043a\u0438\u0439 \u043a\u043e\u0440\u0430\u0431\u043b\u044c-\u043b\u0438\u043d\u0435\u0439\u043d\u044b\u0439 \u043a\u043e\u0440\u0430\u0431\u043b\u044c, \u043a\u043e\u0442\u043e\u0440\u044b\u0439 \u0431\u044b\u043b \u043f\u043e\u0441\u0442\u0440\u043e\u0435\u043d \u0432 1759 \u0433\u043e\u0434\u0443 \u0438 \u0441\u0442\u0430\u043b \u0437\u043d\u0430\u043c\u0435\u043d\u0438\u0442\u044b\u043c \u0431\u043b\u0430\u0433\u043e\u0434\u0430\u0440\u044f \u0441\u0432\u043e\u0435\u0439 \u0440\u043e\u043b\u0438 \u0432 \u0431\u0438\u0442\u0432\u0435 \u043f\u0440\u0438 \u0422\u0440\u0430\u0444\u0430\u043b\u044c\u0433\u0430\u0440\u0435 \u0432 1805 \u0433\u043e\u0434\u0443. \u041e\u043d [&hellip;]<\/p>\n","protected":false},"featured_media":47879,"comment_status":"open","ping_status":"closed","template":"","meta":{"_acf_changed":false},"product_brand":[],"product_cat":[6713],"product_tag":[],"class_list":{"0":"post-47884","1":"product","2":"type-product","3":"status-publish","4":"has-post-thumbnail","6":"product_cat-ru_ru-pazly-i-mozaiki-trim","8":"first","9":"instock","10":"shipping-taxable","11":"purchasable","12":"product-type-simple"},"acf":[],"_links":{"self":[{"href":"https:\/\/minimax.md\/ru\/wp-json\/wp\/v2\/product\/47884","targetHints":{"allow":["GET"]}}],"collection":[{"href":"https:\/\/minimax.md\/ru\/wp-json\/wp\/v2\/product"}],"about":[{"href":"https:\/\/minimax.md\/ru\/wp-json\/wp\/v2\/types\/product"}],"replies":[{"embeddable":true,"href":"https:\/\/minimax.md\/ru\/wp-json\/wp\/v2\/comments?post=47884"}],"version-history":[{"count":0,"href":"https:\/\/minimax.md\/ru\/wp-json\/wp\/v2\/product\/47884\/revisions"}],"wp:featuredmedia":[{"embeddable":true,"href":"https:\/\/minimax.md\/ru\/wp-json\/wp\/v2\/media\/47879"}],"wp:attachment":[{"href":"https:\/\/minimax.md\/ru\/wp-json\/wp\/v2\/media?parent=47884"}],"wp:term":[{"taxonomy":"product_brand","embeddable":true,"href":"https:\/\/minimax.md\/ru\/wp-json\/wp\/v2\/product_brand?post=47884"},{"taxonomy":"product_cat","embeddable":true,"href":"https:\/\/minimax.md\/ru\/wp-json\/wp\/v2\/product_cat?post=47884"},{"taxonomy":"product_tag","embeddable":true,"href":"https:\/\/minimax.md\/ru\/wp-json\/wp\/v2\/product_tag?post=47884"}],"curies":[{"name":"wp","href":"https:\/\/api.w.org\/{rel}","templated":true}]}}