{"id":47907,"date":"2024-01-11T17:21:58","date_gmt":"2024-01-11T14:21:58","guid":{"rendered":"https:\/\/minimax.md\/product\/47907.html"},"modified":"2024-01-28T09:04:08","modified_gmt":"2024-01-28T06:04:08","slug":"ru_ru-1-12-monstr-trak-s-inerciej-svet-zvuk-trim-ro_ro-1-12-monster-truck-cu-iner-ie-lumin-sunet","status":"publish","type":"product","link":"https:\/\/minimax.md\/ru\/product\/47907.html","title":{"rendered":"1:12 \u041c\u043e\u043d\u0441\u0442\u0440-\u0442\u0440\u0430\u043a \u0441 \u0438\u043d\u0435\u0440\u0446\u0438\u0435\u0439 (\u0441\u0432\u0435\u0442 \/ \u0437\u0432\u0443\u043a)"},"content":{"rendered":"<p>[:ru_RU]\u041c\u043e\u043d\u0441\u0442\u0440-\u0442\u0440\u0430\u043a \u0441 \u0438\u043d\u0435\u0440\u0446\u0438\u0435\u0439 \u00a0\u0443\u0431\u0435\u0434\u0438\u0442 \u0432\u0430\u0441 \u0432 \u0441\u0432\u043e\u0435\u0439 \u043d\u0435\u043f\u043e\u0431\u0435\u0434\u0438\u043c\u043e\u0441\u0442\u0438 \u0438 \u043c\u043e\u0449\u043d\u043e\u0441\u0442\u0438 \u043e\u0434\u043d\u0438\u043c \u043b\u0438\u0448\u044c \u0441\u0432\u043e\u0438\u043c \u0432\u0438\u0434\u043e\u043c. \u041e\u0434\u043d\u0430\u043a\u043e \u044d\u0442\u043e\u0442 \u043d\u0435\u0432\u0435\u0440\u043e\u044f\u0442\u043d\u044b\u0439 \u0432\u0435\u0437\u0434\u0435\u0445\u043e\u0434 \u0441\u043f\u043e\u0441\u043e\u0431\u0435\u043d \u0443\u0434\u0438\u0432\u0438\u0442\u044c \u043c\u0430\u043b\u044b\u0448\u0435\u0439 \u0435\u0449\u0435 \u0438 \u0440\u044f\u0434\u043e\u043c \u0438\u043d\u0442\u0435\u0440\u0435\u0441\u043d\u044b\u0445 \u0444\u0443\u043d\u043a\u0446\u0438\u0439.<\/p>\n<p>\u041d\u0430\u0436\u0438\u043c\u0430\u044f \u043d\u0430 \u043f\u043e\u0434\u0432\u0435\u0441\u043a\u0443 \u043c\u0430\u0448\u0438\u043d\u044b, \u043e\u043d\u0430 \u043c\u0433\u043d\u043e\u0432\u0435\u043d\u043d\u043e \u0432\u043a\u043b\u044e\u0447\u0438\u0442 \u0441\u0432\u0435\u0442\u043e\u0437\u0432\u0443\u043a\u043e\u0432\u044b\u0435 \u044d\u0444\u0444\u0435\u043a\u0442\u044b, \u0430 \u043c\u043e\u0449\u043d\u044b\u0439 \u0438\u043d\u0435\u0440\u0446\u0438\u043e\u043d\u043d\u044b\u0439 \u043c\u0435\u0445\u0430\u043d\u0438\u0437\u043c \u0430\u043a\u0442\u0438\u0432\u0438\u0440\u0443\u0435\u0442 \u0441\u0430\u043c\u043e\u0441\u0442\u043e\u044f\u0442\u0435\u043b\u044c\u043d\u043e\u0435 \u0434\u0432\u0438\u0436\u0435\u043d\u0438\u0435 \u0432\u0435\u0437\u0434\u0435\u0445\u043e\u0434\u0430, \u043a\u043e\u0442\u043e\u0440\u044b\u0439 \u0441\u0434\u0435\u043b\u0430\u0435\u0442 \u0438\u0433\u0440\u0443 \u0431\u043e\u043b\u0435\u0435 \u0434\u0438\u043d\u0430\u043c\u0438\u0447\u043d\u043e\u0439.<\/p>\n<p>\u041e\u0441\u043e\u0431\u0435\u043d\u043d\u043e\u0441\u0442\u0438:<\/p>\n<p>&#8211; \u043c\u0430\u0441\u0448\u0442\u0430\u0431 &#8211; 1:12;<\/p>\n<p>&#8211; \u043f\u0440\u0438 \u043d\u0430\u0436\u0430\u0442\u0438\u0438 \u043d\u0430 \u043f\u043e\u0434\u0432\u0435\u0441\u043a\u0443 \u0430\u043a\u0442\u0438\u0432\u0438\u0440\u0443\u044e\u0442\u0441\u044f \u0441\u0432\u0435\u0442\u043e\u0437\u0432\u0443\u043a\u043e\u0432\u044b\u0435 \u044d\u0444\u0444\u0435\u043a\u0442\u044b;<\/p>\n<p>&#8211; \u0432\u043e\u0441\u043f\u0440\u043e\u0438\u0437\u0432\u043e\u0434\u0438\u0442 \u0437\u0432\u0443\u043a\u0438 \u0440\u0430\u0431\u043e\u0442\u044b \u0434\u0432\u0438\u0433\u0430\u0442\u0435\u043b\u044f;<\/p>\n<p>&#8211; \u043c\u0438\u0433\u0430\u044e\u0449\u0430\u044f \u043f\u043e\u0434\u0441\u0432\u0435\u0442\u043a\u0430;<\/p>\n<p>&#8211; \u044d\u0444\u0444\u0435\u043a\u0442\u044b \u0440\u0430\u0431\u043e\u0442\u0430\u044e\u0442 \u043e\u0442 \u0431\u0430\u0442\u0430\u0440\u0435\u0435\u043a AG13 (\u043f\u0440\u0438\u043b\u0430\u0433\u0430\u044e\u0442\u0441\u044f);<\/p>\n<p>&#8211; \u043c\u043e\u0449\u043d\u044b\u0439 \u0438\u043d\u0435\u0440\u0446\u0438\u043e\u043d\u043d\u044b\u0439 \u043c\u0435\u0445\u0430\u043d\u0438\u0437\u043c;<\/p>\n<p>&#8211; \u043c\u0435\u0442\u0430\u043b\u043b\u0438\u0447\u0435\u0441\u043a\u0438\u0435 \u043f\u0440\u0443\u0436\u0438\u043d\u044b \u043e\u0431\u0435\u0441\u043f\u0435\u0447\u0438\u0432\u0430\u044e\u0442 \u043c\u0430\u0448\u0438\u043d\u0435 \u043f\u0440\u0435\u0432\u043e\u0441\u0445\u043e\u0434\u043d\u0443\u044e \u0430\u043c\u043e\u0440\u0442\u0438\u0437\u0430\u0446\u0438\u044e;<\/p>\n<p>&#8211; \u0431\u043e\u043b\u044c\u0448\u0438\u0435 \u0440\u0435\u0437\u0438\u043d\u043e\u0432\u044b\u0435 \u043a\u043e\u043b\u0435\u0441\u0430 \u0441 \u043f\u0440\u043e\u0442\u0435\u043a\u0442\u043e\u0440\u043d\u044b\u043c \u0443\u0437\u043e\u0440\u043e\u043c.[trim][:ro_RO]<strong>\u0421amionul monstru cu iner\u021bie te va convinge de invincibilitatea \u0219i puterea sa doar cu aspectul s\u0103u. Cu toate acestea, acest incredibil vehicul de teren poate surprinde \u0219i copiii cu o serie de caracteristici interesante.<\/strong><\/p>\n<p>Prin ap\u0103sarea suspensiei ma\u0219inii, aceasta va activa instantaneu efectele de lumin\u0103 \u0219i sunet, iar mecanismul cu iner\u021bie va activa mi\u0219carea independent\u0103 a vehiculului, ceea ce va face jocul mai dinamic.<\/p>\n<p><strong>Particularit\u0103\u021bi:<\/strong><\/p>\n<p>&#8211; scara &#8211; 1:12;<\/p>\n<p>&#8211; atunci c\u00e2nd vehiculul este ap\u0103sat pe partea superioar\u0103, se activeaz\u0103 efectele de lumin\u0103 \u0219i sunet;<\/p>\n<p>&#8211; reproduce sunetele de func\u021bionare a motorului;<\/p>\n<p>&#8211; iluminare intermitent\u0103;<\/p>\n<p>&#8211; 3 baterii AG13 (incluse);<\/p>\n<p>&#8211; mecanism iner\u021bial puternic;<\/p>\n<p>&#8211; arcuri metalice asigur\u0103 ma\u0219inii o excelent\u0103 absorb\u021bie a amortiz\u0103rii;<\/p>\n<p>&#8211; ro\u021bi mari din cauciuc cu un model al benzii de rulare.<\/p>\n","protected":false},"excerpt":{"rendered":"<p>[:ru_RU]\u041c\u043e\u043d\u0441\u0442\u0440-\u0442\u0440\u0430\u043a \u0441 \u0438\u043d\u0435\u0440\u0446\u0438\u0435\u0439 \u00a0\u0443\u0431\u0435\u0434\u0438\u0442 \u0432\u0430\u0441 \u0432 \u0441\u0432\u043e\u0435\u0439 \u043d\u0435\u043f\u043e\u0431\u0435\u0434\u0438\u043c\u043e\u0441\u0442\u0438 \u0438 \u043c\u043e\u0449\u043d\u043e\u0441\u0442\u0438 \u043e\u0434\u043d\u0438\u043c \u043b\u0438\u0448\u044c \u0441\u0432\u043e\u0438\u043c \u0432\u0438\u0434\u043e\u043c. \u041e\u0434\u043d\u0430\u043a\u043e \u044d\u0442\u043e\u0442 \u043d\u0435\u0432\u0435\u0440\u043e\u044f\u0442\u043d\u044b\u0439 \u0432\u0435\u0437\u0434\u0435\u0445\u043e\u0434 \u0441\u043f\u043e\u0441\u043e\u0431\u0435\u043d \u0443\u0434\u0438\u0432\u0438\u0442\u044c \u043c\u0430\u043b\u044b\u0448\u0435\u0439 \u0435\u0449\u0435 \u0438 \u0440\u044f\u0434\u043e\u043c \u0438\u043d\u0442\u0435\u0440\u0435\u0441\u043d\u044b\u0445 \u0444\u0443\u043d\u043a\u0446\u0438\u0439. \u041d\u0430\u0436\u0438\u043c\u0430\u044f \u043d\u0430 \u043f\u043e\u0434\u0432\u0435\u0441\u043a\u0443 \u043c\u0430\u0448\u0438\u043d\u044b, \u043e\u043d\u0430 \u043c\u0433\u043d\u043e\u0432\u0435\u043d\u043d\u043e \u0432\u043a\u043b\u044e\u0447\u0438\u0442 \u0441\u0432\u0435\u0442\u043e\u0437\u0432\u0443\u043a\u043e\u0432\u044b\u0435 \u044d\u0444\u0444\u0435\u043a\u0442\u044b, \u0430 \u043c\u043e\u0449\u043d\u044b\u0439 \u0438\u043d\u0435\u0440\u0446\u0438\u043e\u043d\u043d\u044b\u0439 \u043c\u0435\u0445\u0430\u043d\u0438\u0437\u043c \u0430\u043a\u0442\u0438\u0432\u0438\u0440\u0443\u0435\u0442 \u0441\u0430\u043c\u043e\u0441\u0442\u043e\u044f\u0442\u0435\u043b\u044c\u043d\u043e\u0435 \u0434\u0432\u0438\u0436\u0435\u043d\u0438\u0435 \u0432\u0435\u0437\u0434\u0435\u0445\u043e\u0434\u0430, \u043a\u043e\u0442\u043e\u0440\u044b\u0439 \u0441\u0434\u0435\u043b\u0430\u0435\u0442 \u0438\u0433\u0440\u0443 \u0431\u043e\u043b\u0435\u0435 \u0434\u0438\u043d\u0430\u043c\u0438\u0447\u043d\u043e\u0439. \u041e\u0441\u043e\u0431\u0435\u043d\u043d\u043e\u0441\u0442\u0438: &#8211; \u043c\u0430\u0441\u0448\u0442\u0430\u0431 &#8211; 1:12; &#8211; \u043f\u0440\u0438 [&hellip;]<\/p>\n","protected":false},"featured_media":47904,"comment_status":"open","ping_status":"closed","template":"","meta":{"_acf_changed":false},"product_brand":[],"product_cat":[6726],"product_tag":[],"class_list":{"0":"post-47907","1":"product","2":"type-product","3":"status-publish","4":"has-post-thumbnail","6":"product_cat-ru_ru-mashinki-trim-ro_ro-m","8":"first","9":"instock","10":"shipping-taxable","11":"purchasable","12":"product-type-simple"},"acf":[],"_links":{"self":[{"href":"https:\/\/minimax.md\/ru\/wp-json\/wp\/v2\/product\/47907","targetHints":{"allow":["GET"]}}],"collection":[{"href":"https:\/\/minimax.md\/ru\/wp-json\/wp\/v2\/product"}],"about":[{"href":"https:\/\/minimax.md\/ru\/wp-json\/wp\/v2\/types\/product"}],"replies":[{"embeddable":true,"href":"https:\/\/minimax.md\/ru\/wp-json\/wp\/v2\/comments?post=47907"}],"version-history":[{"count":0,"href":"https:\/\/minimax.md\/ru\/wp-json\/wp\/v2\/product\/47907\/revisions"}],"wp:featuredmedia":[{"embeddable":true,"href":"https:\/\/minimax.md\/ru\/wp-json\/wp\/v2\/media\/47904"}],"wp:attachment":[{"href":"https:\/\/minimax.md\/ru\/wp-json\/wp\/v2\/media?parent=47907"}],"wp:term":[{"taxonomy":"product_brand","embeddable":true,"href":"https:\/\/minimax.md\/ru\/wp-json\/wp\/v2\/product_brand?post=47907"},{"taxonomy":"product_cat","embeddable":true,"href":"https:\/\/minimax.md\/ru\/wp-json\/wp\/v2\/product_cat?post=47907"},{"taxonomy":"product_tag","embeddable":true,"href":"https:\/\/minimax.md\/ru\/wp-json\/wp\/v2\/product_tag?post=47907"}],"curies":[{"name":"wp","href":"https:\/\/api.w.org\/{rel}","templated":true}]}}