{"id":47919,"date":"2024-01-11T17:21:59","date_gmt":"2024-01-11T14:21:59","guid":{"rendered":"https:\/\/minimax.md\/product\/47919.html"},"modified":"2024-03-13T01:03:55","modified_gmt":"2024-03-12T22:03:55","slug":"ru_ru-kukla-princess-15sm-v-ass-trim-ro_ro-p-pu-a-princess-15cm-n-asortiment","status":"publish","type":"product","link":"https:\/\/minimax.md\/ru\/product\/47919.html","title":{"rendered":"\u041a\u0443\u043a\u043b\u0430 \"Princess\" 15\u0441\u043c. (\u0432 \u0430\u0441\u0441.)"},"content":{"rendered":"<p>[:ru_RU]\u041a\u0443\u043a\u043b\u0430 &#8220;Princess&#8221; \u0441\u0442\u0430\u043d\u0435\u0442 \u043b\u0443\u0447\u0448\u0438\u043c \u043f\u043e\u0434\u0430\u0440\u043a\u043e\u043c \u0434\u043b\u044f \u0434\u0435\u0432\u043e\u0447\u043a\u0438, \u0432\u0435\u0434\u044c \u0431\u043e\u043b\u0435\u0435 \u043c\u0438\u043b\u0443\u044e \u043a\u0443\u043a\u043b\u0443 \u0441\u043b\u043e\u0436\u043d\u043e \u043f\u0440\u0435\u0434\u0441\u0442\u0430\u0432\u0438\u0442\u044c. \u0423 \u043d\u0435\u0451 \u0433\u0443\u0441\u0442\u044b\u0435, \u0434\u043b\u0438\u043d\u043d\u044b\u0435 \u0432\u043e\u043b\u043e\u0441\u044b, \u0438\u0437\u044b\u0441\u043a\u0430\u043d\u043d\u043e\u0435 \u043f\u043b\u0430\u0442\u044c\u0435 \u0438 \u0441\u0430\u043c\u044b\u0435 \u043a\u0440\u0430\u0441\u0438\u0432\u044b\u0435 \u0433\u043b\u0430\u0437\u0430. \u0423 \u043f\u0440\u0438\u043d\u0446\u0435\u0441\u0441\u044b 13 \u043f\u043e\u0434\u0432\u0438\u0436\u043d\u044b\u0445 \u044d\u043b\u0435\u043c\u0435\u043d\u0442\u043e\u0432 &#8211; \u043e\u043d\u0430 \u0441\u043c\u043e\u0436\u0435\u0442 \u043f\u0440\u0438\u043d\u0438\u043c\u0430\u0442\u044c \u0441\u0430\u043c\u044b\u0435 \u0440\u0430\u0437\u043d\u044b\u0435 \u043f\u043e\u0437\u044b, \u0447\u0442\u043e \u043f\u043e\u0437\u0432\u043e\u043b\u0438\u0442 \u0440\u0435\u0431\u0435\u043d\u043a\u0443 \u0440\u0430\u0437\u0432\u0438\u0442\u044c \u043c\u0435\u043b\u043a\u0443\u044e \u043c\u043e\u0442\u043e\u0440\u0438\u043a\u0443 \u0438 \u0442\u0432\u043e\u0440\u0447\u0435\u0441\u043a\u043e\u0435 \u0432\u043e\u043e\u0431\u0440\u0430\u0436\u0435\u043d\u0438\u0435. \u0423 \u043d\u0435\u0451 \u0441\u044a\u0451\u043c\u043d\u044b\u0435 \u0430\u043a\u0441\u0435\u0441\u0441\u0443\u0430\u0440\u044b \u0438 \u044d\u043b\u0435\u043c\u0435\u043d\u0442\u044b \u043e\u0434\u0435\u0436\u0434\u044b, \u0447\u0442\u043e \u043f\u043e\u0437\u0432\u043e\u043b\u0438\u0442 \u0440\u0430\u0437\u043d\u043e\u043e\u0431\u0440\u0430\u0437\u0438\u0442\u044c \u0438\u0433\u0440\u043e\u0432\u043e\u0439 \u043f\u0440\u043e\u0446\u0435\u0441\u0441. \u0423\u0432\u0435\u0440\u0435\u043d\u044b, \u0447\u0442\u043e \u044d\u0442\u0430 \u043c\u0438\u043b\u0430\u0448\u043a\u0430 \u0441\u0442\u0430\u043d\u0435\u0442 \u043f\u0440\u0435\u043a\u0440\u0430\u0441\u043d\u043e\u0439 \u043f\u043e\u0434\u0440\u0443\u0433\u043e\u0439 \u0432\u0430\u0448\u0435\u0433\u043e \u0440\u0435\u0431\u0435\u043d\u043a\u0430.[trim][:ro_RO]Papu\u0219a &#8220;Princess&#8221; va fi cel mai bun cadou pentru o feti\u021b\u0103, pentru c\u0103 este greu sa-\u021bi imaginezi o p\u0103pu\u0219\u0103 mai dr\u0103gu\u021b\u0103 ca aceasta. Are p\u0103rul des \u0219i lung, o rochie simpatic\u0103 \u0219i cei mai expresivi \u0219i frumo\u0219i ochi. Prin\u021besa are 13 elemente mobile (bra\u021bele, picioarele, capul), care \u00eei vor permite copilului s\u0103-\u0219i dezvolte abilit\u0103\u021bile motorii fine \u0219i imagina\u021bia creativ\u0103. Accesoriile \u0219i articolele vestimentare, care pot fi scoase \u0219i \u00eembr\u0103cate la loc, vor diversifica jocul. Suntem siguri c\u0103 aceast\u0103 p\u0103pu\u0219\u0103 dr\u0103g\u0103la\u0219\u0103 va deveni un prieten minunat al copilului dumneavoastr\u0103.<\/p>\n","protected":false},"excerpt":{"rendered":"<p>[:ru_RU]\u041a\u0443\u043a\u043b\u0430 &#8220;Princess&#8221; \u0441\u0442\u0430\u043d\u0435\u0442 \u043b\u0443\u0447\u0448\u0438\u043c \u043f\u043e\u0434\u0430\u0440\u043a\u043e\u043c \u0434\u043b\u044f \u0434\u0435\u0432\u043e\u0447\u043a\u0438, \u0432\u0435\u0434\u044c \u0431\u043e\u043b\u0435\u0435 \u043c\u0438\u043b\u0443\u044e \u043a\u0443\u043a\u043b\u0443 \u0441\u043b\u043e\u0436\u043d\u043e \u043f\u0440\u0435\u0434\u0441\u0442\u0430\u0432\u0438\u0442\u044c. \u0423 \u043d\u0435\u0451 \u0433\u0443\u0441\u0442\u044b\u0435, \u0434\u043b\u0438\u043d\u043d\u044b\u0435 \u0432\u043e\u043b\u043e\u0441\u044b, \u0438\u0437\u044b\u0441\u043a\u0430\u043d\u043d\u043e\u0435 \u043f\u043b\u0430\u0442\u044c\u0435 \u0438 \u0441\u0430\u043c\u044b\u0435 \u043a\u0440\u0430\u0441\u0438\u0432\u044b\u0435 \u0433\u043b\u0430\u0437\u0430. \u0423 \u043f\u0440\u0438\u043d\u0446\u0435\u0441\u0441\u044b 13 \u043f\u043e\u0434\u0432\u0438\u0436\u043d\u044b\u0445 \u044d\u043b\u0435\u043c\u0435\u043d\u0442\u043e\u0432 &#8211; \u043e\u043d\u0430 \u0441\u043c\u043e\u0436\u0435\u0442 \u043f\u0440\u0438\u043d\u0438\u043c\u0430\u0442\u044c \u0441\u0430\u043c\u044b\u0435 \u0440\u0430\u0437\u043d\u044b\u0435 \u043f\u043e\u0437\u044b, \u0447\u0442\u043e \u043f\u043e\u0437\u0432\u043e\u043b\u0438\u0442 \u0440\u0435\u0431\u0435\u043d\u043a\u0443 \u0440\u0430\u0437\u0432\u0438\u0442\u044c \u043c\u0435\u043b\u043a\u0443\u044e \u043c\u043e\u0442\u043e\u0440\u0438\u043a\u0443 \u0438 \u0442\u0432\u043e\u0440\u0447\u0435\u0441\u043a\u043e\u0435 \u0432\u043e\u043e\u0431\u0440\u0430\u0436\u0435\u043d\u0438\u0435. \u0423 \u043d\u0435\u0451 \u0441\u044a\u0451\u043c\u043d\u044b\u0435 \u0430\u043a\u0441\u0435\u0441\u0441\u0443\u0430\u0440\u044b \u0438 \u044d\u043b\u0435\u043c\u0435\u043d\u0442\u044b \u043e\u0434\u0435\u0436\u0434\u044b, \u0447\u0442\u043e \u043f\u043e\u0437\u0432\u043e\u043b\u0438\u0442 \u0440\u0430\u0437\u043d\u043e\u043e\u0431\u0440\u0430\u0437\u0438\u0442\u044c [&hellip;]<\/p>\n","protected":false},"featured_media":47915,"comment_status":"open","ping_status":"closed","template":"","meta":{"_acf_changed":false},"product_brand":[],"product_cat":[6697],"product_tag":[],"class_list":{"0":"post-47919","1":"product","2":"type-product","3":"status-publish","4":"has-post-thumbnail","6":"product_cat-ru_ru-kukly-trim-ro_ro-p-pu","8":"first","9":"instock","10":"shipping-taxable","11":"purchasable","12":"product-type-simple"},"acf":[],"_links":{"self":[{"href":"https:\/\/minimax.md\/ru\/wp-json\/wp\/v2\/product\/47919","targetHints":{"allow":["GET"]}}],"collection":[{"href":"https:\/\/minimax.md\/ru\/wp-json\/wp\/v2\/product"}],"about":[{"href":"https:\/\/minimax.md\/ru\/wp-json\/wp\/v2\/types\/product"}],"replies":[{"embeddable":true,"href":"https:\/\/minimax.md\/ru\/wp-json\/wp\/v2\/comments?post=47919"}],"version-history":[{"count":0,"href":"https:\/\/minimax.md\/ru\/wp-json\/wp\/v2\/product\/47919\/revisions"}],"wp:featuredmedia":[{"embeddable":true,"href":"https:\/\/minimax.md\/ru\/wp-json\/wp\/v2\/media\/47915"}],"wp:attachment":[{"href":"https:\/\/minimax.md\/ru\/wp-json\/wp\/v2\/media?parent=47919"}],"wp:term":[{"taxonomy":"product_brand","embeddable":true,"href":"https:\/\/minimax.md\/ru\/wp-json\/wp\/v2\/product_brand?post=47919"},{"taxonomy":"product_cat","embeddable":true,"href":"https:\/\/minimax.md\/ru\/wp-json\/wp\/v2\/product_cat?post=47919"},{"taxonomy":"product_tag","embeddable":true,"href":"https:\/\/minimax.md\/ru\/wp-json\/wp\/v2\/product_tag?post=47919"}],"curies":[{"name":"wp","href":"https:\/\/api.w.org\/{rel}","templated":true}]}}