{"id":47965,"date":"2024-01-11T17:22:04","date_gmt":"2024-01-11T14:22:04","guid":{"rendered":"https:\/\/minimax.md\/product\/47965.html"},"modified":"2024-03-13T01:04:10","modified_gmt":"2024-03-12T22:04:10","slug":"ru_ru-1-20-podprygivajushhij-musorovoz-s-inerciej-svet-zvuk-trim-ro_ro-1-20-ma-in-de-gunoi-cu-iner-ie-care-sare-lumina-sunet","status":"publish","type":"product","link":"https:\/\/minimax.md\/ru\/product\/47965.html","title":{"rendered":"1:20 \u041f\u043e\u0434\u043f\u0440\u044b\u0433\u0438\u0432\u0430\u044e\u0449\u0438\u0439 \u043c\u0443\u0441\u043e\u0440\u043e\u0432\u043e\u0437 \u0441 \u0438\u043d\u0435\u0440\u0446\u0438\u0435\u0439 (\u0441\u0432\u0435\u0442 \/ \u0437\u0432\u0443\u043a)"},"content":{"rendered":"<p>[:ru_RU]\u0418\u043d\u0435\u0440\u0446\u0438\u043e\u043d\u043d\u0430\u044f \u0433\u0440\u0443\u0437\u043e\u0432\u0438\u043a \u0441\u043e \u0441\u0432\u0435\u0442\u043e\u0432\u044b\u043c\u0438 \u0438 \u0437\u0432\u0443\u043a\u043e\u0432\u044b\u043c\u0438 \u044d\u0444\u0444\u0435\u043a\u0442\u0430\u043c\u0438 (\u0437\u0432\u0443\u043a \u0434\u0432\u0438\u0433\u0430\u0442\u0435\u043b\u044f, \u0437\u0432\u0443\u043a\u043e\u0432\u043e\u0439 \u0441\u0438\u0433\u043d\u0430\u043b, \u0437\u0432\u0443\u043a \u0430\u0432\u0430\u0440\u0438\u0439\u043d\u043e\u0439 \u043e\u0441\u0442\u0430\u043d\u043e\u0432\u043a\u0438), \u0442\u0430\u043a\u0430\u044f \u0438\u0433\u0440\u0443\u0448\u043a\u0430 \u0431\u0443\u0434\u0435\u0442 \u0432\u0441\u0435\u0433\u0434\u0430 \u043f\u0440\u0438\u044f\u0442\u043d\u044b\u043c \u0438 \u0430\u043a\u0442\u0443\u0430\u043b\u044c\u043d\u044b\u043c \u043f\u043e\u0434\u0430\u0440\u043a\u043e\u043c \u0434\u043b\u044f \u0440\u0435\u0431\u0451\u043d\u043a\u0430: \u0432\u0435\u0434\u044c \u0447\u0435\u043c \u0431\u043e\u043b\u044c\u0448\u0435 \u0442\u0440\u0430\u043d\u0441\u043f\u043e\u0440\u0442\u043d\u044b\u0445 \u0441\u0440\u0435\u0434\u0441\u0442\u0432 \u0432 \u0433\u0430\u0440\u0430\u0436\u0435 \u0443 \u043c\u0430\u043b\u0435\u043d\u044c\u043a\u043e\u0433\u043e \u0430\u0432\u0442\u043e\u043c\u043e\u0431\u0438\u043b\u0438\u0441\u0442\u0430 \u2013 \u0442\u0435\u043c, \u043a\u043e\u043d\u0435\u0447\u043d\u043e \u0436\u0435, \u043b\u0443\u0447\u0448\u0435.<\/p>\n<p>\u0412 \u0438\u0433\u0440\u0443\u0448\u043a\u0435 \u043f\u0440\u0435\u0434\u0443\u0441\u043c\u043e\u0442\u0440\u0435\u043d\u044b \u044f\u0440\u043a\u0438\u0435 \u0441\u0432\u0435\u0442\u043e\u0437\u0432\u0443\u043a\u043e\u0432\u044b\u0435 \u044d\u0444\u0444\u0435\u043a\u0442\u044b! \u041f\u0440\u0438 \u043d\u0430\u0436\u0430\u0442\u0438\u0438 \u043a\u0440\u0443\u0433\u043b\u043e\u0439 \u043a\u043d\u043e\u043f\u043a\u0438 \u043a\u043e\u0442\u043e\u0440\u0430\u044f \u043d\u0430\u0445\u043e\u0434\u0438\u0442\u0441\u044f \u043d\u0430 \u043a\u0440\u044b\u0448\u0435 \u0433\u0440\u0443\u0437\u043e\u0432\u0438\u043a\u0430, \u0440\u0435\u0431\u0435\u043d\u043e\u043a \u0443\u0441\u043b\u044b\u0448\u0438\u0442 \u0440\u0435\u0430\u043b\u0438\u0441\u0442\u0438\u0447\u043d\u044b\u0435 \u0430\u0432\u0442\u043e\u043c\u043e\u0431\u0438\u043b\u044c\u043d\u044b\u0435 \u0437\u0432\u0443\u043a\u0438, \u0441\u043e\u043f\u0440\u043e\u0432\u043e\u0436\u0434\u0430\u044e\u0449\u0438\u0435\u0441\u044f \u043c\u0435\u0440\u0446\u0430\u044e\u0449\u0435\u0439 \u043f\u043e\u0434\u0441\u0432\u0435\u0442\u043a\u043e\u0439.<\/p>\n<p>\u0421\u0432\u0435\u0442 \u0438 \u0437\u0432\u0443\u043a \u0440\u0430\u0431\u043e\u0442\u0430\u044e\u0442 \u043e\u0442 3-\u0445 \u0431\u0430\u0442\u0430\u0440\u0435\u0435\u043a \u0442\u0438\u043f\u0430 AG13 (\u0432\u0445\u043e\u0434\u044f\u0442 \u0432 \u043a\u043e\u043c\u043f\u043b\u0435\u043a\u0442).<\/p>\n<p>&nbsp;[trim][:ro_RO]<strong>Un camion cu inertie, care sare \u0219i are efecte sonore (sunet de motor, bip, sunete de oprire de urgen\u021b\u0103), o astfel de juc\u0103rie va fi \u00eentotdeauna un cadou pl\u0103cut \u0219i relevant pentru un copil: la urma urmei, cu c\u00e2t un mic \u0219ofer are mai multe vehicule \u00een garaj, cu at\u00e2t mai bine , desigur.<\/strong><\/p>\n<p>Juc\u0103ria are lumin\u0103 puternic\u0103 \u0219i efecte sonore! C\u00e2nd ap\u0103sa\u021bi butonul rotund situat pe acoperi\u0219ul camionului de gunoi, copilul va auzi sunete realiste ale ma\u0219inii \u00eenso\u021bite de lumini.<\/p>\n<p>Lumina \u0219i sunetul sunt alimentate de 3 baterii AG13 (incluse).<\/p>\n","protected":false},"excerpt":{"rendered":"<p>[:ru_RU]\u0418\u043d\u0435\u0440\u0446\u0438\u043e\u043d\u043d\u0430\u044f \u0433\u0440\u0443\u0437\u043e\u0432\u0438\u043a \u0441\u043e \u0441\u0432\u0435\u0442\u043e\u0432\u044b\u043c\u0438 \u0438 \u0437\u0432\u0443\u043a\u043e\u0432\u044b\u043c\u0438 \u044d\u0444\u0444\u0435\u043a\u0442\u0430\u043c\u0438 (\u0437\u0432\u0443\u043a \u0434\u0432\u0438\u0433\u0430\u0442\u0435\u043b\u044f, \u0437\u0432\u0443\u043a\u043e\u0432\u043e\u0439 \u0441\u0438\u0433\u043d\u0430\u043b, \u0437\u0432\u0443\u043a \u0430\u0432\u0430\u0440\u0438\u0439\u043d\u043e\u0439 \u043e\u0441\u0442\u0430\u043d\u043e\u0432\u043a\u0438), \u0442\u0430\u043a\u0430\u044f \u0438\u0433\u0440\u0443\u0448\u043a\u0430 \u0431\u0443\u0434\u0435\u0442 \u0432\u0441\u0435\u0433\u0434\u0430 \u043f\u0440\u0438\u044f\u0442\u043d\u044b\u043c \u0438 \u0430\u043a\u0442\u0443\u0430\u043b\u044c\u043d\u044b\u043c \u043f\u043e\u0434\u0430\u0440\u043a\u043e\u043c \u0434\u043b\u044f \u0440\u0435\u0431\u0451\u043d\u043a\u0430: \u0432\u0435\u0434\u044c \u0447\u0435\u043c \u0431\u043e\u043b\u044c\u0448\u0435 \u0442\u0440\u0430\u043d\u0441\u043f\u043e\u0440\u0442\u043d\u044b\u0445 \u0441\u0440\u0435\u0434\u0441\u0442\u0432 \u0432 \u0433\u0430\u0440\u0430\u0436\u0435 \u0443 \u043c\u0430\u043b\u0435\u043d\u044c\u043a\u043e\u0433\u043e \u0430\u0432\u0442\u043e\u043c\u043e\u0431\u0438\u043b\u0438\u0441\u0442\u0430 \u2013 \u0442\u0435\u043c, \u043a\u043e\u043d\u0435\u0447\u043d\u043e \u0436\u0435, \u043b\u0443\u0447\u0448\u0435. \u0412 \u0438\u0433\u0440\u0443\u0448\u043a\u0435 \u043f\u0440\u0435\u0434\u0443\u0441\u043c\u043e\u0442\u0440\u0435\u043d\u044b \u044f\u0440\u043a\u0438\u0435 \u0441\u0432\u0435\u0442\u043e\u0437\u0432\u0443\u043a\u043e\u0432\u044b\u0435 \u044d\u0444\u0444\u0435\u043a\u0442\u044b! \u041f\u0440\u0438 \u043d\u0430\u0436\u0430\u0442\u0438\u0438 \u043a\u0440\u0443\u0433\u043b\u043e\u0439 \u043a\u043d\u043e\u043f\u043a\u0438 \u043a\u043e\u0442\u043e\u0440\u0430\u044f \u043d\u0430\u0445\u043e\u0434\u0438\u0442\u0441\u044f \u043d\u0430 \u043a\u0440\u044b\u0448\u0435 \u0433\u0440\u0443\u0437\u043e\u0432\u0438\u043a\u0430, \u0440\u0435\u0431\u0435\u043d\u043e\u043a [&hellip;]<\/p>\n","protected":false},"featured_media":47963,"comment_status":"open","ping_status":"closed","template":"","meta":{"_acf_changed":false},"product_brand":[],"product_cat":[6726],"product_tag":[],"class_list":{"0":"post-47965","1":"product","2":"type-product","3":"status-publish","4":"has-post-thumbnail","6":"product_cat-ru_ru-mashinki-trim-ro_ro-m","8":"first","9":"instock","10":"shipping-taxable","11":"purchasable","12":"product-type-simple"},"acf":[],"_links":{"self":[{"href":"https:\/\/minimax.md\/ru\/wp-json\/wp\/v2\/product\/47965","targetHints":{"allow":["GET"]}}],"collection":[{"href":"https:\/\/minimax.md\/ru\/wp-json\/wp\/v2\/product"}],"about":[{"href":"https:\/\/minimax.md\/ru\/wp-json\/wp\/v2\/types\/product"}],"replies":[{"embeddable":true,"href":"https:\/\/minimax.md\/ru\/wp-json\/wp\/v2\/comments?post=47965"}],"version-history":[{"count":0,"href":"https:\/\/minimax.md\/ru\/wp-json\/wp\/v2\/product\/47965\/revisions"}],"wp:featuredmedia":[{"embeddable":true,"href":"https:\/\/minimax.md\/ru\/wp-json\/wp\/v2\/media\/47963"}],"wp:attachment":[{"href":"https:\/\/minimax.md\/ru\/wp-json\/wp\/v2\/media?parent=47965"}],"wp:term":[{"taxonomy":"product_brand","embeddable":true,"href":"https:\/\/minimax.md\/ru\/wp-json\/wp\/v2\/product_brand?post=47965"},{"taxonomy":"product_cat","embeddable":true,"href":"https:\/\/minimax.md\/ru\/wp-json\/wp\/v2\/product_cat?post=47965"},{"taxonomy":"product_tag","embeddable":true,"href":"https:\/\/minimax.md\/ru\/wp-json\/wp\/v2\/product_tag?post=47965"}],"curies":[{"name":"wp","href":"https:\/\/api.w.org\/{rel}","templated":true}]}}