{"id":47970,"date":"2024-01-11T17:22:05","date_gmt":"2024-01-11T14:22:05","guid":{"rendered":"https:\/\/minimax.md\/product\/47970.html"},"modified":"2024-03-13T01:04:35","modified_gmt":"2024-03-12T22:04:35","slug":"ru_ru-vodjanoj-pistolet-s-bakom-rjukzakom-futbolnyj-mjach-trim-ro_ro-pistol-cu-ap-cu-rucsac-rezervor-minge-de-fotbal","status":"publish","type":"product","link":"https:\/\/minimax.md\/ru\/product\/47970.html","title":{"rendered":"\u0412\u043e\u0434\u044f\u043d\u043e\u0439 \u043f\u0438\u0441\u0442\u043e\u043b\u0435\u0442 \u0441 \u0431\u0430\u043a\u043e\u043c-\u0440\u044e\u043a\u0437\u0430\u043a\u043e\u043c \"\u0424\u0443\u0442\u0431\u043e\u043b\u044c\u043d\u044b\u0439 \u043c\u044f\u0447\""},"content":{"rendered":"<p>[:ru_RU]\u0412\u043e\u0434\u044f\u043d\u043e\u0439 \u043f\u0438\u0441\u0442\u043e\u043b\u0435\u0442 &#8211; \u0430\u0432\u0442\u043e\u043c\u0430\u0442\u00a0\u00a0\u0441\u00a0\u0431\u0430\u043a\u043e\u043c-\u0440\u044e\u043a\u0437\u0430\u043a\u043e\u043c .<\/p>\n<p>\u0412\u044b\u0441\u043e\u0442\u0430 \u0440\u0435\u0437\u0435\u0440\u0432\u0443\u0430\u0440\u0430 \u043e\u043a\u043e\u043b\u043e 30 \u0441\u043c.<\/p>\n<p>\u041d\u0430\u0431\u043e\u0440 \u0441\u043e\u0441\u0442\u043e\u0438\u0442 \u0438\u0437 \u043f\u0438\u0441\u0442\u043e\u043b\u0435\u0442\u0430 \u0438 \u0431\u0430\u043a\u0430 \u0434\u043b\u044f \u0432\u043e\u0434\u044b, \u043a\u043e\u0442\u043e\u0440\u044b\u0435 \u0441\u043e\u0435\u0434\u0438\u043d\u044f\u044e\u0442\u0441\u044f \u043f\u0440\u0438 \u043f\u043e\u043c\u043e\u0449\u0438 \u0448\u043b\u0430\u043d\u0433\u0430. \u0411\u0430\u043a\u0430 \u0438\u043c\u0435\u0435\u0442 \u0441\u043f\u0435\u0446\u0438\u0430\u043b\u044c\u043d\u044b\u0435 \u0440\u0435\u043c\u043d\u0438, \u0441 \u043f\u043e\u043c\u043e\u0449\u044c\u044e \u0438\u0445 \u0435\u043c\u043a\u043e\u0441\u0442\u044c \u0443\u0434\u043e\u0431\u043d\u043e \u043d\u043e\u0441\u0438\u0442\u044c \u043d\u0430 \u0441\u043f\u0438\u043d\u0435 \u043a\u0430\u043a \u0440\u044e\u043a\u0437\u0430\u043a.<\/p>\n<p>\u0423\u0432\u043b\u0435\u043a\u0430\u0442\u0435\u043b\u044c\u043d\u0430\u044f \u0438\u0433\u0440\u0443\u0448\u043a\u0430 \u0434\u043b\u044f \u0434\u043b\u0438\u0442\u0435\u043b\u044c\u043d\u043e\u0433\u043e \u0432\u043e\u0434\u043d\u043e\u0433\u043e \u0438\u0433\u0440\u043e\u0432\u043e\u0433\u043e \u0431\u043e\u044f. \u0412 \u043d\u0430\u0431\u043e\u0440\u0435 \u0443\u0436\u0435 \u0435\u0441\u0442\u044c \u0432\u043e\u0434\u043d\u044b\u0439 \u043f\u0438\u0441\u0442\u043e\u043b\u0435\u0442, \u0448\u043b\u0430\u043d\u0433 \u0438\u00a0\u0431\u0430\u043b\u043b\u043e\u043d.<\/p>\n<p>\u041e\u0441\u043d\u043e\u0432\u043d\u044b\u0435 \u0445\u0430\u0440\u0430\u043a\u0442\u0435\u0440\u0438\u0441\u0442\u0438\u043a\u0438:<br \/>\n-\u042d\u043a\u043e\u043b\u043e\u0433\u0438\u0447\u0435\u0441\u043a\u0438\u0439 \u043d\u0435\u0442\u043e\u043a\u0441\u0438\u0447\u043d\u044b\u0439 \u043f\u043b\u0430\u0441\u0442\u0438\u043a<br \/>\n-\u0420\u044e\u043a\u0437\u0430\u043a \u0441 \u0432\u043e\u0434\u044f\u043d\u044b\u043c \u043f\u0438\u0441\u0442\u043e\u043b\u0435\u0442\u043e\u043c \u043e\u0442\u043b\u0438\u0447\u043d\u043e \u043f\u043e\u0434\u0445\u043e\u0434\u0438\u0442 \u0434\u043b\u044f \u0438\u0433\u0440<br \/>\n-\u041d\u0435\u0437\u0430\u043c\u0435\u043d\u0438\u043c\u044b\u0439 \u0438\u043d\u0441\u0442\u0440\u0443\u043c\u0435\u043d\u0442 \u0434\u043b\u044f \u0434\u0435\u0442\u0435\u0439 \u043b\u0435\u0442\u043e\u043c<br \/>\n-\u0418\u0441\u043a\u043b\u044e\u0447\u0438\u0442\u0435\u043b\u044c\u043d\u0430\u044f \u043f\u0440\u043e\u0438\u0437\u0432\u043e\u0434\u0438\u0442\u0435\u043b\u044c\u043d\u043e\u0441\u0442\u044c, \u0440\u0435\u043c\u043d\u0438 \u043b\u0435\u0433\u043a\u043e \u0440\u0435\u0433\u0443\u043b\u0438\u0440\u043e\u0432\u0430\u0442\u044c<br \/>\n\u041f\u043e\u0433\u0440\u0443\u0437\u0438\u0442\u0435\u0441\u044c \u0432 \u0432\u043e\u043b\u043d\u0435\u043d\u0438\u0435 \u0432\u043e\u0434\u044b \u0441 \u044d\u0442\u043e\u0439 \u0432\u043e\u0434\u043d\u043e\u0439 \u0438\u0433\u0440\u0443\u0448\u043a\u043e\u0439 \u0432 \u044d\u043d\u0435\u0440\u0433\u0438\u0447\u043d\u044b\u0445 \u0438\u0433\u0440\u0430\u0445 \u043d\u0430 \u0441\u0432\u0435\u0436\u0435\u043c \u0432\u043e\u0437\u0434\u0443\u0445\u0435. \u0414\u0435\u0442\u0438 \u043c\u043e\u0433\u0443\u0442 \u0438\u0433\u0440\u0430\u0442\u044c \u043d\u0430 \u0441\u0432\u0435\u0436\u0435\u043c \u0432\u043e\u0437\u0434\u0443\u0445\u0435, \u0430\u043a\u0442\u0438\u0432\u043d\u043e \u0440\u0430\u0437\u0432\u043b\u0435\u043a\u0430\u044f\u0441\u044c \u0432 \u0432\u043e\u0434\u0435 \u043d\u0430 \u0437\u0430\u0434\u043d\u0435\u043c \u0434\u0432\u043e\u0440\u0435, \u0437\u0430\u043c\u0430\u0447\u0438\u0432\u0430\u044f \u043f\u0440\u043e\u0442\u0438\u0432\u043d\u0438\u043a\u043e\u0432 \u0441\u0442\u0440\u0443\u044f\u043c\u0438 \u0432\u043e\u0434\u044b.[trim][:ro_RO]<strong>Pistol cu \u200b\u200bap\u0103 cu rezervor-rucsac<\/strong><\/p>\n<p>\u00cen\u0103l\u021bimea rezervorului este de aproximativ 30 cm.<\/p>\n<p>Setul const\u0103 dintr-un pistol \u0219i un rezervor de ap\u0103, care sunt conectate cu un furtun. Rezervorul are curele speciale, cu ajutorul lor este comod de purtat pe spate ca un rucsac.<\/p>\n<p>O juc\u0103rie distractiv\u0103 pentru lupta de lung\u0103 durat\u0103 pentru jocuri de ap\u0103. Setul are deja un pistol de ap\u0103, furtun \u0219i cilindru.<\/p>\n<p><strong>Principalele caracteristici:<\/strong><\/p>\n<p>&#8211; Plastic netoxic ecologic<br \/>\n&#8211; Rucsacul cu pistolul cu ap\u0103 este excelent pentru joc<br \/>\n&#8211; Un instrument de ne\u00eenlocuit vara pentru copii<br \/>\n&#8211; Performan\u021b\u0103 excep\u021bional\u0103, curelele sunt u\u0219or de reglat<\/p>\n<p>Cufunda\u021bi-v\u0103 \u00een emo\u021bia jocului cu ap\u0103 \u00een aer liber cu aceast\u0103 juc\u0103rie. Copiii se pot juca, distra \u00een curtea din spate.<\/p>\n<p>Umple\u021bi blasterul cu ap\u0103, apoi ap\u0103sa\u021bi butonul pentru elibera jetul de ap\u0103 asupra oricui ce se afl\u0103 \u00een raza de ac\u021biune. Aceast\u0103 juc\u0103rie cool pentru b\u0103ie\u021bi \u0219i fete este un cadou grozav de var\u0103.<\/p>\n<p>&nbsp;<\/p>\n","protected":false},"excerpt":{"rendered":"<p>[:ru_RU]\u0412\u043e\u0434\u044f\u043d\u043e\u0439 \u043f\u0438\u0441\u0442\u043e\u043b\u0435\u0442 &#8211; \u0430\u0432\u0442\u043e\u043c\u0430\u0442\u00a0\u00a0\u0441\u00a0\u0431\u0430\u043a\u043e\u043c-\u0440\u044e\u043a\u0437\u0430\u043a\u043e\u043c . \u0412\u044b\u0441\u043e\u0442\u0430 \u0440\u0435\u0437\u0435\u0440\u0432\u0443\u0430\u0440\u0430 \u043e\u043a\u043e\u043b\u043e 30 \u0441\u043c. \u041d\u0430\u0431\u043e\u0440 \u0441\u043e\u0441\u0442\u043e\u0438\u0442 \u0438\u0437 \u043f\u0438\u0441\u0442\u043e\u043b\u0435\u0442\u0430 \u0438 \u0431\u0430\u043a\u0430 \u0434\u043b\u044f \u0432\u043e\u0434\u044b, \u043a\u043e\u0442\u043e\u0440\u044b\u0435 \u0441\u043e\u0435\u0434\u0438\u043d\u044f\u044e\u0442\u0441\u044f \u043f\u0440\u0438 \u043f\u043e\u043c\u043e\u0449\u0438 \u0448\u043b\u0430\u043d\u0433\u0430. \u0411\u0430\u043a\u0430 \u0438\u043c\u0435\u0435\u0442 \u0441\u043f\u0435\u0446\u0438\u0430\u043b\u044c\u043d\u044b\u0435 \u0440\u0435\u043c\u043d\u0438, \u0441 \u043f\u043e\u043c\u043e\u0449\u044c\u044e \u0438\u0445 \u0435\u043c\u043a\u043e\u0441\u0442\u044c \u0443\u0434\u043e\u0431\u043d\u043e \u043d\u043e\u0441\u0438\u0442\u044c \u043d\u0430 \u0441\u043f\u0438\u043d\u0435 \u043a\u0430\u043a \u0440\u044e\u043a\u0437\u0430\u043a. \u0423\u0432\u043b\u0435\u043a\u0430\u0442\u0435\u043b\u044c\u043d\u0430\u044f \u0438\u0433\u0440\u0443\u0448\u043a\u0430 \u0434\u043b\u044f \u0434\u043b\u0438\u0442\u0435\u043b\u044c\u043d\u043e\u0433\u043e \u0432\u043e\u0434\u043d\u043e\u0433\u043e \u0438\u0433\u0440\u043e\u0432\u043e\u0433\u043e \u0431\u043e\u044f. \u0412 \u043d\u0430\u0431\u043e\u0440\u0435 \u0443\u0436\u0435 \u0435\u0441\u0442\u044c \u0432\u043e\u0434\u043d\u044b\u0439 \u043f\u0438\u0441\u0442\u043e\u043b\u0435\u0442, \u0448\u043b\u0430\u043d\u0433 \u0438\u00a0\u0431\u0430\u043b\u043b\u043e\u043d. \u041e\u0441\u043d\u043e\u0432\u043d\u044b\u0435 \u0445\u0430\u0440\u0430\u043a\u0442\u0435\u0440\u0438\u0441\u0442\u0438\u043a\u0438: -\u042d\u043a\u043e\u043b\u043e\u0433\u0438\u0447\u0435\u0441\u043a\u0438\u0439 [&hellip;]<\/p>\n","protected":false},"featured_media":47969,"comment_status":"open","ping_status":"closed","template":"","meta":{"_acf_changed":false},"product_brand":[],"product_cat":[6700],"product_tag":[],"class_list":{"0":"post-47970","1":"product","2":"type-product","3":"status-publish","4":"has-post-thumbnail","6":"product_cat-ru_ru-dlja-igry-s-vodoj-tri","8":"first","9":"instock","10":"shipping-taxable","11":"purchasable","12":"product-type-simple"},"acf":[],"_links":{"self":[{"href":"https:\/\/minimax.md\/ru\/wp-json\/wp\/v2\/product\/47970","targetHints":{"allow":["GET"]}}],"collection":[{"href":"https:\/\/minimax.md\/ru\/wp-json\/wp\/v2\/product"}],"about":[{"href":"https:\/\/minimax.md\/ru\/wp-json\/wp\/v2\/types\/product"}],"replies":[{"embeddable":true,"href":"https:\/\/minimax.md\/ru\/wp-json\/wp\/v2\/comments?post=47970"}],"version-history":[{"count":0,"href":"https:\/\/minimax.md\/ru\/wp-json\/wp\/v2\/product\/47970\/revisions"}],"wp:featuredmedia":[{"embeddable":true,"href":"https:\/\/minimax.md\/ru\/wp-json\/wp\/v2\/media\/47969"}],"wp:attachment":[{"href":"https:\/\/minimax.md\/ru\/wp-json\/wp\/v2\/media?parent=47970"}],"wp:term":[{"taxonomy":"product_brand","embeddable":true,"href":"https:\/\/minimax.md\/ru\/wp-json\/wp\/v2\/product_brand?post=47970"},{"taxonomy":"product_cat","embeddable":true,"href":"https:\/\/minimax.md\/ru\/wp-json\/wp\/v2\/product_cat?post=47970"},{"taxonomy":"product_tag","embeddable":true,"href":"https:\/\/minimax.md\/ru\/wp-json\/wp\/v2\/product_tag?post=47970"}],"curies":[{"name":"wp","href":"https:\/\/api.w.org\/{rel}","templated":true}]}}