{"id":47977,"date":"2024-01-11T17:22:06","date_gmt":"2024-01-11T14:22:06","guid":{"rendered":"https:\/\/minimax.md\/product\/47977.html"},"modified":"2024-03-01T09:04:25","modified_gmt":"2024-03-01T06:04:25","slug":"ru_ru-mjachik-rezinovyj-s-shipami-10-sm-5-cvetov-trim-ro_ro-minge-din-cauciuc-cu-epi-10-cm-5-culori","status":"publish","type":"product","link":"https:\/\/minimax.md\/ru\/product\/47977.html","title":{"rendered":"\u041c\u044f\u0447\u0438\u043a \u0440\u0435\u0437\u0438\u043d\u043e\u0432\u044b\u0439 \u0441 \u0448\u0438\u043f\u0430\u043c\u0438 (10 \u0441\u043c., 5 \u0446\u0432\u0435\u0442\u043e\u0432)"},"content":{"rendered":"<p>[:ru_RU]\u041c\u044f\u0447\u0438\u043a \u0440\u0435\u0437\u0438\u043d\u043e\u0432\u044b\u0439 \u0441 \u0448\u0438\u043f\u0430\u043c\u0438, \u0438\u0441\u043f\u043e\u043b\u044c\u0437\u0443\u0435\u0442\u0441\u044f \u043a\u0430\u043a \u0434\u043b\u044f \u0440\u0430\u0441\u0441\u043b\u0430\u0431\u043b\u0435\u043d\u0438\u044f, \u0442\u0430\u043a \u0438 \u0434\u043b\u044f \u0440\u0430\u0437\u0432\u043b\u0435\u0447\u0435\u043d\u0438\u044f. \u041e\u043d \u043f\u043e\u0434\u0445\u043e\u0434\u0438\u0442 \u043a\u0430\u043a \u0434\u043b\u044f \u0430\u043a\u0442\u0438\u0432\u043d\u044b\u0445 \u0444\u0438\u0437\u0438\u0447\u0435\u0441\u043a\u0438\u0445 \u0438\u0433\u0440, \u0442\u0430\u043a \u0438 \u0434\u043b\u044f \u043a\u043e\u043c\u043f\u043b\u0435\u043a\u0441\u043d\u044b\u0445 \u0437\u0430\u043d\u044f\u0442\u0438\u0439 \u0434\u0435\u0442\u0441\u043a\u0438\u043c \u0444\u0438\u0442\u043d\u0435\u0441\u043e\u043c. \u041f\u0440\u0435\u043a\u0440\u0430\u0441\u043d\u043e \u0440\u0430\u0437\u0432\u0438\u0432\u0430\u0435\u0442 \u043b\u043e\u0432\u043a\u043e\u0441\u0442\u044c, \u043a\u043e\u043e\u0440\u0434\u0438\u043d\u0430\u0446\u0438\u044e \u0434\u0432\u0438\u0436\u0435\u043d\u0438\u0439 \u0438 \u0443\u043a\u0440\u0435\u043f\u043b\u044f\u0435\u0442 \u043c\u044b\u0448\u0446\u044b \u0440\u0435\u0431\u0435\u043d\u043a\u0430.<\/p>\n<p>6935539000037<\/p>\n<p>TT17001[trim][:ro_RO]Mingea din cauciuc cu \u021bepi, poate fi utilizat\u0103 at\u00e2t pentru relaxare, c\u00e2t \u0219i pentru amuzament. Este potrivit\u0103 at\u00e2t pentru jocurile fizice active, c\u00e2t \u0219i pentru cursurile complexe de fitness pentru copii. Dezvolt\u0103 \u00eendem\u00e2narea, coordonarea mi\u0219c\u0103rilor \u0219i ajut\u0103 la \u00eent\u0103rirea mu\u0219chilor copilului.<\/p>\n","protected":false},"excerpt":{"rendered":"<p>[:ru_RU]\u041c\u044f\u0447\u0438\u043a \u0440\u0435\u0437\u0438\u043d\u043e\u0432\u044b\u0439 \u0441 \u0448\u0438\u043f\u0430\u043c\u0438, \u0438\u0441\u043f\u043e\u043b\u044c\u0437\u0443\u0435\u0442\u0441\u044f \u043a\u0430\u043a \u0434\u043b\u044f \u0440\u0430\u0441\u0441\u043b\u0430\u0431\u043b\u0435\u043d\u0438\u044f, \u0442\u0430\u043a \u0438 \u0434\u043b\u044f \u0440\u0430\u0437\u0432\u043b\u0435\u0447\u0435\u043d\u0438\u044f. \u041e\u043d \u043f\u043e\u0434\u0445\u043e\u0434\u0438\u0442 \u043a\u0430\u043a \u0434\u043b\u044f \u0430\u043a\u0442\u0438\u0432\u043d\u044b\u0445 \u0444\u0438\u0437\u0438\u0447\u0435\u0441\u043a\u0438\u0445 \u0438\u0433\u0440, \u0442\u0430\u043a \u0438 \u0434\u043b\u044f \u043a\u043e\u043c\u043f\u043b\u0435\u043a\u0441\u043d\u044b\u0445 \u0437\u0430\u043d\u044f\u0442\u0438\u0439 \u0434\u0435\u0442\u0441\u043a\u0438\u043c \u0444\u0438\u0442\u043d\u0435\u0441\u043e\u043c. \u041f\u0440\u0435\u043a\u0440\u0430\u0441\u043d\u043e \u0440\u0430\u0437\u0432\u0438\u0432\u0430\u0435\u0442 \u043b\u043e\u0432\u043a\u043e\u0441\u0442\u044c, \u043a\u043e\u043e\u0440\u0434\u0438\u043d\u0430\u0446\u0438\u044e \u0434\u0432\u0438\u0436\u0435\u043d\u0438\u0439 \u0438 \u0443\u043a\u0440\u0435\u043f\u043b\u044f\u0435\u0442 \u043c\u044b\u0448\u0446\u044b \u0440\u0435\u0431\u0435\u043d\u043a\u0430. 6935539000037 TT17001[trim][:ro_RO]Mingea din cauciuc cu \u021bepi, poate fi utilizat\u0103 at\u00e2t pentru relaxare, c\u00e2t \u0219i pentru amuzament. Este potrivit\u0103 at\u00e2t pentru [&hellip;]<\/p>\n","protected":false},"featured_media":47976,"comment_status":"open","ping_status":"closed","template":"","meta":{"_acf_changed":false},"product_brand":[],"product_cat":[6699],"product_tag":[],"class_list":{"0":"post-47977","1":"product","2":"type-product","3":"status-publish","4":"has-post-thumbnail","6":"product_cat-ru_ru-mjachi-i-shary-trim-r","8":"first","9":"instock","10":"shipping-taxable","11":"purchasable","12":"product-type-simple"},"acf":[],"_links":{"self":[{"href":"https:\/\/minimax.md\/ru\/wp-json\/wp\/v2\/product\/47977","targetHints":{"allow":["GET"]}}],"collection":[{"href":"https:\/\/minimax.md\/ru\/wp-json\/wp\/v2\/product"}],"about":[{"href":"https:\/\/minimax.md\/ru\/wp-json\/wp\/v2\/types\/product"}],"replies":[{"embeddable":true,"href":"https:\/\/minimax.md\/ru\/wp-json\/wp\/v2\/comments?post=47977"}],"version-history":[{"count":0,"href":"https:\/\/minimax.md\/ru\/wp-json\/wp\/v2\/product\/47977\/revisions"}],"wp:featuredmedia":[{"embeddable":true,"href":"https:\/\/minimax.md\/ru\/wp-json\/wp\/v2\/media\/47976"}],"wp:attachment":[{"href":"https:\/\/minimax.md\/ru\/wp-json\/wp\/v2\/media?parent=47977"}],"wp:term":[{"taxonomy":"product_brand","embeddable":true,"href":"https:\/\/minimax.md\/ru\/wp-json\/wp\/v2\/product_brand?post=47977"},{"taxonomy":"product_cat","embeddable":true,"href":"https:\/\/minimax.md\/ru\/wp-json\/wp\/v2\/product_cat?post=47977"},{"taxonomy":"product_tag","embeddable":true,"href":"https:\/\/minimax.md\/ru\/wp-json\/wp\/v2\/product_tag?post=47977"}],"curies":[{"name":"wp","href":"https:\/\/api.w.org\/{rel}","templated":true}]}}