{"id":47990,"date":"2024-01-11T17:22:07","date_gmt":"2024-01-11T14:22:07","guid":{"rendered":"https:\/\/minimax.md\/product\/47990.html"},"modified":"2024-03-13T01:04:35","modified_gmt":"2024-03-12T22:04:35","slug":"ru_ru-lopata-detskaja-polka-v-assort-trim-ro_ro-lop-ic-pentru-nisip-polka-n-asortiment","status":"publish","type":"product","link":"https:\/\/minimax.md\/ru\/product\/47990.html","title":{"rendered":"\u041b\u043e\u043f\u0430\u0442\u0430 \u0434\u0435\u0442\u0441\u043a\u0430\u044f \"\u041f\u043e\u043b\u044c\u043a\u0430\" \u0432 \u0430\u0441\u0441\u043e\u0440\u0442."},"content":{"rendered":"<p>[:ru_RU]\u041f\u043b\u0430\u0441\u0442\u0438\u043a\u043e\u0432\u0430\u044f \u043b\u043e\u043f\u0430\u0442\u043a\u0430 \u043d\u0435\u0431\u043e\u043b\u044c\u0448\u043e\u0433\u043e \u0440\u0430\u0437\u043c\u0435\u0440\u0430.<\/p>\n<p>\u041b\u0435\u0433\u043a\u0430\u044f, \u0438\u043c\u0435\u0435\u0442 \u0443\u0434\u043e\u0431\u043d\u0443\u044e \u0440\u0443\u0447\u043a\u0443. \u041e\u0442\u043b\u0438\u0447\u043d\u043e \u043f\u043e\u0434\u043e\u0439\u0434\u0435\u0442 \u0434\u043b\u044f \u0438\u0433\u0440\u044b \u0432 \u043f\u0435\u0441\u043e\u0447\u043d\u0438\u0446\u0435.<\/p>\n<p>\u042f\u0440\u043a\u0438\u0439 \u0438 \u043d\u0430\u0441\u044b\u0449\u0435\u043d\u043d\u044b\u0439 \u0446\u0432\u0435\u0442 \u043d\u0435 \u043e\u0441\u0442\u0430\u0432\u0438\u0442 \u043c\u0430\u043b\u044b\u0448\u0430 \u0440\u0430\u0432\u043d\u043e\u0434\u0443\u0448\u043d\u044b\u043c. \u0412\u044b\u043f\u043e\u043b\u043d\u0435\u043d\u043e \u0438\u0437 \u043f\u0440\u043e\u0447\u043d\u043e\u0433\u043e \u043f\u043b\u0430\u0441\u0442\u0438\u043a\u0430<\/p>\n<p>\u0412 4 \u0432\u0430\u0440\u0438\u0430\u0446\u0438\u0439 \u0446\u0432\u0435\u0442\u043e\u0432.<\/p>\n<p>\u0412\u0441\u0435 \u0438\u0433\u0440\u0443\u0448\u043a\u0438 \u0422\u041c \u00ab\u041c\u0430\u043a\u0441\u0438\u043c\u0443\u0441\u00bb \u0438\u0437\u0433\u043e\u0442\u043e\u0432\u043b\u0435\u043d\u044b \u0438\u0437 \u0441\u0435\u0440\u0442\u0438\u0444\u0438\u0446\u0438\u0440\u043e\u0432\u0430\u043d\u043d\u043e\u0433\u043e \u0432\u044b\u0441\u043e\u043a\u043e\u043a\u0430\u0447\u0435\u0441\u0442\u0432\u0435\u043d\u043d\u043e\u0433\u043e \u043f\u043b\u0430\u0441\u0442\u0438\u043a\u0430 \u0438 \u0431\u0435\u0437\u043e\u043f\u0430\u0441\u043d\u044b\u0445 \u043f\u0438\u0449\u0435\u0432\u044b\u0445 \u043a\u0440\u0430\u0441\u0438\u0442\u0435\u043b\u0435\u0439.[trim][:ro_RO]<\/p>\n<p id=\"tw-target-text\" class=\"tw-data-text tw-text-large tw-ta\" dir=\"ltr\" data-placeholder=\"\u041f\u0435\u0440\u0435\u0432\u043e\u0434\"><span class=\"Y2IQFc\" lang=\"ro\">Lop\u0103\u021bic\u0103 mic\u0103 de plastic. U\u0219oar\u0103, cu un m\u00e2ner confortabil. Perfect pentru jocul \u00een cutia de nisip.<\/span><\/p>\n<p id=\"tw-target-text\" class=\"tw-data-text tw-text-large tw-ta\" dir=\"ltr\" data-placeholder=\"\u041f\u0435\u0440\u0435\u0432\u043e\u0434\"><span class=\"Y2IQFc\" lang=\"ro\">Culoarea str\u0103lucitoare \u0219i bogat\u0103 nu va l\u0103sa copilul indiferent. Fabricat din plastic rezistent<\/span><\/p>\n<p class=\"tw-data-text tw-text-large tw-ta\" dir=\"ltr\" data-placeholder=\"\u041f\u0435\u0440\u0435\u0432\u043e\u0434\"><span class=\"Y2IQFc\" lang=\"ro\">\u00cen 4 variante de culoare.<\/span><\/p>\n<p><strong>Toate juc\u0103riile TM \u201eMaximus\u201d sunt fabricate din plastic certificat de \u00eenalt\u0103 calitate \u0219i coloran\u021bi alimentari siguri.<\/strong><\/p>\n","protected":false},"excerpt":{"rendered":"<p>[:ru_RU]\u041f\u043b\u0430\u0441\u0442\u0438\u043a\u043e\u0432\u0430\u044f \u043b\u043e\u043f\u0430\u0442\u043a\u0430 \u043d\u0435\u0431\u043e\u043b\u044c\u0448\u043e\u0433\u043e \u0440\u0430\u0437\u043c\u0435\u0440\u0430. \u041b\u0435\u0433\u043a\u0430\u044f, \u0438\u043c\u0435\u0435\u0442 \u0443\u0434\u043e\u0431\u043d\u0443\u044e \u0440\u0443\u0447\u043a\u0443. \u041e\u0442\u043b\u0438\u0447\u043d\u043e \u043f\u043e\u0434\u043e\u0439\u0434\u0435\u0442 \u0434\u043b\u044f \u0438\u0433\u0440\u044b \u0432 \u043f\u0435\u0441\u043e\u0447\u043d\u0438\u0446\u0435. \u042f\u0440\u043a\u0438\u0439 \u0438 \u043d\u0430\u0441\u044b\u0449\u0435\u043d\u043d\u044b\u0439 \u0446\u0432\u0435\u0442 \u043d\u0435 \u043e\u0441\u0442\u0430\u0432\u0438\u0442 \u043c\u0430\u043b\u044b\u0448\u0430 \u0440\u0430\u0432\u043d\u043e\u0434\u0443\u0448\u043d\u044b\u043c. \u0412\u044b\u043f\u043e\u043b\u043d\u0435\u043d\u043e \u0438\u0437 \u043f\u0440\u043e\u0447\u043d\u043e\u0433\u043e \u043f\u043b\u0430\u0441\u0442\u0438\u043a\u0430 \u0412 4 \u0432\u0430\u0440\u0438\u0430\u0446\u0438\u0439 \u0446\u0432\u0435\u0442\u043e\u0432. \u0412\u0441\u0435 \u0438\u0433\u0440\u0443\u0448\u043a\u0438 \u0422\u041c \u00ab\u041c\u0430\u043a\u0441\u0438\u043c\u0443\u0441\u00bb \u0438\u0437\u0433\u043e\u0442\u043e\u0432\u043b\u0435\u043d\u044b \u0438\u0437 \u0441\u0435\u0440\u0442\u0438\u0444\u0438\u0446\u0438\u0440\u043e\u0432\u0430\u043d\u043d\u043e\u0433\u043e \u0432\u044b\u0441\u043e\u043a\u043e\u043a\u0430\u0447\u0435\u0441\u0442\u0432\u0435\u043d\u043d\u043e\u0433\u043e \u043f\u043b\u0430\u0441\u0442\u0438\u043a\u0430 \u0438 \u0431\u0435\u0437\u043e\u043f\u0430\u0441\u043d\u044b\u0445 \u043f\u0438\u0449\u0435\u0432\u044b\u0445 \u043a\u0440\u0430\u0441\u0438\u0442\u0435\u043b\u0435\u0439.[trim][:ro_RO] Lop\u0103\u021bic\u0103 mic\u0103 de plastic. U\u0219oar\u0103, cu un m\u00e2ner confortabil. Perfect pentru jocul [&hellip;]<\/p>\n","protected":false},"featured_media":47986,"comment_status":"open","ping_status":"closed","template":"","meta":{"_acf_changed":false},"product_brand":[],"product_cat":[6702],"product_tag":[],"class_list":{"0":"post-47990","1":"product","2":"type-product","3":"status-publish","4":"has-post-thumbnail","6":"product_cat-ru_ru-dlja-pesochnicy-trim","8":"first","9":"instock","10":"shipping-taxable","11":"purchasable","12":"product-type-simple"},"acf":[],"_links":{"self":[{"href":"https:\/\/minimax.md\/ru\/wp-json\/wp\/v2\/product\/47990","targetHints":{"allow":["GET"]}}],"collection":[{"href":"https:\/\/minimax.md\/ru\/wp-json\/wp\/v2\/product"}],"about":[{"href":"https:\/\/minimax.md\/ru\/wp-json\/wp\/v2\/types\/product"}],"replies":[{"embeddable":true,"href":"https:\/\/minimax.md\/ru\/wp-json\/wp\/v2\/comments?post=47990"}],"version-history":[{"count":0,"href":"https:\/\/minimax.md\/ru\/wp-json\/wp\/v2\/product\/47990\/revisions"}],"wp:featuredmedia":[{"embeddable":true,"href":"https:\/\/minimax.md\/ru\/wp-json\/wp\/v2\/media\/47986"}],"wp:attachment":[{"href":"https:\/\/minimax.md\/ru\/wp-json\/wp\/v2\/media?parent=47990"}],"wp:term":[{"taxonomy":"product_brand","embeddable":true,"href":"https:\/\/minimax.md\/ru\/wp-json\/wp\/v2\/product_brand?post=47990"},{"taxonomy":"product_cat","embeddable":true,"href":"https:\/\/minimax.md\/ru\/wp-json\/wp\/v2\/product_cat?post=47990"},{"taxonomy":"product_tag","embeddable":true,"href":"https:\/\/minimax.md\/ru\/wp-json\/wp\/v2\/product_tag?post=47990"}],"curies":[{"name":"wp","href":"https:\/\/api.w.org\/{rel}","templated":true}]}}