{"id":47993,"date":"2024-01-11T17:22:08","date_gmt":"2024-01-11T14:22:08","guid":{"rendered":"https:\/\/minimax.md\/product\/47993.html"},"modified":"2024-03-13T01:04:13","modified_gmt":"2024-03-12T22:04:13","slug":"ru_ru-1-16-inercionnyj-dvuhjetazhnyj-avtobus-s-otkrytym-verhom-svet-zvuk-trim-ro_ro-1-16-autobuz-iner-ial-cu-etaj-deschis-lumin-sunet","status":"publish","type":"product","link":"https:\/\/minimax.md\/ru\/product\/47993.html","title":{"rendered":"1:16 \u0418\u043d\u0435\u0440\u0446\u0438\u043e\u043d\u043d\u044b\u0439 \u0434\u0432\u0443\u0445\u044d\u0442\u0430\u0436\u043d\u044b\u0439 \u0430\u0432\u0442\u043e\u0431\u0443\u0441 \u0441 \u043e\u0442\u043a\u0440\u044b\u0442\u044b\u043c \u0432\u0435\u0440\u0445\u043e\u043c (\u0441\u0432\u0435\u0442\/\u0437\u0432\u0443\u043a)"},"content":{"rendered":"<p>[:ru_RU]\u0418\u043d\u0435\u0440\u0446\u0438\u043e\u043d\u043d\u044b\u0439 \u0434\u0432\u0443\u0445\u044d\u0442\u0430\u0436\u043d\u044b\u0439 \u0430\u0432\u0442\u043e\u0431\u0443\u0441 , \u0432\u044b\u043f\u043e\u043b\u043d\u0435\u043d\u043d\u044b\u0439 \u0438\u0437 \u0432\u044b\u0441\u043e\u043a\u043e\u043a\u0430\u0447\u0435\u0441\u0442\u0432\u0435\u043d\u043d\u043e\u0433\u043e \u043c\u0435\u0442\u0430\u043b\u043b\u0430 \u0438 \u043f\u043b\u0430\u0441\u0442\u0438\u043a\u0430, \u043d\u0435\u043f\u0440\u0435\u043c\u0435\u043d\u043d\u043e \u043f\u043e\u043d\u0440\u0430\u0432\u0438\u0442\u0441\u044f \u0438 \u0440\u0435\u0431\u0435\u043d\u043a\u0443, \u0438 \u0432\u0437\u0440\u043e\u0441\u043b\u043e\u043c\u0443.<\/p>\n<p>\u0418\u0433\u0440\u0443\u0448\u043a\u0430 \u043e\u0441\u043d\u0430\u0449\u0435\u043d\u0430 \u0438\u043d\u0435\u0440\u0446\u0438\u043e\u043d\u043d\u044b\u043c \u0445\u043e\u0434\u043e\u043c. \u0414\u043b\u044f \u0442\u043e\u0433\u043e, \u0447\u0442\u043e\u0431\u044b \u0430\u0432\u0442\u043e\u0431\u0443\u0441 \u043f\u043e\u0435\u0445\u0430\u043b \u0432\u043f\u0435\u0440\u0435\u0434, \u043d\u0435\u043e\u0431\u0445\u043e\u0434\u0438\u043c\u043e \u0435\u0433\u043e \u043e\u0442\u0432\u0435\u0441\u0442\u0438 \u043d\u0430\u0437\u0430\u0434, \u0430 \u0437\u0430\u0442\u0435\u043c \u043e\u0442\u043f\u0443\u0441\u0442\u0438\u0442\u044c. \u041f\u0440\u043e\u0440\u0435\u0437\u0438\u043d\u0435\u043d\u043d\u044b\u0435 \u043a\u043e\u043b\u0435\u0441\u0430 \u043e\u0431\u0435\u0441\u043f\u0435\u0447\u0438\u0432\u0430\u044e\u0442 \u043d\u0430\u0434\u0435\u0436\u043d\u043e\u0435 \u0441\u0446\u0435\u043f\u043b\u0435\u043d\u0438\u0435 \u0441 \u043b\u044e\u0431\u043e\u0439 \u043f\u043e\u0432\u0435\u0440\u0445\u043d\u043e\u0441\u0442\u044c\u044e \u043f\u043e\u043b\u0430.<br \/>\n\u0421\u0442\u0430\u043d\u0435\u0442 \u043e\u0442\u043b\u0438\u0447\u043d\u044b\u043c \u043f\u043e\u0434\u0430\u0440\u043a\u043e\u043c \u0434\u043b\u044f \u043a\u0430\u0436\u0434\u043e\u0433\u043e \u0440\u0435\u0431\u0435\u043d\u043a\u0430. \u0412\u043e \u0432\u0440\u0435\u043c\u044f \u0438\u0433\u0440\u044b \u0441 \u044d\u0442\u0438\u043c \u0430\u0432\u0442\u043e\u0431\u0443\u0441 \u0443 \u0440\u0435\u0431\u0435\u043d\u043a\u0430 \u0440\u0430\u0437\u0432\u0438\u0432\u0430\u0435\u0442\u0441\u044f \u043c\u0435\u043b\u043a\u0430\u044f \u043c\u043e\u0442\u043e\u0440\u0438\u043a\u0430 \u0440\u0443\u043a, \u0444\u0430\u043d\u0442\u0430\u0437\u0438\u044f \u0438 \u0432\u043e\u043e\u0431\u0440\u0430\u0436\u0435\u043d\u0438\u0435.\u00a0\u0412\u0430\u0448 \u043c\u0430\u043b\u044b\u0448 \u043e\u0431\u044f\u0437\u0430\u0442\u0435\u043b\u044c\u043d\u043e \u043e\u0446\u0435\u043d\u0438\u0442 \u0442\u0430\u043a\u043e\u0439 \u043f\u043e\u0434\u0430\u0440\u043e\u043a \u043f\u043e \u0434\u043e\u0441\u0442\u043e\u0438\u043d\u0441\u0442\u0432\u0443 \u0438 \u0441 \u0443\u0434\u043e\u0432\u043e\u043b\u044c\u0441\u0442\u0432\u0438\u0435\u043c \u043f\u043e\u043f\u043e\u043b\u043d\u0438\u0442 \u0441\u0432\u043e\u0439 &#8220;\u0430\u0432\u0442\u043e\u043f\u0430\u0440\u043a&#8221;![trim][:ro_RO]<strong>Un autobuz iner\u021bial cu etaj, realizat din metal \u0219i plastic de \u00eenalt\u0103 calitate, va mul\u021bumi cu siguran\u021b\u0103 at\u00e2t copiii, c\u00e2t \u0219i adul\u021bii.<\/strong><\/p>\n<p>Juc\u0103ria este echipat\u0103 cu mi\u0219care iner\u021bial\u0103. Pentru ca autobuzul s\u0103 avanseze, trebuie s\u0103 \u00eel trage\u021bi \u00eenapoi \u0219i apoi s\u0103 \u00eel elibera\u021bi. Ro\u021bile cauciucate asigur\u0103 o aderen\u021b\u0103 sigur\u0103 pe orice suprafa\u021b\u0103 a podelei.<br \/>\nVa fi un cadou grozav pentru fiecare copil. \u00cen timp ce se joac\u0103 cu acest autobuz, copilul \u00ee\u0219i dezvolt\u0103 abilit\u0103\u021bile motorii fine, imagina\u021bia \u0219i imagina\u021bia. Bebelu\u0219ul t\u0103u va aprecia cu siguran\u021b\u0103 un astfel de cadou \u0219i va fi bucuros s\u0103 \u00eel adauge la \u201eflota de vehicule\u201d!<\/p>\n","protected":false},"excerpt":{"rendered":"<p>[:ru_RU]\u0418\u043d\u0435\u0440\u0446\u0438\u043e\u043d\u043d\u044b\u0439 \u0434\u0432\u0443\u0445\u044d\u0442\u0430\u0436\u043d\u044b\u0439 \u0430\u0432\u0442\u043e\u0431\u0443\u0441 , \u0432\u044b\u043f\u043e\u043b\u043d\u0435\u043d\u043d\u044b\u0439 \u0438\u0437 \u0432\u044b\u0441\u043e\u043a\u043e\u043a\u0430\u0447\u0435\u0441\u0442\u0432\u0435\u043d\u043d\u043e\u0433\u043e \u043c\u0435\u0442\u0430\u043b\u043b\u0430 \u0438 \u043f\u043b\u0430\u0441\u0442\u0438\u043a\u0430, \u043d\u0435\u043f\u0440\u0435\u043c\u0435\u043d\u043d\u043e \u043f\u043e\u043d\u0440\u0430\u0432\u0438\u0442\u0441\u044f \u0438 \u0440\u0435\u0431\u0435\u043d\u043a\u0443, \u0438 \u0432\u0437\u0440\u043e\u0441\u043b\u043e\u043c\u0443. \u0418\u0433\u0440\u0443\u0448\u043a\u0430 \u043e\u0441\u043d\u0430\u0449\u0435\u043d\u0430 \u0438\u043d\u0435\u0440\u0446\u0438\u043e\u043d\u043d\u044b\u043c \u0445\u043e\u0434\u043e\u043c. \u0414\u043b\u044f \u0442\u043e\u0433\u043e, \u0447\u0442\u043e\u0431\u044b \u0430\u0432\u0442\u043e\u0431\u0443\u0441 \u043f\u043e\u0435\u0445\u0430\u043b \u0432\u043f\u0435\u0440\u0435\u0434, \u043d\u0435\u043e\u0431\u0445\u043e\u0434\u0438\u043c\u043e \u0435\u0433\u043e \u043e\u0442\u0432\u0435\u0441\u0442\u0438 \u043d\u0430\u0437\u0430\u0434, \u0430 \u0437\u0430\u0442\u0435\u043c \u043e\u0442\u043f\u0443\u0441\u0442\u0438\u0442\u044c. \u041f\u0440\u043e\u0440\u0435\u0437\u0438\u043d\u0435\u043d\u043d\u044b\u0435 \u043a\u043e\u043b\u0435\u0441\u0430 \u043e\u0431\u0435\u0441\u043f\u0435\u0447\u0438\u0432\u0430\u044e\u0442 \u043d\u0430\u0434\u0435\u0436\u043d\u043e\u0435 \u0441\u0446\u0435\u043f\u043b\u0435\u043d\u0438\u0435 \u0441 \u043b\u044e\u0431\u043e\u0439 \u043f\u043e\u0432\u0435\u0440\u0445\u043d\u043e\u0441\u0442\u044c\u044e \u043f\u043e\u043b\u0430. \u0421\u0442\u0430\u043d\u0435\u0442 \u043e\u0442\u043b\u0438\u0447\u043d\u044b\u043c \u043f\u043e\u0434\u0430\u0440\u043a\u043e\u043c \u0434\u043b\u044f \u043a\u0430\u0436\u0434\u043e\u0433\u043e \u0440\u0435\u0431\u0435\u043d\u043a\u0430. \u0412\u043e \u0432\u0440\u0435\u043c\u044f \u0438\u0433\u0440\u044b \u0441 \u044d\u0442\u0438\u043c \u0430\u0432\u0442\u043e\u0431\u0443\u0441 \u0443 [&hellip;]<\/p>\n","protected":false},"featured_media":47991,"comment_status":"open","ping_status":"closed","template":"","meta":{"_acf_changed":false},"product_brand":[],"product_cat":[6726],"product_tag":[],"class_list":{"0":"post-47993","1":"product","2":"type-product","3":"status-publish","4":"has-post-thumbnail","6":"product_cat-ru_ru-mashinki-trim-ro_ro-m","8":"first","9":"instock","10":"shipping-taxable","11":"purchasable","12":"product-type-simple"},"acf":[],"_links":{"self":[{"href":"https:\/\/minimax.md\/ru\/wp-json\/wp\/v2\/product\/47993","targetHints":{"allow":["GET"]}}],"collection":[{"href":"https:\/\/minimax.md\/ru\/wp-json\/wp\/v2\/product"}],"about":[{"href":"https:\/\/minimax.md\/ru\/wp-json\/wp\/v2\/types\/product"}],"replies":[{"embeddable":true,"href":"https:\/\/minimax.md\/ru\/wp-json\/wp\/v2\/comments?post=47993"}],"version-history":[{"count":0,"href":"https:\/\/minimax.md\/ru\/wp-json\/wp\/v2\/product\/47993\/revisions"}],"wp:featuredmedia":[{"embeddable":true,"href":"https:\/\/minimax.md\/ru\/wp-json\/wp\/v2\/media\/47991"}],"wp:attachment":[{"href":"https:\/\/minimax.md\/ru\/wp-json\/wp\/v2\/media?parent=47993"}],"wp:term":[{"taxonomy":"product_brand","embeddable":true,"href":"https:\/\/minimax.md\/ru\/wp-json\/wp\/v2\/product_brand?post=47993"},{"taxonomy":"product_cat","embeddable":true,"href":"https:\/\/minimax.md\/ru\/wp-json\/wp\/v2\/product_cat?post=47993"},{"taxonomy":"product_tag","embeddable":true,"href":"https:\/\/minimax.md\/ru\/wp-json\/wp\/v2\/product_tag?post=47993"}],"curies":[{"name":"wp","href":"https:\/\/api.w.org\/{rel}","templated":true}]}}