{"id":48000,"date":"2024-01-11T17:22:09","date_gmt":"2024-01-11T14:22:09","guid":{"rendered":"https:\/\/minimax.md\/product\/48000.html"},"modified":"2024-03-13T01:04:10","modified_gmt":"2024-03-12T22:04:10","slug":"ru_ru-1-16-inercionnaja-pozharnaja-mashina-s-vodjanoj-pompoj-svet-zvuk-trim-ro_ro-1-16-ma-in-de-pompieri-cu-furtun-de-ap-cu-fric-iune-lumini-sunete","status":"publish","type":"product","link":"https:\/\/minimax.md\/ru\/product\/48000.html","title":{"rendered":"1:16 \u0418\u043d\u0435\u0440\u0446\u0438\u043e\u043d\u043d\u0430\u044f \u041f\u043e\u0436\u0430\u0440\u043d\u0430\u044f \u043c\u0430\u0448\u0438\u043d\u0430 \u0441 \u0432\u043e\u0434\u044f\u043d\u043e\u0439 \u043f\u043e\u043c\u043f\u043e\u0439 (\u0441\u0432\u0435\u0442 \/ \u0437\u0432\u0443\u043a)"},"content":{"rendered":"<p>[:ru_RU]\u041f\u043e\u0436\u0430\u0440\u043d\u0430\u044f \u043c\u0430\u0448\u0438\u043d\u0430 \u0441\u043e \u0437\u0432\u0443\u043a\u043e\u0432\u044b\u043c\u0438 \u0438 \u0441\u0432\u0435\u0442\u043e\u0432\u044b\u043c\u0438 \u044d\u0444\u0444\u0435\u043a\u0442\u0430\u043c\u0438.<br \/>\n\u041c\u0430\u0448\u0438\u043d\u0430 \u0438\u0437\u0434\u0430\u0435\u0442 \u0437\u0432\u0443\u043a\u0438 \u0441\u0438\u0433\u043d\u0430\u043b\u0430, \u043c\u043e\u0442\u043e\u0440\u0430 \u0438 &#8220;\u0437\u0430\u0434\u043d\u0438\u0439 \u0445\u043e\u0434&#8221;. \u0422\u0430\u043a\u0436\u0435 \u0441\u0432\u0435\u0442\u044f\u0442\u0441\u044f \u043c\u0430\u044f\u0447\u043a\u0438.<br \/>\n\u041c\u0430\u0448\u0438\u043d\u043a\u0430 \u0434\u0432\u0438\u0433\u0430\u0435\u0442\u0441\u044f \u043f\u043e \u0438\u043d\u0435\u0440\u0446\u0438\u0438.[trim][:ro_RO]Opera\u021biunile de stingere a incendiilor pot fi probabil cele mai interesante lucruri pe care un copil le poate experimenta prin joac\u0103.<\/p>\n<p>Ma\u0219inu\u021ba de pompieri cu siren\u0103, sunet \u0219i lumini are urm\u0103toarele caracteristici :<\/p>\n<p>&#8211; Girofarul emite sunete \u0219i lumini, la fel ca o ma\u0219ina adev\u0103rata. Pentru sunete specifice ale unei ma\u0219ini de pompieri pot fi ac\u021bionate cele 4 butoane plasate deasupra, pe plafon.<\/p>\n<p>&#8211; Ma\u0219inu\u021ba este dotat\u0103 cu motor cu fric\u021biune, astfel, ea va fi \u00eempins\u0103 pu\u021bin \u0219i datorit\u0103 fric\u021biunii ea se va deplasa pe o mare distan\u021b\u0103 pe direc\u021bia \u00eenainte.<\/p>\n<p>&#8211; Autospeciala este dotat\u0103 cu un rezervor cu buton de pulverizare a apei \u0219i cu un furtun de ap\u0103 ce se rote\u0219te \u00een jurul axei sale.<\/p>\n<p>&#8211; Ro\u021bile sunt de cauciuc.<\/p>\n<p>&#8211; Este fabricat\u0103 din material plastic de \u00eenalt\u0103 calitate.<\/p>\n<p>&#8211; Ma\u0219ina este construit\u0103 la o scar\u0103 de 1:16.<\/p>\n<p>&#8211; Juc\u0103ria este alimentat\u0103 de baterii: 3 x AG13 (bateriile sunt incluse).<\/p>\n","protected":false},"excerpt":{"rendered":"<p>[:ru_RU]\u041f\u043e\u0436\u0430\u0440\u043d\u0430\u044f \u043c\u0430\u0448\u0438\u043d\u0430 \u0441\u043e \u0437\u0432\u0443\u043a\u043e\u0432\u044b\u043c\u0438 \u0438 \u0441\u0432\u0435\u0442\u043e\u0432\u044b\u043c\u0438 \u044d\u0444\u0444\u0435\u043a\u0442\u0430\u043c\u0438. \u041c\u0430\u0448\u0438\u043d\u0430 \u0438\u0437\u0434\u0430\u0435\u0442 \u0437\u0432\u0443\u043a\u0438 \u0441\u0438\u0433\u043d\u0430\u043b\u0430, \u043c\u043e\u0442\u043e\u0440\u0430 \u0438 &#8220;\u0437\u0430\u0434\u043d\u0438\u0439 \u0445\u043e\u0434&#8221;. \u0422\u0430\u043a\u0436\u0435 \u0441\u0432\u0435\u0442\u044f\u0442\u0441\u044f \u043c\u0430\u044f\u0447\u043a\u0438. \u041c\u0430\u0448\u0438\u043d\u043a\u0430 \u0434\u0432\u0438\u0433\u0430\u0435\u0442\u0441\u044f \u043f\u043e \u0438\u043d\u0435\u0440\u0446\u0438\u0438.[trim][:ro_RO]Opera\u021biunile de stingere a incendiilor pot fi probabil cele mai interesante lucruri pe care un copil le poate experimenta prin joac\u0103. Ma\u0219inu\u021ba de pompieri cu siren\u0103, sunet \u0219i lumini are urm\u0103toarele caracteristici : &#8211; [&hellip;]<\/p>\n","protected":false},"featured_media":47996,"comment_status":"open","ping_status":"closed","template":"","meta":{"_acf_changed":false},"product_brand":[],"product_cat":[6726],"product_tag":[],"class_list":{"0":"post-48000","1":"product","2":"type-product","3":"status-publish","4":"has-post-thumbnail","6":"product_cat-ru_ru-mashinki-trim-ro_ro-m","8":"first","9":"instock","10":"shipping-taxable","11":"purchasable","12":"product-type-simple"},"acf":[],"_links":{"self":[{"href":"https:\/\/minimax.md\/ru\/wp-json\/wp\/v2\/product\/48000","targetHints":{"allow":["GET"]}}],"collection":[{"href":"https:\/\/minimax.md\/ru\/wp-json\/wp\/v2\/product"}],"about":[{"href":"https:\/\/minimax.md\/ru\/wp-json\/wp\/v2\/types\/product"}],"replies":[{"embeddable":true,"href":"https:\/\/minimax.md\/ru\/wp-json\/wp\/v2\/comments?post=48000"}],"version-history":[{"count":0,"href":"https:\/\/minimax.md\/ru\/wp-json\/wp\/v2\/product\/48000\/revisions"}],"wp:featuredmedia":[{"embeddable":true,"href":"https:\/\/minimax.md\/ru\/wp-json\/wp\/v2\/media\/47996"}],"wp:attachment":[{"href":"https:\/\/minimax.md\/ru\/wp-json\/wp\/v2\/media?parent=48000"}],"wp:term":[{"taxonomy":"product_brand","embeddable":true,"href":"https:\/\/minimax.md\/ru\/wp-json\/wp\/v2\/product_brand?post=48000"},{"taxonomy":"product_cat","embeddable":true,"href":"https:\/\/minimax.md\/ru\/wp-json\/wp\/v2\/product_cat?post=48000"},{"taxonomy":"product_tag","embeddable":true,"href":"https:\/\/minimax.md\/ru\/wp-json\/wp\/v2\/product_tag?post=48000"}],"curies":[{"name":"wp","href":"https:\/\/api.w.org\/{rel}","templated":true}]}}