{"id":48104,"date":"2024-01-11T17:22:21","date_gmt":"2024-01-11T14:22:21","guid":{"rendered":"https:\/\/minimax.md\/product\/48104.html"},"modified":"2024-03-13T01:04:35","modified_gmt":"2024-03-12T22:04:35","slug":"ru_ru-nabor-formochek-dlja-peska-morskie-zhivotnye-6-sht-trim-ro_ro-set-forme-pentru-nisip-animale-maritime-6-buc","status":"publish","type":"product","link":"https:\/\/minimax.md\/ru\/product\/48104.html","title":{"rendered":"\u041d\u0430\u0431\u043e\u0440 \u0444\u043e\u0440\u043c\u043e\u0447\u0435\u043a \u0434\u043b\u044f \u043f\u0435\u0441\u043a\u0430 \"\u041c\u043e\u0440\u0441\u043a\u0438\u0435 \u0436\u0438\u0432\u043e\u0442\u043d\u044b\u0435\", 6 \u0448\u0442."},"content":{"rendered":"<p>[:ru_RU]\u041d\u0430\u0431\u043e\u0440 \u0444\u043e\u0440\u043c\u043e\u0447\u0435\u043a \u0434\u043b\u044f \u043f\u0435\u0441\u043a\u0430 &#8220;\u041c\u043e\u0440\u0441\u043a\u0438\u0435 \u0436\u0438\u0432\u043e\u0442\u043d\u044b\u0435&#8221; \u0441\u043e\u0441\u0442\u043e\u0438\u0442 \u0438\u0437 6\u00a0 \u043f\u043b\u0430\u0441\u0442\u0438\u043a\u043e\u0432\u044b\u0445 \u0444\u043e\u0440\u043c \u0441 \u043c\u043e\u0440\u0441\u043a\u043e\u0439 \u0442\u0435\u043c\u0430\u0442\u0438\u043a\u043e\u0439.<\/p>\n<p>\u0412 \u0445\u043e\u0434\u0435 \u0438\u0433\u0440\u044b \u0440\u0430\u0437\u0432\u0438\u0432\u0430\u0435\u0442\u0441\u044f \u043c\u0435\u043b\u043a\u0430\u044f \u043c\u043e\u0442\u043e\u0440\u0438\u043a\u0430, \u0432\u043e\u043e\u0431\u0440\u0430\u0436\u0435\u043d\u0438\u0435 \u0438 \u043b\u043e\u0433\u0438\u0447\u0435\u0441\u043a\u043e\u0435 \u043c\u044b\u0448\u043b\u0435\u043d\u0438\u0435.<\/p>\n<p>\u0424\u043e\u0440\u043c\u043e\u0447\u043a\u0438 \u044f\u0440\u043a\u043e\u0433\u043e \u0446\u0432\u0435\u0442\u0430.<\/p>\n<p>\u0412 3 \u0432\u0430\u0440\u0438\u0430\u0446\u0438\u0439 \u0446\u0432\u0435\u0442\u043e\u0432.<\/p>\n<p>\u0412\u0441\u0435 \u0438\u0433\u0440\u0443\u0448\u043a\u0438 \u0422\u041c \u00ab\u041c\u0430\u043a\u0441\u0438\u043c\u0443\u0441\u00bb \u0438\u0437\u0433\u043e\u0442\u043e\u0432\u043b\u0435\u043d\u044b \u0438\u0437 \u0441\u0435\u0440\u0442\u0438\u0444\u0438\u0446\u0438\u0440\u043e\u0432\u0430\u043d\u043d\u043e\u0433\u043e \u0432\u044b\u0441\u043e\u043a\u043e\u043a\u0430\u0447\u0435\u0441\u0442\u0432\u0435\u043d\u043d\u043e\u0433\u043e \u043f\u043b\u0430\u0441\u0442\u0438\u043a\u0430 \u0438 \u0431\u0435\u0437\u043e\u043f\u0430\u0441\u043d\u044b\u0445 \u043f\u0438\u0449\u0435\u0432\u044b\u0445 \u043a\u0440\u0430\u0441\u0438\u0442\u0435\u043b\u0435\u0439.[trim][:ro_RO]Setul pentru nisip &#8220;Animale maritime&#8221; este format din 6 forme din plastic cu\u00a0tem\u0103 marin\u0103.<\/p>\n<p>\u00cen timpul jocului se dezvolt\u0103 abilit\u0103\u021bile motorii fine, imagina\u021bia \u0219i g\u00e2ndirea logic\u0103.<\/p>\n<p>Formele sunt create \u00een culori vesele.<\/p>\n<p class=\"tw-data-text tw-text-large tw-ta\" dir=\"ltr\" data-placeholder=\"\u041f\u0435\u0440\u0435\u0432\u043e\u0434\"><span class=\"Y2IQFc\" lang=\"ro\">\u00cen 3 variante de culoare.<\/span><\/p>\n<p><strong>Toate juc\u0103riile TM \u201eMaximus\u201d sunt fabricate din plastic certificat de \u00eenalt\u0103 calitate \u0219i coloran\u021bi alimentari siguri.<\/strong><\/p>\n","protected":false},"excerpt":{"rendered":"<p>[:ru_RU]\u041d\u0430\u0431\u043e\u0440 \u0444\u043e\u0440\u043c\u043e\u0447\u0435\u043a \u0434\u043b\u044f \u043f\u0435\u0441\u043a\u0430 &#8220;\u041c\u043e\u0440\u0441\u043a\u0438\u0435 \u0436\u0438\u0432\u043e\u0442\u043d\u044b\u0435&#8221; \u0441\u043e\u0441\u0442\u043e\u0438\u0442 \u0438\u0437 6\u00a0 \u043f\u043b\u0430\u0441\u0442\u0438\u043a\u043e\u0432\u044b\u0445 \u0444\u043e\u0440\u043c \u0441 \u043c\u043e\u0440\u0441\u043a\u043e\u0439 \u0442\u0435\u043c\u0430\u0442\u0438\u043a\u043e\u0439. \u0412 \u0445\u043e\u0434\u0435 \u0438\u0433\u0440\u044b \u0440\u0430\u0437\u0432\u0438\u0432\u0430\u0435\u0442\u0441\u044f \u043c\u0435\u043b\u043a\u0430\u044f \u043c\u043e\u0442\u043e\u0440\u0438\u043a\u0430, \u0432\u043e\u043e\u0431\u0440\u0430\u0436\u0435\u043d\u0438\u0435 \u0438 \u043b\u043e\u0433\u0438\u0447\u0435\u0441\u043a\u043e\u0435 \u043c\u044b\u0448\u043b\u0435\u043d\u0438\u0435. \u0424\u043e\u0440\u043c\u043e\u0447\u043a\u0438 \u044f\u0440\u043a\u043e\u0433\u043e \u0446\u0432\u0435\u0442\u0430. \u0412 3 \u0432\u0430\u0440\u0438\u0430\u0446\u0438\u0439 \u0446\u0432\u0435\u0442\u043e\u0432. \u0412\u0441\u0435 \u0438\u0433\u0440\u0443\u0448\u043a\u0438 \u0422\u041c \u00ab\u041c\u0430\u043a\u0441\u0438\u043c\u0443\u0441\u00bb \u0438\u0437\u0433\u043e\u0442\u043e\u0432\u043b\u0435\u043d\u044b \u0438\u0437 \u0441\u0435\u0440\u0442\u0438\u0444\u0438\u0446\u0438\u0440\u043e\u0432\u0430\u043d\u043d\u043e\u0433\u043e \u0432\u044b\u0441\u043e\u043a\u043e\u043a\u0430\u0447\u0435\u0441\u0442\u0432\u0435\u043d\u043d\u043e\u0433\u043e \u043f\u043b\u0430\u0441\u0442\u0438\u043a\u0430 \u0438 \u0431\u0435\u0437\u043e\u043f\u0430\u0441\u043d\u044b\u0445 \u043f\u0438\u0449\u0435\u0432\u044b\u0445 \u043a\u0440\u0430\u0441\u0438\u0442\u0435\u043b\u0435\u0439.[trim][:ro_RO]Setul pentru nisip &#8220;Animale maritime&#8221; este format din 6 forme din plastic [&hellip;]<\/p>\n","protected":false},"featured_media":48102,"comment_status":"open","ping_status":"closed","template":"","meta":{"_acf_changed":false},"product_brand":[],"product_cat":[6702],"product_tag":[],"class_list":{"0":"post-48104","1":"product","2":"type-product","3":"status-publish","4":"has-post-thumbnail","6":"product_cat-ru_ru-dlja-pesochnicy-trim","8":"first","9":"instock","10":"shipping-taxable","11":"purchasable","12":"product-type-simple"},"acf":[],"_links":{"self":[{"href":"https:\/\/minimax.md\/ru\/wp-json\/wp\/v2\/product\/48104","targetHints":{"allow":["GET"]}}],"collection":[{"href":"https:\/\/minimax.md\/ru\/wp-json\/wp\/v2\/product"}],"about":[{"href":"https:\/\/minimax.md\/ru\/wp-json\/wp\/v2\/types\/product"}],"replies":[{"embeddable":true,"href":"https:\/\/minimax.md\/ru\/wp-json\/wp\/v2\/comments?post=48104"}],"version-history":[{"count":0,"href":"https:\/\/minimax.md\/ru\/wp-json\/wp\/v2\/product\/48104\/revisions"}],"wp:featuredmedia":[{"embeddable":true,"href":"https:\/\/minimax.md\/ru\/wp-json\/wp\/v2\/media\/48102"}],"wp:attachment":[{"href":"https:\/\/minimax.md\/ru\/wp-json\/wp\/v2\/media?parent=48104"}],"wp:term":[{"taxonomy":"product_brand","embeddable":true,"href":"https:\/\/minimax.md\/ru\/wp-json\/wp\/v2\/product_brand?post=48104"},{"taxonomy":"product_cat","embeddable":true,"href":"https:\/\/minimax.md\/ru\/wp-json\/wp\/v2\/product_cat?post=48104"},{"taxonomy":"product_tag","embeddable":true,"href":"https:\/\/minimax.md\/ru\/wp-json\/wp\/v2\/product_tag?post=48104"}],"curies":[{"name":"wp","href":"https:\/\/api.w.org\/{rel}","templated":true}]}}