{"id":48142,"date":"2024-01-11T17:22:26","date_gmt":"2024-01-11T14:22:26","guid":{"rendered":"https:\/\/minimax.md\/product\/48142.html"},"modified":"2024-03-13T01:04:38","modified_gmt":"2024-03-12T22:04:38","slug":"ru_ru-3d-pazl-piratskij-korabl-mest-korolevy-anny-100-jelementov-trim-ro_ro-3d-puzzle-corabia-pira-ilor-r-zbunarea-reginei-anne-100-elemente","status":"publish","type":"product","link":"https:\/\/minimax.md\/ru\/product\/48142.html","title":{"rendered":"3D \u043f\u0430\u0437\u043b \u041f\u0438\u0440\u0430\u0442\u0441\u043a\u0438\u0439 \u043a\u043e\u0440\u0430\u0431\u043b\u044c \u201c\u041c\u0435\u0441\u0442\u044c \u043a\u043e\u0440\u043e\u043b\u0435\u0432\u044b \u0410\u043d\u043d\u044b\u201d, 100 \u044d\u043b\u0435\u043c\u0435\u043d\u0442\u043e\u0432"},"content":{"rendered":"<p>[:ru_RU]3D \u043f\u0430\u0437\u043b \u041f\u0438\u0440\u0430\u0442\u0441\u043a\u0438\u0439 \u043a\u043e\u0440\u0430\u0431\u043b\u044c \u201c\u041c\u0435\u0441\u0442\u044c \u043a\u043e\u0440\u043e\u043b\u0435\u0432\u044b \u0410\u043d\u043d\u044b\u201d, \u043e\u0442\u00a0 CubicFun \u043e\u0447\u0435\u043d\u044c \u0438\u043d\u0442\u0435\u0440\u0435\u0441\u043d\u0430\u044f \u0433\u043e\u043b\u043e\u0432\u043e\u043b\u043e\u043c\u043a\u0430 \u0434\u043b\u044f \u0432\u0441\u0435\u0439 \u0441\u0435\u043c\u044c\u0438.\u00a0<\/p>\n<p>\u0412\u043c\u0435\u0441\u0442\u0435 \u0441\u043e\u0431\u0438\u0440\u0430\u044f 3D \u043f\u0430\u0437\u043b \u0441\u043e \u0441\u0432\u043e\u0438\u043c\u0438 \u0434\u0435\u0442\u044c\u043c\u0438, \u0432\u044b\u00a0 \u043c\u043e\u0436\u0435\u0442\u0435 \u0438\u043c \u0440\u0430\u0441\u0441\u043a\u0430\u0437\u0430\u0442\u044c \u043e \u0442\u043e\u043c \u0447\u0442\u043e \u0431\u043e\u043b\u0435\u0435 \u0447\u0435\u043c \u0434\u0432\u0430 \u0441 \u043f\u043e\u043b\u043e\u0432\u0438\u043d\u043e\u0439 \u0432\u0435\u043a\u0430 \u043d\u0430\u0437\u0430\u0434 \u0444\u043b\u0430\u0433\u043c\u0430\u043d\u0441\u043a\u0438\u0439 \u043f\u0438\u0440\u0430\u0442\u0441\u043a\u0438\u0439 \u043a\u043e\u0440\u0430\u0431\u043b\u044c \u00ab\u041c\u0435\u0441\u0442\u044c \u041a\u043e\u0440\u043e\u043b\u0435\u0432\u044b \u0410\u043d\u043d\u044b\u00bb \u0437\u0430\u0442\u043e\u043d\u0443\u043b \u0432\u0431\u043b\u0438\u0437\u0438 \u0431\u0435\u0440\u0435\u0433\u043e\u0432 \u0421\u0435\u0432\u0435\u0440\u043d\u043e\u0439 \u041a\u0430\u0440\u043e\u043b\u0438\u043d\u044b. \u0411\u043b\u044d\u043a\u0431\u0435\u0440\u0434, \u043a\u0430\u043f\u0438\u0442\u0430\u043d \u043a\u043e\u0440\u0430\u0431\u043b\u044f, \u043f\u043e\u043a\u0438\u043d\u0443\u043b \u0435\u0433\u043e \u0432\u043c\u0435\u0441\u0442\u0435 \u0441\u043e \u0441\u0432\u043e\u0435\u0439 \u043a\u043e\u043c\u0430\u043d\u0434\u043e\u0439 \u0432 \u0438\u044e\u043d\u0435 1718 \u0433\u043e\u0434\u0430, \u043a\u043e\u0433\u0434\u0430 \u0441\u0443\u0434\u043d\u043e \u0441\u0435\u043b\u043e \u043d\u0430 \u043c\u0435\u043b\u044c. \u0410 22 \u043d\u043e\u044f\u0431\u0440\u044f 1996 \u0433\u043e\u0434\u0430, \u0440\u043e\u0432\u043d\u043e \u0432 \u0433\u043e\u0434\u043e\u0432\u0449\u0438\u043d\u0443 \u0441\u043c\u0435\u0440\u0442\u0438 \u0411\u043b\u044d\u043a\u0431\u0435\u0440\u0434\u0430, \u0432\u043e\u0434\u043e\u043b\u0430\u0437\u044b \u0438\u0437 \u0438\u0441\u0441\u043b\u0435\u0434\u043e\u0432\u0430\u0442\u0435\u043b\u044c\u0441\u043a\u043e\u0439 \u0433\u0440\u0443\u043f\u043f\u044b \u0418\u043d\u0442\u0435\u0440\u0441\u043e\u043b \u043e\u0431\u043d\u0430\u0440\u0443\u0436\u0438\u043b\u0438 \u043b\u0430\u043f\u0443 \u044f\u043a\u043e\u0440\u044f, \u0442\u043e\u0440\u0447\u0430\u0432\u0448\u0443\u044e \u0438\u0437 \u043f\u0435\u0441\u043a\u0430 \u043d\u0430 \u043c\u043e\u0440\u0441\u043a\u043e\u043c \u0434\u043d\u0435 \u0432\u0431\u043b\u0438\u0437\u0438 \u0431\u0435\u0440\u0435\u0433\u043e\u0432 \u0411\u044c\u044e\u0444\u043e\u0440\u0442\u0430 (\u0421\u0435\u0432\u0435\u0440\u043d\u0430\u044f \u041a\u0430\u0440\u043e\u043b\u0438\u043d\u0430). \u041e\u043d\u0438 \u043f\u0440\u043e\u0434\u043e\u043b\u0436\u0438\u043b\u0438 \u043f\u043e\u0438\u0441\u043a\u0438 \u0438 \u043d\u0430\u0448\u043b\u0438 \u0435\u0449\u0435 \u043d\u0435\u0441\u043a\u043e\u043b\u044c\u043a\u043e \u043f\u0443\u0448\u0435\u043a. \u0421 \u0442\u0435\u0445 \u043f\u043e\u0440 \u044d\u043a\u0441\u043f\u0435\u0434\u0438\u0446\u0438\u044f \u043d\u0435 \u0440\u0430\u0437 \u0432\u043e\u0437\u0432\u0440\u0430\u0449\u0430\u043b\u0430\u0441\u044c \u043a \u044d\u0442\u043e\u043c\u0443 \u043c\u0435\u0441\u0442\u0443 \u0438 \u043e\u0442\u044b\u0441\u043a\u0430\u043b\u0430 \u0441\u043e\u0442\u043d\u0438 \u0434\u0440\u0443\u0433\u0438\u0445 \u043f\u0440\u0435\u0434\u043c\u0435\u0442\u043e\u0432, \u0432\u043a\u043b\u044e\u0447\u0430\u044f \u043f\u0443\u0448\u043a\u0438, \u043a\u043e\u043b\u043e\u043a\u043e\u043b \u0438 \u043e\u0440\u0443\u0436\u0438\u0435. \u041e\u0441\u0435\u043d\u044c\u044e 1997 \u0433\u043e\u0434\u0430 \u0438\u0441\u0441\u043b\u0435\u0434\u043e\u0432\u0430\u0442\u0435\u043b\u044f\u043c \u0443\u0434\u0430\u043b\u043e\u0441\u044c \u043e\u0431\u043d\u0430\u0440\u0443\u0436\u0438\u0442\u044c \u0447\u0430\u0441\u0442\u044c \u043a\u043e\u0440\u0430\u0431\u0435\u043b\u044c\u043d\u043e\u0433\u043e \u043e\u0441\u0442\u043e\u0432\u0430.<\/p>\n<p>3D \u043f\u0430\u0437\u043b\u044b \u0443\u0434\u0438\u0432\u0438\u0442\u0435\u043b\u044c\u043d\u043e\u0435 \u0445\u043e\u0431\u0431\u0438 \u043a\u043e\u0442\u043e\u0440\u043e\u0435 \u0440\u0430\u0437\u0432\u0438\u0432\u0430\u0435\u0442 \u043d\u0435 \u0442\u043e\u043b\u044c\u043a\u043e \u043b\u043e\u0433\u0438\u0447\u0435\u0441\u043a\u043e\u0433\u043e \u043c\u044b\u0448\u043b\u0435\u043d\u0438\u044f, \u043c\u0435\u043b\u043a\u0443\u044e \u043c\u043e\u0442\u043e\u0440\u0438\u043a\u0443, \u0443\u0441\u0438\u0434\u0447\u0438\u0432\u043e\u0441\u0442\u0438 \u0438 \u0430\u043a\u043a\u0443\u0440\u0430\u0442\u043d\u043e\u0441\u0442\u044c, \u043d\u043e \u0438 \u0443\u0447\u0438\u0442 \u043c\u043d\u043e[trim][:ro_RO]<strong>Puzzle 3D Corabia pira\u021bilor \u201eR\u0103zbunarea Reginei Anne\u201d, de la CubicFun este un joc de puzzle foarte interesant pentru \u00eentreaga familie.<\/strong><\/p>\n<p>\u00cen timul jocului cu\u00a0 puzzle 3D \u00eempreun\u0103 cu copiii t\u0103i, le po\u021bi povesti c\u0103 \u00een urm\u0103 cu mai bine de dou\u0103 secole \u0219i jum\u0103tate, nava pirat emblematic\u0103 c<strong>orabia pira\u021bilor \u201eR\u0103zbunarea Reginei Anne\u201d<\/strong> s-a scufundat \u00een largul coastei Carolinei de Nord. Barb\u0103 Neagr\u0103, c\u0103pitanul navei, a plecat de pe corabie cu echipajul s\u0103u \u00een iunie 1718, c\u00e2nd nava a e\u0219uat. Iar pe 22 noiembrie 1996, exact la aniversarea mor\u021bii lui Blackbird, scafandrii din grupul de cercetare Intersol au descoperit un picior de ancor\u0103 ie\u0219it din nisip pe fundul m\u0103rii \u00een largul coastei Beaufort, Carolina de Nord. Au continuat s\u0103 caute \u0219i au mai g\u0103sit c\u00e2teva tunuri. De atunci, expedi\u021bia s-a \u00eentors \u00een mod repetat \u00een acest loc \u0219i a g\u0103sit sute de alte obiecte, inclusiv tunuri, un clopot \u0219i arme. \u00cen toamna anului 1997, cercet\u0103torii au reu\u0219it s\u0103 g\u0103seasc\u0103 o parte din scheletul navei.<\/p>\n<p><strong>Pu<\/p>\n","protected":false},"excerpt":{"rendered":"<p>[:ru_RU]3D \u043f\u0430\u0437\u043b \u041f\u0438\u0440\u0430\u0442\u0441\u043a\u0438\u0439 \u043a\u043e\u0440\u0430\u0431\u043b\u044c \u201c\u041c\u0435\u0441\u0442\u044c \u043a\u043e\u0440\u043e\u043b\u0435\u0432\u044b \u0410\u043d\u043d\u044b\u201d, \u043e\u0442\u00a0 CubicFun \u043e\u0447\u0435\u043d\u044c \u0438\u043d\u0442\u0435\u0440\u0435\u0441\u043d\u0430\u044f \u0433\u043e\u043b\u043e\u0432\u043e\u043b\u043e\u043c\u043a\u0430 \u0434\u043b\u044f \u0432\u0441\u0435\u0439 \u0441\u0435\u043c\u044c\u0438.\u00a0 \u0412\u043c\u0435\u0441\u0442\u0435 \u0441\u043e\u0431\u0438\u0440\u0430\u044f 3D \u043f\u0430\u0437\u043b \u0441\u043e \u0441\u0432\u043e\u0438\u043c\u0438 \u0434\u0435\u0442\u044c\u043c\u0438, \u0432\u044b\u00a0 \u043c\u043e\u0436\u0435\u0442\u0435 \u0438\u043c \u0440\u0430\u0441\u0441\u043a\u0430\u0437\u0430\u0442\u044c \u043e \u0442\u043e\u043c \u0447\u0442\u043e \u0431\u043e\u043b\u0435\u0435 \u0447\u0435\u043c \u0434\u0432\u0430 \u0441 \u043f\u043e\u043b\u043e\u0432\u0438\u043d\u043e\u0439 \u0432\u0435\u043a\u0430 \u043d\u0430\u0437\u0430\u0434 \u0444\u043b\u0430\u0433\u043c\u0430\u043d\u0441\u043a\u0438\u0439 \u043f\u0438\u0440\u0430\u0442\u0441\u043a\u0438\u0439 \u043a\u043e\u0440\u0430\u0431\u043b\u044c \u00ab\u041c\u0435\u0441\u0442\u044c \u041a\u043e\u0440\u043e\u043b\u0435\u0432\u044b \u0410\u043d\u043d\u044b\u00bb \u0437\u0430\u0442\u043e\u043d\u0443\u043b \u0432\u0431\u043b\u0438\u0437\u0438 \u0431\u0435\u0440\u0435\u0433\u043e\u0432 \u0421\u0435\u0432\u0435\u0440\u043d\u043e\u0439 \u041a\u0430\u0440\u043e\u043b\u0438\u043d\u044b. \u0411\u043b\u044d\u043a\u0431\u0435\u0440\u0434, \u043a\u0430\u043f\u0438\u0442\u0430\u043d \u043a\u043e\u0440\u0430\u0431\u043b\u044f, \u043f\u043e\u043a\u0438\u043d\u0443\u043b \u0435\u0433\u043e \u0432\u043c\u0435\u0441\u0442\u0435 \u0441\u043e \u0441\u0432\u043e\u0435\u0439 [&hellip;]<\/p>\n","protected":false},"featured_media":48135,"comment_status":"open","ping_status":"closed","template":"","meta":{"_acf_changed":false},"product_brand":[],"product_cat":[6713],"product_tag":[],"class_list":{"0":"post-48142","1":"product","2":"type-product","3":"status-publish","4":"has-post-thumbnail","6":"product_cat-ru_ru-pazly-i-mozaiki-trim","8":"first","9":"instock","10":"shipping-taxable","11":"purchasable","12":"product-type-simple"},"acf":[],"_links":{"self":[{"href":"https:\/\/minimax.md\/ru\/wp-json\/wp\/v2\/product\/48142","targetHints":{"allow":["GET"]}}],"collection":[{"href":"https:\/\/minimax.md\/ru\/wp-json\/wp\/v2\/product"}],"about":[{"href":"https:\/\/minimax.md\/ru\/wp-json\/wp\/v2\/types\/product"}],"replies":[{"embeddable":true,"href":"https:\/\/minimax.md\/ru\/wp-json\/wp\/v2\/comments?post=48142"}],"version-history":[{"count":0,"href":"https:\/\/minimax.md\/ru\/wp-json\/wp\/v2\/product\/48142\/revisions"}],"wp:featuredmedia":[{"embeddable":true,"href":"https:\/\/minimax.md\/ru\/wp-json\/wp\/v2\/media\/48135"}],"wp:attachment":[{"href":"https:\/\/minimax.md\/ru\/wp-json\/wp\/v2\/media?parent=48142"}],"wp:term":[{"taxonomy":"product_brand","embeddable":true,"href":"https:\/\/minimax.md\/ru\/wp-json\/wp\/v2\/product_brand?post=48142"},{"taxonomy":"product_cat","embeddable":true,"href":"https:\/\/minimax.md\/ru\/wp-json\/wp\/v2\/product_cat?post=48142"},{"taxonomy":"product_tag","embeddable":true,"href":"https:\/\/minimax.md\/ru\/wp-json\/wp\/v2\/product_tag?post=48142"}],"curies":[{"name":"wp","href":"https:\/\/api.w.org\/{rel}","templated":true}]}}