{"id":48159,"date":"2024-01-11T17:22:28","date_gmt":"2024-01-11T14:22:28","guid":{"rendered":"https:\/\/minimax.md\/product\/48159.html"},"modified":"2024-03-13T01:04:13","modified_gmt":"2024-03-12T22:04:13","slug":"ru_ru-igrushka-antistress-mjach-v-setke-trim-ro_ro-juc-rie-antistres-minge-n-plas-3","status":"publish","type":"product","link":"https:\/\/minimax.md\/ru\/product\/48159.html","title":{"rendered":"\u0418\u0433\u0440\u0443\u0448\u043a\u0430-\u0430\u043d\u0442\u0438\u0441\u0442\u0440\u0435\u0441\u0441, \u041c\u044f\u0447 \u0432 \u0441\u0435\u0442\u043a\u0435"},"content":{"rendered":"<p>[:ru_RU]\u0418\u0433\u0440\u0443\u0448\u043a\u0430-\u0430\u043d\u0442\u0438\u0441\u0442\u0440\u0435\u0441\u0441, \u041c\u044f\u0447 \u0432 \u0441\u0435\u0442\u043a\u0435, \u0438\u0441\u043f\u043e\u043b\u044c\u0437\u0443\u0435\u0442\u0441\u044f \u043a\u0430\u043a \u0434\u043b\u044f \u0440\u0430\u0441\u0441\u043b\u0430\u0431\u043b\u0435\u043d\u0438\u044f, \u0442\u0430\u043a \u0438 \u0434\u043b\u044f \u0440\u0430\u0437\u0432\u043b\u0435\u0447\u0435\u043d\u0438\u044f. \u041f\u0440\u043e\u0434\u0443\u043a\u0442 \u043f\u043e\u0434\u0430\u0440\u0438\u0442 \u043c\u0430\u0441\u0441\u0443 \u0443\u0434\u043e\u0432\u043e\u043b\u044c\u0441\u0442\u0432\u0438\u044f \u0438 \u043d\u0435\u0437\u0430\u0431\u044b\u0432\u0430\u0435\u043c\u044b\u0445 \u043c\u043e\u043c\u0435\u043d\u0442\u043e\u0432. \u041e\u043d \u0441\u0442\u0438\u043c\u0443\u043b\u0438\u0440\u0443\u0435\u0442 \u043c\u043e\u0442\u043e\u0440\u0438\u043a\u0443, \u043b\u043e\u0432\u043a\u043e\u0441\u0442\u044c \u0438 \u0432\u043e\u043e\u0431\u0440\u0430\u0436\u0435\u043d\u0438\u0435 \u0434\u0435\u0442\u0435\u0439. \u041e\u043d \u0442\u0430\u043a\u0436\u0435 \u0440\u0430\u0437\u0432\u0438\u0432\u0430\u0435\u0442 \u043a\u0438\u043d\u0435\u0441\u0442\u0435\u0442\u0438\u0447\u0435\u0441\u043a\u0438\u0435 \u043d\u0430\u0432\u044b\u043a\u0438, \u0437\u0440\u0438\u0442\u0435\u043b\u044c\u043d\u043e-\u043c\u043e\u0442\u043e\u0440\u043d\u0443\u044e \u043a\u043e\u043e\u0440\u0434\u0438\u043d\u0430\u0446\u0438\u044e \u0438 \u043a\u043e\u043d\u0446\u0435\u043d\u0442\u0440\u0430\u0446\u0438\u044e.<br \/>\n\u041c\u044f\u0447\u0438\u043a\u0438 \u0438\u0437\u0433\u043e\u0442\u043e\u0432\u043b\u0435\u043d\u044b \u0438\u0437 \u0440\u0430\u0441\u0442\u044f\u0436\u0438\u043c\u043e\u0433\u043e \u0438 \u043f\u0440\u0438\u044f\u0442\u043d\u043e\u0433\u043e \u043d\u0430 \u043e\u0449\u0443\u043f\u044c \u0441\u0438\u043b\u0438\u043a\u043e\u043d\u0430 \u0438 \u043e\u0431\u0435\u0440\u043d\u0443\u0442\u044b \u0442\u0435\u043a\u0441\u0442\u0438\u043b\u044c\u043d\u043e\u0439 \u0441\u0435\u0442\u043a\u043e\u0439, \u043a\u043e\u0442\u043e\u0440\u0430\u044f \u043f\u0440\u0438 \u0441\u0436\u0438\u043c\u0430\u043d\u0438\u0438, \u0432\u044b\u0432\u043e\u0434\u0438\u0442 \u043d\u0430 \u043f\u043e\u0432\u0435\u0440\u0445\u043d\u043e\u0441\u0442\u044c \u043c\u044f\u0447\u0438\u043a\u0430 \u043c\u0435\u043b\u043a\u0438\u0435 \u0433\u0438\u0434\u0440\u043e\u0433\u0435\u043b\u0435\u0432\u044b\u0435 \u0448\u0430\u0440\u0438\u043a\u0438.[trim][:ro_RO]Juc\u0103ria-antistres, Minge \u00een plas\u0103, poate fi utilizat\u0103 at\u00e2t pentru relaxare, c\u00e2t \u0219i pentru amuzament. Produsul va oferi distrac\u021bie \u0219i multe clipe de neuitat. Acestea stimuleaz\u0103 motricitatea, \u00eendem\u00e2narea \u0219i imagina\u021bia copiilor. Totodata dezvolta abilit\u0103ti kinestezice, coordonarea man\u0103-ochi \u0219i concentrarea.<br \/>\nMingile sunt confec\u021bionate din silicon expandabil \u0219i pl\u0103cut la atingere \u0219i sunt \u00eenf\u0103\u0219urate \u00eentr-o plas\u0103 textil\u0103 care, prin str\u00e2ngere, face ca mici bobi\u021be din hidrogel s\u0103 ias\u0103 la suprafa\u021ba mingii.<\/p>\n","protected":false},"excerpt":{"rendered":"<p>[:ru_RU]\u0418\u0433\u0440\u0443\u0448\u043a\u0430-\u0430\u043d\u0442\u0438\u0441\u0442\u0440\u0435\u0441\u0441, \u041c\u044f\u0447 \u0432 \u0441\u0435\u0442\u043a\u0435, \u0438\u0441\u043f\u043e\u043b\u044c\u0437\u0443\u0435\u0442\u0441\u044f \u043a\u0430\u043a \u0434\u043b\u044f \u0440\u0430\u0441\u0441\u043b\u0430\u0431\u043b\u0435\u043d\u0438\u044f, \u0442\u0430\u043a \u0438 \u0434\u043b\u044f \u0440\u0430\u0437\u0432\u043b\u0435\u0447\u0435\u043d\u0438\u044f. \u041f\u0440\u043e\u0434\u0443\u043a\u0442 \u043f\u043e\u0434\u0430\u0440\u0438\u0442 \u043c\u0430\u0441\u0441\u0443 \u0443\u0434\u043e\u0432\u043e\u043b\u044c\u0441\u0442\u0432\u0438\u044f \u0438 \u043d\u0435\u0437\u0430\u0431\u044b\u0432\u0430\u0435\u043c\u044b\u0445 \u043c\u043e\u043c\u0435\u043d\u0442\u043e\u0432. \u041e\u043d \u0441\u0442\u0438\u043c\u0443\u043b\u0438\u0440\u0443\u0435\u0442 \u043c\u043e\u0442\u043e\u0440\u0438\u043a\u0443, \u043b\u043e\u0432\u043a\u043e\u0441\u0442\u044c \u0438 \u0432\u043e\u043e\u0431\u0440\u0430\u0436\u0435\u043d\u0438\u0435 \u0434\u0435\u0442\u0435\u0439. \u041e\u043d \u0442\u0430\u043a\u0436\u0435 \u0440\u0430\u0437\u0432\u0438\u0432\u0430\u0435\u0442 \u043a\u0438\u043d\u0435\u0441\u0442\u0435\u0442\u0438\u0447\u0435\u0441\u043a\u0438\u0435 \u043d\u0430\u0432\u044b\u043a\u0438, \u0437\u0440\u0438\u0442\u0435\u043b\u044c\u043d\u043e-\u043c\u043e\u0442\u043e\u0440\u043d\u0443\u044e \u043a\u043e\u043e\u0440\u0434\u0438\u043d\u0430\u0446\u0438\u044e \u0438 \u043a\u043e\u043d\u0446\u0435\u043d\u0442\u0440\u0430\u0446\u0438\u044e. \u041c\u044f\u0447\u0438\u043a\u0438 \u0438\u0437\u0433\u043e\u0442\u043e\u0432\u043b\u0435\u043d\u044b \u0438\u0437 \u0440\u0430\u0441\u0442\u044f\u0436\u0438\u043c\u043e\u0433\u043e \u0438 \u043f\u0440\u0438\u044f\u0442\u043d\u043e\u0433\u043e \u043d\u0430 \u043e\u0449\u0443\u043f\u044c \u0441\u0438\u043b\u0438\u043a\u043e\u043d\u0430 \u0438 \u043e\u0431\u0435\u0440\u043d\u0443\u0442\u044b \u0442\u0435\u043a\u0441\u0442\u0438\u043b\u044c\u043d\u043e\u0439 \u0441\u0435\u0442\u043a\u043e\u0439, \u043a\u043e\u0442\u043e\u0440\u0430\u044f \u043f\u0440\u0438 \u0441\u0436\u0438\u043c\u0430\u043d\u0438\u0438, \u0432\u044b\u0432\u043e\u0434\u0438\u0442 \u043d\u0430 \u043f\u043e\u0432\u0435\u0440\u0445\u043d\u043e\u0441\u0442\u044c \u043c\u044f\u0447\u0438\u043a\u0430 [&hellip;]<\/p>\n","protected":false},"featured_media":48157,"comment_status":"open","ping_status":"closed","template":"","meta":{"_acf_changed":false},"product_brand":[],"product_cat":[6699],"product_tag":[],"class_list":{"0":"post-48159","1":"product","2":"type-product","3":"status-publish","4":"has-post-thumbnail","6":"product_cat-ru_ru-mjachi-i-shary-trim-r","8":"first","9":"instock","10":"shipping-taxable","11":"purchasable","12":"product-type-simple"},"acf":[],"_links":{"self":[{"href":"https:\/\/minimax.md\/ru\/wp-json\/wp\/v2\/product\/48159","targetHints":{"allow":["GET"]}}],"collection":[{"href":"https:\/\/minimax.md\/ru\/wp-json\/wp\/v2\/product"}],"about":[{"href":"https:\/\/minimax.md\/ru\/wp-json\/wp\/v2\/types\/product"}],"replies":[{"embeddable":true,"href":"https:\/\/minimax.md\/ru\/wp-json\/wp\/v2\/comments?post=48159"}],"version-history":[{"count":0,"href":"https:\/\/minimax.md\/ru\/wp-json\/wp\/v2\/product\/48159\/revisions"}],"wp:featuredmedia":[{"embeddable":true,"href":"https:\/\/minimax.md\/ru\/wp-json\/wp\/v2\/media\/48157"}],"wp:attachment":[{"href":"https:\/\/minimax.md\/ru\/wp-json\/wp\/v2\/media?parent=48159"}],"wp:term":[{"taxonomy":"product_brand","embeddable":true,"href":"https:\/\/minimax.md\/ru\/wp-json\/wp\/v2\/product_brand?post=48159"},{"taxonomy":"product_cat","embeddable":true,"href":"https:\/\/minimax.md\/ru\/wp-json\/wp\/v2\/product_cat?post=48159"},{"taxonomy":"product_tag","embeddable":true,"href":"https:\/\/minimax.md\/ru\/wp-json\/wp\/v2\/product_tag?post=48159"}],"curies":[{"name":"wp","href":"https:\/\/api.w.org\/{rel}","templated":true}]}}