{"id":48181,"date":"2024-01-11T17:22:30","date_gmt":"2024-01-11T14:22:30","guid":{"rendered":"https:\/\/minimax.md\/product\/48181.html"},"modified":"2024-03-13T00:18:15","modified_gmt":"2024-03-12T21:18:15","slug":"ru_ru-nastolnaja-igra-ostorozhno-dinozavr-co-zvukom-trim-ro_ro-joc-de-societate-aten-ie-dinozaur-cu-sunet","status":"publish","type":"product","link":"https:\/\/minimax.md\/ru\/product\/48181.html","title":{"rendered":"\u041d\u0430\u0441\u0442\u043e\u043b\u044c\u043d\u0430\u044f \u0438\u0433\u0440\u0430 \"\u041e\u0441\u0442\u043e\u0440\u043e\u0436\u043d\u043e \u0414\u0438\u043d\u043e\u0437\u0430\u0432\u0440\" (co \u0437\u0432\u0443\u043ao\u043c)"},"content":{"rendered":"<p>[:ru_RU]\u041d\u0430\u0441\u0442\u043e\u043b\u044c\u043d\u0430\u044f \u0438\u0433\u0440\u0430 &#8220;\u041e\u0441\u0442\u043e\u0440\u043e\u0436\u043d\u043e \u0414\u0438\u043d\u043e\u0437\u0430\u0432\u0440&#8221; &#8211; \u044d\u0442\u043e \u0438\u0433\u0440\u0430, \u043f\u043e\u043b\u043d\u0430\u044f \u044d\u043c\u043e\u0446\u0438\u0439 \u0438 \u0441\u0442\u0440\u0430\u0445\u0430, \u0442\u0440\u0435\u0431\u0443\u044e\u0449\u0430\u044f \u0441\u043e\u043e\u0431\u0440\u0430\u0437\u0438\u0442\u0435\u043b\u044c\u043d\u043e\u0441\u0442\u0438 \u0438 \u043c\u043e\u043b\u043d\u0438\u0435\u043d\u043e\u0441\u043d\u044b\u0445 \u0440\u0435\u0444\u043b\u0435\u043a\u0441\u043e\u0432, \u0438\u0434\u0435\u0430\u043b\u044c\u043d\u043e \u043f\u043e\u0434\u0445\u043e\u0434\u044f\u0449\u0430\u044f \u0434\u043b\u044f \u0432\u0441\u0442\u0440\u0435\u0447 \u0441 \u0441\u0435\u043c\u044c\u0435\u0439 \u0438 \u0434\u0440\u0443\u0437\u044c\u044f\u043c\u0438. \u041f\u0440\u0430\u0432\u0438\u043b\u0430 \u043f\u0440\u043e\u0441\u0442\u044b.<\/p>\n<p>\u041a\u0430\u043a \u0438\u0433\u0440\u0430\u0442\u044c:<\/p>\n<p>\u041f\u043e\u0441\u0442\u0430\u0432\u044c\u0442\u0435 \u0434\u0438\u043d\u043e\u0437\u0430\u0432\u0440\u0430 \u043d\u0430 \u043e\u0441\u043d\u043e\u0432\u0430\u043d\u0438\u0435, \u043f\u0440\u0438\u0436\u043c\u0438\u0442\u0435 \u0435\u0433\u043e \u043a \u043e\u0441\u043d\u043e\u0432\u0430\u043d\u0438\u044e \u0438 \u0437\u0430\u043a\u0440\u043e\u0439\u0442\u0435 \u043a\u043b\u0435\u0442\u043a\u0443. \u041f\u043e\u043c\u0435\u0441\u0442\u0438\u0442\u0435 \u0446\u0432\u0435\u0442\u043d\u044b\u0435 \u0448\u0430\u0440\u0438\u043a\u0438 \u0432 \u043c\u0438\u0441\u043a\u0443. \u041f\u0440\u0438\u043b\u043e\u0436\u0435\u043d\u043d\u044b\u0435 \u043a\u0430\u0440\u0442\u044b \u0441\u043b\u0435\u0434\u0443\u0435\u0442 \u043f\u0435\u0440\u0435\u0442\u0430\u0441\u043e\u0432\u0430\u0442\u044c \u0438 \u043f\u043e\u043b\u043e\u0436\u0438\u0442\u044c \u043d\u0430 \u0441\u0442\u043e\u043b \u0442\u0430\u043a, \u0447\u0442\u043e\u0431\u044b \u0438\u0437\u043e\u0431\u0440\u0430\u0436\u0435\u043d\u0438\u0435 \u0441 \u0434\u0438\u043d\u043e\u0437\u0430\u0432\u0440\u043e\u043c \u0431\u044b\u043b\u043e \u043e\u0431\u0440\u0430\u0449\u0435\u043d\u043e \u0432\u0432\u0435\u0440\u0445. \u0418\u0433\u0440\u0430 \u0434\u043b\u044f \u0447\u0435\u0442\u044b\u0440\u0435\u0445 \u0438\u0433\u0440\u043e\u043a\u043e\u0432. \u041d\u0430\u0436\u043c\u0438\u0442\u0435 \u043a\u043d\u043e\u043f\u043a\u0443 \u0441 \u0446\u0432\u0435\u0442\u043e\u0447\u043d\u044b\u043c \u0443\u0437\u043e\u0440\u043e\u043c, \u0438 \u0432\u044b \u0443\u0441\u043b\u044b\u0448\u0438\u0442\u0435 \u043c\u0435\u043b\u043e\u0434\u0438\u044e \u0438 \u0441\u0442\u0440\u0430\u0448\u043d\u044b\u0439 \u0445\u0440\u0430\u043f. \u0427\u0430\u0448\u0430 \u043d\u0430\u0447\u043d\u0435\u0442 \u0432\u0440\u0430\u0449\u0430\u0442\u044c\u0441\u044f. \u041a\u0430\u0436\u0434\u044b\u0439 \u0438\u0433\u0440\u043e\u043a \u0442\u044f\u043d\u0435\u0442 \u043a\u0430\u0440\u0442\u0443, \u043d\u0430 \u043a\u043e\u0442\u043e\u0440\u043e\u0439, \u043f\u0435\u0440\u0435\u0432\u0435\u0440\u043d\u0443\u0432, \u043e\u043d \u0443\u0432\u0438\u0434\u0438\u0442, \u043a\u0430\u043a\u043e\u0433\u043e \u0446\u0432\u0435\u0442\u0430 \u043c\u044f\u0447 \u0435\u043c\u0443 \u0441\u043b\u0435\u0434\u0443\u0435\u0442 \u0432\u044b\u0442\u0430\u0449\u0438\u0442\u044c \u0438\u0437 \u043c\u0438\u0441\u043a\u0438 \u0441 \u043f\u043e\u043c\u043e\u0449\u044c\u044e \u043f\u0438\u043d\u0446\u0435\u0442\u0430. \u0411\u0443\u0434\u044c\u0442\u0435 \u043e\u0441\u0442\u043e\u0440\u043e\u0436\u043d\u044b \u0438 \u043d\u0435 \u043f\u043e\u043f\u0430\u0434\u0438\u0442\u0435\u0441\u044c! \u041e\u043f\u0430\u0441\u043d\u044b\u0439 \u0414\u0438\u043d\u043e\u0437\u0430\u0432\u0440 \u043c\u043e\u0436\u0435\u0442 \u043f\u0440\u043e\u0441\u043d\u0443\u0442\u044c\u0441\u044f \u0438 \u0430\u0442\u0430\u043a\u043e\u0432\u0430\u0442\u044c, \u043a\u043e\u0433\u0434\u0430 \u043c\u0435\u043d\u044c\u0448\u0435 \u0432\u0441\u0435\u0433\u043e \u044d\u0442\u043e\u0433\u043e \u043e\u0436\u0438\u0434\u0430\u0435\u0442. \u0412\u0435\u0441\u0435\u043b\u0430\u044f \u0438\u0433\u0440\u0430 \u0434\u043b\u044f \u0434\u0435\u0442\u0435\u0439 \u0438 \u0432\u0437\u0440\u043e\u0441\u043b\u044b\u0445, \u043d\u043e \u0432\u044b \u0442\u0430\u043a\u0436\u0435 \u043c\u043e\u0436\u0435\u0442\u0435 \u0442\u0440\u0435\u043d\u0438\u0440\u043e\u0432\u0430\u0442\u044c \u0441\u0432\u043e\u0438 \u0440\u0435\u0444\u043b\u0435\u043a\u0441\u044b \u0438\u043d\u0434\u0438\u0432\u0438\u0434\u0443\u0430\u043b\u044c\u043d\u043e. \u0418\u0433\u0440\u0430, \u043f\u043e\u043b\u043d\u0430\u044f \u044d\u043c\u043e\u0446\u0438\u0439 \u0438 100% \u0441\u043c\u0435\u0445\u0430.<\/p>\n<p> \t\u041c\u0430\u0442\u0435\u0440\u0438\u0430\u043b: \u043f\u043b\u0430\u0441\u0442\u0438\u043a<br \/>\n \t\u0420\u0430\u0431\u043e\u0442\u0430\u0435\u0442 \u043e\u0442 3\u0445 \u0431\u0430\u0442\u0430\u0440\u0435\u0435\u043a \u0410\u0410 (\u043d\u0435\u0442 \u0432 \u043a\u043e\u043c\u043f\u043b\u0435\u043a\u0442\u0435)<br \/>\n \t\u0417\u0432\u0443\u043a\u043e\u0432\u043e\u0435 \u0441\u043e\u043f\u0440\u043e\u0432\u043e[trim][:ro_RO]Jocul de societate &#8220;Aten\u021bie Dinozaur&#8221; este un joc plin de emo\u021bie \u0219i fric\u0103, care necesit\u0103 inteligen\u021b\u0103 \u0219i reflexe fulger\u0103toare, este perfect pentru a v\u0103 aduna cu familia \u0219i prietenii. Regulile sunt simple.<\/p>\n<p>Cum se joac\u0103:<\/p>\n<p>Pune\u021bi dinozaurul pe baz\u0103, \u00eempinge\u021bi-l spre baz\u0103 \u0219i \u00eenchide\u021bi cu\u0219ca. Pune\u021bi bilele colorate \u00een bol. Cartona\u0219ele din set trebuie amestecate \u0219i a\u0219ezate pe mas\u0103, astfel \u00eenc\u00e2t imaginea dinozaurului s\u0103 fie cu fa\u021ba \u00een sus. Jocul e prev\u0103zut pentru patru juc\u0103tori. Ap\u0103sa\u021bi butonul cu imprimeu floral \u0219i ve\u021bi auzi o melodie \u0219i un sfor\u0103it groaznic. Vasul va \u00eencepe s\u0103 se roteasc\u0103. Fiecare juc\u0103tor trage o carte pe care, \u00eentorc\u00e2nd-o, va vedea ce culoare de bilute trebuie s\u0103 scoat\u0103 din bol cu penseta. Fi\u021bi atent s\u0103 nu v\u0103 prind\u0103! Dinozaurul periculos se poate trezi \u0219i ataca atunci c\u00e2nd v\u0103 a\u0219tepta\u021bi cel mai pu\u021bin la asta.<\/p>\n<p>Un joc distractiv pentru copii \u0219i adul\u021bi, de asemenea, v\u0103 pute\u021bi antrena reflexele \u0219i individual. Un joc plin de emo\u021bii \u0219i 100% r\u00e2sete.<\/p>\n<ul>\n<li>Func\u021bie interactiv\u0103 sonor\u0103<\/li>\n<p> \t&lt;<\/p>\n","protected":false},"excerpt":{"rendered":"<p>[:ru_RU]\u041d\u0430\u0441\u0442\u043e\u043b\u044c\u043d\u0430\u044f \u0438\u0433\u0440\u0430 &#8220;\u041e\u0441\u0442\u043e\u0440\u043e\u0436\u043d\u043e \u0414\u0438\u043d\u043e\u0437\u0430\u0432\u0440&#8221; &#8211; \u044d\u0442\u043e \u0438\u0433\u0440\u0430, \u043f\u043e\u043b\u043d\u0430\u044f \u044d\u043c\u043e\u0446\u0438\u0439 \u0438 \u0441\u0442\u0440\u0430\u0445\u0430, \u0442\u0440\u0435\u0431\u0443\u044e\u0449\u0430\u044f \u0441\u043e\u043e\u0431\u0440\u0430\u0437\u0438\u0442\u0435\u043b\u044c\u043d\u043e\u0441\u0442\u0438 \u0438 \u043c\u043e\u043b\u043d\u0438\u0435\u043d\u043e\u0441\u043d\u044b\u0445 \u0440\u0435\u0444\u043b\u0435\u043a\u0441\u043e\u0432, \u0438\u0434\u0435\u0430\u043b\u044c\u043d\u043e \u043f\u043e\u0434\u0445\u043e\u0434\u044f\u0449\u0430\u044f \u0434\u043b\u044f \u0432\u0441\u0442\u0440\u0435\u0447 \u0441 \u0441\u0435\u043c\u044c\u0435\u0439 \u0438 \u0434\u0440\u0443\u0437\u044c\u044f\u043c\u0438. \u041f\u0440\u0430\u0432\u0438\u043b\u0430 \u043f\u0440\u043e\u0441\u0442\u044b. \u041a\u0430\u043a \u0438\u0433\u0440\u0430\u0442\u044c: \u041f\u043e\u0441\u0442\u0430\u0432\u044c\u0442\u0435 \u0434\u0438\u043d\u043e\u0437\u0430\u0432\u0440\u0430 \u043d\u0430 \u043e\u0441\u043d\u043e\u0432\u0430\u043d\u0438\u0435, \u043f\u0440\u0438\u0436\u043c\u0438\u0442\u0435 \u0435\u0433\u043e \u043a \u043e\u0441\u043d\u043e\u0432\u0430\u043d\u0438\u044e \u0438 \u0437\u0430\u043a\u0440\u043e\u0439\u0442\u0435 \u043a\u043b\u0435\u0442\u043a\u0443. \u041f\u043e\u043c\u0435\u0441\u0442\u0438\u0442\u0435 \u0446\u0432\u0435\u0442\u043d\u044b\u0435 \u0448\u0430\u0440\u0438\u043a\u0438 \u0432 \u043c\u0438\u0441\u043a\u0443. \u041f\u0440\u0438\u043b\u043e\u0436\u0435\u043d\u043d\u044b\u0435 \u043a\u0430\u0440\u0442\u044b \u0441\u043b\u0435\u0434\u0443\u0435\u0442 \u043f\u0435\u0440\u0435\u0442\u0430\u0441\u043e\u0432\u0430\u0442\u044c \u0438 \u043f\u043e\u043b\u043e\u0436\u0438\u0442\u044c \u043d\u0430 \u0441\u0442\u043e\u043b \u0442\u0430\u043a, \u0447\u0442\u043e\u0431\u044b \u0438\u0437\u043e\u0431\u0440\u0430\u0436\u0435\u043d\u0438\u0435 [&hellip;]<\/p>\n","protected":false},"featured_media":48178,"comment_status":"open","ping_status":"closed","template":"","meta":{"_acf_changed":false},"product_brand":[],"product_cat":[6695],"product_tag":[],"class_list":{"0":"post-48181","1":"product","2":"type-product","3":"status-publish","4":"has-post-thumbnail","6":"product_cat-ru_ru-logicheskie-trim-ro_r","8":"first","9":"instock","10":"shipping-taxable","11":"purchasable","12":"product-type-simple"},"acf":[],"_links":{"self":[{"href":"https:\/\/minimax.md\/ru\/wp-json\/wp\/v2\/product\/48181","targetHints":{"allow":["GET"]}}],"collection":[{"href":"https:\/\/minimax.md\/ru\/wp-json\/wp\/v2\/product"}],"about":[{"href":"https:\/\/minimax.md\/ru\/wp-json\/wp\/v2\/types\/product"}],"replies":[{"embeddable":true,"href":"https:\/\/minimax.md\/ru\/wp-json\/wp\/v2\/comments?post=48181"}],"version-history":[{"count":0,"href":"https:\/\/minimax.md\/ru\/wp-json\/wp\/v2\/product\/48181\/revisions"}],"wp:featuredmedia":[{"embeddable":true,"href":"https:\/\/minimax.md\/ru\/wp-json\/wp\/v2\/media\/48178"}],"wp:attachment":[{"href":"https:\/\/minimax.md\/ru\/wp-json\/wp\/v2\/media?parent=48181"}],"wp:term":[{"taxonomy":"product_brand","embeddable":true,"href":"https:\/\/minimax.md\/ru\/wp-json\/wp\/v2\/product_brand?post=48181"},{"taxonomy":"product_cat","embeddable":true,"href":"https:\/\/minimax.md\/ru\/wp-json\/wp\/v2\/product_cat?post=48181"},{"taxonomy":"product_tag","embeddable":true,"href":"https:\/\/minimax.md\/ru\/wp-json\/wp\/v2\/product_tag?post=48181"}],"curies":[{"name":"wp","href":"https:\/\/api.w.org\/{rel}","templated":true}]}}