{"id":48187,"date":"2024-01-11T17:22:31","date_gmt":"2024-01-11T14:22:31","guid":{"rendered":"https:\/\/minimax.md\/product\/48187.html"},"modified":"2024-02-21T09:03:46","modified_gmt":"2024-02-21T06:03:46","slug":"ru_ru-3d-pazl-flagmanskij-korabl-hristofora-kolumba-santa-marija-204-jelementa-trim-ro_ro-3d-puzzle-nava-amiral-a-lui-cristofor-columb-santa-maria-82-elemente","status":"publish","type":"product","link":"https:\/\/minimax.md\/ru\/product\/48187.html","title":{"rendered":"3D \u043f\u0430\u0437\u043b \u0424\u043b\u0430\u0433\u043c\u0430\u043d\u0441\u043a\u0438\u0439\u00a0\u043a\u043e\u0440\u0430\u0431\u043b\u044c \u0425\u0440\u0438\u0441\u0442\u043e\u0444\u043e\u0440\u0430 \u041a\u043e\u043b\u0443\u043c\u0431\u0430 \u201c\u0421\u0430\u043d\u0442\u0430 \u041c\u0430\u0440\u0438\u044f\u201d, 204 \u044d\u043b\u0435\u043c\u0435\u043d\u0442\u0430"},"content":{"rendered":"<p>[:ru_RU]3D \u043f\u0430\u0437\u043b \u0424\u043b\u0430\u0433\u043c\u0430\u043d\u0441\u043a\u0438\u0439\u00a0\u043a\u043e\u0440\u0430\u0431\u043b\u044c \u0425\u0440\u0438\u0441\u0442\u043e\u0444\u043e\u0440\u0430 \u041a\u043e\u043b\u0443\u043c\u0431\u0430 \u201c\u0421\u0430\u043d\u0442\u0430 \u041c\u0430\u0440\u0438\u044f\u201d \u043e\u0442\u00a0 CubicFun \u043e\u0447\u0435\u043d\u044c \u0438\u043d\u0442\u0435\u0440\u0435\u0441\u043d\u0430\u044f \u0433\u043e\u043b\u043e\u0432\u043e\u043b\u043e\u043c\u043a\u0430 \u0434\u043b\u044f \u0432\u0441\u0435\u0439 \u0441\u0435\u043c\u044c\u0438.\u00a0<\/p>\n<p>\u0412\u043c\u0435\u0441\u0442\u0435 \u0441\u043e\u0431\u0438\u0440\u0430\u044f 3D \u043f\u0430\u0437\u043b \u0441\u043e \u0441\u0432\u043e\u0438\u043c\u0438 \u0434\u0435\u0442\u044c\u043c\u0438, \u0432\u044b\u00a0 \u043c\u043e\u0436\u0435\u0442\u0435 \u0438\u043c \u0440\u0430\u0441\u0441\u043a\u0430\u0437\u0430\u0442\u044c \u043e \u0442\u043e\u043c \u0447\u0442\u043e \u0421\u0430\u043d\u0442\u0430-\u041c\u0430\u0440\u0438\u044f\u00a0(\u0438\u0441\u043f.\u00a0Santa Mar\u00eda,\u00a0\u0421\u0432\u044f\u0442\u0430\u044f \u041c\u0430\u0440\u0438\u044f)\u00a0\u2014\u00a0\u0444\u043b\u0430\u0433\u043c\u0430\u043d\u0441\u043a\u0438\u0439\u00a0\u043a\u043e\u0440\u0430\u0431\u043b\u044c, \u043d\u0430 \u043a\u043e\u0442\u043e\u0440\u043e\u043c\u00a0\u0425\u0440\u0438\u0441\u0442\u043e\u0444\u043e\u0440 \u041a\u043e\u043b\u0443\u043c\u0431\u00a0\u0432 1492 \u0433\u043e\u0434\u0443 \u043e\u0442\u043a\u0440\u044b\u043b\u00a0\u0410\u043c\u0435\u0440\u0438\u043a\u0443. \u042d\u0442\u043e \u0431\u044b\u043b\u0430 \u0442\u0440\u0451\u0445\u043c\u0430\u0447\u0442\u043e\u0432\u0430\u044f\u00a0\u043a\u0430\u0440\u0430\u043a\u043a\u0430\u00a0\u0434\u043b\u0438\u043d\u043e\u0439 \u043d\u0435 \u0431\u043e\u043b\u0435\u0435 25 \u043c\u0435\u0442\u0440\u043e\u0432. \u0414\u043b\u0438\u043d\u0430 \u0421\u0430\u043d\u0442\u0430-\u041c\u0430\u0440\u0438\u0438 \u0432 \u0440\u0430\u0437\u043d\u044b\u0445 \u0438\u0441\u0442\u043e\u0447\u043d\u0438\u043a\u0430\u0445 \u043e\u0446\u0435\u043d\u0438\u0432\u0430\u0435\u0442\u0441\u044f \u0432 70 \u0444\u0443\u0442\u043e\u0432 \u0438\u043b\u0438 \u0432 82 \u0444\u0443\u0442\u0430, \u0447\u0442\u043e \u0441\u043e\u0441\u0442\u0430\u0432\u043b\u044f\u0435\u0442, \u0441\u043e\u043e\u0442\u0432\u0435\u0442\u0441\u0442\u0432\u0435\u043d\u043d\u043e, 21,4 \u043c\u0435\u0442\u0440\u0430 \u0438\u043b\u0438 25 \u043c\u0435\u0442\u0440\u043e\u0432, \u0432\u043c\u0435\u0441\u0442\u0438\u043c\u043e\u0441\u0442\u044c\u044e \u0434\u043e 40 \u0447\u0435\u043b\u043e\u0432\u0435\u043a. \u0412\u043b\u0430\u0434\u0435\u043b\u044c\u0446\u0435\u043c \u0438 \u043a\u0430\u043f\u0438\u0442\u0430\u043d\u043e\u043c \u043a\u0430\u0440\u0430\u043a\u043a\u0438 \u0431\u044b\u043b\u00a0\u043a\u0430\u043d\u0442\u0430\u0431\u0440\u0438\u0435\u0446\u00a0\u0425\u0443\u0430\u043d \u0434\u0435 \u043b\u0430 \u041a\u043e\u0441\u0430, \u0438\u0437\u0432\u0435\u0441\u0442\u043d\u044b\u0439 \u0438\u0441\u043f\u0430\u043d\u0441\u043a\u0438\u0439 \u043f\u0443\u0442\u0435\u0448\u0435\u0441\u0442\u0432\u0435\u043d\u043d\u0438\u043a \u0438 \u043a\u0430\u0440\u0442\u043e\u0433\u0440\u0430\u0444.<\/p>\n<p>3D \u043f\u0430\u0437\u043b\u044b \u0443\u0434\u0438\u0432\u0438\u0442\u0435\u043b\u044c\u043d\u043e\u0435 \u0445\u043e\u0431\u0431\u0438 \u043a\u043e\u0442\u043e\u0440\u043e\u0435 \u0440\u0430\u0437\u0432\u0438\u0432\u0430\u0435\u0442 \u043d\u0435 \u0442\u043e\u043b\u044c\u043a\u043e \u043b\u043e\u0433\u0438\u0447\u0435\u0441\u043a\u043e\u0433\u043e \u043c\u044b\u0448\u043b\u0435\u043d\u0438\u044f, \u043c\u0435\u043b\u043a\u0443\u044e \u043c\u043e\u0442\u043e\u0440\u0438\u043a\u0443, \u0443\u0441\u0438\u0434\u0447\u0438\u0432\u043e\u0441\u0442\u0438 \u0438 \u0430\u043a\u043a\u0443\u0440\u0430\u0442\u043d\u043e\u0441\u0442\u044c, \u043d\u043e \u0438 \u0443\u0447\u0438\u0442 \u043c\u043d\u043e\u0433\u043e\u043c\u0443 \u0438\u043d\u0442\u0435\u0440\u0435\u0441\u043d\u043e\u043c\u0443 \u043e \u043c\u0438\u0440\u0435 \u0437\u0430 \u0432\u0435\u0441\u0435\u043b\u043e \u043f\u0440\u043e\u0432\u0435\u0434\u0435\u043d\u043d\u043e\u043c \u0432\u0440\u0435\u043c\u0435\u043d\u0438 \u0432 \u043a\u0440\u0443\u0433\u0443 \u0441\u0435\u043c\u044c\u0438.<\/p>\n<p>&nbsp;[trim][:ro_RO]<strong>Puzzle 3D Nava amiral a lui Cristofor Columb \u201eSanta Maria\u201d, de la CubicFun este un joc de puzzle foarte interesant pentru \u00eentreaga familie.<\/strong><\/p>\n<p>\u00cen timul jocului cu\u00a0 puzzle 3D \u00eempreun\u0103 cu copiii t\u0103i, le po\u021bi povesti c\u0103 <strong>Santa Maria<\/strong> (\u00een spaniol\u0103 Santa Mar\u00eda, Holy Mary) este nava amiral pe care Cristofor Columb a descoperit America \u00een 1492. Era un karakka cu trei catarge lung de cel mult 25 de metri. Lungimea Santa Maria \u00een diverse surse este estimat\u0103 la 70 de picioare sau 82 de picioare, respectiv 21,4 metri sau 25 de metri, cu o capacitate de p\u00e2n\u0103 la 40 de persoane. Cantabricul Juan de la Cosa, un celebru c\u0103l\u0103tor \u0219i cartograf spaniol, a fost proprietarul \u0219i c\u0103pitanul caraccai.<\/p>\n<p><strong>Puzzle-urile 3D<\/strong> sunt un hobby uimitor care dezvolt\u0103 nu numai g\u00e2ndirea logic\u0103, abilit\u0103\u021bile motorii fine, perseveren\u021ba \u0219i acurate\u021bea, dar \u00eenva\u021b\u0103 \u0219i o mul\u021bime de lucruri interesante despre univers, \u00een timp ce te distrezi cu familia ta.<\/p>\n","protected":false},"excerpt":{"rendered":"<p>[:ru_RU]3D \u043f\u0430\u0437\u043b \u0424\u043b\u0430\u0433\u043c\u0430\u043d\u0441\u043a\u0438\u0439\u00a0\u043a\u043e\u0440\u0430\u0431\u043b\u044c \u0425\u0440\u0438\u0441\u0442\u043e\u0444\u043e\u0440\u0430 \u041a\u043e\u043b\u0443\u043c\u0431\u0430 \u201c\u0421\u0430\u043d\u0442\u0430 \u041c\u0430\u0440\u0438\u044f\u201d \u043e\u0442\u00a0 CubicFun \u043e\u0447\u0435\u043d\u044c \u0438\u043d\u0442\u0435\u0440\u0435\u0441\u043d\u0430\u044f \u0433\u043e\u043b\u043e\u0432\u043e\u043b\u043e\u043c\u043a\u0430 \u0434\u043b\u044f \u0432\u0441\u0435\u0439 \u0441\u0435\u043c\u044c\u0438.\u00a0 \u0412\u043c\u0435\u0441\u0442\u0435 \u0441\u043e\u0431\u0438\u0440\u0430\u044f 3D \u043f\u0430\u0437\u043b \u0441\u043e \u0441\u0432\u043e\u0438\u043c\u0438 \u0434\u0435\u0442\u044c\u043c\u0438, \u0432\u044b\u00a0 \u043c\u043e\u0436\u0435\u0442\u0435 \u0438\u043c \u0440\u0430\u0441\u0441\u043a\u0430\u0437\u0430\u0442\u044c \u043e \u0442\u043e\u043c \u0447\u0442\u043e \u0421\u0430\u043d\u0442\u0430-\u041c\u0430\u0440\u0438\u044f\u00a0(\u0438\u0441\u043f.\u00a0Santa Mar\u00eda,\u00a0\u0421\u0432\u044f\u0442\u0430\u044f \u041c\u0430\u0440\u0438\u044f)\u00a0\u2014\u00a0\u0444\u043b\u0430\u0433\u043c\u0430\u043d\u0441\u043a\u0438\u0439\u00a0\u043a\u043e\u0440\u0430\u0431\u043b\u044c, \u043d\u0430 \u043a\u043e\u0442\u043e\u0440\u043e\u043c\u00a0\u0425\u0440\u0438\u0441\u0442\u043e\u0444\u043e\u0440 \u041a\u043e\u043b\u0443\u043c\u0431\u00a0\u0432 1492 \u0433\u043e\u0434\u0443 \u043e\u0442\u043a\u0440\u044b\u043b\u00a0\u0410\u043c\u0435\u0440\u0438\u043a\u0443. \u042d\u0442\u043e \u0431\u044b\u043b\u0430 \u0442\u0440\u0451\u0445\u043c\u0430\u0447\u0442\u043e\u0432\u0430\u044f\u00a0\u043a\u0430\u0440\u0430\u043a\u043a\u0430\u00a0\u0434\u043b\u0438\u043d\u043e\u0439 \u043d\u0435 \u0431\u043e\u043b\u0435\u0435 25 \u043c\u0435\u0442\u0440\u043e\u0432. \u0414\u043b\u0438\u043d\u0430 \u0421\u0430\u043d\u0442\u0430-\u041c\u0430\u0440\u0438\u0438 \u0432 \u0440\u0430\u0437\u043d\u044b\u0445 \u0438\u0441\u0442\u043e\u0447\u043d\u0438\u043a\u0430\u0445 \u043e\u0446\u0435\u043d\u0438\u0432\u0430\u0435\u0442\u0441\u044f \u0432 70 \u0444\u0443\u0442\u043e\u0432 \u0438\u043b\u0438 [&hellip;]<\/p>\n","protected":false},"featured_media":48182,"comment_status":"open","ping_status":"closed","template":"","meta":{"_acf_changed":false},"product_brand":[],"product_cat":[6713],"product_tag":[],"class_list":{"0":"post-48187","1":"product","2":"type-product","3":"status-publish","4":"has-post-thumbnail","6":"product_cat-ru_ru-pazly-i-mozaiki-trim","8":"first","9":"instock","10":"shipping-taxable","11":"purchasable","12":"product-type-simple"},"acf":[],"_links":{"self":[{"href":"https:\/\/minimax.md\/ru\/wp-json\/wp\/v2\/product\/48187","targetHints":{"allow":["GET"]}}],"collection":[{"href":"https:\/\/minimax.md\/ru\/wp-json\/wp\/v2\/product"}],"about":[{"href":"https:\/\/minimax.md\/ru\/wp-json\/wp\/v2\/types\/product"}],"replies":[{"embeddable":true,"href":"https:\/\/minimax.md\/ru\/wp-json\/wp\/v2\/comments?post=48187"}],"version-history":[{"count":0,"href":"https:\/\/minimax.md\/ru\/wp-json\/wp\/v2\/product\/48187\/revisions"}],"wp:featuredmedia":[{"embeddable":true,"href":"https:\/\/minimax.md\/ru\/wp-json\/wp\/v2\/media\/48182"}],"wp:attachment":[{"href":"https:\/\/minimax.md\/ru\/wp-json\/wp\/v2\/media?parent=48187"}],"wp:term":[{"taxonomy":"product_brand","embeddable":true,"href":"https:\/\/minimax.md\/ru\/wp-json\/wp\/v2\/product_brand?post=48187"},{"taxonomy":"product_cat","embeddable":true,"href":"https:\/\/minimax.md\/ru\/wp-json\/wp\/v2\/product_cat?post=48187"},{"taxonomy":"product_tag","embeddable":true,"href":"https:\/\/minimax.md\/ru\/wp-json\/wp\/v2\/product_tag?post=48187"}],"curies":[{"name":"wp","href":"https:\/\/api.w.org\/{rel}","templated":true}]}}