{"id":48195,"date":"2024-01-11T17:22:35","date_gmt":"2024-01-11T14:22:35","guid":{"rendered":"https:\/\/minimax.md\/product\/48195.html"},"modified":"2024-03-13T01:04:10","modified_gmt":"2024-03-12T22:04:10","slug":"ru_ru-1-16-inercionnyj-pogruzchik-svet-zvuk-trim-ro_ro-1-16-motostivuitor-cu-fric-iune-lumini-sunete","status":"publish","type":"product","link":"https:\/\/minimax.md\/ru\/product\/48195.html","title":{"rendered":"1:16 \u0418\u043d\u0435\u0440\u0446\u0438\u043e\u043d\u043d\u044b\u0439 \u041f\u043e\u0433\u0440\u0443\u0437\u0447\u0438\u043a (\u0441\u0432\u0435\u0442 \/ \u0437\u0432\u0443\u043a)"},"content":{"rendered":"<p>[:ru_RU]\u041f\u0440\u0435\u043a\u0440\u0430\u0441\u043d\u043e \u0434\u0435\u0442\u0430\u043b\u0438\u0437\u0438\u0440\u043e\u0432\u0430\u043d\u043d\u0430\u044f \u043c\u043e\u0434\u0435\u043b\u044c \u043f\u043e\u0433\u0440\u0443\u0437\u0447\u0438\u043a\u0430 WY 690. \u041c\u0430\u0441\u0448\u0442\u0430\u0431 \u0434\u0435\u0442\u0430\u043b\u0438\u0437\u0430\u0446\u0438\u0438 1:16. \u041c\u0430\u0448\u0438\u043d\u0430 \u043e\u0441\u043d\u0430\u0449\u0435\u043d\u0430 \u043f\u043e\u0434\u0432\u0438\u0436\u043d\u044b\u043c\u0438 \u044d\u043b\u0435\u043c\u0435\u043d\u0442\u0430\u043c\u0438, \u0438\u043d\u0435\u0440\u0446\u0438\u043e\u043d\u043d\u044b\u043c \u043c\u0435\u0445\u0430\u043d\u0438\u0437\u043c\u043e\u043c \u0438 \u0437\u0432\u0443\u043a\u043e\u0432\u044b\u043c\u0438 \u0441\u0438\u0433\u043d\u0430\u043b\u0430\u043c\u0438. \u0422\u0440\u0438 \u043a\u043d\u043e\u043f\u043a\u0438 \u043d\u0430 \u043a\u0440\u044b\u0448\u0435 \u0430\u0432\u0442\u043e\u043c\u043e\u0431\u0438\u043b\u044f \u0430\u043a\u0442\u0438\u0432\u0438\u0440\u0443\u044e\u0442: \u0437\u0432\u0443\u043a \u043c\u043e\u0442\u043e\u0440\u0430, \u043a\u043b\u0430\u043a\u0441\u043e\u043d, \u0441\u043f\u0435\u0446\u0441\u0438\u0433\u043d\u0430\u043b, \u0430 \u0442\u0430\u043a\u0436\u0435 \u0441\u0432\u0435\u0442\u043e\u0432\u043e\u0439 \u0441\u043f\u0435\u0446\u0441\u0438\u0433\u043d\u0430\u043b.<br \/>\n\u0420\u0430\u0431\u043e\u0442\u0430\u0435\u0442 \u043e\u0442 3-\u0445 \u0431\u0430\u0442\u0430\u0440\u0435\u0435\u043a 1,5V \u0442\u0438\u043f\u0430 \u00abAG13&#8243; (\u0432\u0445\u043e\u0434\u044f\u0442 \u0432 \u043a\u043e\u043c\u043f\u043b\u0435\u043a\u0442)<\/p>\n<p>&nbsp;[trim][:ro_RO]Motostivuitorul este un ajutor practic nu doar pe \u0219antiere, ci \u0219i \u00een depozite \u0219i magazine. Acest model\u00a0 de motostivuitor este executat detaliat \u0219i cu siguran\u021b\u0103 va capta aten\u021bia copiilor. La fel ca toate modelele Wenyi, \u0219i acesta exceleaz\u0103 prin manopera de calitate \u0219i func\u021bii reale distractive.<\/p>\n<p>Motostivuitor cu fric\u021biune, sunet \u0219i lumini are urm\u0103toarele caracteristici :<\/p>\n<p>&#8211; Emite sunete \u0219i lumini, la fel ca o ma\u0219in\u0103 adev\u0103rat\u0103. Stivuitorul are 3 butoane care emit 3 sunete diferite: sunetul motorului care trage, claxona, sunet de inversare a vehiculului<\/p>\n<p>&#8211; Control manual al ridic\u0103rii \u0219i cobor\u00e2rii bra\u021bului cu accesorii tematice incluse.<\/p>\n<p>&#8211; Ma\u0219inu\u021ba este dotat\u0103 cu motor cu fric\u021biune, astfel, ea va fi \u00eempins\u0103 pu\u021bin \u0219i datorit\u0103 fric\u021biunii ea se va deplasa pe o mare distan\u021b\u0103 pe direc\u021bia \u00eenainte.<\/p>\n<p>&#8211; Ro\u021bile sunt de cauciuc.<\/p>\n<p>&#8211; Este fabricat\u0103 din material plastic de \u00eenalt\u0103 calitate.<\/p>\n<p>&#8211; Ma\u0219ina este construit\u0103 la o scar\u0103 de 1:16.<\/p>\n<p>&#8211; Juc\u0103ria este alimentat\u0103 de baterii: 3 x AG13 (bateriile sunt incluse).<\/p>\n","protected":false},"excerpt":{"rendered":"<p>[:ru_RU]\u041f\u0440\u0435\u043a\u0440\u0430\u0441\u043d\u043e \u0434\u0435\u0442\u0430\u043b\u0438\u0437\u0438\u0440\u043e\u0432\u0430\u043d\u043d\u0430\u044f \u043c\u043e\u0434\u0435\u043b\u044c \u043f\u043e\u0433\u0440\u0443\u0437\u0447\u0438\u043a\u0430 WY 690. \u041c\u0430\u0441\u0448\u0442\u0430\u0431 \u0434\u0435\u0442\u0430\u043b\u0438\u0437\u0430\u0446\u0438\u0438 1:16. \u041c\u0430\u0448\u0438\u043d\u0430 \u043e\u0441\u043d\u0430\u0449\u0435\u043d\u0430 \u043f\u043e\u0434\u0432\u0438\u0436\u043d\u044b\u043c\u0438 \u044d\u043b\u0435\u043c\u0435\u043d\u0442\u0430\u043c\u0438, \u0438\u043d\u0435\u0440\u0446\u0438\u043e\u043d\u043d\u044b\u043c \u043c\u0435\u0445\u0430\u043d\u0438\u0437\u043c\u043e\u043c \u0438 \u0437\u0432\u0443\u043a\u043e\u0432\u044b\u043c\u0438 \u0441\u0438\u0433\u043d\u0430\u043b\u0430\u043c\u0438. \u0422\u0440\u0438 \u043a\u043d\u043e\u043f\u043a\u0438 \u043d\u0430 \u043a\u0440\u044b\u0448\u0435 \u0430\u0432\u0442\u043e\u043c\u043e\u0431\u0438\u043b\u044f \u0430\u043a\u0442\u0438\u0432\u0438\u0440\u0443\u044e\u0442: \u0437\u0432\u0443\u043a \u043c\u043e\u0442\u043e\u0440\u0430, \u043a\u043b\u0430\u043a\u0441\u043e\u043d, \u0441\u043f\u0435\u0446\u0441\u0438\u0433\u043d\u0430\u043b, \u0430 \u0442\u0430\u043a\u0436\u0435 \u0441\u0432\u0435\u0442\u043e\u0432\u043e\u0439 \u0441\u043f\u0435\u0446\u0441\u0438\u0433\u043d\u0430\u043b. \u0420\u0430\u0431\u043e\u0442\u0430\u0435\u0442 \u043e\u0442 3-\u0445 \u0431\u0430\u0442\u0430\u0440\u0435\u0435\u043a 1,5V \u0442\u0438\u043f\u0430 \u00abAG13&#8243; (\u0432\u0445\u043e\u0434\u044f\u0442 \u0432 \u043a\u043e\u043c\u043f\u043b\u0435\u043a\u0442) &nbsp;[trim][:ro_RO]Motostivuitorul este un ajutor practic nu doar pe \u0219antiere, ci \u0219i \u00een depozite [&hellip;]<\/p>\n","protected":false},"featured_media":48194,"comment_status":"open","ping_status":"closed","template":"","meta":{"_acf_changed":false},"product_brand":[],"product_cat":[6726],"product_tag":[],"class_list":{"0":"post-48195","1":"product","2":"type-product","3":"status-publish","4":"has-post-thumbnail","6":"product_cat-ru_ru-mashinki-trim-ro_ro-m","8":"first","9":"instock","10":"shipping-taxable","11":"purchasable","12":"product-type-simple"},"acf":[],"_links":{"self":[{"href":"https:\/\/minimax.md\/ru\/wp-json\/wp\/v2\/product\/48195","targetHints":{"allow":["GET"]}}],"collection":[{"href":"https:\/\/minimax.md\/ru\/wp-json\/wp\/v2\/product"}],"about":[{"href":"https:\/\/minimax.md\/ru\/wp-json\/wp\/v2\/types\/product"}],"replies":[{"embeddable":true,"href":"https:\/\/minimax.md\/ru\/wp-json\/wp\/v2\/comments?post=48195"}],"version-history":[{"count":0,"href":"https:\/\/minimax.md\/ru\/wp-json\/wp\/v2\/product\/48195\/revisions"}],"wp:featuredmedia":[{"embeddable":true,"href":"https:\/\/minimax.md\/ru\/wp-json\/wp\/v2\/media\/48194"}],"wp:attachment":[{"href":"https:\/\/minimax.md\/ru\/wp-json\/wp\/v2\/media?parent=48195"}],"wp:term":[{"taxonomy":"product_brand","embeddable":true,"href":"https:\/\/minimax.md\/ru\/wp-json\/wp\/v2\/product_brand?post=48195"},{"taxonomy":"product_cat","embeddable":true,"href":"https:\/\/minimax.md\/ru\/wp-json\/wp\/v2\/product_cat?post=48195"},{"taxonomy":"product_tag","embeddable":true,"href":"https:\/\/minimax.md\/ru\/wp-json\/wp\/v2\/product_tag?post=48195"}],"curies":[{"name":"wp","href":"https:\/\/api.w.org\/{rel}","templated":true}]}}