{"id":48198,"date":"2024-01-11T17:22:36","date_gmt":"2024-01-11T14:22:36","guid":{"rendered":"https:\/\/minimax.md\/product\/48198.html"},"modified":"2024-03-05T09:04:39","modified_gmt":"2024-03-05T06:04:39","slug":"ru_ru-sinij-mikrofon-25-melodij-trim-ro_ro-microfon-albastru-cu-25-melodii","status":"publish","type":"product","link":"https:\/\/minimax.md\/ru\/product\/48198.html","title":{"rendered":"\u0421\u0438\u043d\u0438\u0439 \u043c\u0438\u043a\u0440\u043e\u0444\u043e\u043d, 25 \u043c\u0435\u043b\u043e\u0434\u0438\u0439"},"content":{"rendered":"<p>[:ru_RU]\u0414\u0435\u0442\u0441\u043a\u0438\u0439 \u043c\u0438\u043a\u0440\u043e\u0444\u043e\u043d \u0441\u0442\u0430\u043d\u0435\u0442 \u043f\u0440\u0435\u043a\u0440\u0430\u0441\u043d\u044b\u043c \u043f\u043e\u0434\u0430\u0440\u043a\u043e\u043c \u0434\u043b\u044f \u043d\u0430\u0447\u0438\u043d\u0430\u044e\u0449\u0435\u0433\u043e \u043c\u0443\u0437\u044b\u043a\u0430\u043d\u0442\u0430. \u041f\u0440\u0438 \u043d\u0430\u0436\u0430\u0442\u0438\u0438 \u043d\u0430 \u043a\u043d\u043e\u043f\u043e\u0447\u043a\u0438 \u0440\u0435\u0431\u0451\u043d\u043e\u043a \u043f\u043e\u0441\u043b\u0443\u0448\u0430\u0435\u0442 \u0440\u0430\u0437\u043d\u044b\u0435 \u043f\u0440\u0438\u044f\u0442\u043d\u044b\u0435 \u043c\u0435\u043b\u043e\u0434\u0438\u0438 \u0438 \u0433\u043e\u043b\u043e\u0441\u0430 \u0436\u0438\u0432\u043e\u0442\u043d\u044b\u0445, \u0441\u043e\u043f\u0440\u043e\u0432\u043e\u0436\u0434\u0430\u0435\u043c\u044b\u0435 \u043a\u0440\u0430\u0441\u0438\u0432\u043e\u0439 \u043f\u043e\u0434\u0441\u0432\u0435\u0442\u043a\u043e\u0439. \u0418\u0433\u0440\u0443\u0448\u0435\u0447\u043d\u044b\u0439 \u043c\u0438\u043a\u0440\u043e\u0444\u043e\u043d \u0440\u0430\u0437\u0432\u0438\u0432\u0430\u0435\u0442 \u043c\u0443\u0437\u044b\u043a\u0430\u043b\u044c\u043d\u044b\u0439 \u0441\u043b\u0443\u0445, \u0447\u0443\u0432\u0441\u0442\u0432\u043e \u0440\u0438\u0442\u043c\u0430 \u0438 \u0432\u043e\u043e\u0431\u0440\u0430\u0436\u0435\u043d\u0438\u0435.<br \/>\n\u0418\u0433\u0440\u0443\u0448\u043a\u0430 \u0440\u0430\u0431\u043e\u0442\u0430\u0435\u0442 \u043e\u0442 3-\u0445 \u0431\u0430\u0442\u0430\u0440\u0435\u0435\u043a \u0442\u0438\u043f\u0430 \u0410\u0410\u0410 \u043d\u0430 1,5 V (\u043d\u0435 \u0432\u0445\u043e\u0434\u044f\u0442 \u0432 \u043a\u043e\u043c\u043f\u043b\u0435\u043a\u0442).<br \/>\n\u0414\u043b\u0438\u043d\u0430 \u043c\u0438\u043a\u0440\u043e\u0444\u043e\u043d\u0430 \u0441\u043e\u0441\u0442\u0430\u0432\u043b\u044f\u0435\u0442 17 \u0441\u043c.<br \/>\n\u0418\u0437\u0434\u0435\u043b\u0438\u0435 \u0438\u0437\u0433\u043e\u0442\u043e\u0432\u043b\u0435\u043d\u043e \u0438\u0437 \u043f\u043b\u0430\u0441\u0442\u043c\u0430\u0441\u0441\u044b.<br \/>\n\u0420\u0435\u043a\u043e\u043c\u0435\u043d\u0434\u043e\u0432\u0430\u043d\u043d\u044b\u0439 \u0432\u043e\u0437\u0440\u0430\u0441\u0442: 3 \u0433\u043e\u0434\u0430 +[trim][:ro_RO]Microfonul va fi un cadou minunat pentru un muzician \u00een devenire. C\u00e2nd ap\u0103sa\u021bi pe butoane, copilul va asculta diverse melodii pl\u0103cute \u0219i voci de animale, \u00eenso\u021bite de o iluminare frumoas\u0103. Un microfon de juc\u0103rie dezvolt\u0103 auzul muzical, un sim\u021b al ritmului \u0219i al imagina\u021biei.<\/p>\n<p>Juc\u0103ria func\u021bioneaz\u0103 cu 3 baterii AAA de 1,5 V (nu sunt incluse).<\/p>\n<p>Lungimea microfonului este de 17 cm.<\/p>\n<p>Produsul este fabricat din plastic.<\/p>\n<p>Varsta recomandata: 3 ani +<\/p>\n","protected":false},"excerpt":{"rendered":"<p>[:ru_RU]\u0414\u0435\u0442\u0441\u043a\u0438\u0439 \u043c\u0438\u043a\u0440\u043e\u0444\u043e\u043d \u0441\u0442\u0430\u043d\u0435\u0442 \u043f\u0440\u0435\u043a\u0440\u0430\u0441\u043d\u044b\u043c \u043f\u043e\u0434\u0430\u0440\u043a\u043e\u043c \u0434\u043b\u044f \u043d\u0430\u0447\u0438\u043d\u0430\u044e\u0449\u0435\u0433\u043e \u043c\u0443\u0437\u044b\u043a\u0430\u043d\u0442\u0430. \u041f\u0440\u0438 \u043d\u0430\u0436\u0430\u0442\u0438\u0438 \u043d\u0430 \u043a\u043d\u043e\u043f\u043e\u0447\u043a\u0438 \u0440\u0435\u0431\u0451\u043d\u043e\u043a \u043f\u043e\u0441\u043b\u0443\u0448\u0430\u0435\u0442 \u0440\u0430\u0437\u043d\u044b\u0435 \u043f\u0440\u0438\u044f\u0442\u043d\u044b\u0435 \u043c\u0435\u043b\u043e\u0434\u0438\u0438 \u0438 \u0433\u043e\u043b\u043e\u0441\u0430 \u0436\u0438\u0432\u043e\u0442\u043d\u044b\u0445, \u0441\u043e\u043f\u0440\u043e\u0432\u043e\u0436\u0434\u0430\u0435\u043c\u044b\u0435 \u043a\u0440\u0430\u0441\u0438\u0432\u043e\u0439 \u043f\u043e\u0434\u0441\u0432\u0435\u0442\u043a\u043e\u0439. \u0418\u0433\u0440\u0443\u0448\u0435\u0447\u043d\u044b\u0439 \u043c\u0438\u043a\u0440\u043e\u0444\u043e\u043d \u0440\u0430\u0437\u0432\u0438\u0432\u0430\u0435\u0442 \u043c\u0443\u0437\u044b\u043a\u0430\u043b\u044c\u043d\u044b\u0439 \u0441\u043b\u0443\u0445, \u0447\u0443\u0432\u0441\u0442\u0432\u043e \u0440\u0438\u0442\u043c\u0430 \u0438 \u0432\u043e\u043e\u0431\u0440\u0430\u0436\u0435\u043d\u0438\u0435. \u0418\u0433\u0440\u0443\u0448\u043a\u0430 \u0440\u0430\u0431\u043e\u0442\u0430\u0435\u0442 \u043e\u0442 3-\u0445 \u0431\u0430\u0442\u0430\u0440\u0435\u0435\u043a \u0442\u0438\u043f\u0430 \u0410\u0410\u0410 \u043d\u0430 1,5 V (\u043d\u0435 \u0432\u0445\u043e\u0434\u044f\u0442 \u0432 \u043a\u043e\u043c\u043f\u043b\u0435\u043a\u0442). \u0414\u043b\u0438\u043d\u0430 \u043c\u0438\u043a\u0440\u043e\u0444\u043e\u043d\u0430 \u0441\u043e\u0441\u0442\u0430\u0432\u043b\u044f\u0435\u0442 17 \u0441\u043c. \u0418\u0437\u0434\u0435\u043b\u0438\u0435 \u0438\u0437\u0433\u043e\u0442\u043e\u0432\u043b\u0435\u043d\u043e \u0438\u0437 \u043f\u043b\u0430\u0441\u0442\u043c\u0430\u0441\u0441\u044b. [&hellip;]<\/p>\n","protected":false},"featured_media":48196,"comment_status":"open","ping_status":"closed","template":"","meta":{"_acf_changed":false},"product_brand":[],"product_cat":[6708],"product_tag":[],"class_list":{"0":"post-48198","1":"product","2":"type-product","3":"status-publish","4":"has-post-thumbnail","6":"product_cat-ru_ru-instrumenty-muzykalny","8":"first","9":"instock","10":"shipping-taxable","11":"purchasable","12":"product-type-simple"},"acf":[],"_links":{"self":[{"href":"https:\/\/minimax.md\/ru\/wp-json\/wp\/v2\/product\/48198","targetHints":{"allow":["GET"]}}],"collection":[{"href":"https:\/\/minimax.md\/ru\/wp-json\/wp\/v2\/product"}],"about":[{"href":"https:\/\/minimax.md\/ru\/wp-json\/wp\/v2\/types\/product"}],"replies":[{"embeddable":true,"href":"https:\/\/minimax.md\/ru\/wp-json\/wp\/v2\/comments?post=48198"}],"version-history":[{"count":0,"href":"https:\/\/minimax.md\/ru\/wp-json\/wp\/v2\/product\/48198\/revisions"}],"wp:featuredmedia":[{"embeddable":true,"href":"https:\/\/minimax.md\/ru\/wp-json\/wp\/v2\/media\/48196"}],"wp:attachment":[{"href":"https:\/\/minimax.md\/ru\/wp-json\/wp\/v2\/media?parent=48198"}],"wp:term":[{"taxonomy":"product_brand","embeddable":true,"href":"https:\/\/minimax.md\/ru\/wp-json\/wp\/v2\/product_brand?post=48198"},{"taxonomy":"product_cat","embeddable":true,"href":"https:\/\/minimax.md\/ru\/wp-json\/wp\/v2\/product_cat?post=48198"},{"taxonomy":"product_tag","embeddable":true,"href":"https:\/\/minimax.md\/ru\/wp-json\/wp\/v2\/product_tag?post=48198"}],"curies":[{"name":"wp","href":"https:\/\/api.w.org\/{rel}","templated":true}]}}