{"id":48200,"date":"2024-01-11T17:22:36","date_gmt":"2024-01-11T14:22:36","guid":{"rendered":"https:\/\/minimax.md\/product\/48200.html"},"modified":"2024-03-13T01:04:10","modified_gmt":"2024-03-12T22:04:10","slug":"ru_ru-1-16-inercionnaja-spectehnika-s-pushechnym-raspylitelem-svet-zvuk-trim-ro_ro-1-16-camion-pulverizator-cu-fric-iune-lumini-sunete","status":"publish","type":"product","link":"https:\/\/minimax.md\/ru\/product\/48200.html","title":{"rendered":"1:16 \u0418\u043d\u0435\u0440\u0446\u0438\u043e\u043d\u043d\u0430\u044f \u0441\u043f\u0435\u0446\u0442\u0435\u0445\u043d\u0438\u043a\u0430 \u0441 \u043f\u0443\u0448\u0435\u0447\u043d\u044b\u043c \u0440\u0430\u0441\u043f\u044b\u043b\u0438\u0442\u0435\u043b\u0435\u043c (\u0441\u0432\u0435\u0442 \/ \u0437\u0432\u0443\u043a)"},"content":{"rendered":"<p>[:ru_RU]\u041c\u0430\u0448\u0438\u043d\u043a\u0430-\u044d\u0442\u043e \u043d\u0435\u0437\u0430\u043c\u0435\u043d\u0438\u043c\u044b\u0439 \u0434\u0440\u0443\u0433 \u0432\u0430\u0448\u0435\u0433\u043e \u0440\u0435\u0431\u0435\u043d\u043a\u0430, \u043a\u043e\u0442\u043e\u0440\u044b\u0439 \u043f\u043e\u043c\u043e\u0436\u0435\u0442 \u0440\u0430\u0437\u0432\u0438\u0442\u044c \u0443\u0441\u0438\u0434\u0447\u0438\u0432\u043e\u0441\u0442\u044c, \u043c\u043e\u0442\u043e\u0440\u0438\u043a\u0443 \u0438 \u043f\u0440\u043e\u0441\u0442\u0440\u0430\u043d\u0441\u0442\u0432\u0435\u043d\u043d\u043e\u0435 \u043c\u044b\u0448\u043b\u0435\u043d\u0438\u0435 \u0443 \u043c\u0430\u043b\u044c\u0447\u0438\u043a\u043e\u0432 \u0438 \u0434\u0435\u0432\u043e\u0447\u0435\u043a!<br \/>\n\u041c\u0430\u0448\u0438\u043d\u0430 \u0432\u044b\u0433\u043b\u044f\u0434\u0438\u0442 \u0440\u0435\u0430\u043b\u0438\u0441\u0442\u0438\u0447\u043d\u043e \u0438 \u043d\u0435\u0432\u0435\u0440\u043e\u044f\u0442\u043d\u043e \u0441\u0442\u0438\u043b\u044c\u043d\u043e \u0438 \u043f\u0440\u0438\u0432\u043b\u0435\u043a\u0430\u0442\u0435\u043b\u044c\u043d\u043e.<\/p>\n<p>\u0425\u0430\u0440\u0430\u043a\u0442\u0435\u0440\u0438\u0441\u0442\u0438\u043a\u0438:<\/p>\n<p> \t\u041c\u0430\u0441\u0448\u0442\u0430\u0431: 1:16.<br \/>\n \t\u0418\u043d\u0435\u0440\u0446\u0438\u043e\u043d\u043d\u044b\u0439 \u043c\u0435\u0445\u0430\u043d\u0438\u0437\u043c.<br \/>\n \t\u041a\u043e\u043b\u0451\u0441\u0430 \u0441 \u0440\u0435\u0437\u0438\u043d\u043e\u0432\u044b\u043c\u0438 \u043f\u043e\u043a\u0440\u044b\u0448\u043a\u0430\u043c\u0438.<br \/>\n \t\u041f\u0443\u0448\u0435\u0447\u043d\u044b\u0439 \u0440\u0430\u0441\u043f\u044b\u043b\u0438\u0442\u0435\u043b\u044c \u043e\u0441\u043d\u0430\u0449\u0435\u043d \u043f\u0430\u0440\u043e\u0433\u0435\u043d\u0435\u0440\u0430\u0442\u043e\u0440\u043e\u043c \u0441 \u043f\u043e\u0434\u0441\u0432\u0435\u0442\u043a\u043e\u0439 \u0438 \u0432\u0440\u0430\u0449\u0430\u0435\u0442\u0441\u044f \u043d\u0430 360 \u0433\u0440\u0430\u0434\u0443\u0441\u043e\u0432, \u043f\u043e\u0434\u043d\u0438\u043c\u0430\u0435\u0442\u0441\u044f \u0438 \u043e\u043f\u0443\u0441\u043a\u0430\u0435\u0442\u0441\u044f.<br \/>\n \t\u041f\u0440\u0438 \u043d\u0430\u0436\u0430\u0442\u0438\u0438 \u043a\u043d\u043e\u043f\u043e\u043a \u043d\u0430 \u043a\u0440\u044b\u0448\u0435, \u0432\u043e\u0441\u043f\u0440\u043e\u0438\u0437\u0432\u043e\u0434\u044f\u0442\u0441\u044f \u0430\u0432\u0442\u043e\u043c\u043e\u0431\u0438\u043b\u044c\u043d\u044b\u0435 \u0437\u0432\u0443\u043a\u0438 \u0438 \u0433\u043e\u0440\u044f\u0442 \u0444\u0430\u0440\u044b.<br \/>\n \t\u0421\u0432\u0435\u0442 \u0438 \u0437\u0432\u0443\u043a \u0440\u0430\u0431\u043e\u0442\u0430\u044e\u0442 \u043e\u0442 3-\u0445 \u0431\u0430\u0442\u0430\u0440\u0435\u0435\u043a \u00abAG13\u00bb (\u0432\u0445\u043e\u0434\u044f\u0442 \u0432 \u043a\u043e\u043c\u043f\u043b\u0435\u043a\u0442 \u0434\u043b\u044f \u0434\u0435\u043c\u043e\u043d\u0441\u0442\u0440\u0430\u0446\u0438\u0438).<br \/>\n \t\u0418\u0437\u0433\u043e\u0442\u043e\u0432\u043b\u0435\u043d\u043e \u0438\u0437 \u0432\u044b\u0441\u043e\u043a\u043e\u043a\u0430\u0447\u0435\u0441\u0442\u0432\u0435\u043d\u043d\u043e\u0433\u043e \u043f\u043b\u0430\u0441\u0442\u0438\u043a\u0430.<\/p>\n<p>&nbsp;<\/p>\n<p>&nbsp;[trim][:ro_RO]Copilul dumneavoastr\u0103 poate s\u0103 se joace \u00een siguran\u021b\u0103, pun\u00e2nd imagina\u021bia \u00een lucru \u0219i s\u0103 fie un \u0219ofer al vehiculului de serviciu urban cu tun de ap\u0103. Formele speciale \u0219i culorile vii \u00eencurajeaz\u0103 copilul s\u0103 exerseze \u0219i s\u0103 se joace, stimul\u00e2nd astfel dezvoltarea individual\u0103. Execu\u021bia robust\u0103 \u0219i culorile vibrante vor atrage cu siguran\u021b\u0103 aten\u021bia \u0219i curiozitatea oric\u0103rui copil.<\/p>\n<p>Camionul, cu sunete \u0219i lumini are urmatoarele caracteristici: emite sunete \u0219i lumini de aten\u021bionare, la fel ca o ma\u0219in\u0103 adevarat\u0103 din domeniul serviciului urban. Sunetele specifice pot fi ac\u021bionate prin 4 butoane plasate deasupra cabinei. Ro\u021bile sunt de cauciuc. Fabricat din material plastic de \u00eenalt\u0103 calitate. Ma\u0219ina este construit\u0103 la o scara de 1:16. Ma\u0219inu\u021ba este dotat\u0103 cu motor cu fric\u021biune, astfel, ea va fi \u00eempins\u0103 pu\u021bin \u0219i datorit\u0103 fric\u021biunii ea se va deplasa o mare distan\u021b\u0103 pe direc\u021bia \u00eenainte. Tunul de ap\u0103 se rote\u0219te la 360 de grade, se ridic\u0103 \u0219i se coboar\u0103, elibereaz\u0103 un jet de abur cu iluminare.<\/p>\n<p>Juc\u0103ria este alimentat\u0103 de bate<\/p>\n","protected":false},"excerpt":{"rendered":"<p>[:ru_RU]\u041c\u0430\u0448\u0438\u043d\u043a\u0430-\u044d\u0442\u043e \u043d\u0435\u0437\u0430\u043c\u0435\u043d\u0438\u043c\u044b\u0439 \u0434\u0440\u0443\u0433 \u0432\u0430\u0448\u0435\u0433\u043e \u0440\u0435\u0431\u0435\u043d\u043a\u0430, \u043a\u043e\u0442\u043e\u0440\u044b\u0439 \u043f\u043e\u043c\u043e\u0436\u0435\u0442 \u0440\u0430\u0437\u0432\u0438\u0442\u044c \u0443\u0441\u0438\u0434\u0447\u0438\u0432\u043e\u0441\u0442\u044c, \u043c\u043e\u0442\u043e\u0440\u0438\u043a\u0443 \u0438 \u043f\u0440\u043e\u0441\u0442\u0440\u0430\u043d\u0441\u0442\u0432\u0435\u043d\u043d\u043e\u0435 \u043c\u044b\u0448\u043b\u0435\u043d\u0438\u0435 \u0443 \u043c\u0430\u043b\u044c\u0447\u0438\u043a\u043e\u0432 \u0438 \u0434\u0435\u0432\u043e\u0447\u0435\u043a! \u041c\u0430\u0448\u0438\u043d\u0430 \u0432\u044b\u0433\u043b\u044f\u0434\u0438\u0442 \u0440\u0435\u0430\u043b\u0438\u0441\u0442\u0438\u0447\u043d\u043e \u0438 \u043d\u0435\u0432\u0435\u0440\u043e\u044f\u0442\u043d\u043e \u0441\u0442\u0438\u043b\u044c\u043d\u043e \u0438 \u043f\u0440\u0438\u0432\u043b\u0435\u043a\u0430\u0442\u0435\u043b\u044c\u043d\u043e. \u0425\u0430\u0440\u0430\u043a\u0442\u0435\u0440\u0438\u0441\u0442\u0438\u043a\u0438: \u041c\u0430\u0441\u0448\u0442\u0430\u0431: 1:16. \u0418\u043d\u0435\u0440\u0446\u0438\u043e\u043d\u043d\u044b\u0439 \u043c\u0435\u0445\u0430\u043d\u0438\u0437\u043c. \u041a\u043e\u043b\u0451\u0441\u0430 \u0441 \u0440\u0435\u0437\u0438\u043d\u043e\u0432\u044b\u043c\u0438 \u043f\u043e\u043a\u0440\u044b\u0448\u043a\u0430\u043c\u0438. \u041f\u0443\u0448\u0435\u0447\u043d\u044b\u0439 \u0440\u0430\u0441\u043f\u044b\u043b\u0438\u0442\u0435\u043b\u044c \u043e\u0441\u043d\u0430\u0449\u0435\u043d \u043f\u0430\u0440\u043e\u0433\u0435\u043d\u0435\u0440\u0430\u0442\u043e\u0440\u043e\u043c \u0441 \u043f\u043e\u0434\u0441\u0432\u0435\u0442\u043a\u043e\u0439 \u0438 \u0432\u0440\u0430\u0449\u0430\u0435\u0442\u0441\u044f \u043d\u0430 360 \u0433\u0440\u0430\u0434\u0443\u0441\u043e\u0432, \u043f\u043e\u0434\u043d\u0438\u043c\u0430\u0435\u0442\u0441\u044f \u0438 \u043e\u043f\u0443\u0441\u043a\u0430\u0435\u0442\u0441\u044f. \u041f\u0440\u0438 \u043d\u0430\u0436\u0430\u0442\u0438\u0438 \u043a\u043d\u043e\u043f\u043e\u043a \u043d\u0430 \u043a\u0440\u044b\u0448\u0435, \u0432\u043e\u0441\u043f\u0440\u043e\u0438\u0437\u0432\u043e\u0434\u044f\u0442\u0441\u044f \u0430\u0432\u0442\u043e\u043c\u043e\u0431\u0438\u043b\u044c\u043d\u044b\u0435 [&hellip;]<\/p>\n","protected":false},"featured_media":48199,"comment_status":"open","ping_status":"closed","template":"","meta":{"_acf_changed":false},"product_brand":[],"product_cat":[6726],"product_tag":[],"class_list":{"0":"post-48200","1":"product","2":"type-product","3":"status-publish","4":"has-post-thumbnail","6":"product_cat-ru_ru-mashinki-trim-ro_ro-m","8":"first","9":"instock","10":"shipping-taxable","11":"purchasable","12":"product-type-simple"},"acf":[],"_links":{"self":[{"href":"https:\/\/minimax.md\/ru\/wp-json\/wp\/v2\/product\/48200","targetHints":{"allow":["GET"]}}],"collection":[{"href":"https:\/\/minimax.md\/ru\/wp-json\/wp\/v2\/product"}],"about":[{"href":"https:\/\/minimax.md\/ru\/wp-json\/wp\/v2\/types\/product"}],"replies":[{"embeddable":true,"href":"https:\/\/minimax.md\/ru\/wp-json\/wp\/v2\/comments?post=48200"}],"version-history":[{"count":0,"href":"https:\/\/minimax.md\/ru\/wp-json\/wp\/v2\/product\/48200\/revisions"}],"wp:featuredmedia":[{"embeddable":true,"href":"https:\/\/minimax.md\/ru\/wp-json\/wp\/v2\/media\/48199"}],"wp:attachment":[{"href":"https:\/\/minimax.md\/ru\/wp-json\/wp\/v2\/media?parent=48200"}],"wp:term":[{"taxonomy":"product_brand","embeddable":true,"href":"https:\/\/minimax.md\/ru\/wp-json\/wp\/v2\/product_brand?post=48200"},{"taxonomy":"product_cat","embeddable":true,"href":"https:\/\/minimax.md\/ru\/wp-json\/wp\/v2\/product_cat?post=48200"},{"taxonomy":"product_tag","embeddable":true,"href":"https:\/\/minimax.md\/ru\/wp-json\/wp\/v2\/product_tag?post=48200"}],"curies":[{"name":"wp","href":"https:\/\/api.w.org\/{rel}","templated":true}]}}