{"id":48336,"date":"2024-01-16T22:04:33","date_gmt":"2024-01-16T19:04:33","guid":{"rendered":"https:\/\/minimax.md\/product\/48336.html"},"modified":"2024-03-13T01:03:58","modified_gmt":"2024-03-12T22:03:58","slug":"ru_ru-malenkie-bukvy-trim-ro_ro-litere-mici","status":"publish","type":"product","link":"https:\/\/minimax.md\/ru\/product\/48336.html","title":{"rendered":"O\u043f\u0440\u0435\u0434\u0435\u043b\u0438\u0442\u0435 \u0438 \u043d\u0430\u043f\u0438\u0448\u0438\u0442\u0435 \u0441\u0442\u0440\u043e\u0447\u043d\u044b\u0435 \u0431\u0443\u043a\u0432\u044b"},"content":{"rendered":"<p>[:ru_RU]\u0421\u043e\u0434\u0435\u0440\u0436\u0430\u043d\u0438\u0435:<br \/>\n\u0420\u0438\u0441\u043e\u0432\u0430\u0442\u044c \u0431\u0443\u043a\u0432\u044b \u043f\u043e \u0441\u0442\u0440\u0435\u043b\u043a\u0430\u043c \u0438 \u0446\u0438\u0444\u0440\u0430\u043c<br \/>\n\u041f\u0440\u043e\u0439\u0442\u0438&#8221;\u043b\u0430\u0431\u0438\u0440\u0438\u043d\u0442&#8221;<br \/>\n\u0420\u0438\u0441\u043e\u0432\u0430\u0442\u044c \u0438 \u043f\u0438\u0441\u0430\u0442\u044c \u043e\u0442 \u0440\u0443\u043a\u0438 \u0431\u0443\u043a\u0432\u044b \u043e\u0442 &#8220;\u0410 \u0434\u043e \u0417&#8221;<\/p>\n<p> \u0411\u043b\u043e\u043a\u043d\u043e\u0442 \u0441\u043e\u0441\u0442\u043e\u0438\u0442 \u0438\u0437 33 \u0441\u0442\u0440\u0430\u043d\u0438\u0446[trim][:ro_RO]Con\u021binut:<br \/>\n1. Literele mici de la &#8220;a la z&#8221; &#8211; inclusiv diacritice<br \/>\n2. S\u0103 traseze literele dup\u0103 s\u0103ge\u021bi \u0219i cifre<br \/>\n2. S\u0103 treac\u0103 &#8220;Labirintul&#8221;<br \/>\n3. S\u0103 identifice \u0219i coloreze literele mici dup\u0103 indica\u021bii<br \/>\n4. S\u0103 traseze \u0219i s\u0103 scrie de m\u00e2n\u0103 literele de la &#8220;a la z&#8221;<\/p>\n<p> Caietul are 33 de pagini<\/p>\n","protected":false},"excerpt":{"rendered":"<p>[:ru_RU]\u0421\u043e\u0434\u0435\u0440\u0436\u0430\u043d\u0438\u0435: \u0420\u0438\u0441\u043e\u0432\u0430\u0442\u044c \u0431\u0443\u043a\u0432\u044b \u043f\u043e \u0441\u0442\u0440\u0435\u043b\u043a\u0430\u043c \u0438 \u0446\u0438\u0444\u0440\u0430\u043c \u041f\u0440\u043e\u0439\u0442\u0438&#8221;\u043b\u0430\u0431\u0438\u0440\u0438\u043d\u0442&#8221; \u0420\u0438\u0441\u043e\u0432\u0430\u0442\u044c \u0438 \u043f\u0438\u0441\u0430\u0442\u044c \u043e\u0442 \u0440\u0443\u043a\u0438 \u0431\u0443\u043a\u0432\u044b \u043e\u0442 &#8220;\u0410 \u0434\u043e \u0417&#8221; \u0411\u043b\u043e\u043a\u043d\u043e\u0442 \u0441\u043e\u0441\u0442\u043e\u0438\u0442 \u0438\u0437 33 \u0441\u0442\u0440\u0430\u043d\u0438\u0446[trim][:ro_RO]Con\u021binut: 1. Literele mici de la &#8220;a la z&#8221; &#8211; inclusiv diacritice 2. S\u0103 traseze literele dup\u0103 s\u0103ge\u021bi \u0219i cifre 2. S\u0103 treac\u0103 &#8220;Labirintul&#8221; 3. S\u0103 identifice \u0219i coloreze literele mici dup\u0103 indica\u021bii [&hellip;]<\/p>\n","protected":false},"featured_media":48335,"comment_status":"open","ping_status":"closed","template":"","meta":{"_acf_changed":false},"product_brand":[],"product_cat":[6830],"product_tag":[],"class_list":{"0":"post-48336","1":"product","2":"type-product","3":"status-publish","4":"has-post-thumbnail","6":"product_cat-ru_ru-alfavit-trim-ro_ro-al","8":"first","9":"instock","10":"downloadable","11":"virtual","12":"purchasable","13":"product-type-simple"},"acf":[],"_links":{"self":[{"href":"https:\/\/minimax.md\/ru\/wp-json\/wp\/v2\/product\/48336","targetHints":{"allow":["GET"]}}],"collection":[{"href":"https:\/\/minimax.md\/ru\/wp-json\/wp\/v2\/product"}],"about":[{"href":"https:\/\/minimax.md\/ru\/wp-json\/wp\/v2\/types\/product"}],"replies":[{"embeddable":true,"href":"https:\/\/minimax.md\/ru\/wp-json\/wp\/v2\/comments?post=48336"}],"version-history":[{"count":0,"href":"https:\/\/minimax.md\/ru\/wp-json\/wp\/v2\/product\/48336\/revisions"}],"wp:featuredmedia":[{"embeddable":true,"href":"https:\/\/minimax.md\/ru\/wp-json\/wp\/v2\/media\/48335"}],"wp:attachment":[{"href":"https:\/\/minimax.md\/ru\/wp-json\/wp\/v2\/media?parent=48336"}],"wp:term":[{"taxonomy":"product_brand","embeddable":true,"href":"https:\/\/minimax.md\/ru\/wp-json\/wp\/v2\/product_brand?post=48336"},{"taxonomy":"product_cat","embeddable":true,"href":"https:\/\/minimax.md\/ru\/wp-json\/wp\/v2\/product_cat?post=48336"},{"taxonomy":"product_tag","embeddable":true,"href":"https:\/\/minimax.md\/ru\/wp-json\/wp\/v2\/product_tag?post=48336"}],"curies":[{"name":"wp","href":"https:\/\/api.w.org\/{rel}","templated":true}]}}