{"id":48340,"date":"2024-01-16T23:18:42","date_gmt":"2024-01-16T20:18:42","guid":{"rendered":"https:\/\/minimax.md\/product\/48340.html"},"modified":"2024-03-13T01:03:58","modified_gmt":"2024-03-12T22:03:58","slug":"ru_ru-alfavit-trim-ro_ro-alfabet","status":"publish","type":"product","link":"https:\/\/minimax.md\/ru\/product\/48340.html","title":{"rendered":"\u0410\u043b\u0444\u0430\u0432\u0438\u0442"},"content":{"rendered":"<p>[:ru_RU]\u0421\u043e\u0434\u0435\u0440\u0436\u0430\u043d\u0438\u0435:<br \/>\n\u041c\u0430\u043b\u0435\u043d\u044c\u043a\u0438\u0435 \u0431\u0443\u043a\u0432\u044b \u043e\u0442 &#8220;\u0430&#8221; \u0434\u043e &#8220;\u044f&#8221; &#8211; \u0432\u043a\u043b\u044e\u0447\u0430\u044f \u0434\u0438\u0430\u043a\u0440\u0438\u0442\u0438\u0447\u0435\u0441\u043a\u0438\u0435 \u0437\u043d\u0430\u043a\u0438<br \/>\n\u041d\u0430\u0440\u0438\u0441\u043e\u0432\u0430\u0442\u044c \u0431\u0443\u043a\u0432\u044b \u043f\u043e \u0441\u0442\u0440\u0435\u043b\u043a\u0430\u043c \u0438 \u0446\u0438\u0444\u0440\u044b<br \/>\n\u041f\u0440\u043e\u0439\u0442\u0438 &#8220;\u041b\u0430\u0431\u0438\u0440\u0438\u043d\u0442&#8221;<br \/>\n\u0418\u0434\u0435\u043d\u0442\u0438\u0444\u0438\u0446\u0438\u0440\u043e\u0432\u0430\u0442\u044c \u0438 \u0440\u0430\u0441\u043a\u0440\u0430\u0441\u0438\u0442\u044c \u043c\u0430\u043b\u0435\u043d\u044c\u043a\u0438\u0435 \u0431\u0443\u043a\u0432\u044b \u0441\u043e\u0433\u043b\u0430\u0441\u043d\u043e \u0443\u043a\u0430\u0437\u0430\u043d\u0438\u044f\u043c<br \/>\n\u041d\u0430\u0440\u0438\u0441\u043e\u0432\u0430\u0442\u044c \u043e\u0442 \u0440\u0443\u043a\u0438 \u0431\u0443\u043a\u0432\u044b \u043e\u0442 &#8220;\u0430&#8221; \u0434\u043e &#8220;\u044f&#8221;<br \/>\n \u0422\u0435\u0442\u0440\u0430\u0434\u044c \u0441\u043e\u0434\u0435\u0440\u0436\u0438\u0442 33 \u0441\u0442\u0440\u0430\u043d\u0438\u0446\u044b<br \/>\n\u041b\u0430\u043c\u0438\u043d\u0438\u0440\u043e\u0432\u0430\u043d\u043d\u0430\u044f \u0438 \u043e\u0431\u0440\u0430\u0431\u043e\u0442\u0430\u043d\u0430 \u0441 \u043e\u0431\u0435\u0438\u0445 \u0441\u0442\u043e\u0440\u043e\u043d<br \/>\n\u0422\u0435\u0442\u0440\u0430\u0434\u044c \u043c\u043d\u043e\u0433\u043e\u0440\u0430\u0437\u043e\u0432\u043e\u0433\u043e \u0438\u0441\u043f\u043e\u043b\u044c\u0437\u043e\u0432\u0430\u043d\u0438\u044f, \u043f\u0438\u0441\u0430\u0442\u044c \u043c\u043e\u0436\u043d\u043e \u043c\u0430\u0440\u043a\u0435\u0440\u043e\u043c, \u0430 \u0437\u0430\u0442\u0435\u043c \u043b\u0435\u0433\u043a\u043e \u0441\u0442\u0435\u0440\u0435\u0442\u044c!<\/p>\n<p> \u0412 \u043a\u043e\u043c\u043f\u043b\u0435\u043a\u0442 \u0432\u0445\u043e\u0434\u0438\u0442 &#8211; \u043c\u0430\u0440\u043a\u0435\u0440 \u0434\u043b\u044f \u043d\u0430\u043f\u0438\u0441\u0430\u043d\u0438\u044f[trim][:ro_RO]Con\u021binut:<br \/>\n1. Literele mici de la &#8220;a la z&#8221; &#8211; inclusiv diacritice<br \/>\n2. S\u0103 traseze literele dup\u0103 s\u0103ge\u021bi \u0219i cifre<br \/>\n2. S\u0103 treac\u0103 &#8220;Labirintul&#8221;<br \/>\n3. S\u0103 identifice \u0219i coloreze literele mici dup\u0103 indica\u021bii<br \/>\n4. S\u0103 traseze \u0219i s\u0103 scrie de m\u00e2n\u0103 literele de la &#8220;a la z&#8221;<\/p>\n<p> Caietul are 33 de pagini<br \/>\nLaminate \u0219i lucrative pe ambele p\u0103r\u021bi<br \/>\nCaietul este refolosibil, \u00een care se scrie cu carioca \u0219i dup\u0103 acesta pute\u021bi \u0219terge cu u\u0219urin\u021b\u0103!<\/p>\n<p>Setul con\u021bine &#8211; o carioc\u0103 pentru scriere<\/p>\n","protected":false},"excerpt":{"rendered":"<p>[:ru_RU]\u0421\u043e\u0434\u0435\u0440\u0436\u0430\u043d\u0438\u0435: \u041c\u0430\u043b\u0435\u043d\u044c\u043a\u0438\u0435 \u0431\u0443\u043a\u0432\u044b \u043e\u0442 &#8220;\u0430&#8221; \u0434\u043e &#8220;\u044f&#8221; &#8211; \u0432\u043a\u043b\u044e\u0447\u0430\u044f \u0434\u0438\u0430\u043a\u0440\u0438\u0442\u0438\u0447\u0435\u0441\u043a\u0438\u0435 \u0437\u043d\u0430\u043a\u0438 \u041d\u0430\u0440\u0438\u0441\u043e\u0432\u0430\u0442\u044c \u0431\u0443\u043a\u0432\u044b \u043f\u043e \u0441\u0442\u0440\u0435\u043b\u043a\u0430\u043c \u0438 \u0446\u0438\u0444\u0440\u044b \u041f\u0440\u043e\u0439\u0442\u0438 &#8220;\u041b\u0430\u0431\u0438\u0440\u0438\u043d\u0442&#8221; \u0418\u0434\u0435\u043d\u0442\u0438\u0444\u0438\u0446\u0438\u0440\u043e\u0432\u0430\u0442\u044c \u0438 \u0440\u0430\u0441\u043a\u0440\u0430\u0441\u0438\u0442\u044c \u043c\u0430\u043b\u0435\u043d\u044c\u043a\u0438\u0435 \u0431\u0443\u043a\u0432\u044b \u0441\u043e\u0433\u043b\u0430\u0441\u043d\u043e \u0443\u043a\u0430\u0437\u0430\u043d\u0438\u044f\u043c \u041d\u0430\u0440\u0438\u0441\u043e\u0432\u0430\u0442\u044c \u043e\u0442 \u0440\u0443\u043a\u0438 \u0431\u0443\u043a\u0432\u044b \u043e\u0442 &#8220;\u0430&#8221; \u0434\u043e &#8220;\u044f&#8221; \u0422\u0435\u0442\u0440\u0430\u0434\u044c \u0441\u043e\u0434\u0435\u0440\u0436\u0438\u0442 33 \u0441\u0442\u0440\u0430\u043d\u0438\u0446\u044b \u041b\u0430\u043c\u0438\u043d\u0438\u0440\u043e\u0432\u0430\u043d\u043d\u0430\u044f \u0438 \u043e\u0431\u0440\u0430\u0431\u043e\u0442\u0430\u043d\u0430 \u0441 \u043e\u0431\u0435\u0438\u0445 \u0441\u0442\u043e\u0440\u043e\u043d \u0422\u0435\u0442\u0440\u0430\u0434\u044c \u043c\u043d\u043e\u0433\u043e\u0440\u0430\u0437\u043e\u0432\u043e\u0433\u043e \u0438\u0441\u043f\u043e\u043b\u044c\u0437\u043e\u0432\u0430\u043d\u0438\u044f, \u043f\u0438\u0441\u0430\u0442\u044c \u043c\u043e\u0436\u043d\u043e \u043c\u0430\u0440\u043a\u0435\u0440\u043e\u043c, \u0430 \u0437\u0430\u0442\u0435\u043c \u043b\u0435\u0433\u043a\u043e \u0441\u0442\u0435\u0440\u0435\u0442\u044c! \u0412 [&hellip;]<\/p>\n","protected":false},"featured_media":48339,"comment_status":"open","ping_status":"closed","template":"","meta":{"_acf_changed":false},"product_brand":[],"product_cat":[6830],"product_tag":[],"class_list":{"0":"post-48340","1":"product","2":"type-product","3":"status-publish","4":"has-post-thumbnail","6":"product_cat-ru_ru-alfavit-trim-ro_ro-al","8":"first","9":"outofstock","10":"downloadable","11":"virtual","12":"purchasable","13":"product-type-simple"},"acf":[],"_links":{"self":[{"href":"https:\/\/minimax.md\/ru\/wp-json\/wp\/v2\/product\/48340","targetHints":{"allow":["GET"]}}],"collection":[{"href":"https:\/\/minimax.md\/ru\/wp-json\/wp\/v2\/product"}],"about":[{"href":"https:\/\/minimax.md\/ru\/wp-json\/wp\/v2\/types\/product"}],"replies":[{"embeddable":true,"href":"https:\/\/minimax.md\/ru\/wp-json\/wp\/v2\/comments?post=48340"}],"version-history":[{"count":0,"href":"https:\/\/minimax.md\/ru\/wp-json\/wp\/v2\/product\/48340\/revisions"}],"wp:featuredmedia":[{"embeddable":true,"href":"https:\/\/minimax.md\/ru\/wp-json\/wp\/v2\/media\/48339"}],"wp:attachment":[{"href":"https:\/\/minimax.md\/ru\/wp-json\/wp\/v2\/media?parent=48340"}],"wp:term":[{"taxonomy":"product_brand","embeddable":true,"href":"https:\/\/minimax.md\/ru\/wp-json\/wp\/v2\/product_brand?post=48340"},{"taxonomy":"product_cat","embeddable":true,"href":"https:\/\/minimax.md\/ru\/wp-json\/wp\/v2\/product_cat?post=48340"},{"taxonomy":"product_tag","embeddable":true,"href":"https:\/\/minimax.md\/ru\/wp-json\/wp\/v2\/product_tag?post=48340"}],"curies":[{"name":"wp","href":"https:\/\/api.w.org\/{rel}","templated":true}]}}