{"id":48522,"date":"2024-01-23T09:03:07","date_gmt":"2024-01-23T06:03:07","guid":{"rendered":"https:\/\/minimax.md\/product\/48522.html"},"modified":"2024-03-13T01:04:38","modified_gmt":"2024-03-12T22:04:38","slug":"ru_ru-konstruktor-56-jelem-zheleznaja-doroga-master-1-trim-ro_ro-constructor-56-elem-calea-ferat-maestru-1","status":"publish","type":"product","link":"https:\/\/minimax.md\/ru\/product\/48522.html","title":{"rendered":"\u041a\u043e\u043d\u0441\u0442\u0440\u0443\u043a\u0442\u043e\u0440 56 \u044d\u043b\u0435\u043c. \"\u0416\u0435\u043b\u0435\u0437\u043d\u0430\u044f \u0434\u043e\u0440\u043e\u0433\u0430 \u041c\u0430\u0441\u0442\u0435\u0440 1\""},"content":{"rendered":"<p>[:ru_RU]\u041a\u043e\u043d\u0441\u0442\u0440\u0443\u043a\u0442\u043e\u0440 \u0416\u0435\u043b\u0435\u0437\u043d\u0430\u044f \u0434\u043e\u0440\u043e\u0433\u0430, \u043f\u043e\u0433\u0440\u0443\u0437\u0438\u0442 \u0440\u0435\u0431\u0435\u043d\u043a\u0430 \u0432 \u0438\u043d\u0442\u0435\u0440\u0435\u0441\u043d\u044b\u0439 \u0438 \u0443\u0432\u043b\u0435\u043a\u0430\u0442\u0435\u043b\u044c\u043d\u044b\u0439 \u043c\u0438\u0440 \u0436\u0435\u043b\u0435\u0437\u043d\u043e\u0434\u043e\u0440\u043e\u0436\u043d\u043e\u0433\u043e \u0442\u0440\u0430\u043d\u0441\u043f\u043e\u0440\u0442\u0430.<\/p>\n<p>&#8220;\u0416\u0435\u043b\u0435\u0437\u043d\u0430\u044f \u0434\u043e\u0440\u043e\u0433\u0430 \u041c\u0430\u0441\u0442\u0435\u0440 1&#8221; :<\/p>\n<p> \t\u0421\u043e\u0441\u0442\u043e\u0438\u0442 \u0438\u0437 56 \u044d\u043b\u0435\u043c\u0435\u043d\u0442\u043e\u0432.<br \/>\n \t\u0411\u043b\u043e\u043a\u0438 \u043b\u0435\u0433\u043a\u043e \u0441\u043e\u0435\u0434\u0438\u043d\u044f\u044e\u0442\u0441\u044f \u043c\u0435\u0436\u0434\u0443 \u0441\u043e\u0431\u043e\u0439 \u0441 \u043f\u043e\u043c\u043e\u0449\u044c\u044e \u0443\u0434\u043e\u0431\u043d\u044b\u0445 \u043a\u0440\u0435\u043f\u043b\u0435\u043d\u0438\u0439.<br \/>\n \t\u0413\u043b\u0430\u0434\u043a\u0438\u0435 \u0440\u0430\u0437\u043d\u043e\u0446\u0432\u0435\u0442\u043d\u044b\u0435 \u0434\u0435\u0442\u0430\u043b\u0438 \u044f\u0440\u043a\u0438\u0445 \u0438 \u043d\u0430\u0441\u044b\u0449\u0435\u043d\u043d\u044b\u0435 \u0446\u0432\u0435\u0442\u0430.<br \/>\n \t\u0412 \u043a\u0430\u0436\u0434\u043e\u043c \u043a\u043e\u043c\u043f\u043b\u0435\u043a\u0442\u0435 \u0435\u0441\u0442\u044c \u0434\u0435\u0440\u0435\u0432\u044c\u044f, \u043e\u043a\u043d\u0430, \u0434\u0432\u0435\u0440\u0438, \u0437\u0430\u0431\u043e\u0440 \u0438 \u0437\u043d\u0430\u043a\u0438 \u0434\u043e\u0440\u043e\u0436\u043d\u043e\u0433\u043e \u0434\u0432\u0438\u0436\u0435\u043d\u0438\u044f.<br \/>\n \t\u0412 \u043d\u0430\u0431\u043e\u0440\u0435 \u044d\u043b\u0435\u043c\u0435\u043d\u0442\u044b \u0440\u0430\u0437\u043d\u044b\u0445 \u0440\u0430\u0437\u043c\u0435\u0440\u043e\u0432 \u0438 \u0444\u043e\u0440\u043c.<br \/>\n \t\u0414\u043b\u0438\u043d\u0430 \u0436\u0435\u043b\u0435\u0437\u043d\u043e\u0439 \u0434\u043e\u0440\u043e\u0433\u0438 1,3 \u043c\u0435\u0442\u0440\u0430.<br \/>\n \t\u0423\u0434\u043e\u0431\u043d\u0430\u044f \u0443\u043f\u0430\u043a\u043e\u0432\u043a\u0430.<\/p>\n<p>\u0418\u0433\u0440\u0430 \u0441 \u043a\u043e\u043d\u0441\u0442\u0440\u0443\u043a\u0442\u043e\u0440\u043e\u043c \u0441\u043f\u043e\u0441\u043e\u0431\u0441\u0442\u0432\u0443\u0435\u0442 \u0440\u0430\u0437\u0432\u0438\u0442\u0438\u044e \u0432\u043e\u043e\u0431\u0440\u0430\u0436\u0435\u043d\u0438\u044f, \u043a\u043e\u043e\u0440\u0434\u0438\u043d\u0430\u0446\u0438\u0438 \u0434\u0432\u0438\u0436\u0435\u043d\u0438\u0439, \u043c\u0435\u043b\u043a\u043e\u0439 \u043c\u043e\u0442\u043e\u0440\u0438\u043a\u0435, \u043b\u043e\u0433\u0438\u0447\u0435\u0441\u043a\u043e\u043c\u0443 \u043c\u044b\u0448\u043b\u0435\u043d\u0438\u044e \u0438 \u0444\u0430\u043d\u0442\u0430\u0437\u0438\u0438.<\/p>\n<p>\u0412\u0441\u0435 \u0438\u0433\u0440\u0443\u0448\u043a\u0438 \u0422\u041c \u00ab\u041c\u0430\u043a\u0441\u0438\u043c\u0443\u0441\u00bb \u0438\u0437\u0433\u043e\u0442\u043e\u0432\u043b\u0435\u043d\u044b \u0438\u0437 \u0441\u0435\u0440\u0442\u0438\u0444\u0438\u0446\u0438\u0440\u043e\u0432\u0430\u043d\u043d\u043e\u0433\u043e \u0432\u044b\u0441\u043e\u043a\u043e\u043a\u0430\u0447\u0435\u0441\u0442\u0432\u0435\u043d\u043d\u043e\u0433\u043e \u043f\u043b\u0430\u0441\u0442\u0438\u043a\u0430 \u0438 \u0431\u0435\u0437\u043e\u043f\u0430\u0441\u043d\u044b\u0445 \u043f\u0438\u0449\u0435\u0432\u044b\u0445 \u043a\u0440\u0430\u0441\u0438\u0442\u0435\u043b\u0435\u0439.[trim][:ro_RO]<strong>Constructorul &#8220;Calea ferat\u0103 Maestru 1&#8221; va cufunda copilul \u00een lumea interesant\u0103 \u0219i fascinant\u0103 a transportului feroviar.<\/strong><\/p>\n<p>&#8220;Calea ferat\u0103 Maestru 1&#8221;:<\/p>\n<ul>\n<li>Const\u0103 din 56 de elemente.<\/li>\n<li>Blocurile se unesc u\u0219or \u00eentre ele.<\/li>\n<li>Detalii netede, multicolore, \u00een culori str\u0103lucitoare \u0219i bogate.<\/li>\n<li>Fiecare set con\u021bine copaci, ferestre, u\u0219i, un gard \u0219i semne de circula\u021bie.<\/li>\n<li>Setul contine elemente de diferite marimi si forme.<\/li>\n<li>Lungimea c\u0103ii ferate este de 1,3 metri.<\/li>\n<li>Ambalaj comod.<\/li>\n<\/ul>\n<p><strong>Jocul cu seturile de construc\u021bie contribuie la dezvoltarea imagina\u021biei, coordonarea mi\u0219c\u0103rilor, motricitatea fin\u0103, g\u00e2ndirea logic\u0103 \u0219i fantezia.<\/strong><\/p>\n<p><em>Toate juc\u0103riile TM \u201eMaximus\u201d sunt fabricate din plastic certificat de \u00eenalt\u0103 calitate \u0219i coloran\u021bi alimentari siguri.<\/em><\/p>\n","protected":false},"excerpt":{"rendered":"<p>[:ru_RU]\u041a\u043e\u043d\u0441\u0442\u0440\u0443\u043a\u0442\u043e\u0440 \u0416\u0435\u043b\u0435\u0437\u043d\u0430\u044f \u0434\u043e\u0440\u043e\u0433\u0430, \u043f\u043e\u0433\u0440\u0443\u0437\u0438\u0442 \u0440\u0435\u0431\u0435\u043d\u043a\u0430 \u0432 \u0438\u043d\u0442\u0435\u0440\u0435\u0441\u043d\u044b\u0439 \u0438 \u0443\u0432\u043b\u0435\u043a\u0430\u0442\u0435\u043b\u044c\u043d\u044b\u0439 \u043c\u0438\u0440 \u0436\u0435\u043b\u0435\u0437\u043d\u043e\u0434\u043e\u0440\u043e\u0436\u043d\u043e\u0433\u043e \u0442\u0440\u0430\u043d\u0441\u043f\u043e\u0440\u0442\u0430. &#8220;\u0416\u0435\u043b\u0435\u0437\u043d\u0430\u044f \u0434\u043e\u0440\u043e\u0433\u0430 \u041c\u0430\u0441\u0442\u0435\u0440 1&#8221; : \u0421\u043e\u0441\u0442\u043e\u0438\u0442 \u0438\u0437 56 \u044d\u043b\u0435\u043c\u0435\u043d\u0442\u043e\u0432. \u0411\u043b\u043e\u043a\u0438 \u043b\u0435\u0433\u043a\u043e \u0441\u043e\u0435\u0434\u0438\u043d\u044f\u044e\u0442\u0441\u044f \u043c\u0435\u0436\u0434\u0443 \u0441\u043e\u0431\u043e\u0439 \u0441 \u043f\u043e\u043c\u043e\u0449\u044c\u044e \u0443\u0434\u043e\u0431\u043d\u044b\u0445 \u043a\u0440\u0435\u043f\u043b\u0435\u043d\u0438\u0439. \u0413\u043b\u0430\u0434\u043a\u0438\u0435 \u0440\u0430\u0437\u043d\u043e\u0446\u0432\u0435\u0442\u043d\u044b\u0435 \u0434\u0435\u0442\u0430\u043b\u0438 \u044f\u0440\u043a\u0438\u0445 \u0438 \u043d\u0430\u0441\u044b\u0449\u0435\u043d\u043d\u044b\u0435 \u0446\u0432\u0435\u0442\u0430. \u0412 \u043a\u0430\u0436\u0434\u043e\u043c \u043a\u043e\u043c\u043f\u043b\u0435\u043a\u0442\u0435 \u0435\u0441\u0442\u044c \u0434\u0435\u0440\u0435\u0432\u044c\u044f, \u043e\u043a\u043d\u0430, \u0434\u0432\u0435\u0440\u0438, \u0437\u0430\u0431\u043e\u0440 \u0438 \u0437\u043d\u0430\u043a\u0438 \u0434\u043e\u0440\u043e\u0436\u043d\u043e\u0433\u043e \u0434\u0432\u0438\u0436\u0435\u043d\u0438\u044f. \u0412 \u043d\u0430\u0431\u043e\u0440\u0435 \u044d\u043b\u0435\u043c\u0435\u043d\u0442\u044b \u0440\u0430\u0437\u043d\u044b\u0445 \u0440\u0430\u0437\u043c\u0435\u0440\u043e\u0432 \u0438 [&hellip;]<\/p>\n","protected":false},"featured_media":48520,"comment_status":"open","ping_status":"closed","template":"","meta":{"_acf_changed":false},"product_brand":[],"product_cat":[6711],"product_tag":[],"class_list":{"0":"post-48522","1":"product","2":"type-product","3":"status-publish","4":"has-post-thumbnail","6":"product_cat-ru_ru-konstruktory-trim-ro_","8":"first","9":"instock","10":"shipping-taxable","11":"purchasable","12":"product-type-simple"},"acf":[],"_links":{"self":[{"href":"https:\/\/minimax.md\/ru\/wp-json\/wp\/v2\/product\/48522","targetHints":{"allow":["GET"]}}],"collection":[{"href":"https:\/\/minimax.md\/ru\/wp-json\/wp\/v2\/product"}],"about":[{"href":"https:\/\/minimax.md\/ru\/wp-json\/wp\/v2\/types\/product"}],"replies":[{"embeddable":true,"href":"https:\/\/minimax.md\/ru\/wp-json\/wp\/v2\/comments?post=48522"}],"version-history":[{"count":0,"href":"https:\/\/minimax.md\/ru\/wp-json\/wp\/v2\/product\/48522\/revisions"}],"wp:featuredmedia":[{"embeddable":true,"href":"https:\/\/minimax.md\/ru\/wp-json\/wp\/v2\/media\/48520"}],"wp:attachment":[{"href":"https:\/\/minimax.md\/ru\/wp-json\/wp\/v2\/media?parent=48522"}],"wp:term":[{"taxonomy":"product_brand","embeddable":true,"href":"https:\/\/minimax.md\/ru\/wp-json\/wp\/v2\/product_brand?post=48522"},{"taxonomy":"product_cat","embeddable":true,"href":"https:\/\/minimax.md\/ru\/wp-json\/wp\/v2\/product_cat?post=48522"},{"taxonomy":"product_tag","embeddable":true,"href":"https:\/\/minimax.md\/ru\/wp-json\/wp\/v2\/product_tag?post=48522"}],"curies":[{"name":"wp","href":"https:\/\/api.w.org\/{rel}","templated":true}]}}