{"id":48548,"date":"2024-01-23T09:03:11","date_gmt":"2024-01-23T06:03:11","guid":{"rendered":"https:\/\/minimax.md\/product\/48548.html"},"modified":"2024-03-13T01:03:58","modified_gmt":"2024-03-12T22:03:58","slug":"ru_ru-konstruktor-27-jelem-parovozik-malysh-2-trim-ro_ro-constructor-27-elem-locomotiva-mic-2","status":"publish","type":"product","link":"https:\/\/minimax.md\/ru\/product\/48548.html","title":{"rendered":"\u041a\u043e\u043d\u0441\u0442\u0440\u0443\u043a\u0442\u043e\u0440 27 \u044d\u043b\u0435\u043c. \"\u041f\u0430\u0440\u043e\u0432\u043e\u0437\u0438\u043a \u041c\u0430\u043b\u044b\u0448 2\""},"content":{"rendered":"<p>[:ru_RU]\u041a\u043e\u043d\u0441\u0442\u0440\u0443\u043a\u0442\u043e\u0440 \u2013 \u0443\u043d\u0438\u0432\u0435\u0440\u0441\u0430\u043b\u044c\u043d\u0430\u044f \u0438\u0433\u0440\u0443\u0448\u043a\u0430, \u043a\u043e\u0442\u043e\u0440\u0430\u044f \u043e\u0442\u043b\u0438\u0447\u043d\u043e \u043f\u043e\u0434\u043e\u0439\u0434\u0435\u0442 \u043a\u0430\u043a \u0434\u043b\u044f \u0434\u0435\u0432\u043e\u0447\u043a\u0438, \u0442\u0430\u043a \u0438 \u0434\u043b\u044f \u043c\u0430\u043b\u044c\u0447\u0438\u043a\u0430.<\/p>\n<p>\u00ab\u041f\u0430\u0440\u043e\u0432\u043e\u0437\u0438\u043a \u043c\u0430\u043b\u044b\u0448 2\u00bb :<\/p>\n<p> \t\u0421\u043e\u0441\u0442\u043e\u0438\u0442 \u0438\u0437 27 \u044d\u043b\u0435\u043c\u0435\u043d\u0442\u043e\u0432.<br \/>\n \t\u0411\u043b\u043e\u043a\u0438 \u043b\u0435\u0433\u043a\u043e \u0441\u043e\u0435\u0434\u0438\u043d\u044f\u044e\u0442\u0441\u044f.<br \/>\n \t\u0412\u0441\u0435 \u044d\u043b\u0435\u043c\u0435\u043d\u0442\u044b \u0433\u043b\u0430\u0434\u043a\u0438\u0435.<br \/>\n \t\u0426\u0432\u0435\u0442\u0430 \u043d\u0430\u0441\u044b\u0449\u0435\u043d\u043d\u044b\u0435.<br \/>\n \t\u0418\u0437 \u043a\u043e\u043d\u0441\u0442\u0440\u0443\u043a\u0442\u043e\u0440\u0430 \u043b\u0435\u0433\u043a\u043e \u0441\u043b\u043e\u0436\u0438\u0442\u044c \u043f\u0430\u0440\u043e\u0432\u043e\u0437\u0438\u043a, \u0430 \u0435\u0441\u043b\u0438 \u0441\u043e\u0435\u0434\u0438\u043d\u0438\u0442\u044c \u0441 \u043a\u043e\u043d\u0441\u0442\u0440\u0443\u043a\u0442\u043e\u0440\u043e\u043c \u043e\u0442 &#8220;\u0416\u0435\u043b\u0435\u0437\u043d\u0430\u044f \u0434\u043e\u0440\u043e\u0433\u0430&#8221; \u043c\u043e\u0436\u043d\u043e \u043f\u043e\u0441\u0442\u0440\u043e\u0438\u0442\u044c \u0446\u0435\u043b\u044b\u0439 \u0436\u0435\u043b\u0435\u0437\u043d\u043e\u0434\u043e\u0440\u043e\u0436\u043d\u044b\u0439 \u0432\u043e\u043a\u0437\u0430\u043b.<\/p>\n<p>\u0421\u043e\u0441\u0442\u0430\u0432\u043b\u0435\u043d\u0438\u0435 \u043a\u043e\u043d\u0441\u0442\u0440\u0443\u043a\u0442\u043e\u0440\u0430 \u0441\u043f\u043e\u0441\u043e\u0431\u0441\u0442\u0432\u0443\u0435\u0442 \u0440\u0430\u0437\u0432\u0438\u0442\u0438\u044e \u043a\u043e\u043d\u0446\u0435\u043d\u0442\u0440\u0430\u0446\u0438\u0438 \u0432\u043d\u0438\u043c\u0430\u043d\u0438\u044f, \u043c\u0435\u043b\u043a\u043e\u0439 \u043c\u043e\u0442\u043e\u0440\u0438\u043a\u0438, \u043a\u043e\u043e\u0440\u0434\u0438\u043d\u0430\u0446\u0438\u0438 \u0434\u0432\u0438\u0436\u0435\u043d\u0438\u044f.<\/p>\n<p>\u0412\u0441\u0435 \u0438\u0433\u0440\u0443\u0448\u043a\u0438 \u0422\u041c \u00ab\u041c\u0430\u043a\u0441\u0438\u043c\u0443\u0441\u00bb \u0438\u0437\u0433\u043e\u0442\u043e\u0432\u043b\u0435\u043d\u044b \u0438\u0437 \u0441\u0435\u0440\u0442\u0438\u0444\u0438\u0446\u0438\u0440\u043e\u0432\u0430\u043d\u043d\u043e\u0433\u043e \u0432\u044b\u0441\u043e\u043a\u043e\u043a\u0430\u0447\u0435\u0441\u0442\u0432\u0435\u043d\u043d\u043e\u0433\u043e \u043f\u043b\u0430\u0441\u0442\u0438\u043a\u0430 \u0438 \u0431\u0435\u0437\u043e\u043f\u0430\u0441\u043d\u044b\u0445 \u043f\u0438\u0449\u0435\u0432\u044b\u0445 \u043a\u0440\u0430\u0441\u0438\u0442\u0435\u043b\u0435\u0439.[trim][:ro_RO]<strong>Constructorul este o juc\u0103rie universal\u0103, perfect\u0103 at\u00e2t pentru fete, c\u00e2t \u0219i pentru b\u0103ie\u021bi.<\/strong><\/p>\n<p>&#8220;Locomotiva mic\u0103 2&#8221;<\/p>\n<ul>\n<li>Const\u0103 din 27 elemente.<\/li>\n<li>Blocurile sunt u\u0219or de unit.<\/li>\n<li>Toate elementele sunt netede.<\/li>\n<li>Culorile sunt bogate.<\/li>\n<li>Cu acest cinstructor, copila\u0219ul u\u0219or va construi un tren care se combin\u0103 perfect cu\u00a0 seturile de construc\u021bie \u201eCalea ferat\u0103 Maestro\u201d, chiar va putea construi o gar\u0103 \u00eentreag\u0103!<\/li>\n<\/ul>\n<p><strong>Jocul cu seturile de construc\u021bie contribuie la dezvoltarea concentr\u0103rii, a abilit\u0103\u021bilor motorii fine \u0219i a coordon\u0103rii mi\u0219c\u0103rilor.<\/strong><\/p>\n<p><em>Toate juc\u0103riile TM \u201eMaximus\u201d sunt fabricate din plastic certificat de \u00eenalt\u0103 calitate \u0219i coloran\u021bi alimentari siguri.<\/em><\/p>\n","protected":false},"excerpt":{"rendered":"<p>[:ru_RU]\u041a\u043e\u043d\u0441\u0442\u0440\u0443\u043a\u0442\u043e\u0440 \u2013 \u0443\u043d\u0438\u0432\u0435\u0440\u0441\u0430\u043b\u044c\u043d\u0430\u044f \u0438\u0433\u0440\u0443\u0448\u043a\u0430, \u043a\u043e\u0442\u043e\u0440\u0430\u044f \u043e\u0442\u043b\u0438\u0447\u043d\u043e \u043f\u043e\u0434\u043e\u0439\u0434\u0435\u0442 \u043a\u0430\u043a \u0434\u043b\u044f \u0434\u0435\u0432\u043e\u0447\u043a\u0438, \u0442\u0430\u043a \u0438 \u0434\u043b\u044f \u043c\u0430\u043b\u044c\u0447\u0438\u043a\u0430. \u00ab\u041f\u0430\u0440\u043e\u0432\u043e\u0437\u0438\u043a \u043c\u0430\u043b\u044b\u0448 2\u00bb : \u0421\u043e\u0441\u0442\u043e\u0438\u0442 \u0438\u0437 27 \u044d\u043b\u0435\u043c\u0435\u043d\u0442\u043e\u0432. \u0411\u043b\u043e\u043a\u0438 \u043b\u0435\u0433\u043a\u043e \u0441\u043e\u0435\u0434\u0438\u043d\u044f\u044e\u0442\u0441\u044f. \u0412\u0441\u0435 \u044d\u043b\u0435\u043c\u0435\u043d\u0442\u044b \u0433\u043b\u0430\u0434\u043a\u0438\u0435. \u0426\u0432\u0435\u0442\u0430 \u043d\u0430\u0441\u044b\u0449\u0435\u043d\u043d\u044b\u0435. \u0418\u0437 \u043a\u043e\u043d\u0441\u0442\u0440\u0443\u043a\u0442\u043e\u0440\u0430 \u043b\u0435\u0433\u043a\u043e \u0441\u043b\u043e\u0436\u0438\u0442\u044c \u043f\u0430\u0440\u043e\u0432\u043e\u0437\u0438\u043a, \u0430 \u0435\u0441\u043b\u0438 \u0441\u043e\u0435\u0434\u0438\u043d\u0438\u0442\u044c \u0441 \u043a\u043e\u043d\u0441\u0442\u0440\u0443\u043a\u0442\u043e\u0440\u043e\u043c \u043e\u0442 &#8220;\u0416\u0435\u043b\u0435\u0437\u043d\u0430\u044f \u0434\u043e\u0440\u043e\u0433\u0430&#8221; \u043c\u043e\u0436\u043d\u043e \u043f\u043e\u0441\u0442\u0440\u043e\u0438\u0442\u044c \u0446\u0435\u043b\u044b\u0439 \u0436\u0435\u043b\u0435\u0437\u043d\u043e\u0434\u043e\u0440\u043e\u0436\u043d\u044b\u0439 \u0432\u043e\u043a\u0437\u0430\u043b. \u0421\u043e\u0441\u0442\u0430\u0432\u043b\u0435\u043d\u0438\u0435 \u043a\u043e\u043d\u0441\u0442\u0440\u0443\u043a\u0442\u043e\u0440\u0430 \u0441\u043f\u043e\u0441\u043e\u0431\u0441\u0442\u0432\u0443\u0435\u0442 \u0440\u0430\u0437\u0432\u0438\u0442\u0438\u044e \u043a\u043e\u043d\u0446\u0435\u043d\u0442\u0440\u0430\u0446\u0438\u0438 \u0432\u043d\u0438\u043c\u0430\u043d\u0438\u044f, \u043c\u0435\u043b\u043a\u043e\u0439 [&hellip;]<\/p>\n","protected":false},"featured_media":48546,"comment_status":"open","ping_status":"closed","template":"","meta":{"_acf_changed":false},"product_brand":[],"product_cat":[6711],"product_tag":[],"class_list":{"0":"post-48548","1":"product","2":"type-product","3":"status-publish","4":"has-post-thumbnail","6":"product_cat-ru_ru-konstruktory-trim-ro_","8":"first","9":"instock","10":"shipping-taxable","11":"purchasable","12":"product-type-simple"},"acf":[],"_links":{"self":[{"href":"https:\/\/minimax.md\/ru\/wp-json\/wp\/v2\/product\/48548","targetHints":{"allow":["GET"]}}],"collection":[{"href":"https:\/\/minimax.md\/ru\/wp-json\/wp\/v2\/product"}],"about":[{"href":"https:\/\/minimax.md\/ru\/wp-json\/wp\/v2\/types\/product"}],"replies":[{"embeddable":true,"href":"https:\/\/minimax.md\/ru\/wp-json\/wp\/v2\/comments?post=48548"}],"version-history":[{"count":0,"href":"https:\/\/minimax.md\/ru\/wp-json\/wp\/v2\/product\/48548\/revisions"}],"wp:featuredmedia":[{"embeddable":true,"href":"https:\/\/minimax.md\/ru\/wp-json\/wp\/v2\/media\/48546"}],"wp:attachment":[{"href":"https:\/\/minimax.md\/ru\/wp-json\/wp\/v2\/media?parent=48548"}],"wp:term":[{"taxonomy":"product_brand","embeddable":true,"href":"https:\/\/minimax.md\/ru\/wp-json\/wp\/v2\/product_brand?post=48548"},{"taxonomy":"product_cat","embeddable":true,"href":"https:\/\/minimax.md\/ru\/wp-json\/wp\/v2\/product_cat?post=48548"},{"taxonomy":"product_tag","embeddable":true,"href":"https:\/\/minimax.md\/ru\/wp-json\/wp\/v2\/product_tag?post=48548"}],"curies":[{"name":"wp","href":"https:\/\/api.w.org\/{rel}","templated":true}]}}