{"id":48564,"date":"2024-01-23T09:03:26","date_gmt":"2024-01-23T06:03:26","guid":{"rendered":"https:\/\/minimax.md\/product\/48564.html"},"modified":"2024-03-13T01:03:58","modified_gmt":"2024-03-12T22:03:58","slug":"ru_ru-konstruktor-90-jelem-master-jelit-1-trim-ro_ro-constructor-90-elem-master-elit-1","status":"publish","type":"product","link":"https:\/\/minimax.md\/ru\/product\/48564.html","title":{"rendered":"\u041a\u043e\u043d\u0441\u0442\u0440\u0443\u043a\u0442\u043e\u0440 90 \u044d\u043b\u0435\u043c. \"\u041c\u0430\u0441\u0442\u0435\u0440 \u042d\u043b\u0438\u0442 1\""},"content":{"rendered":"<p>[:ru_RU]\u041a\u043e\u043d\u0441\u0442\u0440\u0443\u043a\u0442\u043e\u0440 \u00ab\u041c\u0430\u0441\u0442\u0435\u0440 \u042d\u043b\u0438\u0442\u00bb (\u0430\u0440\u0442. 5213) \u043d\u0435\u043f\u0440\u0435\u043c\u0435\u043d\u043d\u043e \u043f\u0440\u0438\u0434\u0435\u0442\u0441\u044f \u043f\u043e \u0434\u0443\u0448\u0435 \u043b\u044e\u0431\u043e\u043c\u0443 \u043c\u0430\u043b\u044b\u0448\u0443. <\/p>\n<p>\u0412\u0435\u0434\u044c \u0432 \u044e\u043d\u043e\u043c \u0432\u043e\u0437\u0440\u0430\u0441\u0442\u0435 \u043f\u0435\u0440\u0432\u043e\u043e\u0442\u043a\u0440\u044b\u0432\u0430\u0442\u0435\u043b\u0438 \u043f\u0440\u043e\u0441\u0442\u043e \u043e\u0431\u043e\u0436\u0430\u044e\u0442 \u0441\u043e\u043e\u0440\u0443\u0436\u0430\u0442\u044c \u0440\u0430\u0437\u043b\u0438\u0447\u043d\u044b\u0435 \u0444\u0438\u0433\u0443\u0440\u044b \u0441\u043e\u0431\u0441\u0442\u0432\u0435\u043d\u043d\u044b\u043c\u0438 \u0440\u0443\u043a\u0430\u043c\u0438. \u041f\u043e\u043c\u0438\u043c\u043e \u0442\u043e\u0433\u043e, \u0447\u0442\u043e \u0441\u043e\u0431\u0438\u0440\u0430\u0442\u044c \u043a\u043e\u043d\u0441\u0442\u0440\u0443\u043a\u0442\u043e\u0440 \u043d\u0435\u043e\u0431\u044b\u0447\u0430\u0439\u043d\u043e \u0438\u043d\u0442\u0435\u0440\u0435\u0441\u043d\u043e, \u043e\u043d \u043f\u043e\u043c\u043e\u0436\u0435\u0442 \u0440\u0430\u0437\u0432\u0438\u0442\u044c \u043c\u0430\u043b\u044b\u0448\u0443 \u043b\u043e\u0433\u0438\u043a\u0443, \u043c\u0435\u043b\u043a\u0443\u044e \u043c\u043e\u0442\u043e\u0440\u0438\u043a\u0443, \u0443\u0447\u0438\u0442 \u043f\u043e\u0434\u0431\u0438\u0440\u0430\u0442\u044c \u0440\u0430\u0437\u043b\u0438\u0447\u043d\u044b\u0435 \u0434\u0435\u0442\u0430\u043b\u0438 \u043f\u043e \u0446\u0432\u0435\u0442\u0443 \u0438 \u0444\u043e\u0440\u043c\u0435.<\/p>\n<p>\u0412\u0441\u0435 \u044d\u043b\u0435\u043c\u0435\u043d\u0442\u044b \u043d\u0430\u0431\u043e\u0440\u0430 \u043d\u0430\u0445\u043e\u0434\u044f\u0442\u0441\u044f \u0432 \u0443\u0434\u043e\u0431\u043d\u043e\u043c \u0447\u0435\u043c\u043e\u0434\u0430\u043d\u0447\u0438\u043a\u0435, \u043a\u043e\u0442\u043e\u0440\u044b\u0439 \u0441 \u043b\u0435\u0433\u043a\u043e\u0441\u0442\u044c\u044e \u043c\u043e\u0436\u043d\u043e \u0432\u0437\u044f\u0442\u044c \u043d\u0430 \u0443\u043b\u0438\u0446\u0443. \u0422\u0430\u043a\u0436\u0435, \u043d\u0430\u0445\u043e\u0434\u044f\u0441\u044c \u0432 \u043a\u0435\u0439\u0441\u0435, \u0434\u0435\u0442\u0430\u043b\u0438 \u043b\u0443\u0447\u0448\u0435 \u0441\u043e\u0445\u0440\u0430\u043d\u044f\u044e\u0442\u0441\u044f. \u042d\u043b\u0435\u043c\u0435\u043d\u0442\u044b \u043a\u0440\u0443\u043f\u043d\u043e\u0433\u043e \u0440\u0430\u0437\u043c\u0435\u0440\u0430 \u0438\u0434\u0435\u0430\u043b\u044c\u043d\u043e \u043f\u043e\u0434\u043e\u0439\u0434\u0443\u0442 \u0434\u043b\u044f \u0441\u0431\u043e\u0440\u043a\u0438 \u0434\u043e\u043c\u043e\u0432 \u0438 \u043f\u0440\u043e\u0447\u0438\u0445 \u0441\u043e\u043e\u0440\u0443\u0436\u0435\u043d\u0438\u0439 \u043c\u0430\u043b\u044b\u0448\u0430\u043c \u043e\u0442 3 \u043b\u0435\u0442. \u041a\u0430\u0436\u0434\u0430\u044f \u0434\u0435\u0442\u0430\u043b\u044c \u0432 \u043d\u0430\u0431\u043e\u0440\u0435 \u043f\u0440\u043e\u0438\u0437\u0432\u0435\u0434\u0435\u043d\u0430 \u0438\u0437 \u043f\u043b\u0430\u0441\u0442\u0438\u043a\u0430 \u0432\u044b\u0441\u043e\u043a\u043e\u0433\u043e \u043a\u0430\u0447\u0435\u0441\u0442\u0432\u0430 \u0431\u0435\u0437 \u0434\u043e\u0431\u0430\u0432\u043b\u0435\u043d\u0438\u044f \u0432\u0440\u0435\u0434\u043e\u043d\u043e\u0441\u043d\u044b\u0445 \u043a\u0440\u0430\u0441\u044f\u0449\u0438\u0445 \u043c\u0430\u0442\u0435\u0440\u0438\u0430\u043b\u043e\u0432, \u043f\u043e\u044d\u0442\u043e\u043c\u0443 \u0438\u0433\u0440\u0430\u0442\u044c \u043a\u043e\u043d\u0441\u0442\u0440\u0443\u043a\u0442\u043e\u0440\u043e\u043c \u0441\u043e\u0432\u0435\u0440\u0448\u0435\u043d\u043d\u043e \u0431\u0435\u0437\u043e\u043f\u0430\u0441\u043d\u043e. \u0412 \u043d\u0430\u0431\u043e\u0440\u0435 \u043d\u0430\u0445\u043e\u0434\u0438\u0442\u0441\u044f 90 \u044d\u043b\u0435\u043c\u0435\u043d\u0442\u043e\u0432 \u0434\u043b\u044f \u0441\u0442\u0440\u043e\u0438\u0442\u0435\u043b\u044c\u0441\u0442\u0432\u0430.<\/p>\n<p> \t\u0412\u043e\u0437\u0440\u0430\u0441\u0442: \u043e\u0442 3 \u043b\u0435\u0442.<br \/>\n \t\u041a\u043e\u043b\u0438\u0447\u0435\u0441\u0442\u0432\u043e \u0434\u0435\u0442\u0430\u043b\u0435\u0439: 90.<br \/>\n \t\u0420\u0430\u0437\u043c\u0435\u0440 \u0443\u043f\u0430\u043a\u043e\u0432\u043a\u0438: 65x55x45 \u0441\u043c.<\/p>\n<p>\u0418\u0433\u0440\u0430 \u0441 \u043a\u043e\u043d\u0441\u0442\u0440\u0443\u043a\u0442\u043e\u0440\u043e\u043c \u0441\u043f\u043e\u0441\u043e\u0431\u0441\u0442\u0432\u0443\u0435\u0442 \u0440\u0430\u0437\u0432\u0438\u0442\u0438\u044e \u0432\u043e\u043e\u0431\u0440\u0430\u0436\u0435\u043d\u0438\u044f, \u043a\u043e\u043e\u0440\u0434\u0438\u043d\u0430\u0446\u0438\u0438 \u0434\u0432\u0438\u0436\u0435\u043d\u0438\u0439, \u043c\u0435\u043b\u043a\u043e\u0439 \u043c\u043e\u0442\u043e\u0440\u0438\u043a\u0435, \u043b\u043e\u0433\u0438\u0447\u0435\u0441\u043a\u043e\u043c\u0443 \u043c\u044b\u0448\u043b\u0435\u043d\u0438\u044e \u0438 \u0444\u0430\u043d\u0442\u0430\u0437\u0438\u0438.[trim][:ro_RO]Setul de construc\u021bie \u201eMaster Elit 1\u201d (art. 5213) va atrage cu siguran\u021b\u0103 orice copil.<\/p>\n<p id=\"tw-target-text\" class=\"tw-data-text tw-text-large tw-ta\" dir=\"ltr\" data-placeholder=\"\u041f\u0435\u0440\u0435\u0432\u043e\u0434\"><span class=\"Y2IQFc\" lang=\"ro\">\u00centr-adev\u0103r, la o v\u00e2rst\u0103 fraged\u0103, micilor exploratori le place pur \u0219i simplu s\u0103 construiasc\u0103 diverse figuri cu propriile m\u00e2ini. Pe l\u00e2ng\u0103 faptul c\u0103 este extrem de interesant jocul cu constructorul, acesta va ajuta la dezvoltarea logicii copilului, a abilit\u0103\u021bilor motorii fine, v\u0103 \u00eenva\u021b\u0103 s\u0103 selecta\u021bi diverse p\u0103r\u021bi dup\u0103 culoare \u0219i form\u0103.<\/span><\/p>\n<p><span class=\"Y2IQFc\" lang=\"ro\">Toate elementele setului sunt \u00eentr-o valiz\u0103 comod\u0103, care poate fi luat\u0103 cu u\u0219urin\u021b\u0103 pe strad\u0103. De asemenea, fiind \u00eentr-o carcas\u0103, detaliile sunt mai bine p\u0103strate. Elementele de dimensiuni mari sunt comode pentru copii de la 3 ani. Fiecare articol din kit este fabricat din plastic de \u00eenalt\u0103 calitate. Setul contine 90 de elemente pentru constructie.<\/span><\/p>\n<ul>\n \t&lt;li id=&quot;tw-target-text&quot; class=&quot;tw-data-text tw-text-large tw<\/p>\n","protected":false},"excerpt":{"rendered":"<p>[:ru_RU]\u041a\u043e\u043d\u0441\u0442\u0440\u0443\u043a\u0442\u043e\u0440 \u00ab\u041c\u0430\u0441\u0442\u0435\u0440 \u042d\u043b\u0438\u0442\u00bb (\u0430\u0440\u0442. 5213) \u043d\u0435\u043f\u0440\u0435\u043c\u0435\u043d\u043d\u043e \u043f\u0440\u0438\u0434\u0435\u0442\u0441\u044f \u043f\u043e \u0434\u0443\u0448\u0435 \u043b\u044e\u0431\u043e\u043c\u0443 \u043c\u0430\u043b\u044b\u0448\u0443. \u0412\u0435\u0434\u044c \u0432 \u044e\u043d\u043e\u043c \u0432\u043e\u0437\u0440\u0430\u0441\u0442\u0435 \u043f\u0435\u0440\u0432\u043e\u043e\u0442\u043a\u0440\u044b\u0432\u0430\u0442\u0435\u043b\u0438 \u043f\u0440\u043e\u0441\u0442\u043e \u043e\u0431\u043e\u0436\u0430\u044e\u0442 \u0441\u043e\u043e\u0440\u0443\u0436\u0430\u0442\u044c \u0440\u0430\u0437\u043b\u0438\u0447\u043d\u044b\u0435 \u0444\u0438\u0433\u0443\u0440\u044b \u0441\u043e\u0431\u0441\u0442\u0432\u0435\u043d\u043d\u044b\u043c\u0438 \u0440\u0443\u043a\u0430\u043c\u0438. \u041f\u043e\u043c\u0438\u043c\u043e \u0442\u043e\u0433\u043e, \u0447\u0442\u043e \u0441\u043e\u0431\u0438\u0440\u0430\u0442\u044c \u043a\u043e\u043d\u0441\u0442\u0440\u0443\u043a\u0442\u043e\u0440 \u043d\u0435\u043e\u0431\u044b\u0447\u0430\u0439\u043d\u043e \u0438\u043d\u0442\u0435\u0440\u0435\u0441\u043d\u043e, \u043e\u043d \u043f\u043e\u043c\u043e\u0436\u0435\u0442 \u0440\u0430\u0437\u0432\u0438\u0442\u044c \u043c\u0430\u043b\u044b\u0448\u0443 \u043b\u043e\u0433\u0438\u043a\u0443, \u043c\u0435\u043b\u043a\u0443\u044e \u043c\u043e\u0442\u043e\u0440\u0438\u043a\u0443, \u0443\u0447\u0438\u0442 \u043f\u043e\u0434\u0431\u0438\u0440\u0430\u0442\u044c \u0440\u0430\u0437\u043b\u0438\u0447\u043d\u044b\u0435 \u0434\u0435\u0442\u0430\u043b\u0438 \u043f\u043e \u0446\u0432\u0435\u0442\u0443 \u0438 \u0444\u043e\u0440\u043c\u0435. \u0412\u0441\u0435 \u044d\u043b\u0435\u043c\u0435\u043d\u0442\u044b \u043d\u0430\u0431\u043e\u0440\u0430 \u043d\u0430\u0445\u043e\u0434\u044f\u0442\u0441\u044f \u0432 \u0443\u0434\u043e\u0431\u043d\u043e\u043c \u0447\u0435\u043c\u043e\u0434\u0430\u043d\u0447\u0438\u043a\u0435, \u043a\u043e\u0442\u043e\u0440\u044b\u0439 \u0441 \u043b\u0435\u0433\u043a\u043e\u0441\u0442\u044c\u044e [&hellip;]<\/p>\n","protected":false},"featured_media":48562,"comment_status":"open","ping_status":"closed","template":"","meta":{"_acf_changed":false},"product_brand":[],"product_cat":[6711],"product_tag":[],"class_list":{"0":"post-48564","1":"product","2":"type-product","3":"status-publish","4":"has-post-thumbnail","6":"product_cat-ru_ru-konstruktory-trim-ro_","8":"first","9":"instock","10":"shipping-taxable","11":"purchasable","12":"product-type-simple"},"acf":[],"_links":{"self":[{"href":"https:\/\/minimax.md\/ru\/wp-json\/wp\/v2\/product\/48564","targetHints":{"allow":["GET"]}}],"collection":[{"href":"https:\/\/minimax.md\/ru\/wp-json\/wp\/v2\/product"}],"about":[{"href":"https:\/\/minimax.md\/ru\/wp-json\/wp\/v2\/types\/product"}],"replies":[{"embeddable":true,"href":"https:\/\/minimax.md\/ru\/wp-json\/wp\/v2\/comments?post=48564"}],"version-history":[{"count":0,"href":"https:\/\/minimax.md\/ru\/wp-json\/wp\/v2\/product\/48564\/revisions"}],"wp:featuredmedia":[{"embeddable":true,"href":"https:\/\/minimax.md\/ru\/wp-json\/wp\/v2\/media\/48562"}],"wp:attachment":[{"href":"https:\/\/minimax.md\/ru\/wp-json\/wp\/v2\/media?parent=48564"}],"wp:term":[{"taxonomy":"product_brand","embeddable":true,"href":"https:\/\/minimax.md\/ru\/wp-json\/wp\/v2\/product_brand?post=48564"},{"taxonomy":"product_cat","embeddable":true,"href":"https:\/\/minimax.md\/ru\/wp-json\/wp\/v2\/product_cat?post=48564"},{"taxonomy":"product_tag","embeddable":true,"href":"https:\/\/minimax.md\/ru\/wp-json\/wp\/v2\/product_tag?post=48564"}],"curies":[{"name":"wp","href":"https:\/\/api.w.org\/{rel}","templated":true}]}}