{"id":48637,"date":"2024-01-24T09:02:55","date_gmt":"2024-01-24T06:02:55","guid":{"rendered":"https:\/\/minimax.md\/product\/48637.html"},"modified":"2024-03-13T00:18:12","modified_gmt":"2024-03-12T21:18:12","slug":"ru_ru-naduvnoj-krug-morskie-prikljuchenija-d51-sm-3-modeli-3-6-let-trim-ro_ro-cerc-gonflabil-aventuri-pe-mare-d51-cm-3-modele-3-6-ani","status":"publish","type":"product","link":"https:\/\/minimax.md\/ru\/product\/48637.html","title":{"rendered":"\u041d\u0430\u0434\u0443\u0432\u043d\u043e\u0439 \u043a\u0440\u0443\u0433 \"\u041c\u043e\u0440\u0441\u043a\u0438\u0435 \u043f\u0440\u0438\u043a\u043b\u044e\u0447\u0435\u043d\u0438\u044f\", \u041451 \u0441\u043c, 3 \u043c\u043e\u0434\u0435\u043b\u0438, 3-6 \u043b\u0435\u0442"},"content":{"rendered":"<p>[:ru_RU]\u042f\u0440\u043a\u0438\u0439 \u043a\u0440\u0430\u0441\u043e\u0447\u043d\u044b\u0439 \u043d\u0430\u0434\u0443\u0432\u043d\u043e\u0439 \u043a\u0440\u0443\u0433 \u0434\u043b\u044f \u043f\u043b\u0430\u0432\u0430\u043d\u0438\u044f &#8220;\u041c\u043e\u0440\u0441\u043a\u0438\u0435 \u043f\u0440\u0438\u043a\u043b\u044e\u0447\u0435\u043d\u0438\u044f&#8221; \u0441\u0442\u0430\u043d\u0435\u0442 \u043d\u0435\u0437\u0430\u043c\u0435\u043d\u0438\u043c\u044b\u043c \u0430\u0442\u0440\u0438\u0431\u0443\u0442\u043e\u043c \u043b\u0435\u0442\u043d\u0435\u0433\u043e \u043e\u0442\u0434\u044b\u0445\u0430.<\/p>\n<p> \u0425\u0430\u0440\u0430\u043a\u0442\u0435\u0440\u0438\u0441\u0442\u0438\u043a\u0438:<br \/>\n\u0414\u0438\u0430\u043c\u0435\u0442\u0440: 51\u0441\u043c.<br \/>\n\u0412\u043e\u0437\u0440\u0430\u0441\u0442: 3+<br \/>\n\u041c\u0430\u0442\u0435\u0440\u0438\u0430\u043b: \u043f\u043e\u043b\u0438\u0432\u0438\u043d\u0438\u043b\u0445\u043b\u043e\u0440\u0438\u0434.<br \/>\n\u0422\u043e\u0432\u0430\u0440 \u043f\u0440\u0435\u0434\u0441\u0442\u0430\u0432\u043b\u0435\u043d \u0432 3 \u043c\u043e\u0434\u0435\u043b\u044f\u0445.[trim][:ro_RO]Cercul de \u00eenot gonflabil \u201eAventuri pe mare\u201d, este plin de culoare \u0219i va deveni un atribut indispensabil al vacan\u021bei dumneavoastr\u0103 de var\u0103.<\/p>\n<p><strong>Caracteristici:<\/strong><br \/>\n<strong>Diametru:<\/strong> 51 cm.<br \/>\n<strong>V\u00e2rsta:<\/strong> 3+<br \/>\n<strong>Material:<\/strong> clorur\u0103 de polivinil.<br \/>\nProdusul este prezentat \u00een 3 modele.<\/p>\n","protected":false},"excerpt":{"rendered":"<p>[:ru_RU]\u042f\u0440\u043a\u0438\u0439 \u043a\u0440\u0430\u0441\u043e\u0447\u043d\u044b\u0439 \u043d\u0430\u0434\u0443\u0432\u043d\u043e\u0439 \u043a\u0440\u0443\u0433 \u0434\u043b\u044f \u043f\u043b\u0430\u0432\u0430\u043d\u0438\u044f &#8220;\u041c\u043e\u0440\u0441\u043a\u0438\u0435 \u043f\u0440\u0438\u043a\u043b\u044e\u0447\u0435\u043d\u0438\u044f&#8221; \u0441\u0442\u0430\u043d\u0435\u0442 \u043d\u0435\u0437\u0430\u043c\u0435\u043d\u0438\u043c\u044b\u043c \u0430\u0442\u0440\u0438\u0431\u0443\u0442\u043e\u043c \u043b\u0435\u0442\u043d\u0435\u0433\u043e \u043e\u0442\u0434\u044b\u0445\u0430. \u0425\u0430\u0440\u0430\u043a\u0442\u0435\u0440\u0438\u0441\u0442\u0438\u043a\u0438: \u0414\u0438\u0430\u043c\u0435\u0442\u0440: 51\u0441\u043c. \u0412\u043e\u0437\u0440\u0430\u0441\u0442: 3+ \u041c\u0430\u0442\u0435\u0440\u0438\u0430\u043b: \u043f\u043e\u043b\u0438\u0432\u0438\u043d\u0438\u043b\u0445\u043b\u043e\u0440\u0438\u0434. \u0422\u043e\u0432\u0430\u0440 \u043f\u0440\u0435\u0434\u0441\u0442\u0430\u0432\u043b\u0435\u043d \u0432 3 \u043c\u043e\u0434\u0435\u043b\u044f\u0445.[trim][:ro_RO]Cercul de \u00eenot gonflabil \u201eAventuri pe mare\u201d, este plin de culoare \u0219i va deveni un atribut indispensabil al vacan\u021bei dumneavoastr\u0103 de var\u0103. Caracteristici: Diametru: 51 cm. V\u00e2rsta: 3+ Material: clorur\u0103 de [&hellip;]<\/p>\n","protected":false},"featured_media":48629,"comment_status":"open","ping_status":"closed","template":"","meta":{"_acf_changed":false},"product_brand":[],"product_cat":[6700],"product_tag":[],"class_list":{"0":"post-48637","1":"product","2":"type-product","3":"status-publish","4":"has-post-thumbnail","6":"product_cat-ru_ru-dlja-igry-s-vodoj-tri","8":"first","9":"instock","10":"shipping-taxable","11":"purchasable","12":"product-type-simple"},"acf":[],"_links":{"self":[{"href":"https:\/\/minimax.md\/ru\/wp-json\/wp\/v2\/product\/48637","targetHints":{"allow":["GET"]}}],"collection":[{"href":"https:\/\/minimax.md\/ru\/wp-json\/wp\/v2\/product"}],"about":[{"href":"https:\/\/minimax.md\/ru\/wp-json\/wp\/v2\/types\/product"}],"replies":[{"embeddable":true,"href":"https:\/\/minimax.md\/ru\/wp-json\/wp\/v2\/comments?post=48637"}],"version-history":[{"count":0,"href":"https:\/\/minimax.md\/ru\/wp-json\/wp\/v2\/product\/48637\/revisions"}],"wp:featuredmedia":[{"embeddable":true,"href":"https:\/\/minimax.md\/ru\/wp-json\/wp\/v2\/media\/48629"}],"wp:attachment":[{"href":"https:\/\/minimax.md\/ru\/wp-json\/wp\/v2\/media?parent=48637"}],"wp:term":[{"taxonomy":"product_brand","embeddable":true,"href":"https:\/\/minimax.md\/ru\/wp-json\/wp\/v2\/product_brand?post=48637"},{"taxonomy":"product_cat","embeddable":true,"href":"https:\/\/minimax.md\/ru\/wp-json\/wp\/v2\/product_cat?post=48637"},{"taxonomy":"product_tag","embeddable":true,"href":"https:\/\/minimax.md\/ru\/wp-json\/wp\/v2\/product_tag?post=48637"}],"curies":[{"name":"wp","href":"https:\/\/api.w.org\/{rel}","templated":true}]}}