{"id":48696,"date":"2024-02-01T09:04:36","date_gmt":"2024-02-01T06:04:36","guid":{"rendered":"https:\/\/minimax.md\/product\/48696.html"},"modified":"2024-03-13T01:03:55","modified_gmt":"2024-03-12T22:03:55","slug":"ru_ru-advent-kalendar-s-populjarnymi-igrushkami-trim-ro_ro-calendar-advent-cu-juc-rii-populare","status":"publish","type":"product","link":"https:\/\/minimax.md\/ru\/product\/48696.html","title":{"rendered":"\u0410\u0434\u0432\u0435\u043d\u0442 \u043a\u0430\u043b\u0435\u043d\u0434\u0430\u0440\u044c \u0441 \u043f\u043e\u043f\u0443\u043b\u044f\u0440\u043d\u044b\u043c\u0438 \u0438\u0433\u0440\u0443\u0448\u043a\u0430\u043c\u0438"},"content":{"rendered":"<p>[:ru_RU]\u0420\u043e\u0436\u0434\u0435\u0441\u0442\u0432\u0435\u043d\u0441\u043a\u0438\u0439 \u0430\u0434\u0432\u0435\u043d\u0442-\u043a\u0430\u043b\u0435\u043d\u0434\u0430\u0440\u044c \u0441 24 \u0438\u0433\u0440\u0443\u0448\u043a\u0430\u043c\u0438-\u0430\u043d\u0442\u0438\u0441\u0442\u0440\u0435\u0441\u0441\u0430\u043c\u0438!<\/p>\n<p> \t\u00a0\u041d\u0430\u0431\u043b\u044e\u0434\u0430\u0439\u0442\u0435 \u0437\u0430 \u0432\u043e\u043b\u043d\u0435\u043d\u0438\u0435\u043c, \u043a\u043e\u0442\u043e\u0440\u043e\u0435 \u043d\u0430\u043a\u0430\u043f\u043b\u0438\u0432\u0430\u0435\u0442\u0441\u044f \u043a\u0430\u0436\u0434\u044b\u0439 \u0434\u0435\u043d\u044c \u043f\u043e \u043c\u0435\u0440\u0435 \u043f\u0440\u0438\u0431\u043b\u0438\u0436\u0435\u043d\u0438\u044f \u0420\u043e\u0436\u0434\u0435\u0441\u0442\u0432\u0430 ! \u041e\u0442\u043b\u0438\u0447\u043d\u044b\u0439 \u0441\u043f\u043e\u0441\u043e\u0431 \u043f\u043e\u0437\u043d\u0430\u043a\u043e\u043c\u0438\u0442\u044c \u0441 \u0447\u0438\u0441\u043b\u0430\u043c\u0438 \u0438 \u0441\u0447\u0435\u0442\u043e\u043c!\u0432 \u043d\u0430\u0431\u043e\u0440\u0435 \u0441\u0430\u043c\u044b\u0435 \u043f\u043e\u043f\u0443\u043b\u044f\u0440\u043d\u044b\u0435 \u0438\u0433\u0440\u0443\u0448\u043a\u0438 \u0441\u043e\u0432\u0440\u0435\u043c\u0435\u043d\u043d\u043e\u0441\u0442\u0438 \u043f\u043e\u043f\u0430\u0434\u0430\u044e\u0442\u0441\u044f \u0440\u0430\u043d\u0434\u043e\u043c\u043d\u043e.[trim][:ro_RO]<strong>Calendar advent de Cr\u0103ciun cu 24\u00a0 juc\u0103rii antistres!<\/strong><\/p>\n<p>Urm\u0103ri\u021bi emo\u021bia care acapareaz\u0103 \u00een fiecare zi pe m\u0103sur\u0103 ce se apropie Cr\u0103ciunul! O modalitate grozav\u0103 de a \u00eenv\u0103\u021ba despre cifre \u0219i num\u0103rat!<\/p>\n<p><em>Setul con\u021bine cele mai populare juc\u0103rii ale timpului nostru.<\/em><\/p>\n","protected":false},"excerpt":{"rendered":"<p>[:ru_RU]\u0420\u043e\u0436\u0434\u0435\u0441\u0442\u0432\u0435\u043d\u0441\u043a\u0438\u0439 \u0430\u0434\u0432\u0435\u043d\u0442-\u043a\u0430\u043b\u0435\u043d\u0434\u0430\u0440\u044c \u0441 24 \u0438\u0433\u0440\u0443\u0448\u043a\u0430\u043c\u0438-\u0430\u043d\u0442\u0438\u0441\u0442\u0440\u0435\u0441\u0441\u0430\u043c\u0438! \u00a0\u041d\u0430\u0431\u043b\u044e\u0434\u0430\u0439\u0442\u0435 \u0437\u0430 \u0432\u043e\u043b\u043d\u0435\u043d\u0438\u0435\u043c, \u043a\u043e\u0442\u043e\u0440\u043e\u0435 \u043d\u0430\u043a\u0430\u043f\u043b\u0438\u0432\u0430\u0435\u0442\u0441\u044f \u043a\u0430\u0436\u0434\u044b\u0439 \u0434\u0435\u043d\u044c \u043f\u043e \u043c\u0435\u0440\u0435 \u043f\u0440\u0438\u0431\u043b\u0438\u0436\u0435\u043d\u0438\u044f \u0420\u043e\u0436\u0434\u0435\u0441\u0442\u0432\u0430 ! \u041e\u0442\u043b\u0438\u0447\u043d\u044b\u0439 \u0441\u043f\u043e\u0441\u043e\u0431 \u043f\u043e\u0437\u043d\u0430\u043a\u043e\u043c\u0438\u0442\u044c \u0441 \u0447\u0438\u0441\u043b\u0430\u043c\u0438 \u0438 \u0441\u0447\u0435\u0442\u043e\u043c!\u0432 \u043d\u0430\u0431\u043e\u0440\u0435 \u0441\u0430\u043c\u044b\u0435 \u043f\u043e\u043f\u0443\u043b\u044f\u0440\u043d\u044b\u0435 \u0438\u0433\u0440\u0443\u0448\u043a\u0438 \u0441\u043e\u0432\u0440\u0435\u043c\u0435\u043d\u043d\u043e\u0441\u0442\u0438 \u043f\u043e\u043f\u0430\u0434\u0430\u044e\u0442\u0441\u044f \u0440\u0430\u043d\u0434\u043e\u043c\u043d\u043e.[trim][:ro_RO]Calendar advent de Cr\u0103ciun cu 24\u00a0 juc\u0103rii antistres! Urm\u0103ri\u021bi emo\u021bia care acapareaz\u0103 \u00een fiecare zi pe m\u0103sur\u0103 ce se apropie Cr\u0103ciunul! O modalitate grozav\u0103 de [&hellip;]<\/p>\n","protected":false},"featured_media":48694,"comment_status":"open","ping_status":"closed","template":"","meta":{"_acf_changed":false},"product_brand":[],"product_cat":[6700],"product_tag":[],"class_list":{"0":"post-48696","1":"product","2":"type-product","3":"status-publish","4":"has-post-thumbnail","6":"product_cat-ru_ru-dlja-igry-s-vodoj-tri","8":"first","9":"instock","10":"shipping-taxable","11":"purchasable","12":"product-type-simple"},"acf":[],"_links":{"self":[{"href":"https:\/\/minimax.md\/ru\/wp-json\/wp\/v2\/product\/48696","targetHints":{"allow":["GET"]}}],"collection":[{"href":"https:\/\/minimax.md\/ru\/wp-json\/wp\/v2\/product"}],"about":[{"href":"https:\/\/minimax.md\/ru\/wp-json\/wp\/v2\/types\/product"}],"replies":[{"embeddable":true,"href":"https:\/\/minimax.md\/ru\/wp-json\/wp\/v2\/comments?post=48696"}],"version-history":[{"count":0,"href":"https:\/\/minimax.md\/ru\/wp-json\/wp\/v2\/product\/48696\/revisions"}],"wp:featuredmedia":[{"embeddable":true,"href":"https:\/\/minimax.md\/ru\/wp-json\/wp\/v2\/media\/48694"}],"wp:attachment":[{"href":"https:\/\/minimax.md\/ru\/wp-json\/wp\/v2\/media?parent=48696"}],"wp:term":[{"taxonomy":"product_brand","embeddable":true,"href":"https:\/\/minimax.md\/ru\/wp-json\/wp\/v2\/product_brand?post=48696"},{"taxonomy":"product_cat","embeddable":true,"href":"https:\/\/minimax.md\/ru\/wp-json\/wp\/v2\/product_cat?post=48696"},{"taxonomy":"product_tag","embeddable":true,"href":"https:\/\/minimax.md\/ru\/wp-json\/wp\/v2\/product_tag?post=48696"}],"curies":[{"name":"wp","href":"https:\/\/api.w.org\/{rel}","templated":true}]}}