{"id":48851,"date":"2024-02-18T09:00:18","date_gmt":"2024-02-18T06:00:18","guid":{"rendered":"https:\/\/minimax.md\/product\/48851.html"},"modified":"2024-02-21T09:04:03","modified_gmt":"2024-02-21T06:04:03","slug":"ru_ru-enchantimals-kukla-tamika-kvaksha-i-ljagushka-berst-trim-ro_ro-enchantimals-p-pu-a-tamika-tree-frog-i-burst","status":"publish","type":"product","link":"https:\/\/minimax.md\/ru\/product\/48851.html","title":{"rendered":"Enchantimals \u041a\u0443\u043a\u043b\u0430 \u0422\u0430\u043c\u0438\u043a\u0430 \u041a\u0432\u0430\u043a\u0448\u0430 \u0438 \u041b\u044f\u0433\u0443\u0448\u043a\u0430 \u0411\u0435\u0440\u0441\u0442"},"content":{"rendered":"<p>[:ru_RU]\u041e\u043a\u0443\u043d\u0438\u0441\u044c \u0432 \u043c\u0438\u0440 \u0447\u0443\u0434\u0435\u0441 \u0441 \u043a\u0443\u043a\u043b\u043e\u0439 \u0416\u0430\u0431\u043a\u0430 \u0422\u0430\u043c\u0438\u043a\u0430 \u0438 \u0435\u0435 \u043c\u0430\u043b\u0435\u043d\u044c\u043a\u043e\u0439 \u043f\u043e\u0434\u0440\u0443\u0436\u043a\u043e\u0439 \u0411\u0443\u0440\u0441\u0442.<\/p>\n<p>\u041a\u0443\u043a\u043b\u044b Enchantimals &#8211; \u043e\u0447\u0430\u0440\u043e\u0432\u0430\u0442\u0435\u043b\u044c\u043d\u044b\u0435 \u0434\u0435\u0432\u0443\u0448\u043a\u0438, \u043a\u043e\u0442\u043e\u0440\u044b\u0435 \u0438\u043c\u0435\u044e\u0442 \u043c\u0430\u0433\u0438\u0447\u0435\u0441\u043a\u0443\u044e \u0441\u0432\u044f\u0437\u044c \u0441\u043e \u0441\u0432\u043e\u0438\u043c\u0438 \u0434\u0440\u0443\u0437\u044c\u044f\u043c\u0438-\u0437\u0432\u0435\u0440\u0443\u0448\u043a\u0430\u043c\u0438! \u041e\u043d\u0438 &#8211; \u043d\u0435 \u0440\u0430\u0437\u043b\u0435\u0439 \u0432\u043e\u0434\u0430 \u0438 \u0434\u0430\u0436\u0435 \u043f\u043e\u0445\u043e\u0436\u0438! \u041a\u0443\u043a\u043b\u0430 \u0432\u044b\u0441\u043e\u0442\u043e\u0439 15 \u0441\u043c \u0435\u0441\u0442\u044c \u043c\u0438\u043b\u0430\u044f \u043f\u043e\u0434\u0440\u0443\u0436\u043a\u0430 \u0411\u0443\u0440\u0441\u0442. \u0416\u0430\u0431\u043a\u0430 \u0422\u0430\u043c\u0438\u043a\u0430 \u043e\u0434\u0435\u0442\u0430 \u0432 \u0438\u043d\u0442\u0435\u0440\u0435\u0441\u043d\u0443\u044e \u043a\u0440\u0430\u0441\u043e\u0447\u043d\u0443\u044e \u043e\u0434\u0435\u0436\u0434\u0443 \u0432 \u0442\u0440\u043e\u043f\u0438\u0447\u0435\u0441\u043a\u043e\u043c \u0441\u0442\u0438\u043b\u0435: \u044f\u0440\u043a\u0438\u0439 \u0442\u043e\u043f, \u0440\u0430\u0437\u043d\u043e\u0446\u0432\u0435\u0442\u043d\u0443\u044e \u044e\u0431\u043a\u0443 \u0441 \u0446\u0432\u0435\u0442\u043e\u0447\u043d\u044b\u043c \u043f\u0440\u0438\u043d\u0442\u043e\u043c (\u043a\u043e\u0442\u043e\u0440\u044b\u0439 \u043c\u043e\u0436\u043d\u043e \u0441\u043d\u044f\u0442\u044c) \u0438 \u0440\u043e\u0437\u043e\u0432\u0443\u044e \u043e\u0431\u0443\u0432\u044c! \u0412 \u0435\u0435 \u0434\u043b\u0438\u043d\u043d\u044b\u0445 \u0432\u043e\u043b\u0448\u0435\u0431\u043d\u044b\u0445 \u0433\u043e\u043b\u0443\u0431\u044b\u0445 \u0432\u043e\u043b\u043e\u0441\u0430\u0445 &#8211; \u0446\u0432\u0435\u0442\u043e\u0447\u043d\u043e\u0435 \u0443\u043a\u0440\u0430\u0448\u0435\u043d\u0438\u0435. \u0410 \u0435\u0449\u0435 \u0432 \u043a\u043e\u043c\u043f\u043b\u0435\u043a\u0442\u0435 \u0438\u0434\u0443\u0442 \u043f\u0435\u0440\u0447\u0430\u0442\u043a\u0438, \u043a\u0430\u043a \u043b\u0430\u043f\u043a\u0438 \u043d\u0430\u0441\u0442\u043e\u044f\u0449\u0435\u0439 \u0436\u0430\u0431\u043a\u0438! \u0412\u043e\u0441\u0441\u043e\u0437\u0434\u0430\u0432\u0430\u0439\u0442\u0435 \u0438\u0441\u0442\u043e\u0440\u0438\u0438 \u043e \u0447\u0440\u0435\u0437\u0432\u044b\u0447\u0430\u0439\u043d\u043e\u0439 \u0434\u0440\u0443\u0436\u0431\u0435. \u0417\u0430\u0431\u043e\u0442\u0430 &#8211; \u044d\u0442\u043e \u0438\u0445 \u043f\u0440\u0438\u0437\u0432\u0430\u043d\u0438\u0435!<\/p>\n<p>\u0421\u043e\u0431\u0435\u0440\u0438 \u0432\u0441\u0435\u0445 \u043a\u0443\u043a\u043e\u043b \u0438\u0437 \u0441\u0435\u0440\u0438\u0438, \u0441\u043e\u0437\u0434\u0430\u0439 \u0441\u043e\u0431\u0441\u0442\u0432\u0435\u043d\u043d\u044b\u0439 \u043c\u0438\u0440 Enchantimals \u0438 \u0440\u0430\u0441\u0441\u043a\u0430\u0436\u0438 \u0441\u0432\u043e\u0438 \u0432\u043e\u043b\u0448\u0435\u0431\u043d\u044b\u0435 \u0438\u0441\u0442\u043e\u0440\u0438\u0438 (\u043a\u0430\u0436\u0434\u0430\u044f \u043a\u0443\u043a\u043b\u0430 \u043f\u0440\u043e\u0434\u0430\u0435\u0442\u0441\u044f \u043e\u0442\u0434\u0435\u043b\u044c\u043d\u043e \u043f\u0440\u0438 \u043d\u0430\u043b\u0438\u0447\u0438\u0438). \u0412 \u043d\u0430\u0431\u043e\u0440 \u0432\u0445\u043e\u0434\u044f\u0442 \u043a\u0443\u043a\u043b\u0430 Enchantimals \u0416\u0430\u0431\u043a\u0430 \u0422\u0430\u043c\u0438\u043a\u0430 \u0432 \u043e\u0434\u0435\u0436\u0434\u0435 \u0438 \u0430\u043a\u0441\u0435\u0441\u0441\u0443\u0430\u0440\u0430\u0445, \u0430 \u0442\u0430\u043a\u0436\u0435 \u0435\u0435 \u043c\u0430\u043b\u0435\u043d\u044c\u043a\u0430\u044f \u043f\u043e\u0434\u0440\u0443\u0436\u043a\u0430 \u0411\u0443\u0440\u0441\u0442. \u0426\u0432\u0435\u0442\u0430 \u0438 \u0430\u043a\u0441\u0435\u0441\u0441\u0443\u0430\u0440\u044b \u043c\u043e\u0433\u0443\u0442 \u043e\u0442\u043b\u0438\u0447\u0430\u0442\u044c\u0441\u044f \u043e\u0442 \u0438\u0437\u043e\u0431\u0440\u0430\u0436\u0435\u043d\u043d\u044b\u0445.<\/p>\n<p><iframe title=\"Tamikas Surprise! \ud83d\udc40 Enchantimals | Junglewood | Episode 3\" width=\"640\" height=\"360\" src=\"https:\/\/www.youtube.com\/embed\/JNb1tusS_7Q?feature=oembed\" frameborder=\"0\" allow=\"accelerometer; autoplay; clipboard-write; encrypted-media; gyroscope; picture-in-picture; web-share\" referrerpolicy=\"strict-origin-when-cross-origin\" allowfullscreen><\/iframe>[trim][:ro_RO]Enchantimals &#8220;Tamika Tree Frog \u0219i Burst&#8221;<br \/>\nIat\u0103-i pe Tamika \u0219i prietena ei, Broscu\u021ba Burst.<br \/>\nSunt at\u00e2t de asem\u0103n\u0103toare!<br \/>\nAu pielea verde \u0219i picioarele portocalii.<br \/>\nSunt decorate cu aceia\u0219i trandafiri.<br \/>\nTamika poarta o rochie draguta cu imprimeu floral albastru si cizme roz.<br \/>\nFrumosul ei p\u0103r albastru-verde este at\u00e2t de str\u0103lucitor la soare!<br \/>\nBroscu\u021ba Burst pretutindeni \u00ee\u0219i \u00eenso\u021be\u0219te prietena \u0219i ajut\u0103 la protec\u021bia p\u0103durii fermecate.<\/p>\n<p>\u00cen\u0103l\u021bimea p\u0103pu\u0219ii: 15 cm<br \/>\nV\u00e2rsta recomandat\u0103: 4 ani +<\/p>\n<p><iframe title=\"Tamikas Surprise! \ud83d\udc40 Enchantimals | Junglewood | Episode 3\" width=\"640\" height=\"360\" src=\"https:\/\/www.youtube.com\/embed\/JNb1tusS_7Q?feature=oembed\" frameborder=\"0\" allow=\"accelerometer; autoplay; clipboard-write; encrypted-media; gyroscope; picture-in-picture; web-share\" referrerpolicy=\"strict-origin-when-cross-origin\" allowfullscreen><\/iframe><\/p>\n","protected":false},"excerpt":{"rendered":"<p>[:ru_RU]\u041e\u043a\u0443\u043d\u0438\u0441\u044c \u0432 \u043c\u0438\u0440 \u0447\u0443\u0434\u0435\u0441 \u0441 \u043a\u0443\u043a\u043b\u043e\u0439 \u0416\u0430\u0431\u043a\u0430 \u0422\u0430\u043c\u0438\u043a\u0430 \u0438 \u0435\u0435 \u043c\u0430\u043b\u0435\u043d\u044c\u043a\u043e\u0439 \u043f\u043e\u0434\u0440\u0443\u0436\u043a\u043e\u0439 \u0411\u0443\u0440\u0441\u0442. \u041a\u0443\u043a\u043b\u044b Enchantimals &#8211; \u043e\u0447\u0430\u0440\u043e\u0432\u0430\u0442\u0435\u043b\u044c\u043d\u044b\u0435 \u0434\u0435\u0432\u0443\u0448\u043a\u0438, \u043a\u043e\u0442\u043e\u0440\u044b\u0435 \u0438\u043c\u0435\u044e\u0442 \u043c\u0430\u0433\u0438\u0447\u0435\u0441\u043a\u0443\u044e \u0441\u0432\u044f\u0437\u044c \u0441\u043e \u0441\u0432\u043e\u0438\u043c\u0438 \u0434\u0440\u0443\u0437\u044c\u044f\u043c\u0438-\u0437\u0432\u0435\u0440\u0443\u0448\u043a\u0430\u043c\u0438! \u041e\u043d\u0438 &#8211; \u043d\u0435 \u0440\u0430\u0437\u043b\u0435\u0439 \u0432\u043e\u0434\u0430 \u0438 \u0434\u0430\u0436\u0435 \u043f\u043e\u0445\u043e\u0436\u0438! \u041a\u0443\u043a\u043b\u0430 \u0432\u044b\u0441\u043e\u0442\u043e\u0439 15 \u0441\u043c \u0435\u0441\u0442\u044c \u043c\u0438\u043b\u0430\u044f \u043f\u043e\u0434\u0440\u0443\u0436\u043a\u0430 \u0411\u0443\u0440\u0441\u0442. \u0416\u0430\u0431\u043a\u0430 \u0422\u0430\u043c\u0438\u043a\u0430 \u043e\u0434\u0435\u0442\u0430 \u0432 \u0438\u043d\u0442\u0435\u0440\u0435\u0441\u043d\u0443\u044e \u043a\u0440\u0430\u0441\u043e\u0447\u043d\u0443\u044e \u043e\u0434\u0435\u0436\u0434\u0443 \u0432 \u0442\u0440\u043e\u043f\u0438\u0447\u0435\u0441\u043a\u043e\u043c \u0441\u0442\u0438\u043b\u0435: \u044f\u0440\u043a\u0438\u0439 \u0442\u043e\u043f, \u0440\u0430\u0437\u043d\u043e\u0446\u0432\u0435\u0442\u043d\u0443\u044e \u044e\u0431\u043a\u0443 [&hellip;]<\/p>\n","protected":false},"featured_media":48838,"comment_status":"open","ping_status":"closed","template":"","meta":{"_acf_changed":false},"product_brand":[],"product_cat":[6697],"product_tag":[],"class_list":{"0":"post-48851","1":"product","2":"type-product","3":"status-publish","4":"has-post-thumbnail","6":"product_cat-ru_ru-kukly-trim-ro_ro-p-pu","8":"first","9":"instock","10":"shipping-taxable","11":"purchasable","12":"product-type-simple"},"acf":[],"_links":{"self":[{"href":"https:\/\/minimax.md\/ru\/wp-json\/wp\/v2\/product\/48851","targetHints":{"allow":["GET"]}}],"collection":[{"href":"https:\/\/minimax.md\/ru\/wp-json\/wp\/v2\/product"}],"about":[{"href":"https:\/\/minimax.md\/ru\/wp-json\/wp\/v2\/types\/product"}],"replies":[{"embeddable":true,"href":"https:\/\/minimax.md\/ru\/wp-json\/wp\/v2\/comments?post=48851"}],"version-history":[{"count":0,"href":"https:\/\/minimax.md\/ru\/wp-json\/wp\/v2\/product\/48851\/revisions"}],"wp:featuredmedia":[{"embeddable":true,"href":"https:\/\/minimax.md\/ru\/wp-json\/wp\/v2\/media\/48838"}],"wp:attachment":[{"href":"https:\/\/minimax.md\/ru\/wp-json\/wp\/v2\/media?parent=48851"}],"wp:term":[{"taxonomy":"product_brand","embeddable":true,"href":"https:\/\/minimax.md\/ru\/wp-json\/wp\/v2\/product_brand?post=48851"},{"taxonomy":"product_cat","embeddable":true,"href":"https:\/\/minimax.md\/ru\/wp-json\/wp\/v2\/product_cat?post=48851"},{"taxonomy":"product_tag","embeddable":true,"href":"https:\/\/minimax.md\/ru\/wp-json\/wp\/v2\/product_tag?post=48851"}],"curies":[{"name":"wp","href":"https:\/\/api.w.org\/{rel}","templated":true}]}}