{"id":48880,"date":"2024-02-18T09:00:38","date_gmt":"2024-02-18T06:00:38","guid":{"rendered":"https:\/\/minimax.md\/product\/48880.html"},"modified":"2024-02-21T09:03:46","modified_gmt":"2024-02-21T06:03:46","slug":"ru_ru-3d-pazl-parohod-missisipi-142-jelementa-trim-ro_ro-3d-puzzle-vaporul-cu-aburi-mississippi-142-elemente","status":"publish","type":"product","link":"https:\/\/minimax.md\/ru\/product\/48880.html","title":{"rendered":"3D \u043f\u0430\u0437\u043b \u041f\u0430\u0440\u043e\u0445\u043e\u0434\u201c\u041c\u0438\u0441\u0441\u0438\u0441\u0438\u043f\u0438\u201d, 142 \u044d\u043b\u0435\u043c\u0435\u043d\u0442\u0430"},"content":{"rendered":"<p>[:ru_RU]3D \u043f\u0430\u0437\u043b \u041f\u0430\u0440\u043e\u0445\u043e\u0434\u201c\u041c\u0438\u0441\u0441\u0438\u0441\u0438\u043f\u0438&#8221; \u043e\u0442\u00a0 CubicFun \u043e\u0447\u0435\u043d\u044c \u0438\u043d\u0442\u0435\u0440\u0435\u0441\u043d\u0430\u044f \u0433\u043e\u043b\u043e\u0432\u043e\u043b\u043e\u043c\u043a\u0430 \u0434\u043b\u044f \u0432\u0441\u0435\u0439 \u0441\u0435\u043c\u044c\u0438.\u00a0<\/p>\n<p>\u0412\u043c\u0435\u0441\u0442\u0435 \u0441\u043e\u0431\u0438\u0440\u0430\u044f 3D \u043f\u0430\u0437\u043b \u0441\u043e \u0441\u0432\u043e\u0438\u043c\u0438 \u0434\u0435\u0442\u044c\u043c\u0438, \u0432\u044b\u00a0 \u043c\u043e\u0436\u0435\u0442\u0435 \u0438\u043c \u0440\u0430\u0441\u0441\u043a\u0430\u0437\u0430\u0442\u044c \u043e \u0442\u043e\u043c \u0447\u0442\u043e \u041f\u0430\u0440\u043e\u0445\u043e\u0434\u201c\u041c\u0438\u0441\u0441\u0438\u0441\u0438\u043f\u0438&#8221; \u044d\u0442\u043e\u00a0\u0434\u0435\u0440\u0435\u0432\u044f\u043d\u043d\u044b\u0439 \u043a\u043e\u043b\u0451\u0441\u043d\u044b\u0439\u00a0\u043f\u0430\u0440\u043e\u0445\u043e\u0434, \u043f\u043e\u0441\u0442\u0440\u043e\u0435\u043d\u043d\u044b\u0439 \u0432\u00a0\u0421\u043e\u0435\u0434\u0438\u043d\u0451\u043d\u043d\u044b\u0445 \u0428\u0442\u0430\u0442\u0430\u0445 \u0410\u043c\u0435\u0440\u0438\u043a\u0438\u00a0\u043d\u0430\u00a0\u0432\u0435\u0440\u0444\u0438\u00a0\u0432\u00a0\u0426\u0438\u043d\u0446\u0438\u043d\u043d\u0430\u0442\u0438, \u0440\u0430\u0441\u043f\u043e\u043b\u043e\u0436\u0435\u043d\u043d\u043e\u0439 \u043d\u0430 \u0440\u0435\u043a\u0435\u00a0\u041e\u0433\u0430\u0439\u043e, \u0432 1863 \u0433\u043e\u0434\u0443. \u0412 \u043d\u0430\u0447\u0430\u043b\u0435 \u0432\u0442\u043e\u0440\u043e\u0439 \u043f\u043e\u043b\u043e\u0432\u0438\u043d\u044b\u00a0XIX \u0432\u0435\u043a\u0430 \u043f\u0430\u0440\u043e\u0445\u043e\u0434 \u044f\u0432\u043b\u044f\u043b\u0441\u044f \u043e\u0434\u043d\u0438\u043c \u0438\u0437 \u0441\u0430\u043c\u044b\u0445 \u0431\u043e\u043b\u044c\u0448\u0438\u0445 \u0441\u0443\u0434\u043e\u0432 \u0421\u0428\u0410, \u0438\u043c\u0435\u044f \u0434\u043b\u0438\u043d\u0443 \u0441\u0432\u044b\u0448\u0435 79 \u043c (260 \u0444\u0443\u0442\u043e\u0432), \u0448\u0438\u0440\u0438\u043d\u0443 \u043e\u043a\u043e\u043b\u043e 13 \u043c (42 \u0444\u0443\u0442\u0430); \u0432\u043c\u0435\u0441\u0442\u0438\u043c\u043e\u0441\u0442\u044c \u043a\u043e\u0440\u0430\u0431\u043b\u044f \u0441\u043e\u0441\u0442\u0430\u0432\u043b\u044f\u043b\u0430 1719\u00a0\u0440\u0435\u0433\u0438\u0441\u0442\u0440\u043e\u0432\u044b\u0445 \u0442\u043e\u043d\u043d. \u041f\u0430\u0440\u043e\u0445\u043e\u0434 \u0438\u043c\u0435\u043b \u0442\u0440\u0438 \u043f\u0430\u043b\u0443\u0431\u044b. \u0421\u0443\u0434\u043d\u043e \u0431\u044b\u043b\u043e \u0441\u043f\u043e\u0441\u043e\u0431\u043d\u043e \u0440\u0430\u0437\u0432\u0438\u0432\u0430\u0442\u044c \u0441\u043a\u043e\u0440\u043e\u0441\u0442\u044c \u0434\u043e 23 \u043a\u043c\/\u0447. \u041f\u0430\u0440\u043e\u0445\u043e\u0434 \u0431\u044b\u043b \u0440\u0430\u0441\u0441\u0447\u0438\u0442\u0430\u043d \u043d\u0430 \u043f\u0435\u0440\u0435\u0432\u043e\u0437\u043a\u0443 \u0434\u043e 276 \u043a\u0430\u044e\u0442\u043d\u044b\u0445 \u0438 400 \u043f\u0430\u043b\u0443\u0431\u043d\u044b\u0445\u00a0\u043f\u0430\u0441\u0441\u0430\u0436\u0438\u0440\u043e\u0432. \u042d\u043a\u0438\u043f\u0430\u0436 \u043a\u043e\u0440\u0430\u0431\u043b\u044f \u0441\u043e\u0441\u0442\u0430\u0432\u043b\u044f\u043b 85 \u0447\u0435\u043b\u043e\u0432\u0435\u043a. \u041f\u0430\u0440\u043e\u0445\u043e\u0434 \u0441\u043e\u0432\u0435\u0440\u0448\u0430\u043b \u0440\u0435\u0433\u0443\u043b\u044f\u0440\u043d\u044b\u0435 \u0440\u0435\u0439\u0441\u044b.<\/p>\n<p>3D \u043f\u0430\u0437\u043b\u044b \u0443\u0434\u0438\u0432\u0438\u0442\u0435\u043b\u044c\u043d\u043e\u0435 \u0445\u043e\u0431\u0431\u0438 \u043a\u043e\u0442\u043e\u0440\u043e\u0435 \u0440\u0430\u0437\u0432\u0438\u0432\u0430\u0435\u0442 \u043d\u0435 \u0442\u043e\u043b\u044c\u043a\u043e \u043b\u043e\u0433\u0438\u0447\u0435\u0441\u043a\u043e\u0433\u043e \u043c\u044b\u0448\u043b\u0435\u043d\u0438\u044f, \u043c\u0435\u043b\u043a\u0443\u044e \u043c\u043e\u0442\u043e\u0440\u0438\u043a\u0443, \u0443\u0441\u0438\u0434\u0447\u0438\u0432\u043e\u0441\u0442\u0438 \u0438 \u0430\u043a\u043a\u0443\u0440\u0430\u0442\u043d\u043e\u0441\u0442\u044c, \u043d\u043e \u0438 \u0443\u0447\u0438\u0442 \u043c\u043d\u043e\u0433\u043e\u043c\u0443 \u0438\u043d\u0442\u0435\u0440\u0435\u0441\u043d\u043e\u043c\u0443 \u043e \u043c\u0438\u0440\u0435 \u0437\u0430 \u0432\u0435\u0441\u0435\u043b\u043e \u043f\u0440\u043e\u0432\u0435\u0434\u0435\u043d\u043d\u043e\u043c \u0432\u0440\u0435\u043c\u0435\u043d\u0438 \u0432 \u043a\u0440\u0443\u0433\u0443 \u0441\u0435\u043c\u044c\u0438.[trim][:ro_RO]<strong>Puzzle 3D Vaporul cu aburi \u201eMississippi\u201d, , de la CubicFun este un joc de puzzle foarte interesant pentru \u00eentreaga familie.<\/strong><\/p>\n<p>\u00cen timul jocului cu\u00a0 puzzle 3D \u00eempreun\u0103 cu copiii t\u0103i, le po\u021bi povesti c\u0103 vaporul cu aburi Mississippi este un vas cu aburi din lemn, construit \u00een Statele Unite ale Americii la un \u0219antier naval din Cincinnati, situat pe r\u00e2ul Ohio, \u00een 1863. La \u00eenceputul celei de-a doua jum\u0103tate a secolului al XIX-lea, vasul cu aburi era una dintre cele mai mari nave.\u00cen Statele Unite, cu o lungime de peste 79 m , o latime de aproximativ 13 m, capacitatea navei era de 1719 tone. Vaporul avea trei punti. Nava era capabila s\u0103 navigheze cu viteza 23 km\/h. Nava cu aburi a fost proiectat\u0103 s\u0103 transporte p\u00e2n\u0103 la 276 de pasageri \u00een cabine \u0219i 400 de pasageri pe punte. Echipajul navei avea 85 de marinari. Nava f\u0103cea c\u0103l\u0103torii regulate.<\/p>\n<p><strong>Puzzle-urile 3D<\/strong> sunt un hobby uimitor care dezvolt\u0103 nu numai g\u00e2ndirea logic\u0103, abilit\u0103\u021bile motorii fine, perseveren\u021ba \u0219i acurate\u021bea, dar \u00eenva\u021b\u0103 \u0219<\/p>\n","protected":false},"excerpt":{"rendered":"<p>[:ru_RU]3D \u043f\u0430\u0437\u043b \u041f\u0430\u0440\u043e\u0445\u043e\u0434\u201c\u041c\u0438\u0441\u0441\u0438\u0441\u0438\u043f\u0438&#8221; \u043e\u0442\u00a0 CubicFun \u043e\u0447\u0435\u043d\u044c \u0438\u043d\u0442\u0435\u0440\u0435\u0441\u043d\u0430\u044f \u0433\u043e\u043b\u043e\u0432\u043e\u043b\u043e\u043c\u043a\u0430 \u0434\u043b\u044f \u0432\u0441\u0435\u0439 \u0441\u0435\u043c\u044c\u0438.\u00a0 \u0412\u043c\u0435\u0441\u0442\u0435 \u0441\u043e\u0431\u0438\u0440\u0430\u044f 3D \u043f\u0430\u0437\u043b \u0441\u043e \u0441\u0432\u043e\u0438\u043c\u0438 \u0434\u0435\u0442\u044c\u043c\u0438, \u0432\u044b\u00a0 \u043c\u043e\u0436\u0435\u0442\u0435 \u0438\u043c \u0440\u0430\u0441\u0441\u043a\u0430\u0437\u0430\u0442\u044c \u043e \u0442\u043e\u043c \u0447\u0442\u043e \u041f\u0430\u0440\u043e\u0445\u043e\u0434\u201c\u041c\u0438\u0441\u0441\u0438\u0441\u0438\u043f\u0438&#8221; \u044d\u0442\u043e\u00a0\u0434\u0435\u0440\u0435\u0432\u044f\u043d\u043d\u044b\u0439 \u043a\u043e\u043b\u0451\u0441\u043d\u044b\u0439\u00a0\u043f\u0430\u0440\u043e\u0445\u043e\u0434, \u043f\u043e\u0441\u0442\u0440\u043e\u0435\u043d\u043d\u044b\u0439 \u0432\u00a0\u0421\u043e\u0435\u0434\u0438\u043d\u0451\u043d\u043d\u044b\u0445 \u0428\u0442\u0430\u0442\u0430\u0445 \u0410\u043c\u0435\u0440\u0438\u043a\u0438\u00a0\u043d\u0430\u00a0\u0432\u0435\u0440\u0444\u0438\u00a0\u0432\u00a0\u0426\u0438\u043d\u0446\u0438\u043d\u043d\u0430\u0442\u0438, \u0440\u0430\u0441\u043f\u043e\u043b\u043e\u0436\u0435\u043d\u043d\u043e\u0439 \u043d\u0430 \u0440\u0435\u043a\u0435\u00a0\u041e\u0433\u0430\u0439\u043e, \u0432 1863 \u0433\u043e\u0434\u0443. \u0412 \u043d\u0430\u0447\u0430\u043b\u0435 \u0432\u0442\u043e\u0440\u043e\u0439 \u043f\u043e\u043b\u043e\u0432\u0438\u043d\u044b\u00a0XIX \u0432\u0435\u043a\u0430 \u043f\u0430\u0440\u043e\u0445\u043e\u0434 \u044f\u0432\u043b\u044f\u043b\u0441\u044f \u043e\u0434\u043d\u0438\u043c \u0438\u0437 \u0441\u0430\u043c\u044b\u0445 \u0431\u043e\u043b\u044c\u0448\u0438\u0445 \u0441\u0443\u0434\u043e\u0432 \u0421\u0428\u0410, \u0438\u043c\u0435\u044f \u0434\u043b\u0438\u043d\u0443 \u0441\u0432\u044b\u0448\u0435 79 [&hellip;]<\/p>\n","protected":false},"featured_media":48875,"comment_status":"open","ping_status":"closed","template":"","meta":{"_acf_changed":false},"product_brand":[],"product_cat":[6713],"product_tag":[],"class_list":{"0":"post-48880","1":"product","2":"type-product","3":"status-publish","4":"has-post-thumbnail","6":"product_cat-ru_ru-pazly-i-mozaiki-trim","8":"first","9":"instock","10":"shipping-taxable","11":"purchasable","12":"product-type-simple"},"acf":[],"_links":{"self":[{"href":"https:\/\/minimax.md\/ru\/wp-json\/wp\/v2\/product\/48880","targetHints":{"allow":["GET"]}}],"collection":[{"href":"https:\/\/minimax.md\/ru\/wp-json\/wp\/v2\/product"}],"about":[{"href":"https:\/\/minimax.md\/ru\/wp-json\/wp\/v2\/types\/product"}],"replies":[{"embeddable":true,"href":"https:\/\/minimax.md\/ru\/wp-json\/wp\/v2\/comments?post=48880"}],"version-history":[{"count":0,"href":"https:\/\/minimax.md\/ru\/wp-json\/wp\/v2\/product\/48880\/revisions"}],"wp:featuredmedia":[{"embeddable":true,"href":"https:\/\/minimax.md\/ru\/wp-json\/wp\/v2\/media\/48875"}],"wp:attachment":[{"href":"https:\/\/minimax.md\/ru\/wp-json\/wp\/v2\/media?parent=48880"}],"wp:term":[{"taxonomy":"product_brand","embeddable":true,"href":"https:\/\/minimax.md\/ru\/wp-json\/wp\/v2\/product_brand?post=48880"},{"taxonomy":"product_cat","embeddable":true,"href":"https:\/\/minimax.md\/ru\/wp-json\/wp\/v2\/product_cat?post=48880"},{"taxonomy":"product_tag","embeddable":true,"href":"https:\/\/minimax.md\/ru\/wp-json\/wp\/v2\/product_tag?post=48880"}],"curies":[{"name":"wp","href":"https:\/\/api.w.org\/{rel}","templated":true}]}}