{"id":48921,"date":"2024-02-18T09:01:13","date_gmt":"2024-02-18T06:01:13","guid":{"rendered":"https:\/\/minimax.md\/product\/48921.html"},"modified":"2024-02-21T09:03:49","modified_gmt":"2024-02-21T06:03:49","slug":"ru_ru-konstruktor-atomic-storm-outpost-trim-ro_ro-set-de-construc-ie-avanpost-501-elem","status":"publish","type":"product","link":"https:\/\/minimax.md\/ru\/product\/48921.html","title":{"rendered":"\u041a\u041e\u041d\u0421\u0422\u0420\u0423\u041a\u0422\u041e\u0420 Atomic Storm \u2014 Outpost"},"content":{"rendered":"<p>[:ru_RU]\u041a\u043e\u043d\u0441\u0442\u0440\u0443\u043a\u0442\u043e\u0440 Sluban Atomic Storm \u201c\u0417\u0430\u0441\u0442\u0430\u0432\u0430\u201d, \u043f\u043e\u0437\u0432\u043e\u043b\u0438\u0442 \u0441\u043e\u0431\u0441\u0442\u0432\u0435\u043d\u043d\u044b\u043c\u0438 \u0440\u0443\u043a\u0430\u043c\u0438 \u0441\u043e\u0431\u0440\u0430\u0442\u044c \u043c\u043e\u0434\u0435\u043b\u044c \u043a\u043e\u0441\u043c\u0438\u0447\u0435\u0441\u043a\u043e\u0439 \u0437\u0430\u0441\u0442\u0430\u0432\u044b . \u0412 \u043a\u043e\u043c\u043f\u043b\u0435\u043a\u0442\u0435 \u0435\u0441\u0442\u044c 4 \u043c\u0438\u043d\u0438\u0444\u0438\u0433\u0443\u0440\u043a\u0438. \u0414\u0435\u0442\u0430\u043b\u0438 \u0438\u0437\u0433\u043e\u0442\u043e\u0432\u043b\u0435\u043d\u043d\u044b\u0445 \u0438\u0437 \u0432\u044b\u0441\u043e\u043a\u043e\u043a\u0430\u0447\u0435\u0441\u0442\u0432\u0435\u043d\u043d\u043e\u0439 \u043f\u043b\u0430\u0441\u0442\u043c\u0430\u0441\u0441\u044b, \u0432\u0441\u0435 \u044d\u043b\u0435\u043c\u0435\u043d\u0442\u044b \u043a\u043e\u043d\u0441\u0442\u0440\u0443\u043a\u0442\u043e\u0440\u0430 \u043d\u0430\u0434\u0451\u0436\u043d\u043e \u0441\u043e\u0435\u0434\u0438\u043d\u044f\u044e\u0442\u0441\u044f \u043c\u0435\u0436\u0434\u0443 \u0441\u043e\u0431\u043e\u0439 \u0438 \u0440\u0430\u0437\u0431\u0438\u0440\u0430\u044e\u0442\u0441\u044f \u0431\u0435\u0437 \u043e\u0441\u043e\u0431\u043e\u0433\u043e \u0442\u0440\u0443\u0434\u0430. \u041d\u0430\u0431\u043e\u0440 \u0441\u043e\u0432\u043c\u0435\u0441\u0442\u0438\u043c \u0441 \u043c\u043e\u0434\u0435\u043b\u044f\u043c\u0438 \u043a\u043e\u043d\u0441\u0442\u0440\u0443\u043a\u0442\u043e\u0440\u043e\u0432 \u043c\u0438\u0440\u043e\u0432\u044b\u0445 \u043f\u0440\u043e\u0438\u0437\u0432\u043e\u0434\u0438\u0442\u0435\u043b\u0435\u0439, \u0432 \u0442\u043e\u043c \u0447\u0438\u0441\u043b\u0435 \u0441 \u041b\u0435\u0433\u043e.\u00a0<\/p>\n<p> \t\u041a\u043e\u043b\u0438\u0447\u0435\u0441\u0442\u0432\u043e \u0434\u0435\u0442\u0430\u043b\u0435\u0439: 501<br \/>\n \t\u0420\u0435\u0431\u0435\u043d\u043e\u043a \u043d\u0435 \u0442\u043e\u043b\u044c\u043a\u043e \u043d\u0430\u0441\u043b\u0430\u0434\u0438\u0442\u0441\u044f \u043f\u0440\u043e\u0446\u0435\u0441\u0441\u043e\u043c \u0441\u0431\u043e\u0440\u043a\u0438, \u043d\u043e \u0438 \u0441\u043c\u043e\u0436\u0435\u0442 \u043f\u043e\u0438\u0433\u0440\u0430\u0442\u044c \u0441 \u0433\u043e\u0442\u043e\u0432\u043e\u0439 \u043c\u043e\u0434\u0435\u043b\u044c\u043a\u043e\u0439.<br \/>\n \t\u0414\u043b\u0438\u043d\u0430 \u0441\u043e\u0431\u0440\u0430\u043d\u043d\u043e\u0439 \u043c\u043e\u0434\u0435\u043b\u0438: 26,5 \u0441\u043c<\/p>\n<p>\u041a\u043e\u043d\u0441\u0442\u0440\u0443\u043a\u0442\u043e\u0440 \u2013 \u043f\u0440\u0435\u043a\u0440\u0430\u0441\u043d\u0430\u044f \u0440\u0430\u0437\u0432\u0438\u0432\u0430\u044e\u0449\u0430\u044f \u0438\u0433\u0440\u0443\u0448\u043a\u0430. \u0425\u043e\u0440\u043e\u0448\u0438\u0439 \u0434\u0435\u0442\u0441\u043a\u0438\u0439 \u043a\u043e\u043d\u0441\u0442\u0440\u0443\u043a\u0442\u043e\u0440 \u043e\u0442\u043a\u0440\u044b\u0432\u0430\u0435\u0442 \u043f\u0440\u043e\u0441\u0442\u043e\u0440 \u0434\u043b\u044f \u0442\u0432\u043e\u0440\u0447\u0435\u0441\u0442\u0432\u0430, \u0434\u0430\u0435\u0442 \u0440\u0435\u0431\u0435\u043d\u043a\u0443 \u0432\u043e\u0437\u043c\u043e\u0436\u043d\u043e\u0441\u0442\u044c \u043f\u0440\u043e\u044f\u0432\u0438\u0442\u044c \u0441\u0432\u043e\u0438 \u0441\u043f\u043e\u0441\u043e\u0431\u043d\u043e\u0441\u0442\u0438 \u0438 \u043f\u043e\u043c\u043e\u0433\u0430\u0435\u0442 \u0440\u0430\u0437\u0432\u0438\u0432\u0430\u0442\u044c \u0438\u0445. \u0418\u0437\u0434\u0435\u043b\u0438\u0435 \u0438\u0437\u0433\u043e\u0442\u043e\u0432\u043b\u0435\u043d\u043e \u0438\u0437 \u044d\u043a\u043e\u043b\u043e\u0433\u0438\u0447\u0435\u0441\u043a\u043e\u0433\u043e \u043f\u043b\u0430\u0441\u0442\u0438\u043a\u0430, \u0441\u043e\u043e\u0442\u0432\u0435\u0442\u0441\u0442\u0432\u0443\u0435\u0442 \u0441\u0430\u043d\u0438\u0442\u0430\u0440\u043d\u043e-\u0442\u0435\u0445\u043d\u0438\u0447\u0435\u0441\u043a\u0438\u043c \u043d\u043e\u0440\u043c\u0430\u043c \u0438 \u0441\u0442\u0430\u043d\u0434\u0430\u0440\u0442\u0430\u043c \u043a\u0430\u0447\u0435\u0441\u0442\u0432\u0430.<\/p>\n<p>\u041a\u043e\u043d\u0441\u0442\u0440\u0443\u043a\u0442\u043e\u0440 Sluban \u2013 \u044d\u0442\u043e \u043f\u0440\u0435\u043a\u0440\u0430\u0441\u043d\u044b\u0439 \u043f\u043e\u0434\u0430\u0440\u043e\u043a \u0434\u043b\u044f \u0440\u0435\u0431\u0435\u043d\u043a\u0430. \u0421\u043e\u0431\u0438\u0440\u0430\u0442\u044c \u043a\u043e\u043d\u0441\u0442\u0440\u0443\u043a\u0442\u043e\u0440 \u2013 \u0443\u0432\u043b\u0435\u043a\u0430\u0442\u0435\u043b\u044c\u043d\u043e\u0435 \u0437\u0430\u043d\u044f\u0442\u0438\u0435, \u043a\u0430\u043a \u0434\u043b\u044f \u043c\u0430\u043b\u044c\u0447\u0438\u043a\u0430, \u0442\u0430\u043a \u0438 \u0434\u043b\u044f \u0434\u0435\u0432\u043e\u0447\u043a\u0438. \u0420\u0435\u0431\u0435\u043d\u043e\u043a \u043c\u043e\u0436\u0435\u0442 \u043f\u043e\u0441\u0442\u0440\u043e\u0438\u0442\u044c \u0441\u0432\u043e\u0438\u043c\u0438 \u0440\u0443\u043a\u0430\u043c\u0438 \u043c\u0430\u0448\u0438\u043d\u043a\u0443, \u0437\u0430\u043c\u043e[trim][:ro_RO]<strong>Setul de construc\u021bie de la Sluban Atomic Storm Set de construc\u021bie \u201eAvanpost\u201d, v\u0103 permite s\u0103 asambla\u021bi un model a unui avanpost cosmic. Setul include 4 minifigurine. Piesele din plastic sunt de \u00eenalt\u0103 calitate, toate elementele designului se unesc \u00een mod fiabil \u00eentre ele \u0219i pot fi demontate u\u0219or. Setul este compatibil cu modele de construc\u021bie de la produc\u0103tori mondiali, inclusiv Lego.<\/strong><\/p>\n<ul>\n<li>Num\u0103r de piese: 501<\/li>\n<li>Copilul nu numai c\u0103 se va bucura de procesul de asamblare, dar se va putea juca \u0219i cu modelul finisat.<\/li>\n<li>Lungimea modelului asamblat: 26,5 \u0441m<\/li>\n<\/ul>\n<p>Constructorul este o juc\u0103rie educa\u021bional\u0103 minunat\u0103. Un set bun de construc\u021bie pentru copii deschide spa\u021biu pentru creativitate, ofer\u0103 copilului posibilitatea de a-\u0219i ar\u0103ta abilit\u0103\u021bile \u0219i ajut\u0103 la dezvoltarea acestora. Produsul este fabricat din plastic ecologic \u0219i respect\u0103 standardele sanitare \u0219i tehnice \u0219i standardele de calitate.<\/p>\n<p><em>Setul de construc\u021bie Sluban este un cadou minunat pentru un copil. As<\/p>\n","protected":false},"excerpt":{"rendered":"<p>[:ru_RU]\u041a\u043e\u043d\u0441\u0442\u0440\u0443\u043a\u0442\u043e\u0440 Sluban Atomic Storm \u201c\u0417\u0430\u0441\u0442\u0430\u0432\u0430\u201d, \u043f\u043e\u0437\u0432\u043e\u043b\u0438\u0442 \u0441\u043e\u0431\u0441\u0442\u0432\u0435\u043d\u043d\u044b\u043c\u0438 \u0440\u0443\u043a\u0430\u043c\u0438 \u0441\u043e\u0431\u0440\u0430\u0442\u044c \u043c\u043e\u0434\u0435\u043b\u044c \u043a\u043e\u0441\u043c\u0438\u0447\u0435\u0441\u043a\u043e\u0439 \u0437\u0430\u0441\u0442\u0430\u0432\u044b . \u0412 \u043a\u043e\u043c\u043f\u043b\u0435\u043a\u0442\u0435 \u0435\u0441\u0442\u044c 4 \u043c\u0438\u043d\u0438\u0444\u0438\u0433\u0443\u0440\u043a\u0438. \u0414\u0435\u0442\u0430\u043b\u0438 \u0438\u0437\u0433\u043e\u0442\u043e\u0432\u043b\u0435\u043d\u043d\u044b\u0445 \u0438\u0437 \u0432\u044b\u0441\u043e\u043a\u043e\u043a\u0430\u0447\u0435\u0441\u0442\u0432\u0435\u043d\u043d\u043e\u0439 \u043f\u043b\u0430\u0441\u0442\u043c\u0430\u0441\u0441\u044b, \u0432\u0441\u0435 \u044d\u043b\u0435\u043c\u0435\u043d\u0442\u044b \u043a\u043e\u043d\u0441\u0442\u0440\u0443\u043a\u0442\u043e\u0440\u0430 \u043d\u0430\u0434\u0451\u0436\u043d\u043e \u0441\u043e\u0435\u0434\u0438\u043d\u044f\u044e\u0442\u0441\u044f \u043c\u0435\u0436\u0434\u0443 \u0441\u043e\u0431\u043e\u0439 \u0438 \u0440\u0430\u0437\u0431\u0438\u0440\u0430\u044e\u0442\u0441\u044f \u0431\u0435\u0437 \u043e\u0441\u043e\u0431\u043e\u0433\u043e \u0442\u0440\u0443\u0434\u0430. \u041d\u0430\u0431\u043e\u0440 \u0441\u043e\u0432\u043c\u0435\u0441\u0442\u0438\u043c \u0441 \u043c\u043e\u0434\u0435\u043b\u044f\u043c\u0438 \u043a\u043e\u043d\u0441\u0442\u0440\u0443\u043a\u0442\u043e\u0440\u043e\u0432 \u043c\u0438\u0440\u043e\u0432\u044b\u0445 \u043f\u0440\u043e\u0438\u0437\u0432\u043e\u0434\u0438\u0442\u0435\u043b\u0435\u0439, \u0432 \u0442\u043e\u043c \u0447\u0438\u0441\u043b\u0435 \u0441 \u041b\u0435\u0433\u043e.\u00a0 \u041a\u043e\u043b\u0438\u0447\u0435\u0441\u0442\u0432\u043e \u0434\u0435\u0442\u0430\u043b\u0435\u0439: 501 \u0420\u0435\u0431\u0435\u043d\u043e\u043a \u043d\u0435 \u0442\u043e\u043b\u044c\u043a\u043e \u043d\u0430\u0441\u043b\u0430\u0434\u0438\u0442\u0441\u044f \u043f\u0440\u043e\u0446\u0435\u0441\u0441\u043e\u043c [&hellip;]<\/p>\n","protected":false},"featured_media":48917,"comment_status":"open","ping_status":"closed","template":"","meta":{"_acf_changed":false},"product_brand":[],"product_cat":[6711],"product_tag":[],"class_list":{"0":"post-48921","1":"product","2":"type-product","3":"status-publish","4":"has-post-thumbnail","6":"product_cat-ru_ru-konstruktory-trim-ro_","8":"first","9":"instock","10":"shipping-taxable","11":"purchasable","12":"product-type-simple"},"acf":[],"_links":{"self":[{"href":"https:\/\/minimax.md\/ru\/wp-json\/wp\/v2\/product\/48921","targetHints":{"allow":["GET"]}}],"collection":[{"href":"https:\/\/minimax.md\/ru\/wp-json\/wp\/v2\/product"}],"about":[{"href":"https:\/\/minimax.md\/ru\/wp-json\/wp\/v2\/types\/product"}],"replies":[{"embeddable":true,"href":"https:\/\/minimax.md\/ru\/wp-json\/wp\/v2\/comments?post=48921"}],"version-history":[{"count":0,"href":"https:\/\/minimax.md\/ru\/wp-json\/wp\/v2\/product\/48921\/revisions"}],"wp:featuredmedia":[{"embeddable":true,"href":"https:\/\/minimax.md\/ru\/wp-json\/wp\/v2\/media\/48917"}],"wp:attachment":[{"href":"https:\/\/minimax.md\/ru\/wp-json\/wp\/v2\/media?parent=48921"}],"wp:term":[{"taxonomy":"product_brand","embeddable":true,"href":"https:\/\/minimax.md\/ru\/wp-json\/wp\/v2\/product_brand?post=48921"},{"taxonomy":"product_cat","embeddable":true,"href":"https:\/\/minimax.md\/ru\/wp-json\/wp\/v2\/product_cat?post=48921"},{"taxonomy":"product_tag","embeddable":true,"href":"https:\/\/minimax.md\/ru\/wp-json\/wp\/v2\/product_tag?post=48921"}],"curies":[{"name":"wp","href":"https:\/\/api.w.org\/{rel}","templated":true}]}}