{"id":49015,"date":"2024-02-18T09:01:36","date_gmt":"2024-02-18T06:01:36","guid":{"rendered":"https:\/\/minimax.md\/product\/49015.html"},"modified":"2024-02-21T09:04:04","modified_gmt":"2024-02-21T06:04:04","slug":"ru_ru-muzykalnaja-kukla-v-golubom-plate-i-v-bluzke-s-serdechkami-trim-ro_ro-p-pu-muzical-n-rochi-albastr-i-bluzi-cu-inimioare","status":"publish","type":"product","link":"https:\/\/minimax.md\/ru\/product\/49015.html","title":{"rendered":"\u041c\u0443\u0437\u044b\u043a\u0430\u043b\u044c\u043d\u0430\u044f \u043a\u0443\u043a\u043b\u0430 \u0432 \u0433\u043e\u043b\u0443\u0431\u043e\u043c \u043f\u043b\u0430\u0442\u044c\u0435 \u0438 \u0432 \u0431\u043b\u0443\u0437\u043a\u0435 \u0441 \u0441\u0435\u0440\u0434\u0435\u0447\u043a\u0430\u043c\u0438"},"content":{"rendered":"<p>[:ru_RU]\u041e\u0447\u0430\u0440\u043e\u0432\u0430\u0442\u0435\u043b\u044c\u043d\u044b\u0439 \u043f\u0443\u043f\u0441 \u0441 \u0431\u0443\u0442\u044b\u043b\u043e\u0447\u043a\u043e\u0439 \u0432\u044b\u0433\u043b\u044f\u0434\u0438\u0442 \u043a\u0430\u043a \u043d\u0430\u0441\u0442\u043e\u044f\u0449\u0438\u0439 \u043c\u0430\u043b\u044b\u0448! \u041e\u043d \u043f\u044c\u0435\u0442 \u0438\u0437 \u0431\u0443\u0442\u044b\u043b\u043e\u0447\u043a\u0438 \u0438 \u0438\u0437\u0434\u0430\u0435\u0442 \u0437\u0432\u0443\u043a\u0438.<\/p>\n<p>\u0418\u0433\u0440\u044b \u0441 \u043f\u0443\u043f\u0441\u043e\u043c \u0441\u0442\u0430\u043d\u0443\u0442 \u043b\u044e\u0431\u0438\u043c\u044b\u043c \u0440\u0430\u0437\u0432\u043b\u0435\u0447\u0435\u043d\u0438\u0435\u043c, \u043a\u043e\u0442\u043e\u0440\u043e\u0435 \u043a \u0442\u043e\u043c\u0443 \u0436\u0435 \u043f\u043e\u043c\u043e\u0436\u0435\u0442 \u0440\u0430\u0437\u0432\u0438\u0442\u044c \u0444\u0430\u043d\u0442\u0430\u0437\u0438\u044e \u0438 \u043f\u0440\u0438\u0443\u0447\u0438\u0442\u044c \u043a \u0437\u0430\u0431\u043e\u0442\u0435 \u0438 \u043e\u0442\u0432\u0435\u0442\u0441\u0442\u0432\u0435\u043d\u043d\u043e\u0441\u0442\u0438. \u041c\u0443\u0437\u044b\u043a\u0430\u043b\u044c\u043d\u0430\u044f \u043a\u0443\u043a\u043b\u0430 \u0432 \u0433\u043e\u043b\u0443\u0431\u043e\u043c \u043f\u043b\u0430\u0442\u044c\u0435 \u0438 \u0432 \u0431\u043b\u0443\u0437\u043a\u0435 \u0441 \u0441\u0435\u0440\u0434\u0435\u0447\u043a\u0430\u043c\u0438 \u0438\u0434\u0435\u0442 \u0432 \u043a\u043e\u043c\u043f\u043b\u0435\u043a\u0442\u0435 \u0441 \u0430\u043a\u0441\u0435\u0441\u0441\u0443\u0430\u0440\u0430\u043c\u0438: \u0431\u0443\u0442\u044b\u043b\u043e\u0447\u043a\u0430, \u043d\u0430\u0433\u0440\u0443\u0434\u043d\u0438\u043a, \u043f\u043e\u0441\u0443\u0434\u0430.<\/p>\n<p>\u0412\u044b\u0441\u043e\u0442\u0430 \u0438\u0433\u0440\u0443\u0448\u043a\u0438 \u0441\u043e\u0441\u0442\u0430\u0432\u043b\u044f\u0435\u0442 22 \u0441\u043c.<\/p>\n<p>&nbsp;[trim][:ro_RO]P\u0103pu\u0219a adorabil\u0103 cu biberon \u00eembr\u0103cat \u00een salopet\u0103 arat\u0103 ca un bebelu\u0219 adev\u0103rat! Bea din sticlu\u021ba sa \u0219i scoate sunete.<\/p>\n<p>Jocurile cu o p\u0103pu\u0219\u0103 sunt preferatele copiilor, acestea ajut\u0103 la dezvoltarea imagina\u021biei, responsabilit\u0103\u021bii.<\/p>\n<p>P\u0103pu\u0219a muzical\u0103 este \u00eembr\u0103cat\u0103 \u00een rochi\u021b\u0103 albastr\u0103 \u0219i bluzi\u021b\u0103 cu inimioare \u0219i are ca accesorii: o sticl\u0103, o bavet\u0103, vase. \u00cen\u0103l\u021bimea juc\u0103riei este de 22 cm.<\/p>\n","protected":false},"excerpt":{"rendered":"<p>[:ru_RU]\u041e\u0447\u0430\u0440\u043e\u0432\u0430\u0442\u0435\u043b\u044c\u043d\u044b\u0439 \u043f\u0443\u043f\u0441 \u0441 \u0431\u0443\u0442\u044b\u043b\u043e\u0447\u043a\u043e\u0439 \u0432\u044b\u0433\u043b\u044f\u0434\u0438\u0442 \u043a\u0430\u043a \u043d\u0430\u0441\u0442\u043e\u044f\u0449\u0438\u0439 \u043c\u0430\u043b\u044b\u0448! \u041e\u043d \u043f\u044c\u0435\u0442 \u0438\u0437 \u0431\u0443\u0442\u044b\u043b\u043e\u0447\u043a\u0438 \u0438 \u0438\u0437\u0434\u0430\u0435\u0442 \u0437\u0432\u0443\u043a\u0438. \u0418\u0433\u0440\u044b \u0441 \u043f\u0443\u043f\u0441\u043e\u043c \u0441\u0442\u0430\u043d\u0443\u0442 \u043b\u044e\u0431\u0438\u043c\u044b\u043c \u0440\u0430\u0437\u0432\u043b\u0435\u0447\u0435\u043d\u0438\u0435\u043c, \u043a\u043e\u0442\u043e\u0440\u043e\u0435 \u043a \u0442\u043e\u043c\u0443 \u0436\u0435 \u043f\u043e\u043c\u043e\u0436\u0435\u0442 \u0440\u0430\u0437\u0432\u0438\u0442\u044c \u0444\u0430\u043d\u0442\u0430\u0437\u0438\u044e \u0438 \u043f\u0440\u0438\u0443\u0447\u0438\u0442\u044c \u043a \u0437\u0430\u0431\u043e\u0442\u0435 \u0438 \u043e\u0442\u0432\u0435\u0442\u0441\u0442\u0432\u0435\u043d\u043d\u043e\u0441\u0442\u0438. \u041c\u0443\u0437\u044b\u043a\u0430\u043b\u044c\u043d\u0430\u044f \u043a\u0443\u043a\u043b\u0430 \u0432 \u0433\u043e\u043b\u0443\u0431\u043e\u043c \u043f\u043b\u0430\u0442\u044c\u0435 \u0438 \u0432 \u0431\u043b\u0443\u0437\u043a\u0435 \u0441 \u0441\u0435\u0440\u0434\u0435\u0447\u043a\u0430\u043c\u0438 \u0438\u0434\u0435\u0442 \u0432 \u043a\u043e\u043c\u043f\u043b\u0435\u043a\u0442\u0435 \u0441 \u0430\u043a\u0441\u0435\u0441\u0441\u0443\u0430\u0440\u0430\u043c\u0438: \u0431\u0443\u0442\u044b\u043b\u043e\u0447\u043a\u0430, \u043d\u0430\u0433\u0440\u0443\u0434\u043d\u0438\u043a, \u043f\u043e\u0441\u0443\u0434\u0430. \u0412\u044b\u0441\u043e\u0442\u0430 \u0438\u0433\u0440\u0443\u0448\u043a\u0438 \u0441\u043e\u0441\u0442\u0430\u0432\u043b\u044f\u0435\u0442 [&hellip;]<\/p>\n","protected":false},"featured_media":49013,"comment_status":"open","ping_status":"closed","template":"","meta":{"_acf_changed":false},"product_brand":[],"product_cat":[6697],"product_tag":[],"class_list":{"0":"post-49015","1":"product","2":"type-product","3":"status-publish","4":"has-post-thumbnail","6":"product_cat-ru_ru-kukly-trim-ro_ro-p-pu","8":"first","9":"instock","10":"shipping-taxable","11":"purchasable","12":"product-type-simple"},"acf":[],"_links":{"self":[{"href":"https:\/\/minimax.md\/ru\/wp-json\/wp\/v2\/product\/49015","targetHints":{"allow":["GET"]}}],"collection":[{"href":"https:\/\/minimax.md\/ru\/wp-json\/wp\/v2\/product"}],"about":[{"href":"https:\/\/minimax.md\/ru\/wp-json\/wp\/v2\/types\/product"}],"replies":[{"embeddable":true,"href":"https:\/\/minimax.md\/ru\/wp-json\/wp\/v2\/comments?post=49015"}],"version-history":[{"count":0,"href":"https:\/\/minimax.md\/ru\/wp-json\/wp\/v2\/product\/49015\/revisions"}],"wp:featuredmedia":[{"embeddable":true,"href":"https:\/\/minimax.md\/ru\/wp-json\/wp\/v2\/media\/49013"}],"wp:attachment":[{"href":"https:\/\/minimax.md\/ru\/wp-json\/wp\/v2\/media?parent=49015"}],"wp:term":[{"taxonomy":"product_brand","embeddable":true,"href":"https:\/\/minimax.md\/ru\/wp-json\/wp\/v2\/product_brand?post=49015"},{"taxonomy":"product_cat","embeddable":true,"href":"https:\/\/minimax.md\/ru\/wp-json\/wp\/v2\/product_cat?post=49015"},{"taxonomy":"product_tag","embeddable":true,"href":"https:\/\/minimax.md\/ru\/wp-json\/wp\/v2\/product_tag?post=49015"}],"curies":[{"name":"wp","href":"https:\/\/api.w.org\/{rel}","templated":true}]}}