{"id":49026,"date":"2024-02-18T09:01:38","date_gmt":"2024-02-18T06:01:38","guid":{"rendered":"https:\/\/minimax.md\/product\/49026.html"},"modified":"2024-02-21T09:03:46","modified_gmt":"2024-02-21T06:03:46","slug":"ru_ru-3d-pazl-tortuga-piratskaja-buhta-218-jelementov-trim-ro_ro-3d-puzzle-tortuga-golful-pira-ilor-218-elemente","status":"publish","type":"product","link":"https:\/\/minimax.md\/ru\/product\/49026.html","title":{"rendered":"3D \u043f\u0430\u0437\u043b \u201c\u0422\u043e\u0440\u0442\u0443\u0433\u0430. \u041f\u0438\u0440\u0430\u0442\u0441\u043a\u0430\u044f \u0431\u0443\u0445\u0442\u0430\u201d, 218 \u044d\u043b\u0435\u043c\u0435\u043d\u0442\u043e\u0432"},"content":{"rendered":"<p>[:ru_RU]3D \u043f\u0430\u0437\u043b \u043f\u0440\u0435\u0434\u043d\u0430\u0437\u043d\u0430\u0447\u0435\u043d \u0434\u043b\u044f \u043b\u044e\u0431\u0438\u0442\u0435\u043b\u0435\u0439 \u0433\u043e\u043b\u043e\u0432\u043e\u043b\u043e\u043c\u043e\u043a.<\/p>\n<p>\u041e\u0442\u043a\u0440\u043e\u0439\u0442\u0435 \u0434\u043b\u044f \u0441\u0435\u0431\u044f \u043a\u0430\u044e\u0442\u0443 \u043a\u0430\u043f\u0438\u0442\u0430\u043d\u0430, \u043a\u0443\u0445\u043d\u044e, \u0441\u043f\u0430\u043b\u044c\u043d\u0438, \u0434\u043e\u043a \u0441\u043d\u0430\u0431\u0436\u0435\u043d\u0438\u044f, \u0442\u044e\u0440\u0435\u043c\u043d\u0443\u044e \u043a\u0430\u043c\u0435\u0440\u0443, \u0442\u0430\u0432\u0435\u0440\u043d\u0443 \u0438 \u0441\u043f\u0440\u044f\u0442\u0430\u043d\u043d\u044b\u0435 \u0441\u043e\u043a\u0440\u043e\u0432\u0438\u0449\u0430, \u0430 \u0442\u0430\u043a\u0436\u0435 \u043c\u043d\u043e\u0436\u0435\u0441\u0442\u0432\u043e \u0437\u0430\u0431\u0430\u0432\u043d\u044b\u0445 \u0430\u043a\u0441\u0435\u0441\u0441\u0443\u0430\u0440\u043e\u0432. \u041e\u0442\u043a\u0440\u044b\u0432\u0430\u044e\u0449\u0438\u0439\u0441\u044f \u043a\u043e\u0440\u043f\u0443\u0441 \u0441 \u0434\u0435\u0442\u0430\u043b\u044f\u043c\u0438 \u0440\u0430\u0441\u043f\u0430\u0434\u0430 \u0438 \u0440\u0430\u0437\u0440\u0443\u0448\u0435\u043d\u0438\u044f, \u0435\u0449\u0435 \u0434\u0432\u0435 \u043c\u0430\u0447\u0442\u044b \u0438 \u043e\u0431\u043e\u0440\u0432\u0430\u043d\u043d\u044b\u0435 \u043f\u0430\u0440\u0443\u0441\u0430, \u0434\u0435\u0442\u0430\u043b\u044c\u043d\u043e \u043f\u0440\u043e\u0440\u0430\u0431\u043e\u0442\u0430\u043d\u043d\u044b\u0439 \u043a\u0432\u0430\u0440\u0442\u0435\u0440\u0434\u0435\u043a, \u0430 \u0442\u0430\u043a\u0436\u0435 \u0434\u0432\u0435 \u043b\u043e\u0434\u043a\u0438 \u0438 \u0434\u043e\u043f\u043e\u043b\u043d\u0438\u0442\u0435\u043b\u044c\u043d\u044b\u0435 \u044d\u043b\u0435\u043c\u0435\u043d\u0442\u044b \u043e\u0436\u0438\u0432\u044f\u0442 \u0432\u0430\u0448\u0443 \u0442\u0440\u0435\u0445\u043c\u0435\u0440\u043d\u0443\u044e \u0433\u043e\u043b\u043e\u0432\u043e\u043b\u043e\u043c\u043a\u0443 \u0441 \u043f\u0438\u0440\u0430\u0442\u0441\u043a\u043e\u0439 \u0431\u0443\u0445\u0442\u043e\u0439.<\/p>\n<p>\u0427\u0442\u043e\u0431\u044b \u0432\u043e\u0441\u0441\u043e\u0437\u0434\u0430\u0442\u044c \u044d\u0442\u0443 \u0443\u0434\u0438\u0432\u0438\u0442\u0435\u043b\u044c\u043d\u0443\u044e \u043c\u043e\u0434\u0435\u043b\u044c \u0437\u0430\u0445\u0432\u0430\u0442\u044b\u0432\u0430\u044e\u0449\u0438\u043c \u0441\u043f\u043e\u0441\u043e\u0431\u043e\u043c, \u0440\u0430\u0437\u0432\u0438\u0442\u044c \u0442\u0432\u043e\u0440\u0447\u0435\u0441\u043a\u0438\u0439 \u043f\u043e\u0442\u0435\u043d\u0446\u0438\u0430\u043b \u0438 \u0441\u043e\u0441\u0440\u0435\u0434\u043e\u0442\u043e\u0447\u0438\u0442\u044c\u0441\u044f \u043d\u0430 \u0441\u043e\u0437\u0434\u0430\u043d\u0438\u0438 \u043a\u043e\u043b\u043b\u0435\u043a\u0446\u0438\u0438 \u043f\u0438\u0440\u0430\u0442\u0441\u043a\u043e\u0439 \u0441\u0435\u0440\u0438\u0438 \u0441\u0432\u043e\u0435\u0439 \u043c\u0435\u0447\u0442\u044b. \u042d\u0442\u043e\u0442 \u043f\u0438\u0440\u0430\u0442\u0441\u043a\u0438\u0439 \u043d\u0430\u0431\u043e\u0440 \u0438\u0437 218 \u0434\u0435\u0442\u0430\u043b\u0435\u0439 \u0441\u0442\u0430\u043d\u0435\u0442 \u043e\u0442\u043b\u0438\u0447\u043d\u044b\u043c \u043f\u043e\u0434\u0430\u0440\u043a\u043e\u043c \u043d\u0430 \u0434\u0435\u043d\u044c \u0440\u043e\u0436\u0434\u0435\u043d\u0438\u044f \u0438\u043b\u0438 \u0434\u0440\u0443\u0433\u043e\u0439 \u043f\u0440\u0430\u0437\u0434\u043d\u0438\u043a \u0434\u043b\u044f \u043f\u043e\u043a\u043b\u043e\u043d\u043d\u0438\u043a\u043e\u0432 \u043f\u0438\u0440\u0430\u0442\u043e\u0432. \u042d\u0442\u043e \u0434\u0430\u0441\u0442 \u0432\u0430\u043c \u0440\u0430\u0441\u0441\u043b\u0430\u0431\u043b\u044f\u044e\u0449\u0438\u0439 \u043e\u0442\u0434\u044b\u0445 \u043e\u0442 \u0435\u0436\u0435\u0434\u043d\u0435\u0432\u043d\u043e\u0439 \u0440\u0443\u0442\u0438\u043d\u044b \u0438 \u0447\u0430\u0441\u044b \u043e\u0441\u0432\u0435\u0436\u0430\u044e\u0449\u0435\u0433\u043e \u0442\u0432\u043e\u0440\u0447\u0435\u0441\u043a\u043e\u0433\u043e \u0432\u0435\u0441\u0435\u043b\u044c\u044f.[trim][:ro_RO]<strong>Puzzle 3D<\/strong> este conceput pentru iubitorii de puzzle-uri.<\/p>\n<p>Descoperi\u021bi camera c\u0103pitanului, buc\u0103t\u0103ria, dormitoarele, docul de aprovizionare, celula \u00eenchisorii, taverna \u0219i comorile ascunse, plus o mul\u021bime de accesorii distractive. O carcas\u0103 cu deschidere cu detalii de degradare \u0219i distrugere, \u00eenc\u0103 dou\u0103 catarge \u0219i p\u00e2nze rupte, un cartier detaliat, plus dou\u0103 b\u0103rci \u0219i elemente suplimentare dau via\u021b\u0103 puzzle-ului t\u0103u golf pira\u021bi 3D.<\/p>\n<p>Acest set de pira\u021bi de 218 piese este un cadou grozav de ziua de na\u0219tere sau cu orice alt\u0103 ocazie faniilor pira\u021bilor.<\/p>\n<p><strong>3D puzzle-ul<\/strong> v\u0103 va oferi o pauz\u0103 relaxant\u0103 de la rutina zilnic\u0103 \u0219i ore de distrac\u021bie creativ\u0103 r\u0103coritoare.<\/p>\n","protected":false},"excerpt":{"rendered":"<p>[:ru_RU]3D \u043f\u0430\u0437\u043b \u043f\u0440\u0435\u0434\u043d\u0430\u0437\u043d\u0430\u0447\u0435\u043d \u0434\u043b\u044f \u043b\u044e\u0431\u0438\u0442\u0435\u043b\u0435\u0439 \u0433\u043e\u043b\u043e\u0432\u043e\u043b\u043e\u043c\u043e\u043a. \u041e\u0442\u043a\u0440\u043e\u0439\u0442\u0435 \u0434\u043b\u044f \u0441\u0435\u0431\u044f \u043a\u0430\u044e\u0442\u0443 \u043a\u0430\u043f\u0438\u0442\u0430\u043d\u0430, \u043a\u0443\u0445\u043d\u044e, \u0441\u043f\u0430\u043b\u044c\u043d\u0438, \u0434\u043e\u043a \u0441\u043d\u0430\u0431\u0436\u0435\u043d\u0438\u044f, \u0442\u044e\u0440\u0435\u043c\u043d\u0443\u044e \u043a\u0430\u043c\u0435\u0440\u0443, \u0442\u0430\u0432\u0435\u0440\u043d\u0443 \u0438 \u0441\u043f\u0440\u044f\u0442\u0430\u043d\u043d\u044b\u0435 \u0441\u043e\u043a\u0440\u043e\u0432\u0438\u0449\u0430, \u0430 \u0442\u0430\u043a\u0436\u0435 \u043c\u043d\u043e\u0436\u0435\u0441\u0442\u0432\u043e \u0437\u0430\u0431\u0430\u0432\u043d\u044b\u0445 \u0430\u043a\u0441\u0435\u0441\u0441\u0443\u0430\u0440\u043e\u0432. \u041e\u0442\u043a\u0440\u044b\u0432\u0430\u044e\u0449\u0438\u0439\u0441\u044f \u043a\u043e\u0440\u043f\u0443\u0441 \u0441 \u0434\u0435\u0442\u0430\u043b\u044f\u043c\u0438 \u0440\u0430\u0441\u043f\u0430\u0434\u0430 \u0438 \u0440\u0430\u0437\u0440\u0443\u0448\u0435\u043d\u0438\u044f, \u0435\u0449\u0435 \u0434\u0432\u0435 \u043c\u0430\u0447\u0442\u044b \u0438 \u043e\u0431\u043e\u0440\u0432\u0430\u043d\u043d\u044b\u0435 \u043f\u0430\u0440\u0443\u0441\u0430, \u0434\u0435\u0442\u0430\u043b\u044c\u043d\u043e \u043f\u0440\u043e\u0440\u0430\u0431\u043e\u0442\u0430\u043d\u043d\u044b\u0439 \u043a\u0432\u0430\u0440\u0442\u0435\u0440\u0434\u0435\u043a, \u0430 \u0442\u0430\u043a\u0436\u0435 \u0434\u0432\u0435 \u043b\u043e\u0434\u043a\u0438 \u0438 \u0434\u043e\u043f\u043e\u043b\u043d\u0438\u0442\u0435\u043b\u044c\u043d\u044b\u0435 \u044d\u043b\u0435\u043c\u0435\u043d\u0442\u044b \u043e\u0436\u0438\u0432\u044f\u0442 \u0432\u0430\u0448\u0443 \u0442\u0440\u0435\u0445\u043c\u0435\u0440\u043d\u0443\u044e \u0433\u043e\u043b\u043e\u0432\u043e\u043b\u043e\u043c\u043a\u0443 \u0441 \u043f\u0438\u0440\u0430\u0442\u0441\u043a\u043e\u0439 [&hellip;]<\/p>\n","protected":false},"featured_media":49019,"comment_status":"open","ping_status":"closed","template":"","meta":{"_acf_changed":false},"product_brand":[],"product_cat":[6713],"product_tag":[],"class_list":{"0":"post-49026","1":"product","2":"type-product","3":"status-publish","4":"has-post-thumbnail","6":"product_cat-ru_ru-pazly-i-mozaiki-trim","8":"first","9":"instock","10":"shipping-taxable","11":"purchasable","12":"product-type-simple"},"acf":[],"_links":{"self":[{"href":"https:\/\/minimax.md\/ru\/wp-json\/wp\/v2\/product\/49026","targetHints":{"allow":["GET"]}}],"collection":[{"href":"https:\/\/minimax.md\/ru\/wp-json\/wp\/v2\/product"}],"about":[{"href":"https:\/\/minimax.md\/ru\/wp-json\/wp\/v2\/types\/product"}],"replies":[{"embeddable":true,"href":"https:\/\/minimax.md\/ru\/wp-json\/wp\/v2\/comments?post=49026"}],"version-history":[{"count":0,"href":"https:\/\/minimax.md\/ru\/wp-json\/wp\/v2\/product\/49026\/revisions"}],"wp:featuredmedia":[{"embeddable":true,"href":"https:\/\/minimax.md\/ru\/wp-json\/wp\/v2\/media\/49019"}],"wp:attachment":[{"href":"https:\/\/minimax.md\/ru\/wp-json\/wp\/v2\/media?parent=49026"}],"wp:term":[{"taxonomy":"product_brand","embeddable":true,"href":"https:\/\/minimax.md\/ru\/wp-json\/wp\/v2\/product_brand?post=49026"},{"taxonomy":"product_cat","embeddable":true,"href":"https:\/\/minimax.md\/ru\/wp-json\/wp\/v2\/product_cat?post=49026"},{"taxonomy":"product_tag","embeddable":true,"href":"https:\/\/minimax.md\/ru\/wp-json\/wp\/v2\/product_tag?post=49026"}],"curies":[{"name":"wp","href":"https:\/\/api.w.org\/{rel}","templated":true}]}}