{"id":49046,"date":"2024-02-18T09:01:50","date_gmt":"2024-02-18T06:01:50","guid":{"rendered":"https:\/\/minimax.md\/product\/49046.html"},"modified":"2024-02-21T09:04:04","modified_gmt":"2024-02-21T06:04:04","slug":"ru_ru-kukla-barbie-dreamtopia-princessa-v-assortimente-trim-ro_ro-papusa-barbie-dreamtopia-prin-es-n-asortiment","status":"publish","type":"product","link":"https:\/\/minimax.md\/ru\/product\/49046.html","title":{"rendered":"\u041a\u0443\u043a\u043b\u0430 Barbie Dreamtopia \"\u041f\u0440\u0438\u043d\u0446\u0435\u0441\u0441\u0430\", \u0432 \u0430\u0441\u0441\u043e\u0440\u0442\u0438\u043c\u0435\u043d\u0442\u0435"},"content":{"rendered":"<p>[:ru_RU]\u041a\u0443\u043a\u043b\u044b-\u043f\u0440\u0438\u043d\u0446\u0435\u0441\u0441\u044b \u0438\u0437 Barbie Dreamtopia \u0432\u043e\u043f\u043b\u043e\u0449\u0430\u044e\u0442 \u0432 \u0436\u0438\u0437\u043d\u044c \u0441\u043a\u0430\u0437\u043e\u0447\u043d\u044b\u0435 \u043c\u0435\u0447\u0442\u044b \u0432 \u0444\u0430\u043d\u0442\u0430\u0441\u0442\u0438\u0447\u0435\u0441\u043a\u0438\u0445 \u043e\u0431\u0440\u0430\u0437\u0430\u0445, \u043f\u043e\u0434\u0445\u043e\u0434\u044f\u0449\u0438\u0445 \u0434\u043b\u044f \u043a\u043e\u0440\u043e\u043b\u0435\u0432\u0441\u043a\u0438\u0445 \u043f\u0440\u0438\u043a\u043b\u044e\u0447\u0435\u043d\u0438\u0439!<br \/>\n\u042d\u0442\u0438 \u043a\u0443\u043a\u043b\u044b-\u043f\u0440\u0438\u043d\u0446\u0435\u0441\u0441\u044b Barbie \u0432\u0434\u043e\u0445\u043d\u043e\u0432\u043b\u044f\u044e\u0442 \u0440\u0430\u0441\u0441\u043a\u0430\u0437\u044b\u0432\u0430\u0442\u044c \u0438\u0441\u0442\u043e\u0440\u0438\u0438.<br \/>\n\u041e\u0434\u0435\u0442\u044b\u0435 \u0432 \u0431\u043b\u0435\u0441\u0442\u044f\u0449\u0438\u0435 \u043a\u043e\u0440\u0441\u0430\u0436\u0438 \u0441 \u044d\u0444\u0444\u0435\u043a\u0442\u043e\u043c \u00ab\u043e\u043c\u0431\u0440\u0435\u00bb \u0438 \u0434\u043b\u0438\u043d\u043d\u044b\u0445 \u044e\u0431\u043a\u0430\u0445 \u043f\u0440\u0438\u043d\u0446\u0435\u0441\u0441\u044b \u0441 \u044f\u0440\u043a\u0438\u043c\u0438 \u0446\u0432\u0435\u0442\u043e\u0447\u043d\u044b\u043c\u0438 \u043f\u0440\u0438\u043d\u0442\u0430\u043c\u0438 \u0438 \u043d\u0430\u043a\u043b\u0430\u0434\u043a\u0430\u043c\u0438 \u0438\u0437 \u0442\u044e\u043b\u044f.<br \/>\n\u041a\u0430\u0436\u0434\u0430\u044f \u043a\u0443\u043a\u043b\u0430 \u043d\u043e\u0441\u0438\u0442\u00a0 \u0442\u0443\u0444\u043b\u0438, \u043f\u043e\u0434\u0445\u043e\u0434\u044f\u0449\u0438\u0445 \u043a \u0435\u0435 \u043f\u043b\u0430\u0442\u044c\u044e, \u0430 \u0441\u044a\u0435\u043c\u043d\u044b\u0435 \u0434\u0438\u0430\u0434\u0435\u043c\u044b \u0441 \u0434\u0435\u0442\u0430\u043b\u044f\u043c\u0438, \u0432\u0434\u043e\u0445\u043d\u043e\u0432\u043b\u0435\u043d\u043d\u044b\u043c\u0438 \u0434\u0440\u0430\u0433\u043e\u0446\u0435\u043d\u043d\u044b\u043c\u0438 \u043a\u0430\u043c\u043d\u044f\u043c\u0438, \u0437\u0430\u0432\u0435\u0440\u0448\u0430\u044e\u0442 \u0438\u0445 \u043a\u043e\u0440\u043e\u043b\u0435\u0432\u0441\u043a\u0438\u0435 \u043e\u0431\u0440\u0430\u0437\u044b.<br \/>\n\u041a\u0443\u043a\u043b\u044b-\u043f\u0440\u0438\u043d\u0446\u0435\u0441\u0441\u044b Barbie Dreamtopia \u0441 \u044f\u0440\u043a\u043e\u0439 \u0432\u043d\u0435\u0448\u043d\u043e\u0441\u0442\u044c\u044e \u0438 \u0444\u0430\u043d\u0442\u0430\u0441\u0442\u0438\u0447\u0435\u0441\u043a\u0438\u043c\u0438 \u0434\u0435\u0442\u0430\u043b\u044f\u043c\u0438 \u0432\u0434\u043e\u0445\u043d\u043e\u0432\u043b\u044f\u044e\u0442 \u0434\u0435\u0442\u0435\u0439\u00a0 \u0440\u0430\u0441\u0441\u043a\u0430\u0437\u044b\u0432\u0430\u0442\u044c \u0431\u0435\u0441\u043a\u043e\u043d\u0435\u0447\u043d\u044b\u0435 \u0441\u043a\u0430\u0437\u043a\u0438.\u00a0<br \/>\n\u0414\u043e\u0441\u0442\u0443\u043f\u044b \u0432 4 \u0440\u0430\u0437\u043b\u0438\u0447\u043d\u044b\u0445 \u0434\u0438\u0437\u0430\u0439\u043d\u0430\u0445. \u041a\u0430\u0436\u0434\u044b\u0439 \u043f\u0440\u043e\u0434\u0430\u0435\u0442\u0441\u044f \u043e\u0442\u0434\u0435\u043b\u044c\u043d\u043e, \u0432 \u0437\u0430\u0432\u0438\u0441\u0438\u043c\u043e\u0441\u0442\u0438 \u043e\u0442 \u043d\u0430\u043b\u0438\u0447\u0438\u044f.\u00a0<br \/>\n(\u041a\u043e\u0440\u043e\u0442\u043a\u0438\u0435 \u0432\u043e\u043b\u043e\u0441\u044b HGR17, \u0441\u0438\u043d\u0438\u0435 \u0432\u043e\u043b\u043e\u0441\u044b HGR16, \u0440\u044b\u0436\u0438\u0435 \u0432\u043e\u043b\u043e\u0441\u044b HGR15, \u0440\u043e\u0437\u043e\u0432\u044b\u0435 \u0432\u043e\u043b\u043e\u0441\u044b HGR14)[trim][:ro_RO]<strong>P\u0103pu\u0219ile prin\u021bes\u0103 Barbie Dreamtopia<\/strong> dau via\u021b\u0103 viselor de basm \u00een look-uri fantastice potrivite pentru aventurile regale!<\/p>\n<p id=\"tw-target-text\" class=\"tw-data-text tw-text-large tw-ta\" dir=\"ltr\" data-placeholder=\"\u041f\u0435\u0440\u0435\u0432\u043e\u0434\"><span class=\"Y2IQFc\" lang=\"ro\">Aceste p\u0103pu\u0219i prin\u021bes\u0103 Barbie inspir\u0103 s\u0103 poveste\u0219ti istorii.<\/span><\/p>\n<p class=\"tw-data-text tw-text-large tw-ta\" dir=\"ltr\" data-placeholder=\"\u041f\u0435\u0440\u0435\u0432\u043e\u0434\"><span class=\"Y2IQFc\" lang=\"ro\">\u00cembr\u0103cate \u00een corsete sclipicioare stil ombre \u0219i fuste lungi de prin\u021bes\u0103, cu imprimeuri florale str\u0103lucitoare \u0219i acoperite cu tul.<\/span><\/p>\n<p id=\"tw-target-text\" class=\"tw-data-text tw-text-large tw-ta\" dir=\"ltr\" data-placeholder=\"\u041f\u0435\u0440\u0435\u0432\u043e\u0434\"><span class=\"Y2IQFc\" lang=\"ro\">Fiecare p\u0103pu\u0219\u0103 poart\u0103 pantofi care se potrivesc cu rochia ei, iar diademele deta\u0219abile cu detalii inspirate de pietre pre\u021bioase le completeaz\u0103 aspectul regal.<\/span><\/p>\n<p id=\"tw-target-text\" class=\"tw-data-text tw-text-large tw-ta\" dir=\"ltr\" data-placeholder=\"\u041f\u0435\u0440\u0435\u0432\u043e\u0434\">&lt;span class=&quot;Y2IQFc&quot; l<\/p>\n","protected":false},"excerpt":{"rendered":"<p>[:ru_RU]\u041a\u0443\u043a\u043b\u044b-\u043f\u0440\u0438\u043d\u0446\u0435\u0441\u0441\u044b \u0438\u0437 Barbie Dreamtopia \u0432\u043e\u043f\u043b\u043e\u0449\u0430\u044e\u0442 \u0432 \u0436\u0438\u0437\u043d\u044c \u0441\u043a\u0430\u0437\u043e\u0447\u043d\u044b\u0435 \u043c\u0435\u0447\u0442\u044b \u0432 \u0444\u0430\u043d\u0442\u0430\u0441\u0442\u0438\u0447\u0435\u0441\u043a\u0438\u0445 \u043e\u0431\u0440\u0430\u0437\u0430\u0445, \u043f\u043e\u0434\u0445\u043e\u0434\u044f\u0449\u0438\u0445 \u0434\u043b\u044f \u043a\u043e\u0440\u043e\u043b\u0435\u0432\u0441\u043a\u0438\u0445 \u043f\u0440\u0438\u043a\u043b\u044e\u0447\u0435\u043d\u0438\u0439! \u042d\u0442\u0438 \u043a\u0443\u043a\u043b\u044b-\u043f\u0440\u0438\u043d\u0446\u0435\u0441\u0441\u044b Barbie \u0432\u0434\u043e\u0445\u043d\u043e\u0432\u043b\u044f\u044e\u0442 \u0440\u0430\u0441\u0441\u043a\u0430\u0437\u044b\u0432\u0430\u0442\u044c \u0438\u0441\u0442\u043e\u0440\u0438\u0438. \u041e\u0434\u0435\u0442\u044b\u0435 \u0432 \u0431\u043b\u0435\u0441\u0442\u044f\u0449\u0438\u0435 \u043a\u043e\u0440\u0441\u0430\u0436\u0438 \u0441 \u044d\u0444\u0444\u0435\u043a\u0442\u043e\u043c \u00ab\u043e\u043c\u0431\u0440\u0435\u00bb \u0438 \u0434\u043b\u0438\u043d\u043d\u044b\u0445 \u044e\u0431\u043a\u0430\u0445 \u043f\u0440\u0438\u043d\u0446\u0435\u0441\u0441\u044b \u0441 \u044f\u0440\u043a\u0438\u043c\u0438 \u0446\u0432\u0435\u0442\u043e\u0447\u043d\u044b\u043c\u0438 \u043f\u0440\u0438\u043d\u0442\u0430\u043c\u0438 \u0438 \u043d\u0430\u043a\u043b\u0430\u0434\u043a\u0430\u043c\u0438 \u0438\u0437 \u0442\u044e\u043b\u044f. \u041a\u0430\u0436\u0434\u0430\u044f \u043a\u0443\u043a\u043b\u0430 \u043d\u043e\u0441\u0438\u0442\u00a0 \u0442\u0443\u0444\u043b\u0438, \u043f\u043e\u0434\u0445\u043e\u0434\u044f\u0449\u0438\u0445 \u043a \u0435\u0435 \u043f\u043b\u0430\u0442\u044c\u044e, \u0430 \u0441\u044a\u0435\u043c\u043d\u044b\u0435 \u0434\u0438\u0430\u0434\u0435\u043c\u044b \u0441 \u0434\u0435\u0442\u0430\u043b\u044f\u043c\u0438, \u0432\u0434\u043e\u0445\u043d\u043e\u0432\u043b\u0435\u043d\u043d\u044b\u043c\u0438 [&hellip;]<\/p>\n","protected":false},"featured_media":49027,"comment_status":"open","ping_status":"closed","template":"","meta":{"_acf_changed":false},"product_brand":[],"product_cat":[6697],"product_tag":[],"class_list":{"0":"post-49046","1":"product","2":"type-product","3":"status-publish","4":"has-post-thumbnail","6":"product_cat-ru_ru-kukly-trim-ro_ro-p-pu","8":"first","9":"instock","10":"shipping-taxable","11":"purchasable","12":"product-type-simple"},"acf":[],"_links":{"self":[{"href":"https:\/\/minimax.md\/ru\/wp-json\/wp\/v2\/product\/49046","targetHints":{"allow":["GET"]}}],"collection":[{"href":"https:\/\/minimax.md\/ru\/wp-json\/wp\/v2\/product"}],"about":[{"href":"https:\/\/minimax.md\/ru\/wp-json\/wp\/v2\/types\/product"}],"replies":[{"embeddable":true,"href":"https:\/\/minimax.md\/ru\/wp-json\/wp\/v2\/comments?post=49046"}],"version-history":[{"count":0,"href":"https:\/\/minimax.md\/ru\/wp-json\/wp\/v2\/product\/49046\/revisions"}],"wp:featuredmedia":[{"embeddable":true,"href":"https:\/\/minimax.md\/ru\/wp-json\/wp\/v2\/media\/49027"}],"wp:attachment":[{"href":"https:\/\/minimax.md\/ru\/wp-json\/wp\/v2\/media?parent=49046"}],"wp:term":[{"taxonomy":"product_brand","embeddable":true,"href":"https:\/\/minimax.md\/ru\/wp-json\/wp\/v2\/product_brand?post=49046"},{"taxonomy":"product_cat","embeddable":true,"href":"https:\/\/minimax.md\/ru\/wp-json\/wp\/v2\/product_cat?post=49046"},{"taxonomy":"product_tag","embeddable":true,"href":"https:\/\/minimax.md\/ru\/wp-json\/wp\/v2\/product_tag?post=49046"}],"curies":[{"name":"wp","href":"https:\/\/api.w.org\/{rel}","templated":true}]}}